{"id":6457,"date":"2024-09-21T03:24:05","date_gmt":"2024-09-21T03:24:05","guid":{"rendered":"https:\/\/havigift.com\/?post_type=product&#038;p=6457"},"modified":"2024-09-21T03:24:05","modified_gmt":"2024-09-21T03:24:05","slug":"bia-kep-menu-da-cao-cap","status":"publish","type":"product","link":"https:\/\/havigift.com\/en\/product\/bia-kep-menu-da-cao-cap\/","title":{"rendered":"B\u00eca K\u1eb9p Menu Da Cao C\u1ea5p &#8211; Havigift"},"content":{"rendered":"<p><strong>B\u00eca k\u1eb9p menu da<\/strong> t\u1eeb Havigift mang \u0111\u1ebfn phong c\u00e1ch chuy\u00ean nghi\u1ec7p, sang tr\u1ecdng cho c\u00e1c nh\u00e0 h\u00e0ng, qu\u00e1n c\u00e0 ph\u00ea, kh\u00e1ch s\u1ea1n, v\u00e0 resort. S\u1ea3n ph\u1ea9m kh\u00f4ng ch\u1ec9 gi\u00fap b\u1ea3o qu\u1ea3n th\u1ef1c \u0111\u01a1n m\u00e0 c\u00f2n th\u1ec3 hi\u1ec7n s\u1ef1 \u0111\u1eb3ng c\u1ea5p v\u00e0 t\u1ea1o \u1ea5n t\u01b0\u1ee3ng \u0111\u1ea7u ti\u00ean m\u1ea1nh m\u1ebd v\u1edbi kh\u00e1ch h\u00e0ng. V\u1edbi ch\u1ea5t li\u1ec7u da cao c\u1ea5p v\u00e0 thi\u1ebft k\u1ebf tinh t\u1ebf, b\u00eca k\u1eb9p menu l\u00e0 s\u1ef1 l\u1ef1a ch\u1ecdn ho\u00e0n h\u1ea3o \u0111\u1ec3 n\u00e2ng cao h\u00ecnh \u1ea3nh th\u01b0\u01a1ng hi\u1ec7u.<\/p>\n<p><strong>\u0110\u1eb7c \u0111i\u1ec3m n\u1ed5i b\u1eadt:<\/strong><\/p>\n<ul>\n<li><strong>Ch\u1ea5t li\u1ec7u da cao c\u1ea5p<\/strong>: \u0110\u01b0\u1ee3c l\u00e0m t\u1eeb da th\u1eadt ho\u1eb7c da t\u1ed5ng h\u1ee3p, b\u00eca k\u1eb9p menu mang \u0111\u1ebfn \u0111\u1ed9 b\u1ec1n cao v\u00e0 v\u1ebb ngo\u00e0i sang tr\u1ecdng. B\u1ec1 m\u1eb7t da m\u1ec1m m\u1ea1i, kh\u00f4ng th\u1ea5m n\u01b0\u1edbc, d\u1ec5 lau ch\u00f9i v\u00e0 b\u1ea3o qu\u1ea3n l\u00e2u d\u00e0i.<\/li>\n<li><strong>Thi\u1ebft k\u1ebf ti\u1ec7n l\u1ee3i v\u00e0 tinh t\u1ebf<\/strong>: B\u00eca k\u1eb9p menu c\u00f3 c\u1ea5u tr\u00fac \u0111\u01a1n gi\u1ea3n nh\u01b0ng thanh l\u1ecbch, d\u1ec5 d\u00e0ng c\u00e0i v\u00e0 th\u00e1o menu. C\u00e1c g\u00f3c k\u1eb9p ch\u1eafc ch\u1eafn gi\u00fap gi\u1eef c\u00e1c t\u1edd menu c\u1ed1 \u0111\u1ecbnh, tr\u00e1nh tr\u01a1n tr\u01b0\u1ee3t hay nh\u00e0u n\u00e1t.<\/li>\n<li><strong>In logo theo y\u00eau c\u1ea7u<\/strong>: D\u1ecbch v\u1ee5 in logo th\u01b0\u01a1ng hi\u1ec7u tr\u1ef1c ti\u1ebfp l\u00ean b\u00eca da, t\u1ea1o d\u1ea5u \u1ea5n \u0111\u1eb7c bi\u1ec7t v\u00e0 n\u00e2ng cao t\u00ednh chuy\u00ean nghi\u1ec7p. B\u1ea1n c\u00f3 th\u1ec3 t\u00f9y ch\u1ec9nh in \u1ea5n \u0111\u1ec3 ph\u00f9 h\u1ee3p v\u1edbi phong c\u00e1ch th\u01b0\u01a1ng hi\u1ec7u c\u1ee7a m\u00ecnh.<\/li>\n<li><strong>Phong c\u00e1ch \u0111a d\u1ea1ng<\/strong>: V\u1edbi nhi\u1ec1u l\u1ef1a ch\u1ecdn m\u00e0u s\u1eafc v\u00e0 ki\u1ec3u d\u00e1ng kh\u00e1c nhau, b\u00eca k\u1eb9p menu da ph\u00f9 h\u1ee3p v\u1edbi m\u1ecdi phong c\u00e1ch n\u1ed9i th\u1ea5t t\u1eeb hi\u1ec7n \u0111\u1ea1i \u0111\u1ebfn c\u1ed5 \u0111i\u1ec3n.<\/li>\n<\/ul>\n<p><strong>Th\u00f4ng tin s\u1ea3n ph\u1ea9m:<\/strong><\/p>\n<ul>\n<li><strong>Th\u01b0\u01a1ng hi\u1ec7u<\/strong>: <a href=\"http:\/\/Havigift.com\" target=\"_blank\" rel=\"noopener\">HAVIGIFT<\/a><\/li>\n<li><strong>T\u00ean s\u1ea3n ph\u1ea9m<\/strong>: B\u00eca K\u1eb9p Menu Da<\/li>\n<li><strong>Ch\u1ea5t li\u1ec7u<\/strong>: Da th\u1eadt ho\u1eb7c da t\u1ed5ng h\u1ee3p<\/li>\n<li><strong>K\u00edch th\u01b0\u1edbc<\/strong>: T\u00f9y ch\u1ec9nh theo y\u00eau c\u1ea7u<\/li>\n<li><strong>M\u00e0u s\u1eafc<\/strong>: \u0110a d\u1ea1ng, t\u00f9y ch\u1ecdn<\/li>\n<li><strong>In \u1ea5n<\/strong>: Logo, h\u00ecnh \u1ea3nh theo y\u00eau c\u1ea7u<\/li>\n<\/ul>\n<p><strong>Cam k\u1ebft c\u1ee7a ch\u00fang t\u00f4i:<\/strong><\/p>\n<ul>\n<li>S\u1ea3n ph\u1ea9m ch\u1ea5t l\u01b0\u1ee3ng cao, b\u1ec1n \u0111\u1eb9p<\/li>\n<li>Mi\u1ec5n ph\u00ed thi\u1ebft k\u1ebf logo v\u00e0 h\u1ed7 tr\u1ee3 in \u1ea5n theo y\u00eau c\u1ea7u<\/li>\n<li>Giao h\u00e0ng \u0111\u00fang h\u1eb9n, \u0111\u1ea3m b\u1ea3o ch\u1ea5t l\u01b0\u1ee3ng<\/li>\n<li>Ch\u00ednh s\u00e1ch \u0111\u1ed5i tr\u1ea3 n\u1ebfu s\u1ea3n ph\u1ea9m c\u00f3 l\u1ed7i<\/li>\n<\/ul>","protected":false},"excerpt":{"rendered":"<p><strong>B\u00eca k\u1eb9p menu da<\/strong> t\u1eeb Havigift mang \u0111\u1ebfn phong c\u00e1ch chuy\u00ean nghi\u1ec7p, sang tr\u1ecdng cho c\u00e1c nh\u00e0 h\u00e0ng, qu\u00e1n c\u00e0 ph\u00ea, kh\u00e1ch s\u1ea1n, v\u00e0 resort. S\u1ea3n ph\u1ea9m kh\u00f4ng ch\u1ec9 gi\u00fap b\u1ea3o qu\u1ea3n th\u1ef1c \u0111\u01a1n m\u00e0 c\u00f2n th\u1ec3 hi\u1ec7n s\u1ef1 \u0111\u1eb3ng c\u1ea5p v\u00e0 t\u1ea1o \u1ea5n t\u01b0\u1ee3ng \u0111\u1ea7u ti\u00ean m\u1ea1nh m\u1ebd v\u1edbi kh\u00e1ch h\u00e0ng. V\u1edbi ch\u1ea5t li\u1ec7u da cao c\u1ea5p v\u00e0 thi\u1ebft k\u1ebf tinh t\u1ebf, b\u00eca k\u1eb9p menu l\u00e0 s\u1ef1 l\u1ef1a ch\u1ecdn ho\u00e0n h\u1ea3o \u0111\u1ec3 n\u00e2ng cao h\u00ecnh \u1ea3nh th\u01b0\u01a1ng hi\u1ec7u.<\/p>","protected":false},"featured_media":6458,"comment_status":"open","ping_status":"closed","template":"","meta":{"_acf_changed":false},"product_brand":[],"product_cat":[579,453],"product_tag":[583,584],"class_list":{"0":"post-6457","1":"product","2":"type-product","3":"status-publish","4":"has-post-thumbnail","6":"product_cat-bia-menu","7":"product_cat-bia-da","8":"product_tag-bia-kep-menu-da","9":"product_tag-bia-kep-menu-da-cao-cap","11":"first","12":"instock","13":"shipping-taxable","14":"product-type-simple"},"acf":[],"_links":{"self":[{"href":"https:\/\/havigift.com\/en\/wp-json\/wp\/v2\/product\/6457","targetHints":{"allow":["GET"]}}],"collection":[{"href":"https:\/\/havigift.com\/en\/wp-json\/wp\/v2\/product"}],"about":[{"href":"https:\/\/havigift.com\/en\/wp-json\/wp\/v2\/types\/product"}],"replies":[{"embeddable":true,"href":"https:\/\/havigift.com\/en\/wp-json\/wp\/v2\/comments?post=6457"}],"wp:featuredmedia":[{"embeddable":true,"href":"https:\/\/havigift.com\/en\/wp-json\/wp\/v2\/media\/6458"}],"wp:attachment":[{"href":"https:\/\/havigift.com\/en\/wp-json\/wp\/v2\/media?parent=6457"}],"wp:term":[{"taxonomy":"product_brand","embeddable":true,"href":"https:\/\/havigift.com\/en\/wp-json\/wp\/v2\/product_brand?post=6457"},{"taxonomy":"product_cat","embeddable":true,"href":"https:\/\/havigift.com\/en\/wp-json\/wp\/v2\/product_cat?post=6457"},{"taxonomy":"product_tag","embeddable":true,"href":"https:\/\/havigift.com\/en\/wp-json\/wp\/v2\/product_tag?post=6457"}],"curies":[{"name":"wp","href":"https:\/\/api.w.org\/{rel}","templated":true}]}}