{"id":6452,"date":"2024-09-21T02:49:41","date_gmt":"2024-09-21T02:49:41","guid":{"rendered":"https:\/\/havigift.com\/?post_type=product&#038;p=6452"},"modified":"2024-09-21T02:59:46","modified_gmt":"2024-09-21T02:59:46","slug":"bia-thanh-toan-da-cao-cap-havigift","status":"publish","type":"product","link":"https:\/\/havigift.com\/en\/product\/bia-thanh-toan-da-cao-cap-havigift\/","title":{"rendered":"B\u00eca Thanh To\u00e1n Da Cao C\u1ea5p &#8211; Havigift"},"content":{"rendered":"<p><strong>B\u00eca thanh to\u00e1n<\/strong> t\u1eeb Havigift l\u00e0 gi\u1ea3i ph\u00e1p chuy\u00ean nghi\u1ec7p v\u00e0 sang tr\u1ecdng d\u00e0nh cho c\u00e1c nh\u00e0 h\u00e0ng, kh\u00e1ch s\u1ea1n, resort, gi\u00fap mang \u0111\u1ebfn tr\u1ea3i nghi\u1ec7m thanh to\u00e1n tinh t\u1ebf v\u00e0 \u0111\u1eb3ng c\u1ea5p cho kh\u00e1ch h\u00e0ng. V\u1edbi ch\u1ea5t li\u1ec7u da cao c\u1ea5p v\u00e0 thi\u1ebft k\u1ebf ti\u1ec7n l\u1ee3i, s\u1ea3n ph\u1ea9m kh\u00f4ng ch\u1ec9 gi\u00fap b\u1ea3o v\u1ec7 h\u00f3a \u0111\u01a1n, bi\u00ean lai m\u00e0 c\u00f2n th\u1ec3 hi\u1ec7n phong c\u00e1ch chuy\u00ean nghi\u1ec7p trong t\u1eebng chi ti\u1ebft nh\u1ecf nh\u1ea5t.<\/p>\n<p><strong>\u0110\u1eb7c \u0111i\u1ec3m n\u1ed5i b\u1eadt:<\/strong><\/p>\n<ul>\n<li><strong>Ch\u1ea5t li\u1ec7u da cao c\u1ea5p<\/strong>: B\u00eca thanh to\u00e1n \u0111\u01b0\u1ee3c l\u00e0m t\u1eeb da th\u1eadt ho\u1eb7c da t\u1ed5ng h\u1ee3p, mang \u0111\u1ebfn \u0111\u1ed9 b\u1ec1n v\u01b0\u1ee3t tr\u1ed9i v\u00e0 v\u1ebb ngo\u00e0i sang tr\u1ecdng. B\u1ec1 m\u1eb7t da m\u1ec1m m\u1ea1i, ch\u1ed1ng tr\u1ea7y x\u01b0\u1edbc v\u00e0 d\u1ec5 d\u00e0ng v\u1ec7 sinh.<\/li>\n<li><strong>Thi\u1ebft k\u1ebf ti\u1ec7n l\u1ee3i<\/strong>: S\u1ea3n ph\u1ea9m c\u00f3 thi\u1ebft k\u1ebf g\u1ecdn nh\u1eb9 v\u1edbi c\u00e1c ng\u0103n \u0111\u1ef1ng h\u00f3a \u0111\u01a1n, th\u1ebb t\u00edn d\u1ee5ng v\u00e0 ti\u1ec1n m\u1eb7t m\u1ed9t c\u00e1ch ng\u0103n n\u1eafp. K\u00edch th\u01b0\u1edbc v\u1eeba v\u1eb7n, d\u1ec5 d\u00e0ng c\u1ea7m n\u1eafm v\u00e0 s\u1eed d\u1ee5ng.<\/li>\n<li><strong>In logo theo y\u00eau c\u1ea7u<\/strong>: D\u1ecbch v\u1ee5 in logo, t\u00ean th\u01b0\u01a1ng hi\u1ec7u gi\u00fap b\u00eca thanh to\u00e1n tr\u1edf th\u00e0nh c\u00f4ng c\u1ee5 qu\u1ea3ng b\u00e1 h\u00ecnh \u1ea3nh cho doanh nghi\u1ec7p c\u1ee7a b\u1ea1n, t\u1ea1o d\u1ea5u \u1ea5n chuy\u00ean nghi\u1ec7p trong l\u00f2ng kh\u00e1ch h\u00e0ng.<\/li>\n<li><strong>Phong c\u00e1ch thanh l\u1ecbch<\/strong>: Thi\u1ebft k\u1ebf b\u00eca thanh to\u00e1n \u0111\u01a1n gi\u1ea3n m\u00e0 tinh t\u1ebf, mang l\u1ea1i s\u1ef1 chuy\u00ean nghi\u1ec7p v\u00e0 \u0111\u1eb3ng c\u1ea5p cho c\u00e1c d\u1ecbch v\u1ee5 nh\u00e0 h\u00e0ng, kh\u00e1ch s\u1ea1n cao c\u1ea5p.<\/li>\n<\/ul>\n<p><strong>Th\u00f4ng tin s\u1ea3n ph\u1ea9m:<\/strong><\/p>\n<ul>\n<li><strong>Th\u01b0\u01a1ng hi\u1ec7u<\/strong>: <a href=\"http:\/\/Havigift.com\" target=\"_blank\" rel=\"noopener\">HAVIGIFT<\/a><\/li>\n<li><strong>T\u00ean s\u1ea3n ph\u1ea9m<\/strong>: B\u00eca Thanh To\u00e1n<\/li>\n<li><strong>Ch\u1ea5t li\u1ec7u<\/strong>: Da th\u1eadt ho\u1eb7c da t\u1ed5ng h\u1ee3p<\/li>\n<li><strong>K\u00edch th\u01b0\u1edbc<\/strong>: T\u00f9y ch\u1ec9nh theo y\u00eau c\u1ea7u<\/li>\n<li><strong>M\u00e0u s\u1eafc<\/strong>: T\u00f9y ch\u1ecdn \u0111a d\u1ea1ng<\/li>\n<li><strong>In \u1ea5n<\/strong>: Logo, h\u00ecnh \u1ea3nh theo y\u00eau c\u1ea7u<\/li>\n<\/ul>\n<p><strong>Cam k\u1ebft c\u1ee7a ch\u00fang t\u00f4i:<\/strong><\/p>\n<ul>\n<li>S\u1ea3n ph\u1ea9m ch\u1ea5t l\u01b0\u1ee3ng, b\u1ec1n \u0111\u1eb9p, gi\u00e1 th\u00e0nh c\u1ea1nh tranh<\/li>\n<li>Mi\u1ec5n ph\u00ed thi\u1ebft k\u1ebf logo v\u00e0 in \u1ea5n theo y\u00eau c\u1ea7u<\/li>\n<li>Giao h\u00e0ng \u0111\u00fang h\u1eb9n, \u0111\u1ea3m b\u1ea3o ch\u1ea5t l\u01b0\u1ee3ng s\u1ea3n ph\u1ea9m<\/li>\n<li>Ch\u00ednh s\u00e1ch \u0111\u1ed5i tr\u1ea3 n\u1ebfu c\u00f3 l\u1ed7i s\u1ea3n ph\u1ea9m<\/li>\n<\/ul>","protected":false},"excerpt":{"rendered":"<p><strong>B\u00eca thanh to\u00e1n<\/strong> t\u1eeb Havigift l\u00e0 gi\u1ea3i ph\u00e1p chuy\u00ean nghi\u1ec7p v\u00e0 sang tr\u1ecdng d\u00e0nh cho c\u00e1c nh\u00e0 h\u00e0ng, kh\u00e1ch s\u1ea1n, resort, gi\u00fap mang \u0111\u1ebfn tr\u1ea3i nghi\u1ec7m thanh to\u00e1n tinh t\u1ebf v\u00e0 \u0111\u1eb3ng c\u1ea5p cho kh\u00e1ch h\u00e0ng. V\u1edbi ch\u1ea5t li\u1ec7u da cao c\u1ea5p v\u00e0 thi\u1ebft k\u1ebf ti\u1ec7n l\u1ee3i, s\u1ea3n ph\u1ea9m kh\u00f4ng ch\u1ec9 gi\u00fap b\u1ea3o v\u1ec7 h\u00f3a \u0111\u01a1n, bi\u00ean lai m\u00e0 c\u00f2n th\u1ec3 hi\u1ec7n phong c\u00e1ch chuy\u00ean nghi\u1ec7p trong t\u1eebng chi ti\u1ebft nh\u1ecf nh\u1ea5t.<\/p>\n<p>&nbsp;<\/p>","protected":false},"featured_media":6453,"comment_status":"open","ping_status":"closed","template":"","meta":{"_acf_changed":false},"product_brand":[],"product_cat":[579,453],"product_tag":[576,577,578],"class_list":{"0":"post-6452","1":"product","2":"type-product","3":"status-publish","4":"has-post-thumbnail","6":"product_cat-bia-menu","7":"product_cat-bia-da","8":"product_tag-bia-thanh-toan","9":"product_tag-bia-thanh-toan-cao-cap","10":"product_tag-bia-thanh-toan-da","12":"first","13":"instock","14":"shipping-taxable","15":"product-type-simple"},"acf":[],"_links":{"self":[{"href":"https:\/\/havigift.com\/en\/wp-json\/wp\/v2\/product\/6452","targetHints":{"allow":["GET"]}}],"collection":[{"href":"https:\/\/havigift.com\/en\/wp-json\/wp\/v2\/product"}],"about":[{"href":"https:\/\/havigift.com\/en\/wp-json\/wp\/v2\/types\/product"}],"replies":[{"embeddable":true,"href":"https:\/\/havigift.com\/en\/wp-json\/wp\/v2\/comments?post=6452"}],"wp:featuredmedia":[{"embeddable":true,"href":"https:\/\/havigift.com\/en\/wp-json\/wp\/v2\/media\/6453"}],"wp:attachment":[{"href":"https:\/\/havigift.com\/en\/wp-json\/wp\/v2\/media?parent=6452"}],"wp:term":[{"taxonomy":"product_brand","embeddable":true,"href":"https:\/\/havigift.com\/en\/wp-json\/wp\/v2\/product_brand?post=6452"},{"taxonomy":"product_cat","embeddable":true,"href":"https:\/\/havigift.com\/en\/wp-json\/wp\/v2\/product_cat?post=6452"},{"taxonomy":"product_tag","embeddable":true,"href":"https:\/\/havigift.com\/en\/wp-json\/wp\/v2\/product_tag?post=6452"}],"curies":[{"name":"wp","href":"https:\/\/api.w.org\/{rel}","templated":true}]}}