{"id":6450,"date":"2024-09-21T02:28:02","date_gmt":"2024-09-21T02:28:02","guid":{"rendered":"https:\/\/havigift.com\/?post_type=product&#038;p=6450"},"modified":"2024-09-21T02:28:02","modified_gmt":"2024-09-21T02:28:02","slug":"bia-note-pad-da-cao-cap-havigift","status":"publish","type":"product","link":"https:\/\/havigift.com\/en\/product\/bia-note-pad-da-cao-cap-havigift\/","title":{"rendered":"B\u00eca Note Pad Da Cao C\u1ea5p &#8211; Havigift"},"content":{"rendered":"<p><strong>B\u00eca note pad<\/strong> t\u1eeb Havigift l\u00e0 s\u1ea3n ph\u1ea9m h\u1eefu \u00edch v\u00e0 sang tr\u1ecdng d\u00e0nh cho doanh nghi\u1ec7p, v\u0103n ph\u00f2ng ho\u1eb7c l\u00e0m qu\u00e0 t\u1eb7ng cao c\u1ea5p. V\u1edbi thi\u1ebft k\u1ebf tinh t\u1ebf v\u00e0 ch\u1ea5t li\u1ec7u da cao c\u1ea5p, b\u00eca note pad kh\u00f4ng ch\u1ec9 gi\u00fap b\u1ea3o v\u1ec7 s\u1ed5 tay c\u1ee7a b\u1ea1n m\u00e0 c\u00f2n th\u1ec3 hi\u1ec7n phong c\u00e1ch chuy\u00ean nghi\u1ec7p v\u00e0 \u0111\u1eb3ng c\u1ea5p trong m\u1ecdi cu\u1ed9c h\u1ecdp hay s\u1ef1 ki\u1ec7n. S\u1ea3n ph\u1ea9m c\u00f3 th\u1ec3 in logo theo y\u00eau c\u1ea7u, t\u1ea1o d\u1ea5u \u1ea5n ri\u00eang cho doanh nghi\u1ec7p.<\/p>\n<p><strong>\u0110\u1eb7c \u0111i\u1ec3m n\u1ed5i b\u1eadt:<\/strong><\/p>\n<ul>\n<li><strong>Ch\u1ea5t li\u1ec7u da cao c\u1ea5p<\/strong>: B\u00eca \u0111\u01b0\u1ee3c l\u00e0m t\u1eeb da th\u1eadt ho\u1eb7c da t\u1ed5ng h\u1ee3p v\u1edbi \u0111\u1ed9 b\u1ec1n cao, gi\u00fap b\u1ea3o v\u1ec7 note pad kh\u1ecfi b\u1ecb h\u01b0 h\u1ea1i. Ch\u1ea5t li\u1ec7u da m\u1ec1m m\u1ea1i v\u00e0 c\u00f3 kh\u1ea3 n\u0103ng ch\u1ed1ng n\u01b0\u1edbc nh\u1eb9, t\u1ea1o s\u1ef1 sang tr\u1ecdng v\u00e0 b\u1ec1n b\u1ec9 cho s\u1ea3n ph\u1ea9m.<\/li>\n<li><strong>Thi\u1ebft k\u1ebf g\u1ecdn nh\u1eb9 v\u00e0 ti\u1ec7n l\u1ee3i<\/strong>: S\u1ea3n ph\u1ea9m c\u00f3 thi\u1ebft k\u1ebf nh\u1ecf g\u1ecdn, ph\u00f9 h\u1ee3p v\u1edbi nhi\u1ec1u k\u00edch th\u01b0\u1edbc note pad kh\u00e1c nhau. B\u00eca note pad c\u00f3 ng\u0103n \u0111\u1ef1ng gi\u1ea5y, b\u00fat v\u00e0 t\u00e0i li\u1ec7u, gi\u00fap b\u1ea1n d\u1ec5 d\u00e0ng t\u1ed5 ch\u1ee9c c\u00f4ng vi\u1ec7c.<\/li>\n<li><strong>In logo theo y\u00eau c\u1ea7u<\/strong>: Havigift cung c\u1ea5p d\u1ecbch v\u1ee5 in logo, h\u00ecnh \u1ea3nh theo y\u00eau c\u1ea7u, gi\u00fap t\u1ea1o n\u00ean s\u1ea3n ph\u1ea9m \u0111\u1ed9c \u0111\u00e1o v\u00e0 \u1ea5n t\u01b0\u1ee3ng cho qu\u00e0 t\u1eb7ng doanh nghi\u1ec7p ho\u1eb7c c\u00e1 nh\u00e2n.<\/li>\n<li><strong>Phong c\u00e1ch chuy\u00ean nghi\u1ec7p<\/strong>: B\u00eca note pad c\u00f3 ki\u1ec3u d\u00e1ng \u0111\u01a1n gi\u1ea3n nh\u01b0ng hi\u1ec7n \u0111\u1ea1i, th\u1ec3 hi\u1ec7n s\u1ef1 chuy\u00ean nghi\u1ec7p v\u00e0 \u0111\u1eb3ng c\u1ea5p trong m\u1ecdi cu\u1ed9c g\u1eb7p g\u1ee1 ho\u1eb7c thuy\u1ebft tr\u00ecnh.<\/li>\n<\/ul>\n<p><strong>Th\u00f4ng tin s\u1ea3n ph\u1ea9m:<\/strong><\/p>\n<ul>\n<li><strong>Th\u01b0\u01a1ng hi\u1ec7u<\/strong>: <a href=\"http:\/\/havigift.com\/en\/\">Havigift<\/a><\/li>\n<li><strong>T\u00ean s\u1ea3n ph\u1ea9m<\/strong>: B\u00eca Note Pad<\/li>\n<li><strong>Ch\u1ea5t li\u1ec7u<\/strong>: Da th\u1eadt ho\u1eb7c da t\u1ed5ng h\u1ee3p<\/li>\n<li><strong>K\u00edch th\u01b0\u1edbc<\/strong>: T\u00f9y ch\u1ec9nh theo k\u00edch th\u01b0\u1edbc note pad<\/li>\n<li><strong>M\u00e0u s\u1eafc<\/strong>: \u0110a d\u1ea1ng, t\u00f9y ch\u1ecdn theo y\u00eau c\u1ea7u<\/li>\n<li><strong>In \u1ea5n<\/strong>: Logo, h\u00ecnh \u1ea3nh theo y\u00eau c\u1ea7u<\/li>\n<\/ul>\n<p><strong>Cam k\u1ebft c\u1ee7a ch\u00fang t\u00f4i:<\/strong><\/p>\n<ul>\n<li>Ch\u1ea5t l\u01b0\u1ee3ng cao, gi\u00e1 c\u1ea1nh tranh<\/li>\n<li>Mi\u1ec5n ph\u00ed thi\u1ebft k\u1ebf logo v\u00e0 in \u1ea5n<\/li>\n<li>Giao h\u00e0ng \u0111\u00fang h\u1eb9n, \u0111\u1ea3m b\u1ea3o ch\u1ea5t l\u01b0\u1ee3ng s\u1ea3n ph\u1ea9m<\/li>\n<li>Ch\u00ednh s\u00e1ch \u0111\u1ed5i tr\u1ea3 n\u1ebfu c\u00f3 l\u1ed7i s\u1ea3n ph\u1ea9m<\/li>\n<\/ul>","protected":false},"excerpt":{"rendered":"<p><strong>B\u00eca Note Pad<\/strong> t\u1eeb Havigift l\u00e0 s\u1ea3n ph\u1ea9m h\u1eefu \u00edch v\u00e0 sang tr\u1ecdng d\u00e0nh cho doanh nghi\u1ec7p, v\u0103n ph\u00f2ng ho\u1eb7c l\u00e0m qu\u00e0 t\u1eb7ng cao c\u1ea5p. V\u1edbi thi\u1ebft k\u1ebf tinh t\u1ebf v\u00e0 ch\u1ea5t li\u1ec7u da cao c\u1ea5p, b\u00eca note pad kh\u00f4ng ch\u1ec9 gi\u00fap b\u1ea3o v\u1ec7 s\u1ed5 tay c\u1ee7a b\u1ea1n m\u00e0 c\u00f2n th\u1ec3 hi\u1ec7n phong c\u00e1ch chuy\u00ean nghi\u1ec7p v\u00e0 \u0111\u1eb3ng c\u1ea5p trong m\u1ecdi cu\u1ed9c h\u1ecdp hay s\u1ef1 ki\u1ec7n. S\u1ea3n ph\u1ea9m c\u00f3 th\u1ec3 in logo theo y\u00eau c\u1ea7u, t\u1ea1o d\u1ea5u \u1ea5n ri\u00eang cho doanh nghi\u1ec7p.<\/p>","protected":false},"featured_media":6451,"comment_status":"open","ping_status":"closed","template":"","meta":{"_acf_changed":false},"product_brand":[],"product_cat":[454],"product_tag":[],"class_list":{"0":"post-6450","1":"product","2":"type-product","3":"status-publish","4":"has-post-thumbnail","6":"product_cat-bia-ky-ket","8":"first","9":"instock","10":"shipping-taxable","11":"product-type-simple"},"acf":[],"_links":{"self":[{"href":"https:\/\/havigift.com\/en\/wp-json\/wp\/v2\/product\/6450","targetHints":{"allow":["GET"]}}],"collection":[{"href":"https:\/\/havigift.com\/en\/wp-json\/wp\/v2\/product"}],"about":[{"href":"https:\/\/havigift.com\/en\/wp-json\/wp\/v2\/types\/product"}],"replies":[{"embeddable":true,"href":"https:\/\/havigift.com\/en\/wp-json\/wp\/v2\/comments?post=6450"}],"wp:featuredmedia":[{"embeddable":true,"href":"https:\/\/havigift.com\/en\/wp-json\/wp\/v2\/media\/6451"}],"wp:attachment":[{"href":"https:\/\/havigift.com\/en\/wp-json\/wp\/v2\/media?parent=6450"}],"wp:term":[{"taxonomy":"product_brand","embeddable":true,"href":"https:\/\/havigift.com\/en\/wp-json\/wp\/v2\/product_brand?post=6450"},{"taxonomy":"product_cat","embeddable":true,"href":"https:\/\/havigift.com\/en\/wp-json\/wp\/v2\/product_cat?post=6450"},{"taxonomy":"product_tag","embeddable":true,"href":"https:\/\/havigift.com\/en\/wp-json\/wp\/v2\/product_tag?post=6450"}],"curies":[{"name":"wp","href":"https:\/\/api.w.org\/{rel}","templated":true}]}}