{"id":6435,"date":"2024-09-20T10:15:47","date_gmt":"2024-09-20T10:15:47","guid":{"rendered":"https:\/\/havigift.com\/?post_type=product&#038;p=6435"},"modified":"2024-09-20T10:15:48","modified_gmt":"2024-09-20T10:15:48","slug":"vi-cam-tay-sang-trong-havigift","status":"publish","type":"product","link":"https:\/\/havigift.com\/en\/product\/vi-cam-tay-sang-trong-havigift\/","title":{"rendered":"V\u00ed C\u1ea7m Tay Sang Tr\u1ecdng &#8211; Havigift"},"content":{"rendered":"<p><strong>V\u00ed c\u1ea7m tay<\/strong> sang tr\u1ecdng t\u1eeb Havigift kh\u00f4ng ch\u1ec9 l\u00e0 ph\u1ee5 ki\u1ec7n ti\u1ec7n d\u1ee5ng m\u00e0 c\u00f2n l\u00e0 \u0111i\u1ec3m nh\u1ea5n tinh t\u1ebf cho phong c\u00e1ch c\u1ee7a b\u1ea1n. \u0110\u01b0\u1ee3c thi\u1ebft k\u1ebf v\u1edbi s\u1ef1 k\u1ebft h\u1ee3p ho\u00e0n h\u1ea3o gi\u1eefa th\u1eddi trang v\u00e0 c\u00f4ng n\u0103ng, s\u1ea3n ph\u1ea9m n\u00e0y ph\u00f9 h\u1ee3p cho m\u1ecdi s\u1ef1 ki\u1ec7n v\u00e0 ho\u00e0n c\u1ea3nh, t\u1eeb cu\u1ed9c h\u1ecdp quan tr\u1ecdng \u0111\u1ebfn nh\u1eefng b\u1eefa ti\u1ec7c thanh l\u1ecbch. V\u1edbi t\u00f9y ch\u1ecdn in logo theo y\u00eau c\u1ea7u, \u0111\u00e2y c\u0169ng l\u00e0 m\u00f3n qu\u00e0 \u0111\u1ed9c \u0111\u00e1o d\u00e0nh cho \u0111\u1ed1i t\u00e1c, kh\u00e1ch h\u00e0ng v\u00e0 nh\u00e2n vi\u00ean.<\/p>\n<p><strong>\u0110\u1eb7c \u0111i\u1ec3m n\u1ed5i b\u1eadt:<\/strong><\/p>\n<ul>\n<li><strong>Ch\u1ea5t li\u1ec7u cao c\u1ea5p<\/strong>: V\u00ed \u0111\u01b0\u1ee3c l\u00e0m t\u1eeb da th\u1eadt ho\u1eb7c da t\u1ed5ng h\u1ee3p ch\u1ea5t l\u01b0\u1ee3ng cao, m\u1ec1m m\u1ea1i v\u00e0 b\u1ec1n b\u1ec9. B\u1ec1 m\u1eb7t da c\u00f3 kh\u1ea3 n\u0103ng ch\u1ed1ng tr\u1ea7y x\u01b0\u1edbc v\u00e0 gi\u1eef \u0111\u01b0\u1ee3c v\u1ebb ngo\u00e0i sang tr\u1ecdng qua th\u1eddi gian s\u1eed d\u1ee5ng.<\/li>\n<li><strong>Thi\u1ebft k\u1ebf th\u1eddi th\u01b0\u1ee3ng v\u00e0 \u0111\u1eb3ng c\u1ea5p<\/strong>: V\u1edbi c\u00e1c ng\u0103n ch\u1ee9a r\u1ed9ng r\u00e3i v\u00e0 th\u00f4ng minh, v\u00ed c\u1ea7m tay Havigift cho ph\u00e9p b\u1ea1n l\u01b0u tr\u1eef ti\u1ec1n m\u1eb7t, th\u1ebb t\u00edn d\u1ee5ng, \u0111i\u1ec7n tho\u1ea1i v\u00e0 c\u00e1c v\u1eadt d\u1ee5ng c\u00e1 nh\u00e2n kh\u00e1c m\u1ed9t c\u00e1ch g\u1ecdn g\u00e0ng. K\u00edch th\u01b0\u1edbc v\u1eeba ph\u1ea3i gi\u00fap b\u1ea1n d\u1ec5 d\u00e0ng c\u1ea7m theo ho\u1eb7c b\u1ecf v\u00e0o t\u00fai l\u1edbn.<\/li>\n<li><strong>In logo theo y\u00eau c\u1ea7u<\/strong>: S\u1ea3n ph\u1ea9m c\u00f3 th\u1ec3 \u0111\u01b0\u1ee3c in logo ho\u1eb7c h\u00ecnh \u1ea3nh theo y\u00eau c\u1ea7u, t\u1ea1o n\u00ean s\u1ef1 c\u00e1 nh\u00e2n h\u00f3a v\u00e0 l\u00e0 m\u00f3n qu\u00e0 ho\u00e0n h\u1ea3o trong c\u00e1c s\u1ef1 ki\u1ec7n tri \u00e2n kh\u00e1ch h\u00e0ng hay \u0111\u1ed1i t\u00e1c.<\/li>\n<li><strong>Phong c\u00e1ch sang tr\u1ecdng<\/strong>: Thi\u1ebft k\u1ebf thanh l\u1ecbch v\u00e0 hi\u1ec7n \u0111\u1ea1i, v\u00ed c\u1ea7m tay Havigift ph\u00f9 h\u1ee3p v\u1edbi nhi\u1ec1u phong c\u00e1ch th\u1eddi trang v\u00e0 l\u00e0 bi\u1ec3u t\u01b0\u1ee3ng c\u1ee7a s\u1ef1 \u0111\u1eb3ng c\u1ea5p v\u00e0 chuy\u00ean nghi\u1ec7p.<\/li>\n<\/ul>\n<p><strong>Th\u00f4ng tin s\u1ea3n ph\u1ea9m:<\/strong><\/p>\n<ul>\n<li><strong>Th\u01b0\u01a1ng hi\u1ec7u<\/strong>: Havigift<\/li>\n<li><strong>T\u00ean s\u1ea3n ph\u1ea9m<\/strong>: V\u00ed C\u1ea7m Tay Sang Tr\u1ecdng<\/li>\n<li><strong>Ch\u1ea5t li\u1ec7u<\/strong>: Da th\u1eadt ho\u1eb7c da t\u1ed5ng h\u1ee3p<\/li>\n<li><strong>K\u00edch th\u01b0\u1edbc<\/strong>: T\u00f9y ch\u1ec9nh theo y\u00eau c\u1ea7u<\/li>\n<li><strong>M\u00e0u s\u1eafc<\/strong>: \u0110a d\u1ea1ng, t\u00f9y ch\u1ecdn<\/li>\n<li><strong>In \u1ea5n<\/strong>: Logo, h\u00ecnh \u1ea3nh, th\u00f4ng \u0111i\u1ec7p theo y\u00eau c\u1ea7u<\/li>\n<\/ul>\n<p><strong>Cam k\u1ebft c\u1ee7a ch\u00fang t\u00f4i:<\/strong><\/p>\n<ul>\n<li>Ch\u1ea5t l\u01b0\u1ee3ng v\u01b0\u1ee3t tr\u1ed9i, gi\u00e1 c\u1ea3 h\u1ee3p l\u00fd<\/li>\n<li>Mi\u1ec5n ph\u00ed thi\u1ebft k\u1ebf logo v\u00e0 in \u1ea5n<\/li>\n<li>Giao h\u00e0ng \u0111\u00fang h\u1eb9n, \u0111\u1ea3m b\u1ea3o ch\u1ea5t l\u01b0\u1ee3ng<\/li>\n<li>Ch\u00ednh s\u00e1ch \u0111\u1ed5i tr\u1ea3 linh ho\u1ea1t n\u1ebfu c\u00f3 l\u1ed7i s\u1ea3n ph\u1ea9m<\/li>\n<\/ul>","protected":false},"excerpt":{"rendered":"<p><strong>V\u00ed c\u1ea7m tay<\/strong> sang tr\u1ecdng t\u1eeb Havigift kh\u00f4ng ch\u1ec9 l\u00e0 ph\u1ee5 ki\u1ec7n ti\u1ec7n d\u1ee5ng m\u00e0 c\u00f2n l\u00e0 \u0111i\u1ec3m nh\u1ea5n tinh t\u1ebf cho phong c\u00e1ch c\u1ee7a b\u1ea1n. \u0110\u01b0\u1ee3c thi\u1ebft k\u1ebf v\u1edbi s\u1ef1 k\u1ebft h\u1ee3p ho\u00e0n h\u1ea3o gi\u1eefa th\u1eddi trang v\u00e0 c\u00f4ng n\u0103ng, s\u1ea3n ph\u1ea9m n\u00e0y ph\u00f9 h\u1ee3p cho m\u1ecdi s\u1ef1 ki\u1ec7n v\u00e0 ho\u00e0n c\u1ea3nh, t\u1eeb cu\u1ed9c h\u1ecdp quan tr\u1ecdng \u0111\u1ebfn nh\u1eefng b\u1eefa ti\u1ec7c thanh l\u1ecbch. V\u1edbi t\u00f9y ch\u1ecdn in logo theo y\u00eau c\u1ea7u, \u0111\u00e2y c\u0169ng l\u00e0 m\u00f3n qu\u00e0 \u0111\u1ed9c \u0111\u00e1o d\u00e0nh cho \u0111\u1ed1i t\u00e1c, kh\u00e1ch h\u00e0ng v\u00e0 nh\u00e2n vi\u00ean.<\/p>","protected":false},"featured_media":6436,"comment_status":"open","ping_status":"closed","template":"","meta":{"_acf_changed":false},"product_brand":[],"product_cat":[558],"product_tag":[566,567,568],"class_list":{"0":"post-6435","1":"product","2":"type-product","3":"status-publish","4":"has-post-thumbnail","6":"product_cat-bop-vi-da","7":"product_tag-vi-cam-tay-havigift","8":"product_tag-vi-cam-tay-in-logo","9":"product_tag-vi-cam-tay-qua-tang","11":"first","12":"instock","13":"shipping-taxable","14":"product-type-simple"},"acf":[],"_links":{"self":[{"href":"https:\/\/havigift.com\/en\/wp-json\/wp\/v2\/product\/6435","targetHints":{"allow":["GET"]}}],"collection":[{"href":"https:\/\/havigift.com\/en\/wp-json\/wp\/v2\/product"}],"about":[{"href":"https:\/\/havigift.com\/en\/wp-json\/wp\/v2\/types\/product"}],"replies":[{"embeddable":true,"href":"https:\/\/havigift.com\/en\/wp-json\/wp\/v2\/comments?post=6435"}],"wp:featuredmedia":[{"embeddable":true,"href":"https:\/\/havigift.com\/en\/wp-json\/wp\/v2\/media\/6436"}],"wp:attachment":[{"href":"https:\/\/havigift.com\/en\/wp-json\/wp\/v2\/media?parent=6435"}],"wp:term":[{"taxonomy":"product_brand","embeddable":true,"href":"https:\/\/havigift.com\/en\/wp-json\/wp\/v2\/product_brand?post=6435"},{"taxonomy":"product_cat","embeddable":true,"href":"https:\/\/havigift.com\/en\/wp-json\/wp\/v2\/product_cat?post=6435"},{"taxonomy":"product_tag","embeddable":true,"href":"https:\/\/havigift.com\/en\/wp-json\/wp\/v2\/product_tag?post=6435"}],"curies":[{"name":"wp","href":"https:\/\/api.w.org\/{rel}","templated":true}]}}