{"id":6402,"date":"2024-09-20T07:45:45","date_gmt":"2024-09-20T07:45:45","guid":{"rendered":"https:\/\/havigift.com\/?post_type=product&#038;p=6402"},"modified":"2024-10-30T07:21:55","modified_gmt":"2024-10-30T07:21:55","slug":"vali-boc-da-cao-cap-havigift","status":"publish","type":"product","link":"https:\/\/havigift.com\/en\/product\/vali-boc-da-cao-cap-havigift\/","title":{"rendered":"Vali B\u1ecdc Da Cao C\u1ea5p-Havigift"},"content":{"rendered":"<p><strong>Vali b\u1ecdc da cao c\u1ea5p<\/strong> t\u1eeb Havigift mang \u0111\u1ebfn s\u1ef1 k\u1ebft h\u1ee3p ho\u00e0n h\u1ea3o gi\u1eefa thi\u1ebft k\u1ebf sang tr\u1ecdng v\u00e0 t\u00ednh n\u0103ng b\u1ea3o v\u1ec7 t\u1ed1i \u01b0u. S\u1ea3n ph\u1ea9m kh\u00f4ng ch\u1ec9 l\u00e0 ng\u01b0\u1eddi b\u1ea1n \u0111\u1ed3ng h\u00e0nh tin c\u1eady trong nh\u1eefng chuy\u1ebfn c\u00f4ng t\u00e1c hay du l\u1ecbch, m\u00e0 c\u00f2n kh\u1eb3ng \u0111\u1ecbnh \u0111\u1eb3ng c\u1ea5p c\u1ee7a ng\u01b0\u1eddi s\u1edf h\u1eefu. V\u1edbi ch\u1ea5t li\u1ec7u da cao c\u1ea5p v\u00e0 thi\u1ebft k\u1ebf tinh t\u1ebf, vali b\u1ecdc da n\u00e0y l\u00e0 l\u1ef1a ch\u1ecdn ho\u00e0n h\u1ea3o cho nh\u1eefng ai t\u00ecm ki\u1ebfm s\u1ef1 ho\u00e0n h\u1ea3o trong t\u1eebng chi ti\u1ebft.<\/p>\n<p><strong>\u0110\u1eb7c \u0111i\u1ec3m n\u1ed5i b\u1eadt:<\/strong><\/p>\n<ul>\n<li><strong>Ch\u1ea5t li\u1ec7u da th\u1eadt cao c\u1ea5p<\/strong>: Vali \u0111\u01b0\u1ee3c b\u1ecdc b\u1eb1ng da th\u1eadt 100%, kh\u00f4ng ch\u1ec9 mang l\u1ea1i v\u1ebb ngo\u00e0i sang tr\u1ecdng m\u00e0 c\u00f2n \u0111\u1ea3m b\u1ea3o \u0111\u1ed9 b\u1ec1n v\u00e0 kh\u1ea3 n\u0103ng ch\u1ed1ng tr\u1ea7y x\u01b0\u1edbc. Ch\u1ea5t li\u1ec7u da m\u1ec1m m\u1ea1i, b\u00f3ng b\u1ea9y, d\u1ec5 d\u00e0ng v\u1ec7 sinh v\u00e0 b\u1ea3o qu\u1ea3n.<\/li>\n<li><strong>Thi\u1ebft k\u1ebf r\u1ed9ng r\u00e3i v\u00e0 ti\u1ec7n l\u1ee3i<\/strong>: Vali c\u00f3 nhi\u1ec1u ng\u0103n ch\u1ee9a th\u00f4ng minh, gi\u00fap b\u1ea1n d\u1ec5 d\u00e0ng s\u1eafp x\u1ebfp \u0111\u1ed3 \u0111\u1ea1c m\u1ed9t c\u00e1ch ng\u0103n n\u1eafp v\u00e0 khoa h\u1ecdc. Ph\u00f9 h\u1ee3p cho c\u1ea3 c\u00e1c chuy\u1ebfn \u0111i d\u00e0i ng\u00e0y v\u00e0 ng\u1eafn ng\u00e0y.<\/li>\n<li><strong>Khung vali ch\u1eafc ch\u1eafn<\/strong>: Khung vali l\u00e0m t\u1eeb h\u1ee3p kim nh\u00f4m si\u00eau nh\u1eb9 nh\u01b0ng v\u00f4 c\u00f9ng b\u1ec1n b\u1ec9, gi\u00fap b\u1ea3o v\u1ec7 h\u00e0nh l\u00fd b\u00ean trong kh\u1ecfi va \u0111\u1eadp.<\/li>\n<li><strong>B\u00e1nh xe xoay 360 \u0111\u1ed9<\/strong>: Vali trang b\u1ecb b\u00e1nh xe xoay 360 \u0111\u1ed9, gi\u00fap vi\u1ec7c di chuy\u1ec3n tr\u1edf n\u00ean nh\u1eb9 nh\u00e0ng v\u00e0 ti\u1ec7n l\u1ee3i h\u01a1n bao gi\u1edd h\u1ebft, k\u1ec3 c\u1ea3 khi ph\u1ea3i mang theo nhi\u1ec1u h\u00e0nh l\u00fd.<\/li>\n<li><strong>Kh\u00f3a s\u1ed1 b\u1ea3o m\u1eadt cao<\/strong>: Vali t\u00edch h\u1ee3p h\u1ec7 th\u1ed1ng kh\u00f3a s\u1ed1 an to\u00e0n, gi\u00fap b\u1ea3o v\u1ec7 h\u00e0nh l\u00fd c\u1ee7a b\u1ea1n tr\u00e1nh kh\u1ecfi s\u1ef1 x\u00e2m ph\u1ea1m kh\u00f4ng mong mu\u1ed1n.<\/li>\n<\/ul>\n<p><strong>Th\u00f4ng tin s\u1ea3n ph\u1ea9m:<\/strong><\/p>\n<ul>\n<li><strong>Th\u01b0\u01a1ng hi\u1ec7u<\/strong>: Havigift<\/li>\n<li><strong>T\u00ean s\u1ea3n ph\u1ea9m<\/strong>: Vali B\u1ecdc Da Cao C\u1ea5p<\/li>\n<li><strong>Ch\u1ea5t li\u1ec7u<\/strong>: Da th\u1eadt 100%, khung h\u1ee3p kim nh\u00f4m<\/li>\n<li><strong>K\u00edch th\u01b0\u1edbc<\/strong>: T\u00f9y ch\u1ec9nh theo nhu c\u1ea7u<\/li>\n<li><strong>M\u00e0u s\u1eafc<\/strong>: \u0110a d\u1ea1ng, t\u00f9y ch\u1ecdn<\/li>\n<li><strong>Kh\u00f3a s\u1ed1<\/strong>: B\u1ea3o m\u1eadt cao, theo ti\u00eau chu\u1ea9n qu\u1ed1c t\u1ebf<\/li>\n<\/ul>\n<p><strong>Cam k\u1ebft c\u1ee7a ch\u00fang t\u00f4i:<\/strong><\/p>\n<ul>\n<li>S\u1ea3n ph\u1ea9m ch\u1ea5t l\u01b0\u1ee3ng cao, thi\u1ebft k\u1ebf tinh t\u1ebf<\/li>\n<li>Mi\u1ec5n ph\u00ed thi\u1ebft k\u1ebf logo ho\u1eb7c in \u1ea5n theo y\u00eau c\u1ea7u<\/li>\n<li>Giao h\u00e0ng \u0111\u00fang h\u1eb9n, \u0111\u1ea3m b\u1ea3o ti\u00eau chu\u1ea9n<\/li>\n<li>Ch\u00ednh s\u00e1ch \u0111\u1ed5i tr\u1ea3 v\u00e0 b\u1ea3o h\u00e0nh n\u1ebfu c\u00f3 l\u1ed7i s\u1ea3n ph\u1ea9m<\/li>\n<\/ul>","protected":false},"excerpt":{"rendered":"<p><strong>Vali b\u1ecdc da cao c\u1ea5p<\/strong> t\u1eeb Havigift mang \u0111\u1ebfn s\u1ef1 k\u1ebft h\u1ee3p ho\u00e0n h\u1ea3o gi\u1eefa thi\u1ebft k\u1ebf sang tr\u1ecdng v\u00e0 t\u00ednh n\u0103ng b\u1ea3o v\u1ec7 t\u1ed1i \u01b0u. S\u1ea3n ph\u1ea9m kh\u00f4ng ch\u1ec9 l\u00e0 ng\u01b0\u1eddi b\u1ea1n \u0111\u1ed3ng h\u00e0nh tin c\u1eady trong nh\u1eefng chuy\u1ebfn c\u00f4ng t\u00e1c hay du l\u1ecbch, m\u00e0 c\u00f2n kh\u1eb3ng \u0111\u1ecbnh \u0111\u1eb3ng c\u1ea5p c\u1ee7a ng\u01b0\u1eddi s\u1edf h\u1eefu. V\u1edbi ch\u1ea5t li\u1ec7u da cao c\u1ea5p v\u00e0 thi\u1ebft k\u1ebf tinh t\u1ebf, vali b\u1ecdc da n\u00e0y l\u00e0 l\u1ef1a ch\u1ecdn ho\u00e0n h\u1ea3o cho nh\u1eefng ai t\u00ecm ki\u1ebfm s\u1ef1 ho\u00e0n h\u1ea3o trong t\u1eebng chi ti\u1ebft.<\/p>\n<p>&nbsp;<\/p>","protected":false},"featured_media":6403,"comment_status":"open","ping_status":"closed","template":"","meta":{"_acf_changed":false},"product_brand":[],"product_cat":[337],"product_tag":[539,537,538],"class_list":{"0":"post-6402","1":"product","2":"type-product","3":"status-publish","4":"has-post-thumbnail","6":"product_cat-vali-da-cao-cap","7":"product_tag-vali-boc-da","8":"product_tag-vali-boc-da-cao-cap","9":"product_tag-vali-boc-da-cao-cap-havigift","11":"first","12":"instock","13":"shipping-taxable","14":"product-type-simple"},"acf":[],"_links":{"self":[{"href":"https:\/\/havigift.com\/en\/wp-json\/wp\/v2\/product\/6402","targetHints":{"allow":["GET"]}}],"collection":[{"href":"https:\/\/havigift.com\/en\/wp-json\/wp\/v2\/product"}],"about":[{"href":"https:\/\/havigift.com\/en\/wp-json\/wp\/v2\/types\/product"}],"replies":[{"embeddable":true,"href":"https:\/\/havigift.com\/en\/wp-json\/wp\/v2\/comments?post=6402"}],"wp:featuredmedia":[{"embeddable":true,"href":"https:\/\/havigift.com\/en\/wp-json\/wp\/v2\/media\/6403"}],"wp:attachment":[{"href":"https:\/\/havigift.com\/en\/wp-json\/wp\/v2\/media?parent=6402"}],"wp:term":[{"taxonomy":"product_brand","embeddable":true,"href":"https:\/\/havigift.com\/en\/wp-json\/wp\/v2\/product_brand?post=6402"},{"taxonomy":"product_cat","embeddable":true,"href":"https:\/\/havigift.com\/en\/wp-json\/wp\/v2\/product_cat?post=6402"},{"taxonomy":"product_tag","embeddable":true,"href":"https:\/\/havigift.com\/en\/wp-json\/wp\/v2\/product_tag?post=6402"}],"curies":[{"name":"wp","href":"https:\/\/api.w.org\/{rel}","templated":true}]}}