{"id":6376,"date":"2024-09-20T04:40:23","date_gmt":"2024-09-20T04:40:23","guid":{"rendered":"https:\/\/havigift.com\/?post_type=product&#038;p=6376"},"modified":"2024-09-21T07:51:51","modified_gmt":"2024-09-21T07:51:51","slug":"bia-chung-chi-cao-cap-havigift","status":"publish","type":"product","link":"https:\/\/havigift.com\/en\/product\/bia-chung-chi-cao-cap-havigift\/","title":{"rendered":"B\u00eca Ch\u1ee9ng Ch\u1ec9 Cao C\u1ea5p &#8211; Havigift"},"content":{"rendered":"<p><strong>B\u00eca ch\u1ee9ng ch\u1ec9<\/strong> t\u1eeb Havigift mang \u0111\u1ebfn gi\u1ea3i ph\u00e1p ho\u00e0n h\u1ea3o \u0111\u1ec3 b\u1ea3o v\u1ec7 v\u00e0 t\u00f4n vinh c\u00e1c lo\u1ea1i ch\u1ee9ng ch\u1ec9 quan tr\u1ecdng nh\u01b0 b\u1eb1ng c\u1ea5p, gi\u1ea5y ch\u1ee9ng nh\u1eadn trong h\u1ecdc t\u1eadp v\u00e0 c\u00f4ng vi\u1ec7c. V\u1edbi thi\u1ebft k\u1ebf tinh t\u1ebf v\u00e0 ch\u1ea5t li\u1ec7u cao c\u1ea5p, b\u00eca ch\u1ee9ng ch\u1ec9 kh\u00f4ng ch\u1ec9 gi\u00fap b\u1ea3o qu\u1ea3n an to\u00e0n m\u00e0 c\u00f2n l\u00e0m t\u0103ng th\u00eam gi\u00e1 tr\u1ecb cho nh\u1eefng th\u00e0nh t\u1ef1u c\u00e1 nh\u00e2n.<\/p>\n<p><strong>\u0110\u1eb7c \u0111i\u1ec3m n\u1ed5i b\u1eadt:<\/strong><\/p>\n<ul>\n<li><strong>Ch\u1ea5t li\u1ec7u cao c\u1ea5p<\/strong>: B\u00eca ch\u1ee9ng ch\u1ec9 \u0111\u01b0\u1ee3c l\u00e0m t\u1eeb ch\u1ea5t li\u1ec7u da PU cao c\u1ea5p ho\u1eb7c da th\u1eadt, mang l\u1ea1i c\u1ea3m gi\u00e1c sang tr\u1ecdng v\u00e0 b\u1ec1n b\u1ec9, gi\u00fap b\u1ea3o v\u1ec7 ch\u1ee9ng ch\u1ec9 kh\u1ecfi c\u00e1c y\u1ebfu t\u1ed1 nh\u01b0 b\u1ee5i, n\u01b0\u1edbc v\u00e0 va ch\u1ea1m.<\/li>\n<li><strong>Thi\u1ebft k\u1ebf sang tr\u1ecdng, tinh t\u1ebf<\/strong>: V\u1edbi \u0111\u01b0\u1eddng may ch\u1eafc ch\u1eafn v\u00e0 t\u1ec9 m\u1ec9, b\u00eca ch\u1ee9ng ch\u1ec9 kh\u00f4ng ch\u1ec9 gi\u1eef an to\u00e0n cho t\u00e0i li\u1ec7u m\u00e0 c\u00f2n gi\u00fap t\u00f4n vinh v\u1ebb \u0111\u1eb9p c\u1ee7a nh\u1eefng th\u00e0nh t\u1ef1u quan tr\u1ecdng.<\/li>\n<li><strong>K\u00edch th\u01b0\u1edbc \u0111a d\u1ea1ng<\/strong>: Ph\u00f9 h\u1ee3p v\u1edbi nhi\u1ec1u lo\u1ea1i ch\u1ee9ng ch\u1ec9, b\u1eb1ng c\u1ea5p t\u1eeb c\u1ee1 nh\u1ecf \u0111\u1ebfn c\u1ee1 l\u1edbn. B\u00eca ch\u1ee9ng ch\u1ec9 c\u0169ng c\u00f3 th\u1ec3 t\u00f9y ch\u1ec9nh k\u00edch th\u01b0\u1edbc theo y\u00eau c\u1ea7u.<\/li>\n<li><strong>B\u00ean trong c\u00f3 l\u1edbp b\u1ea3o v\u1ec7 \u0111\u1eb7c bi\u1ec7t<\/strong>: L\u1edbp l\u00f3t nhung m\u1ec1m m\u1ea1i b\u00ean trong gi\u00fap b\u1ea3o v\u1ec7 b\u1ec1 m\u1eb7t gi\u1ea5y kh\u00f4ng b\u1ecb tr\u1ea7y x\u01b0\u1edbc hay h\u01b0 h\u1ecfng, \u0111\u1ea3m b\u1ea3o ch\u1ee9ng ch\u1ec9 lu\u00f4n \u0111\u01b0\u1ee3c gi\u1eef g\u00ecn c\u1ea9n th\u1eadn.<\/li>\n<li><strong>T\u00f9y ch\u1ecdn in \u1ea5n<\/strong>: Kh\u00e1ch h\u00e0ng c\u00f3 th\u1ec3 in logo, th\u00f4ng tin doanh nghi\u1ec7p ho\u1eb7c t\u00ean c\u00e1 nh\u00e2n l\u00ean b\u00eca, t\u1ea1o \u0111i\u1ec3m nh\u1ea5n c\u00e1 nh\u00e2n h\u00f3a \u0111\u1ed9c \u0111\u00e1o cho s\u1ea3n ph\u1ea9m.<\/li>\n<li><strong>M\u00e0u s\u1eafc \u0111a d\u1ea1ng<\/strong>: C\u00f3 nhi\u1ec1u m\u00e0u s\u1eafc \u0111\u1ec3 l\u1ef1a ch\u1ecdn, t\u1eeb nh\u1eefng gam m\u00e0u trung t\u00ednh thanh l\u1ecbch \u0111\u1ebfn c\u00e1c t\u00f4ng m\u00e0u n\u1ed5i b\u1eadt, ph\u00f9 h\u1ee3p v\u1edbi t\u1eebng phong c\u00e1ch v\u00e0 nhu c\u1ea7u s\u1eed d\u1ee5ng.<\/li>\n<\/ul>\n<p><strong>Th\u00f4ng tin s\u1ea3n ph\u1ea9m:<\/strong><\/p>\n<ul>\n<li><strong>Th\u01b0\u01a1ng hi\u1ec7u<\/strong>: <a href=\"http:\/\/havigift.com\/en\/\">Havigift<\/a><\/li>\n<li><strong>T\u00ean s\u1ea3n ph\u1ea9m<\/strong>: B\u00eca Ch\u1ee9ng Ch\u1ec9 Cao C\u1ea5p<\/li>\n<li><strong>Ch\u1ea5t li\u1ec7u<\/strong>: Da PU cao c\u1ea5p, da th\u1eadt (t\u00f9y ch\u1ecdn)<\/li>\n<li><strong>K\u00edch th\u01b0\u1edbc<\/strong>: T\u00f9y ch\u1ec9nh theo y\u00eau c\u1ea7u<\/li>\n<li><strong>M\u00e0u s\u1eafc<\/strong>: \u0110a d\u1ea1ng, t\u00f9y ch\u1ecdn<\/li>\n<li><strong>In \u1ea5n<\/strong>: Logo, t\u00ean doanh nghi\u1ec7p ho\u1eb7c c\u00e1 nh\u00e2n theo y\u00eau c\u1ea7u<\/li>\n<\/ul>\n<p><strong>Cam k\u1ebft c\u1ee7a ch\u00fang t\u00f4i:<\/strong><\/p>\n<ul>\n<li>S\u1ea3n ph\u1ea9m ch\u1ea5t l\u01b0\u1ee3ng cao, thi\u1ebft k\u1ebf \u0111\u1eb9p<\/li>\n<li>Gi\u00e1 c\u1ea3 c\u1ea1nh tranh<\/li>\n<li>Mi\u1ec5n ph\u00ed thi\u1ebft k\u1ebf v\u00e0 in \u1ea5n<\/li>\n<li>Giao h\u00e0ng \u0111\u00fang h\u1eb9n<\/li>\n<li>Ch\u00ednh s\u00e1ch \u0111\u1ed5i tr\u1ea3 v\u00e0 b\u1ea3o h\u00e0nh<\/li>\n<li>D\u1ecbch v\u1ee5 t\u01b0 v\u1ea5n kh\u00e1ch h\u00e0ng chuy\u00ean nghi\u1ec7p<\/li>\n<\/ul>","protected":false},"excerpt":{"rendered":"<p><strong>B\u00eca ch\u1ee9ng ch\u1ec9<\/strong> t\u1eeb Havigift mang \u0111\u1ebfn gi\u1ea3i ph\u00e1p ho\u00e0n h\u1ea3o \u0111\u1ec3 b\u1ea3o v\u1ec7 v\u00e0 t\u00f4n vinh c\u00e1c lo\u1ea1i ch\u1ee9ng ch\u1ec9 quan tr\u1ecdng nh\u01b0 b\u1eb1ng c\u1ea5p, gi\u1ea5y ch\u1ee9ng nh\u1eadn trong h\u1ecdc t\u1eadp v\u00e0 c\u00f4ng vi\u1ec7c. V\u1edbi thi\u1ebft k\u1ebf tinh t\u1ebf v\u00e0 ch\u1ea5t li\u1ec7u cao c\u1ea5p, b\u00eca ch\u1ee9ng ch\u1ec9 kh\u00f4ng ch\u1ec9 gi\u00fap b\u1ea3o qu\u1ea3n an to\u00e0n m\u00e0 c\u00f2n l\u00e0m t\u0103ng th\u00eam gi\u00e1 tr\u1ecb cho nh\u1eefng th\u00e0nh t\u1ef1u c\u00e1 nh\u00e2n.<\/p>\n<p>&nbsp;<\/p>","protected":false},"featured_media":6377,"comment_status":"open","ping_status":"closed","template":"","meta":{"_acf_changed":false},"product_brand":[],"product_cat":[30,617],"product_tag":[511,513,512],"class_list":{"0":"post-6376","1":"product","2":"type-product","3":"status-publish","4":"has-post-thumbnail","6":"product_cat-qua-tang-doanh-nghiep","7":"product_cat-bia-tot-nghiep","8":"product_tag-bia-chung-chi","9":"product_tag-bia-chung-chi-cao-cap","10":"product_tag-bia-chung-chi-da","12":"first","13":"instock","14":"shipping-taxable","15":"product-type-simple"},"acf":[],"_links":{"self":[{"href":"https:\/\/havigift.com\/en\/wp-json\/wp\/v2\/product\/6376","targetHints":{"allow":["GET"]}}],"collection":[{"href":"https:\/\/havigift.com\/en\/wp-json\/wp\/v2\/product"}],"about":[{"href":"https:\/\/havigift.com\/en\/wp-json\/wp\/v2\/types\/product"}],"replies":[{"embeddable":true,"href":"https:\/\/havigift.com\/en\/wp-json\/wp\/v2\/comments?post=6376"}],"wp:featuredmedia":[{"embeddable":true,"href":"https:\/\/havigift.com\/en\/wp-json\/wp\/v2\/media\/6377"}],"wp:attachment":[{"href":"https:\/\/havigift.com\/en\/wp-json\/wp\/v2\/media?parent=6376"}],"wp:term":[{"taxonomy":"product_brand","embeddable":true,"href":"https:\/\/havigift.com\/en\/wp-json\/wp\/v2\/product_brand?post=6376"},{"taxonomy":"product_cat","embeddable":true,"href":"https:\/\/havigift.com\/en\/wp-json\/wp\/v2\/product_cat?post=6376"},{"taxonomy":"product_tag","embeddable":true,"href":"https:\/\/havigift.com\/en\/wp-json\/wp\/v2\/product_tag?post=6376"}],"curies":[{"name":"wp","href":"https:\/\/api.w.org\/{rel}","templated":true}]}}