{"id":6373,"date":"2024-09-20T04:01:48","date_gmt":"2024-09-20T04:01:48","guid":{"rendered":"https:\/\/havigift.com\/?post_type=product&#038;p=6373"},"modified":"2024-09-20T04:04:28","modified_gmt":"2024-09-20T04:04:28","slug":"balo-da-ngan-cao-cap","status":"publish","type":"product","link":"https:\/\/havigift.com\/en\/product\/balo-da-ngan-cao-cap\/","title":{"rendered":"Balo \u0110a Ng\u0103n Cao C\u1ea5p &#8211; Havigift"},"content":{"rendered":"<p><strong>Balo \u0111a ng\u0103n<\/strong> t\u1eeb Havigift l\u00e0 s\u1ef1 l\u1ef1a ch\u1ecdn ho\u00e0n h\u1ea3o cho nh\u1eefng ai c\u1ea7n kh\u00f4ng gian l\u01b0u tr\u1eef ti\u1ec7n l\u1ee3i v\u00e0 s\u1eafp x\u1ebfp khoa h\u1ecdc. Thi\u1ebft k\u1ebf th\u00f4ng minh v\u1edbi nhi\u1ec1u ng\u0103n ch\u1ee9c n\u0103ng gi\u00fap b\u1ea1n d\u1ec5 d\u00e0ng qu\u1ea3n l\u00fd \u0111\u1ed3 \u0111\u1ea1c, mang l\u1ea1i tr\u1ea3i nghi\u1ec7m s\u1eed d\u1ee5ng tuy\u1ec7t v\u1eddi cho c\u00f4ng vi\u1ec7c, h\u1ecdc t\u1eadp ho\u1eb7c du l\u1ecbch.<\/p>\n<p><strong>\u0110\u1eb7c \u0111i\u1ec3m n\u1ed5i b\u1eadt:<\/strong><\/p>\n<ul>\n<li><strong>Nhi\u1ec1u ng\u0103n ch\u1ee9a ti\u1ec7n l\u1ee3i<\/strong>: Balo \u0111\u01b0\u1ee3c trang b\u1ecb nhi\u1ec1u ng\u0103n v\u1edbi k\u00edch th\u01b0\u1edbc kh\u00e1c nhau, t\u1eeb ng\u0103n ch\u00ednh r\u1ed9ng r\u00e3i \u0111\u1ec3 \u0111\u1ef1ng laptop, qu\u1ea7n \u00e1o, s\u00e1ch v\u1edf \u0111\u1ebfn c\u00e1c ng\u0103n ph\u1ee5 \u0111\u1ec3 \u0111\u1ef1ng ph\u1ee5 ki\u1ec7n, t\u00e0i li\u1ec7u, b\u00fat v\u00e0 c\u00e1c v\u1eadt d\u1ee5ng c\u00e1 nh\u00e2n kh\u00e1c. M\u1ecdi th\u1ee9 \u0111\u01b0\u1ee3c s\u1eafp x\u1ebfp g\u1ecdn g\u00e0ng, d\u1ec5 t\u00ecm ki\u1ebfm.<\/li>\n<li><strong>Ch\u1ea5t li\u1ec7u cao c\u1ea5p<\/strong>: Balo \u0111\u01b0\u1ee3c l\u00e0m t\u1eeb ch\u1ea5t li\u1ec7u v\u1ea3i ch\u1ed1ng th\u1ea5m n\u01b0\u1edbc, ch\u1ed1ng m\u00e0i m\u00f2n, gi\u00fap b\u1ea3o v\u1ec7 \u0111\u1ed3 \u0111\u1ea1c c\u1ee7a b\u1ea1n kh\u1ecfi nh\u1eefng y\u1ebfu t\u1ed1 b\u00ean ngo\u00e0i nh\u01b0 m\u01b0a, b\u1ee5i b\u1ea9n.<\/li>\n<li><strong>Ng\u0103n laptop ch\u1ed1ng s\u1ed1c<\/strong>: Ng\u0103n ri\u00eang d\u00e0nh cho laptop \u0111\u01b0\u1ee3c thi\u1ebft k\u1ebf v\u1edbi l\u1edbp \u0111\u1ec7m ch\u1ed1ng s\u1ed1c, gi\u00fap b\u1ea3o v\u1ec7 thi\u1ebft b\u1ecb c\u1ee7a b\u1ea1n an to\u00e0n tr\u01b0\u1edbc c\u00e1c va ch\u1ea1m trong qu\u00e1 tr\u00ecnh di chuy\u1ec3n.<\/li>\n<li><strong>D\u00e2y \u0111eo vai tho\u1ea3i m\u00e1i<\/strong>: D\u00e2y \u0111eo c\u00f3 l\u1edbp \u0111\u1ec7m d\u00e0y, mang l\u1ea1i c\u1ea3m gi\u00e1c tho\u1ea3i m\u00e1i khi \u0111eo l\u00e2u. C\u00f3 th\u1ec3 \u0111i\u1ec1u ch\u1ec9nh linh ho\u1ea1t \u0111\u1ec3 ph\u00f9 h\u1ee3p v\u1edbi t\u1eebng ng\u01b0\u1eddi s\u1eed d\u1ee5ng.<\/li>\n<li><strong>Thi\u1ebft k\u1ebf th\u1eddi trang, hi\u1ec7n \u0111\u1ea1i<\/strong>: V\u1edbi phong c\u00e1ch thanh l\u1ecbch, balo \u0111a ng\u0103n ph\u00f9 h\u1ee3p cho c\u1ea3 nam v\u00e0 n\u1eef, gi\u00fap b\u1ea1n t\u1ef1 tin khi s\u1eed d\u1ee5ng trong m\u1ecdi ho\u00e0n c\u1ea3nh, t\u1eeb c\u00f4ng vi\u1ec7c \u0111\u1ebfn d\u1ea1o ph\u1ed1.<\/li>\n<li><strong>T\u00f9y ch\u1ecdn in \u1ea5n<\/strong>: Kh\u00e1ch h\u00e0ng c\u00f3 th\u1ec3 in logo ho\u1eb7c t\u00ean c\u00f4ng ty l\u00ean balo, th\u00edch h\u1ee3p \u0111\u1ec3 l\u00e0m qu\u00e0 t\u1eb7ng doanh nghi\u1ec7p ho\u1eb7c qu\u00e0 tri \u00e2n kh\u00e1ch h\u00e0ng.<\/li>\n<\/ul>\n<p><strong>Th\u00f4ng tin s\u1ea3n ph\u1ea9m:<\/strong><\/p>\n<ul>\n<li><strong>Th\u01b0\u01a1ng hi\u1ec7u<\/strong>: <a href=\"http:\/\/Havigift.com\" target=\"_blank\" rel=\"noopener\">HAVIGIFT<\/a><\/li>\n<li><strong>T\u00ean s\u1ea3n ph\u1ea9m<\/strong>: Balo \u0110a Ng\u0103n Cao C\u1ea5p<\/li>\n<li><strong>Ch\u1ea5t li\u1ec7u<\/strong>: V\u1ea3i ch\u1ed1ng th\u1ea5m n\u01b0\u1edbc, \u0111\u1ec7m ch\u1ed1ng s\u1ed1c<\/li>\n<li><strong>Thi\u1ebft k\u1ebf<\/strong>: Nhi\u1ec1u ng\u0103n ti\u1ec7n d\u1ee5ng<\/li>\n<li><strong>Ng\u0103n ch\u1ee9a<\/strong>: Ng\u0103n ch\u00ednh l\u1edbn, nhi\u1ec1u ng\u0103n ph\u1ee5 v\u00e0 ng\u0103n laptop ch\u1ed1ng s\u1ed1c<\/li>\n<li><strong>K\u00edch th\u01b0\u1edbc<\/strong>: Ph\u00f9 h\u1ee3p cho laptop t\u1eeb 13-15 inch<\/li>\n<li><strong>M\u00e0u s\u1eafc<\/strong>: T\u00f9y ch\u1ecdn<\/li>\n<li><strong>In \u1ea5n<\/strong>: Logo, t\u00ean doanh nghi\u1ec7p ho\u1eb7c c\u00e1 nh\u00e2n theo y\u00eau c\u1ea7u<\/li>\n<\/ul>\n<p><strong>Cam k\u1ebft c\u1ee7a ch\u00fang t\u00f4i:<\/strong><\/p>\n<ul>\n<li>S\u1ea3n ph\u1ea9m ch\u1ea5t l\u01b0\u1ee3ng cao, b\u1ec1n b\u1ec9<\/li>\n<li>Gi\u00e1 c\u1ea3 c\u1ea1nh tranh<\/li>\n<li>Mi\u1ec5n ph\u00ed thi\u1ebft k\u1ebf v\u00e0 in \u1ea5n<\/li>\n<li>Giao h\u00e0ng \u0111\u00fang h\u1eb9n<\/li>\n<li>Ch\u00ednh s\u00e1ch \u0111\u1ed5i tr\u1ea3 v\u00e0 b\u1ea3o h\u00e0nh<\/li>\n<li>D\u1ecbch v\u1ee5 t\u01b0 v\u1ea5n kh\u00e1ch h\u00e0ng chuy\u00ean nghi\u1ec7p<\/li>\n<\/ul>\n<p>&nbsp;<\/p>","protected":false},"excerpt":{"rendered":"<p><strong>Balo \u0111a ng\u0103n<\/strong> t\u1eeb Havigift l\u00e0 s\u1ef1 l\u1ef1a ch\u1ecdn ho\u00e0n h\u1ea3o cho nh\u1eefng ai c\u1ea7n kh\u00f4ng gian l\u01b0u tr\u1eef ti\u1ec7n l\u1ee3i v\u00e0 s\u1eafp x\u1ebfp khoa h\u1ecdc. Thi\u1ebft k\u1ebf th\u00f4ng minh v\u1edbi nhi\u1ec1u ng\u0103n ch\u1ee9c n\u0103ng gi\u00fap b\u1ea1n d\u1ec5 d\u00e0ng qu\u1ea3n l\u00fd \u0111\u1ed3 \u0111\u1ea1c, mang l\u1ea1i tr\u1ea3i nghi\u1ec7m s\u1eed d\u1ee5ng tuy\u1ec7t v\u1eddi cho c\u00f4ng vi\u1ec7c, h\u1ecdc t\u1eadp ho\u1eb7c du l\u1ecbch.<\/p>","protected":false},"featured_media":6374,"comment_status":"open","ping_status":"closed","template":"","meta":{"_acf_changed":false},"product_brand":[],"product_cat":[100,34],"product_tag":[506,508,507],"class_list":{"0":"post-6373","1":"product","2":"type-product","3":"status-publish","4":"has-post-thumbnail","6":"product_cat-balo-in-logo","7":"product_cat-xuong-qua-tang","8":"product_tag-balo-da-ngan","9":"product_tag-balo-da-ngan-canvas","10":"product_tag-balo-da-ngan-da","12":"first","13":"instock","14":"shipping-taxable","15":"product-type-simple"},"acf":[],"_links":{"self":[{"href":"https:\/\/havigift.com\/en\/wp-json\/wp\/v2\/product\/6373","targetHints":{"allow":["GET"]}}],"collection":[{"href":"https:\/\/havigift.com\/en\/wp-json\/wp\/v2\/product"}],"about":[{"href":"https:\/\/havigift.com\/en\/wp-json\/wp\/v2\/types\/product"}],"replies":[{"embeddable":true,"href":"https:\/\/havigift.com\/en\/wp-json\/wp\/v2\/comments?post=6373"}],"wp:featuredmedia":[{"embeddable":true,"href":"https:\/\/havigift.com\/en\/wp-json\/wp\/v2\/media\/6374"}],"wp:attachment":[{"href":"https:\/\/havigift.com\/en\/wp-json\/wp\/v2\/media?parent=6373"}],"wp:term":[{"taxonomy":"product_brand","embeddable":true,"href":"https:\/\/havigift.com\/en\/wp-json\/wp\/v2\/product_brand?post=6373"},{"taxonomy":"product_cat","embeddable":true,"href":"https:\/\/havigift.com\/en\/wp-json\/wp\/v2\/product_cat?post=6373"},{"taxonomy":"product_tag","embeddable":true,"href":"https:\/\/havigift.com\/en\/wp-json\/wp\/v2\/product_tag?post=6373"}],"curies":[{"name":"wp","href":"https:\/\/api.w.org\/{rel}","templated":true}]}}