{"id":6371,"date":"2024-09-20T03:53:30","date_gmt":"2024-09-20T03:53:30","guid":{"rendered":"https:\/\/havigift.com\/?post_type=product&#038;p=6371"},"modified":"2024-09-20T03:53:30","modified_gmt":"2024-09-20T03:53:30","slug":"balo-day-rut-da-nang-havigift","status":"publish","type":"product","link":"https:\/\/havigift.com\/en\/product\/balo-day-rut-da-nang-havigift\/","title":{"rendered":"Balo D\u00e2y R\u00fat \u0110a N\u0103ng &#8211; Havigift"},"content":{"rendered":"<p><strong>Balo d\u00e2y r\u00fat<\/strong> t\u1eeb Havigift l\u00e0 s\u1ea3n ph\u1ea9m l\u00fd t\u01b0\u1edfng cho nh\u1eefng ai t\u00ecm ki\u1ebfm s\u1ef1 ti\u1ec7n l\u1ee3i, g\u1ecdn nh\u1eb9 v\u00e0 linh ho\u1ea1t trong m\u1ecdi ho\u1ea1t \u0111\u1ed9ng. Thi\u1ebft k\u1ebf t\u1ed1i gi\u1ea3n nh\u01b0ng \u0111\u1ea7y phong c\u00e1ch, balo d\u00e2y r\u00fat kh\u00f4ng ch\u1ec9 ph\u00f9 h\u1ee3p cho vi\u1ec7c \u0111i h\u1ecdc, \u0111i l\u00e0m m\u00e0 c\u00f2n l\u00e0 ph\u1ee5 ki\u1ec7n th\u1eddi trang ho\u00e0n h\u1ea3o cho c\u00e1c chuy\u1ebfn \u0111i d\u00e3 ngo\u1ea1i, t\u1eadp gym ho\u1eb7c d\u1ea1o ph\u1ed1.<\/p>\n<p><strong>Th\u00f4ng tin s\u1ea3n ph\u1ea9m:<\/strong><\/p>\n<ul>\n<li><strong>Th\u01b0\u01a1ng hi\u1ec7u<\/strong>:<a href=\"http:\/\/Havigift.com\" target=\"_blank\" rel=\"noopener\"> HAVIGIFT<\/a><\/li>\n<li><strong>T\u00ean s\u1ea3n ph\u1ea9m<\/strong>: Balo D\u00e2y R\u00fat \u0110a N\u0103ng<\/li>\n<li><strong>Ch\u1ea5t li\u1ec7u<\/strong>: V\u1ea3i ch\u1ed1ng th\u1ea5m n\u01b0\u1edbc, ch\u1ed1ng m\u00e0i m\u00f2n<\/li>\n<li><strong>Thi\u1ebft k\u1ebf<\/strong>: D\u00e2y r\u00fat ti\u1ec7n l\u1ee3i, hi\u1ec7n \u0111\u1ea1i<\/li>\n<li><strong>K\u00edch th\u01b0\u1edbc<\/strong>: T\u00f9y ch\u1ec9nh theo nhu c\u1ea7u<\/li>\n<li><strong>M\u00e0u s\u1eafc<\/strong>: T\u00f9y ch\u1ecdn<\/li>\n<li><strong>In \u1ea5n<\/strong>: Logo, t\u00ean doanh nghi\u1ec7p ho\u1eb7c c\u00e1 nh\u00e2n theo y\u00eau c\u1ea7u<\/li>\n<\/ul>\n<p><strong>\u0110\u1eb7c \u0111i\u1ec3m n\u1ed5i b\u1eadt:<\/strong><\/p>\n<ul>\n<li><strong>Thi\u1ebft k\u1ebf d\u00e2y r\u00fat ti\u1ec7n l\u1ee3i<\/strong>: D\u1ec5 d\u00e0ng \u0111\u00f3ng m\u1edf v\u00e0 c\u1ea5t gi\u1eef \u0111\u1ed3 \u0111\u1ea1c nhanh ch\u00f3ng. Thi\u1ebft k\u1ebf d\u00e2y r\u00fat g\u1ecdn nh\u1eb9 nh\u01b0ng v\u1eabn \u0111\u1ea3m b\u1ea3o an to\u00e0n cho c\u00e1c v\u1eadt d\u1ee5ng b\u00ean trong.<\/li>\n<li><strong>Ch\u1ea5t li\u1ec7u cao c\u1ea5p<\/strong>: S\u1eed d\u1ee5ng v\u1ea3i ch\u1ed1ng th\u1ea5m n\u01b0\u1edbc, ch\u1ed1ng m\u00e0i m\u00f2n v\u00e0 b\u1ec1n b\u1ec9, balo d\u00e2y r\u00fat mang \u0111\u1ebfn kh\u1ea3 n\u0103ng b\u1ea3o v\u1ec7 tuy\u1ec7t \u0111\u1ed1i cho \u0111\u1ed3 d\u00f9ng c\u00e1 nh\u00e2n kh\u1ecfi t\u00e1c \u0111\u1ed9ng c\u1ee7a th\u1eddi ti\u1ebft.<\/li>\n<li><strong>\u0110a n\u0103ng v\u00e0 linh ho\u1ea1t<\/strong>: V\u1edbi kh\u00f4ng gian ch\u1ee9a \u0111\u1ee7 l\u1edbn cho c\u00e1c v\u1eadt d\u1ee5ng h\u00e0ng ng\u00e0y nh\u01b0 s\u00e1ch v\u1edf, qu\u1ea7n \u00e1o, \u0111\u1ed3 d\u00f9ng c\u00e1 nh\u00e2n, balo d\u00e2y r\u00fat ph\u00f9 h\u1ee3p cho nhi\u1ec1u t\u00ecnh hu\u1ed1ng nh\u01b0 \u0111i t\u1eadp gym, \u0111i h\u1ecdc ho\u1eb7c du l\u1ecbch ng\u1eafn ng\u00e0y.<\/li>\n<li><strong>Phong c\u00e1ch th\u1eddi trang<\/strong>: Ki\u1ec3u d\u00e1ng \u0111\u01a1n gi\u1ea3n nh\u01b0ng hi\u1ec7n \u0111\u1ea1i, balo d\u00e2y r\u00fat ph\u00f9 h\u1ee3p cho c\u1ea3 nam v\u00e0 n\u1eef, d\u1ec5 d\u00e0ng ph\u1ed1i h\u1ee3p v\u1edbi nhi\u1ec1u trang ph\u1ee5c kh\u00e1c nhau.<\/li>\n<li><strong>T\u00f9y ch\u1ecdn in \u1ea5n<\/strong>: Kh\u00e1ch h\u00e0ng c\u00f3 th\u1ec3 in logo ho\u1eb7c th\u00f4ng \u0111i\u1ec7p c\u00e1 nh\u00e2n l\u00ean balo, bi\u1ebfn s\u1ea3n ph\u1ea9m th\u00e0nh m\u00f3n qu\u00e0 t\u1eb7ng \u00fd ngh\u0129a cho c\u00e1c s\u1ef1 ki\u1ec7n, h\u1ed9i ngh\u1ecb ho\u1eb7c ch\u01b0\u01a1ng tr\u00ecnh qu\u1ea3ng b\u00e1 th\u01b0\u01a1ng hi\u1ec7u.<\/li>\n<\/ul>\n<p><strong>Cam k\u1ebft c\u1ee7a ch\u00fang t\u00f4i:<\/strong><\/p>\n<ul>\n<li>S\u1ea3n ph\u1ea9m ch\u1ea5t l\u01b0\u1ee3ng cao, b\u1ec1n b\u1ec9<\/li>\n<li>Gi\u00e1 c\u1ea3 c\u1ea1nh tranh<\/li>\n<li>Mi\u1ec5n ph\u00ed thi\u1ebft k\u1ebf v\u00e0 in \u1ea5n<\/li>\n<li>Giao h\u00e0ng \u0111\u00fang h\u1eb9n<\/li>\n<li>Ch\u00ednh s\u00e1ch \u0111\u1ed5i tr\u1ea3 v\u00e0 b\u1ea3o h\u00e0nh<\/li>\n<li>D\u1ecbch v\u1ee5 ch\u0103m s\u00f3c kh\u00e1ch h\u00e0ng chuy\u00ean nghi\u1ec7p<\/li>\n<\/ul>","protected":false},"excerpt":{"rendered":"<p><strong>Balo d\u00e2y r\u00fat<\/strong> t\u1eeb Havigift l\u00e0 s\u1ea3n ph\u1ea9m l\u00fd t\u01b0\u1edfng cho nh\u1eefng ai t\u00ecm ki\u1ebfm s\u1ef1 ti\u1ec7n l\u1ee3i, g\u1ecdn nh\u1eb9 v\u00e0 linh ho\u1ea1t trong m\u1ecdi ho\u1ea1t \u0111\u1ed9ng. Thi\u1ebft k\u1ebf t\u1ed1i gi\u1ea3n nh\u01b0ng \u0111\u1ea7y phong c\u00e1ch, balo d\u00e2y r\u00fat kh\u00f4ng ch\u1ec9 ph\u00f9 h\u1ee3p cho vi\u1ec7c \u0111i h\u1ecdc, \u0111i l\u00e0m m\u00e0 c\u00f2n l\u00e0 ph\u1ee5 ki\u1ec7n th\u1eddi trang ho\u00e0n h\u1ea3o cho c\u00e1c chuy\u1ebfn \u0111i d\u00e3 ngo\u1ea1i, t\u1eadp gym ho\u1eb7c d\u1ea1o ph\u1ed1.<\/p>","protected":false},"featured_media":6372,"comment_status":"open","ping_status":"closed","template":"","meta":{"_acf_changed":false},"product_brand":[],"product_cat":[100,34],"product_tag":[503,504,505],"class_list":{"0":"post-6371","1":"product","2":"type-product","3":"status-publish","4":"has-post-thumbnail","6":"product_cat-balo-in-logo","7":"product_cat-xuong-qua-tang","8":"product_tag-balo-day-rut","9":"product_tag-balo-day-rut-da","10":"product_tag-balo-day-rut-havigift","12":"first","13":"instock","14":"shipping-taxable","15":"product-type-simple"},"acf":[],"_links":{"self":[{"href":"https:\/\/havigift.com\/en\/wp-json\/wp\/v2\/product\/6371","targetHints":{"allow":["GET"]}}],"collection":[{"href":"https:\/\/havigift.com\/en\/wp-json\/wp\/v2\/product"}],"about":[{"href":"https:\/\/havigift.com\/en\/wp-json\/wp\/v2\/types\/product"}],"replies":[{"embeddable":true,"href":"https:\/\/havigift.com\/en\/wp-json\/wp\/v2\/comments?post=6371"}],"wp:featuredmedia":[{"embeddable":true,"href":"https:\/\/havigift.com\/en\/wp-json\/wp\/v2\/media\/6372"}],"wp:attachment":[{"href":"https:\/\/havigift.com\/en\/wp-json\/wp\/v2\/media?parent=6371"}],"wp:term":[{"taxonomy":"product_brand","embeddable":true,"href":"https:\/\/havigift.com\/en\/wp-json\/wp\/v2\/product_brand?post=6371"},{"taxonomy":"product_cat","embeddable":true,"href":"https:\/\/havigift.com\/en\/wp-json\/wp\/v2\/product_cat?post=6371"},{"taxonomy":"product_tag","embeddable":true,"href":"https:\/\/havigift.com\/en\/wp-json\/wp\/v2\/product_tag?post=6371"}],"curies":[{"name":"wp","href":"https:\/\/api.w.org\/{rel}","templated":true}]}}