{"id":6292,"date":"2024-09-19T03:55:34","date_gmt":"2024-09-19T03:55:34","guid":{"rendered":"https:\/\/havigift.com\/?post_type=product&#038;p=6292"},"modified":"2024-09-19T03:55:34","modified_gmt":"2024-09-19T03:55:34","slug":"nametag-treo-vali-havigift","status":"publish","type":"product","link":"https:\/\/havigift.com\/en\/product\/nametag-treo-vali-havigift\/","title":{"rendered":"Nametag Treo Vali HAVIGIFT"},"content":{"rendered":"<p>\u0110\u01b0\u1ee3c ch\u1ebf t\u00e1c t\u1eeb ch\u1ea5t li\u1ec7u da b\u00f2 th\u1eadt cao c\u1ea5p, <strong>Nametag Treo Vali<\/strong> mang \u0111\u1ebfn v\u1ebb ngo\u00e0i sang tr\u1ecdng v\u00e0 \u0111\u1ed9 b\u1ec1n v\u01b0\u1ee3t tr\u1ed9i. Thi\u1ebft k\u1ebf th\u00f4ng minh v\u00e0 tinh t\u1ebf gi\u00fap b\u1ea1n g\u1eafn th\u1ebb v\u00e0o vali m\u1ed9t c\u00e1ch d\u1ec5 d\u00e0ng, \u0111\u1ed3ng th\u1eddi hi\u1ec3n th\u1ecb th\u00f4ng tin c\u00e1 nh\u00e2n r\u00f5 r\u00e0ng \u0111\u1ec3 \u0111\u1ea3m b\u1ea3o h\u00e0nh l\u00fd c\u1ee7a b\u1ea1n lu\u00f4n an to\u00e0n v\u00e0 d\u1ec5 nh\u1eadn di\u1ec7n.<\/p>\n<div class=\"flex max-w-full flex-col flex-grow\">\n<div class=\"min-h-[20px] text-message flex w-full flex-col items-end gap-2 whitespace-normal break-words [.text-message+&amp;]:mt-5\" dir=\"auto\" data-message-author-role=\"assistant\" data-message-id=\"9384b4b3-791a-44ba-83d4-aecd34d004a7\">\n<div class=\"flex w-full flex-col gap-1 empty:hidden first:pt-[3px]\">\n<div class=\"markdown prose w-full break-words dark:prose-invert light\">\n<h3><strong>TH\u00d4NG TIN S\u1ea2N PH\u1ea8M:<\/strong><\/h3>\n<ul>\n<li><strong>Th\u01b0\u01a1ng hi\u1ec7u: <a href=\"http:\/\/havigift.com\">HAVIGIFT<\/a><\/strong><\/li>\n<li><strong>T\u00ean<\/strong>: Nametag Treo Vali<\/li>\n<li><strong>Ch\u1ea5t li\u1ec7u<\/strong>: Da b\u00f2 th\u1eadt 100%<\/li>\n<li><strong>K\u00edch th\u01b0\u1edbc<\/strong>: T\u00f9y ch\u1ec9nh theo y\u00eau c\u1ea7u<\/li>\n<li><strong>M\u00e0u s\u1eafc<\/strong>: Nhi\u1ec1u t\u00f9y ch\u1ecdn<\/li>\n<li><strong>T\u00ednh n\u0103ng<\/strong>: Hi\u1ec3n th\u1ecb th\u00f4ng tin c\u00e1 nh\u00e2n v\u00e0 th\u00f4ng tin li\u00ean h\u1ec7, d\u1ec5 d\u00e0ng g\u1eafn v\u00e0o vali ho\u1eb7c h\u00e0nh l\u00fd.<\/li>\n<\/ul>\n<p><strong>Ch\u1ea5t li\u1ec7u da b\u00f2 th\u1eadt cao c\u1ea5p<\/strong><\/p>\n<p>S\u1ea3n ph\u1ea9m \u0111\u01b0\u1ee3c l\u00e0m t\u1eeb da b\u00f2 th\u1eadt, mang \u0111\u1ebfn \u0111\u1ed9 b\u1ec1n b\u1ec9 v\u00e0 v\u1ebb ngo\u00e0i sang tr\u1ecdng. Da b\u00f2 kh\u00f4ng ch\u1ec9 t\u1ea1o c\u1ea3m gi\u00e1c m\u1ec1m m\u1ea1i v\u00e0 d\u1ec5 ch\u1ecbu m\u00e0 c\u00f2n c\u00f3 kh\u1ea3 n\u0103ng ch\u1ed1ng m\u00e0i m\u00f2n, \u0111\u1ea3m b\u1ea3o nametag lu\u00f4n gi\u1eef \u0111\u01b0\u1ee3c h\u00ecnh d\u00e1ng v\u00e0 \u0111\u1ed9 m\u1edbi l\u00e2u d\u00e0i.<\/p>\n<p><strong>Thi\u1ebft k\u1ebf ti\u1ec7n l\u1ee3i v\u00e0 sang tr\u1ecdng<\/strong><\/p>\n<p><strong>Nametag Treo Vali<\/strong> \u0111\u01b0\u1ee3c thi\u1ebft k\u1ebf v\u1edbi k\u00edch th\u01b0\u1edbc v\u1eeba ph\u1ea3i, d\u1ec5 d\u00e0ng g\u1eafn v\u00e0o tay c\u1ea7m vali ho\u1eb7c c\u00e1c lo\u1ea1i h\u00e0nh l\u00fd kh\u00e1c. Th\u00f4ng tin c\u00e1 nh\u00e2n \u0111\u01b0\u1ee3c hi\u1ec3n th\u1ecb r\u00f5 r\u00e0ng trong m\u1ed9t ng\u0103n b\u1ea3o v\u1ec7, gi\u00fap b\u1ea1n d\u1ec5 d\u00e0ng nh\u1eadn di\u1ec7n h\u00e0nh l\u00fd c\u1ee7a m\u00ecnh v\u00e0 tr\u00e1nh m\u1ea5t m\u00e1t.<\/p>\n<p><strong>T\u00f9y ch\u1ec9nh theo nhu c\u1ea7u<\/strong><\/p>\n<p>S\u1ea3n ph\u1ea9m c\u00f3 th\u1ec3 \u0111\u01b0\u1ee3c t\u00f9y ch\u1ec9nh v\u1ec1 m\u00e0u s\u1eafc, k\u00edch th\u01b0\u1edbc v\u00e0 ki\u1ec3u d\u00e1ng \u0111\u1ec3 ph\u00f9 h\u1ee3p v\u1edbi nhu c\u1ea7u c\u00e1 nh\u00e2n. Logo, t\u00ean, ho\u1eb7c th\u00f4ng tin li\u00ean h\u1ec7 c\u00f3 th\u1ec3 \u0111\u01b0\u1ee3c kh\u1eafc ho\u1eb7c in l\u00ean b\u1ec1 m\u1eb7t da, t\u1ea1o s\u1ef1 nh\u1eadn di\u1ec7n \u0111\u1ed9c \u0111\u00e1o v\u00e0 phong c\u00e1ch.<\/p>\n<p><strong>Phong c\u00e1ch \u0111\u1eb3ng c\u1ea5p v\u00e0 ti\u1ec7n \u00edch<\/strong><\/p>\n<p><strong>Nametag Treo Vali<\/strong> kh\u00f4ng ch\u1ec9 l\u00e0 m\u1ed9t ph\u1ee5 ki\u1ec7n h\u1eefu \u00edch m\u00e0 c\u00f2n th\u1ec3 hi\u1ec7n phong c\u00e1ch c\u00e1 nh\u00e2n v\u00e0 s\u1ef1 tinh t\u1ebf. \u0110\u00e2y l\u00e0 l\u1ef1a ch\u1ecdn l\u00fd t\u01b0\u1edfng cho nh\u1eefng ng\u01b0\u1eddi th\u01b0\u1eddng xuy\u00ean di chuy\u1ec3n, gi\u00fap t\u0103ng c\u01b0\u1eddng s\u1ef1 nh\u1eadn di\u1ec7n v\u00e0 b\u1ea3o v\u1ec7 h\u00e0nh l\u00fd c\u1ee7a b\u1ea1n.<\/p>\n<p><strong>Qu\u00e0 t\u1eb7ng du l\u1ecbch l\u00fd t\u01b0\u1edfng<\/strong><\/p>\n<p>Nametag treo vali c\u0169ng l\u00e0 m\u00f3n qu\u00e0 du l\u1ecbch cao c\u1ea5p, th\u00edch h\u1ee3p cho c\u00e1c d\u1ecbp \u0111\u1eb7c bi\u1ec7t ho\u1eb7c l\u00e0m qu\u00e0 t\u1eb7ng cho \u0111\u1ed1i t\u00e1c v\u00e0 b\u1ea1n b\u00e8. V\u1edbi ch\u1ea5t li\u1ec7u da b\u00f2 v\u00e0 thi\u1ebft k\u1ebf tinh t\u1ebf, \u0111\u00e2y l\u00e0 m\u00f3n qu\u00e0 v\u1eeba thi\u1ebft th\u1ef1c v\u1eeba sang tr\u1ecdng, gi\u00fap ng\u01b0\u1eddi nh\u1eadn th\u00eam ph\u1ea7n \u1ea5n t\u01b0\u1ee3ng v\u00e0 ti\u1ec7n l\u1ee3i trong c\u00e1c chuy\u1ebfn \u0111i.<\/p>\n<\/div>\n<\/div>\n<\/div>\n<\/div>\n","protected":false},"excerpt":{"rendered":"<p><strong>Nametag Treo Vali<\/strong> l\u00e0 s\u1ea3n ph\u1ea9m thi\u1ebft y\u1ebfu d\u00e0nh cho nh\u1eefng ai th\u01b0\u1eddng xuy\u00ean di chuy\u1ec3n ho\u1eb7c \u0111i du l\u1ecbch, gi\u00fap d\u1ec5 d\u00e0ng nh\u1eadn di\u1ec7n h\u00e0nh l\u00fd c\u1ee7a m\u00ecnh.<\/p>","protected":false},"featured_media":6294,"comment_status":"open","ping_status":"closed","template":"","meta":{"_acf_changed":false},"product_brand":[],"product_cat":[327],"product_tag":[441,442,443],"class_list":{"0":"post-6292","1":"product","2":"type-product","3":"status-publish","4":"has-post-thumbnail","6":"product_cat-bang-ten-nametag","7":"product_tag-nametag","8":"product_tag-nametag-da","9":"product_tag-nametag-treo-vali","11":"first","12":"instock","13":"shipping-taxable","14":"product-type-simple"},"acf":[],"_links":{"self":[{"href":"https:\/\/havigift.com\/en\/wp-json\/wp\/v2\/product\/6292","targetHints":{"allow":["GET"]}}],"collection":[{"href":"https:\/\/havigift.com\/en\/wp-json\/wp\/v2\/product"}],"about":[{"href":"https:\/\/havigift.com\/en\/wp-json\/wp\/v2\/types\/product"}],"replies":[{"embeddable":true,"href":"https:\/\/havigift.com\/en\/wp-json\/wp\/v2\/comments?post=6292"}],"wp:featuredmedia":[{"embeddable":true,"href":"https:\/\/havigift.com\/en\/wp-json\/wp\/v2\/media\/6294"}],"wp:attachment":[{"href":"https:\/\/havigift.com\/en\/wp-json\/wp\/v2\/media?parent=6292"}],"wp:term":[{"taxonomy":"product_brand","embeddable":true,"href":"https:\/\/havigift.com\/en\/wp-json\/wp\/v2\/product_brand?post=6292"},{"taxonomy":"product_cat","embeddable":true,"href":"https:\/\/havigift.com\/en\/wp-json\/wp\/v2\/product_cat?post=6292"},{"taxonomy":"product_tag","embeddable":true,"href":"https:\/\/havigift.com\/en\/wp-json\/wp\/v2\/product_tag?post=6292"}],"curies":[{"name":"wp","href":"https:\/\/api.w.org\/{rel}","templated":true}]}}