{"id":6283,"date":"2024-09-19T03:02:36","date_gmt":"2024-09-19T03:02:36","guid":{"rendered":"https:\/\/havigift.com\/?post_type=product&#038;p=6283"},"modified":"2024-09-19T03:02:36","modified_gmt":"2024-09-19T03:02:36","slug":"bang-ten-bang-da","status":"publish","type":"product","link":"https:\/\/havigift.com\/en\/product\/bang-ten-bang-da\/","title":{"rendered":"B\u1ea3ng T\u00ean B\u1eb1ng Da HAVIGIFT"},"content":{"rendered":"<p><strong>B\u1ea3ng T\u00ean B\u1eb1ng Da<\/strong> l\u00e0 s\u1ea3n ph\u1ea9m cao c\u1ea5p, mang t\u00ednh th\u1ea9m m\u1ef9 v\u00e0 chuy\u00ean nghi\u1ec7p, l\u00fd t\u01b0\u1edfng cho c\u00e1c v\u0103n ph\u00f2ng, h\u1ed9i ngh\u1ecb, s\u1ef1 ki\u1ec7n ho\u1eb7c qu\u1ea7y l\u1ec5 t\u00e2n. \u0110\u01b0\u1ee3c ch\u1ebf t\u00e1c t\u1eeb da th\u1eadt ho\u1eb7c da c\u00f4ng nghi\u1ec7p cao c\u1ea5p, b\u1ea3ng t\u00ean mang l\u1ea1i v\u1ebb ngo\u00e0i sang tr\u1ecdng, b\u1ec1n b\u1ec9, v\u00e0 d\u1ec5 d\u00e0ng t\u00f9y ch\u1ec9nh v\u1edbi th\u00f4ng tin c\u00e1 nh\u00e2n ho\u1eb7c doanh nghi\u1ec7p. Thi\u1ebft k\u1ebf thanh l\u1ecbch v\u00e0 ch\u1eafc ch\u1eafn c\u1ee7a b\u1ea3ng t\u00ean gi\u00fap th\u1ec3 hi\u1ec7n th\u00f4ng tin r\u00f5 r\u00e0ng, \u0111\u1ed3ng th\u1eddi t\u1ea1o d\u1ea5u \u1ea5n phong c\u00e1ch cho kh\u00f4ng gian l\u00e0m vi\u1ec7c.<\/p>\n<h3><strong>TH\u00d4NG TIN S\u1ea2N PH\u1ea8M:<\/strong><\/h3>\n<ul>\n<li><strong>Th\u01b0\u01a1ng hi\u1ec7u: <a href=\"http:\/\/havigift.com\/en\/\">HAVIGIFT<\/a><\/strong><\/li>\n<li><strong>T\u00ean<\/strong>: B\u1ea3ng T\u00ean B\u1eb1ng Da<\/li>\n<li><strong>Ch\u1ea5t li\u1ec7u<\/strong>: Da th\u1eadt ho\u1eb7c da c\u00f4ng nghi\u1ec7p cao c\u1ea5p<\/li>\n<li><strong>K\u00edch th\u01b0\u1edbc<\/strong>: T\u00f9y ch\u1ec9nh theo y\u00eau c\u1ea7u<\/li>\n<li><strong>M\u00e0u s\u1eafc<\/strong>: T\u00f9y ch\u1ecdn theo y\u00eau c\u1ea7u<\/li>\n<li><strong>T\u00ednh n\u0103ng<\/strong>: Hi\u1ec3n th\u1ecb t\u00ean, ch\u1ee9c danh, v\u00e0 th\u00f4ng tin doanh nghi\u1ec7p.<\/li>\n<\/ul>\n<p><strong>Ch\u1ea5t li\u1ec7u da cao c\u1ea5p<\/strong><\/p>\n<p>B\u1ea3ng t\u00ean \u0111\u01b0\u1ee3c l\u00e0m t\u1eeb ch\u1ea5t li\u1ec7u da cao c\u1ea5p, mang l\u1ea1i c\u1ea3m gi\u00e1c sang tr\u1ecdng v\u00e0 b\u1ec1n b\u1ec9. Da th\u1eadt ho\u1eb7c da c\u00f4ng nghi\u1ec7p kh\u00f4ng ch\u1ec9 \u0111em l\u1ea1i v\u1ebb \u0111\u1eb9p t\u1ef1 nhi\u00ean, m\u00e0 c\u00f2n \u0111\u1ea3m b\u1ea3o \u0111\u1ed9 b\u1ec1n v\u01b0\u1ee3t tr\u1ed9i, ph\u00f9 h\u1ee3p v\u1edbi c\u00e1c m\u00f4i tr\u01b0\u1eddng l\u00e0m vi\u1ec7c chuy\u00ean nghi\u1ec7p.<\/p>\n<p><strong>Thi\u1ebft k\u1ebf tinh t\u1ebf v\u00e0 d\u1ec5 s\u1eed d\u1ee5ng<\/strong><\/p>\n<p>V\u1edbi thi\u1ebft k\u1ebf th\u00f4ng minh, b\u1ea3ng t\u00ean b\u1eb1ng da c\u00f3 th\u1ec3 d\u1ec5 d\u00e0ng \u0111\u1eb7t tr\u00ean b\u00e0n l\u00e0m vi\u1ec7c, qu\u1ea7y l\u1ec5 t\u00e2n ho\u1eb7c c\u00e1c b\u1ec1 m\u1eb7t ph\u1eb3ng. Th\u00f4ng tin c\u00e1 nh\u00e2n ho\u1eb7c doanh nghi\u1ec7p \u0111\u01b0\u1ee3c hi\u1ec3n th\u1ecb r\u00f5 r\u00e0ng, gi\u00fap kh\u00e1ch h\u00e0ng v\u00e0 \u0111\u1ed1i t\u00e1c d\u1ec5 d\u00e0ng nh\u1eadn di\u1ec7n, t\u1ea1o \u1ea5n t\u01b0\u1ee3ng t\u1ed1t trong c\u00e1c t\u00ecnh hu\u1ed1ng giao ti\u1ebfp.<\/p>\n<p><strong>T\u00f9y ch\u1ec9nh theo y\u00eau c\u1ea7u<\/strong><\/p>\n<p>S\u1ea3n ph\u1ea9m c\u00f3 th\u1ec3 \u0111\u01b0\u1ee3c t\u00f9y ch\u1ec9nh v\u1edbi nhi\u1ec1u m\u00e0u s\u1eafc, k\u00edch th\u01b0\u1edbc v\u00e0 ki\u1ec3u d\u00e1ng kh\u00e1c nhau, ph\u00f9 h\u1ee3p v\u1edbi nhu c\u1ea7u v\u00e0 phong c\u00e1ch c\u1ee7a t\u1eebng doanh nghi\u1ec7p. Logo v\u00e0 th\u00f4ng tin doanh nghi\u1ec7p c\u0169ng c\u00f3 th\u1ec3 \u0111\u01b0\u1ee3c in ho\u1eb7c kh\u1eafc tinh t\u1ebf l\u00ean b\u1ec1 m\u1eb7t da, gi\u00fap t\u0103ng c\u01b0\u1eddng nh\u1eadn di\u1ec7n th\u01b0\u01a1ng hi\u1ec7u.<\/p>\n<p><strong>Phong c\u00e1ch \u0111\u1eb3ng c\u1ea5p v\u00e0 chuy\u00ean nghi\u1ec7p<\/strong><\/p>\n<p>B\u1ea3ng t\u00ean b\u1eb1ng da kh\u00f4ng ch\u1ec9 l\u00e0 ph\u1ee5 ki\u1ec7n thi\u1ebft th\u1ef1c m\u00e0 c\u00f2n g\u00f3p ph\u1ea7n th\u1ec3 hi\u1ec7n phong c\u00e1ch v\u00e0 s\u1ef1 chuy\u00ean nghi\u1ec7p trong m\u00f4i tr\u01b0\u1eddng l\u00e0m vi\u1ec7c. \u0110\u00e2y l\u00e0 l\u1ef1a ch\u1ecdn l\u00fd t\u01b0\u1edfng cho nh\u1eefng ai t\u00ecm ki\u1ebfm s\u1ef1 thanh l\u1ecbch v\u00e0 tinh t\u1ebf.<\/p>\n<p><strong>Qu\u00e0 t\u1eb7ng doanh nghi\u1ec7p cao c\u1ea5p<\/strong><\/p>\n<p>B\u1ea3ng t\u00ean b\u1eb1ng da c\u00f3 th\u1ec3 \u0111\u01b0\u1ee3c s\u1eed d\u1ee5ng l\u00e0m qu\u00e0 t\u1eb7ng \u0111\u1ed9c \u0111\u00e1o v\u00e0 \u00fd ngh\u0129a cho \u0111\u1ed1i t\u00e1c, kh\u00e1ch h\u00e0ng, ho\u1eb7c nh\u00e2n vi\u00ean. V\u1edbi thi\u1ebft k\u1ebf sang tr\u1ecdng v\u00e0 kh\u1ea3 n\u0103ng t\u00f9y ch\u1ec9nh, \u0111\u00e2y l\u00e0 m\u00f3n qu\u00e0 l\u00fd t\u01b0\u1edfng \u0111\u1ec3 th\u1ec3 hi\u1ec7n s\u1ef1 quan t\u00e2m v\u00e0 phong c\u00e1ch \u0111\u1eb3ng c\u1ea5p trong c\u00e1c d\u1ecbp \u0111\u1eb7c bi\u1ec7t.<\/p>","protected":false},"excerpt":{"rendered":"<p><strong>B\u1ea3ng T\u00ean B\u1eb1ng Da<\/strong> kh\u00f4ng ch\u1ec9 l\u00e0 c\u00f4ng c\u1ee5 nh\u1eadn di\u1ec7n, m\u00e0 c\u00f2n th\u1ec3 hi\u1ec7n s\u1ef1 tinh t\u1ebf v\u00e0 \u0111\u1eb3ng c\u1ea5p trong c\u00e1c t\u00ecnh hu\u1ed1ng giao ti\u1ebfp c\u00f4ng vi\u1ec7c, \u0111\u1ed3ng th\u1eddi g\u00f3p ph\u1ea7n x\u00e2y d\u1ef1ng h\u00ecnh \u1ea3nh chuy\u00ean nghi\u1ec7p cho c\u00e1 nh\u00e2n v\u00e0 doanh nghi\u1ec7p.<\/p>","protected":false},"featured_media":6284,"comment_status":"open","ping_status":"closed","template":"","meta":{"_acf_changed":false},"product_brand":[],"product_cat":[327],"product_tag":[434,433,432],"class_list":{"0":"post-6283","1":"product","2":"type-product","3":"status-publish","4":"has-post-thumbnail","6":"product_cat-bang-ten-nametag","7":"product_tag-bang-ten","8":"product_tag-bang-ten-bang-da","9":"product_tag-bang-ten-bang-da-havigift","11":"first","12":"instock","13":"shipping-taxable","14":"product-type-simple"},"acf":[],"_links":{"self":[{"href":"https:\/\/havigift.com\/en\/wp-json\/wp\/v2\/product\/6283","targetHints":{"allow":["GET"]}}],"collection":[{"href":"https:\/\/havigift.com\/en\/wp-json\/wp\/v2\/product"}],"about":[{"href":"https:\/\/havigift.com\/en\/wp-json\/wp\/v2\/types\/product"}],"replies":[{"embeddable":true,"href":"https:\/\/havigift.com\/en\/wp-json\/wp\/v2\/comments?post=6283"}],"wp:featuredmedia":[{"embeddable":true,"href":"https:\/\/havigift.com\/en\/wp-json\/wp\/v2\/media\/6284"}],"wp:attachment":[{"href":"https:\/\/havigift.com\/en\/wp-json\/wp\/v2\/media?parent=6283"}],"wp:term":[{"taxonomy":"product_brand","embeddable":true,"href":"https:\/\/havigift.com\/en\/wp-json\/wp\/v2\/product_brand?post=6283"},{"taxonomy":"product_cat","embeddable":true,"href":"https:\/\/havigift.com\/en\/wp-json\/wp\/v2\/product_cat?post=6283"},{"taxonomy":"product_tag","embeddable":true,"href":"https:\/\/havigift.com\/en\/wp-json\/wp\/v2\/product_tag?post=6283"}],"curies":[{"name":"wp","href":"https:\/\/api.w.org\/{rel}","templated":true}]}}