{"id":6255,"date":"2024-09-18T09:48:10","date_gmt":"2024-09-18T09:48:10","guid":{"rendered":"https:\/\/havigift.com\/?post_type=product&#038;p=6255"},"modified":"2024-09-20T10:00:19","modified_gmt":"2024-09-20T10:00:19","slug":"vi-passport-da-bo-havigift","status":"publish","type":"product","link":"https:\/\/havigift.com\/en\/product\/vi-passport-da-bo-havigift\/","title":{"rendered":"V\u00ed Passport Da B\u00f2 Havigift"},"content":{"rendered":"<p><strong>V\u00ed Passport Da B\u00f2<\/strong> l\u00e0 s\u1ef1 k\u1ebft h\u1ee3p ho\u00e0n h\u1ea3o gi\u1eefa t\u00ednh ti\u1ec7n d\u1ee5ng v\u00e0 phong c\u00e1ch sang tr\u1ecdng, \u0111\u01b0\u1ee3c thi\u1ebft k\u1ebf d\u00e0nh ri\u00eang cho nh\u1eefng ng\u01b0\u1eddi th\u01b0\u1eddng xuy\u00ean di chuy\u1ec3n. V\u1edbi ch\u1ea5t li\u1ec7u da b\u00f2 th\u1eadt cao c\u1ea5p, v\u00ed kh\u00f4ng ch\u1ec9 mang l\u1ea1i s\u1ef1 b\u1ec1n b\u1ec9 v\u01b0\u1ee3t tr\u1ed9i m\u00e0 c\u00f2n t\u1ea1o c\u1ea3m gi\u00e1c m\u1ec1m m\u1ea1i, ch\u1eafc ch\u1eafn khi s\u1eed d\u1ee5ng. V\u00ed passport da b\u00f2 c\u00f3 thi\u1ebft k\u1ebf nh\u1ecf g\u1ecdn, t\u00edch h\u1ee3p nhi\u1ec1u ng\u0103n l\u01b0u tr\u1eef gi\u00fap b\u1ea1n s\u1eafp x\u1ebfp h\u1ed9 chi\u1ebfu, th\u1ebb t\u00edn d\u1ee5ng, ti\u1ec1n m\u1eb7t v\u00e0 c\u00e1c gi\u1ea5y t\u1edd quan tr\u1ecdng m\u1ed9t c\u00e1ch ti\u1ec7n l\u1ee3i v\u00e0 an to\u00e0n.<\/p>\n<h3><strong>TH\u00d4NG TIN S\u1ea2N PH\u1ea8M:<\/strong><\/h3>\n<ul>\n<li><strong>Th\u01b0\u01a1ng hi\u1ec7u: <a href=\"http:\/\/havigift.com\/en\/\">HAVIGIFT<\/a><\/strong><\/li>\n<li><strong>T\u00ean<\/strong>: V\u00ed Passport Da B\u00f2<\/li>\n<li><strong>Ch\u1ea5t li\u1ec7u<\/strong>: Da b\u00f2 th\u1eadt cao c\u1ea5p<\/li>\n<li><strong>K\u00edch th\u01b0\u1edbc<\/strong>: Ph\u00f9 h\u1ee3p v\u1edbi h\u1ed9 chi\u1ebfu ti\u00eau chu\u1ea9n qu\u1ed1c t\u1ebf<\/li>\n<li><strong>M\u00e0u s\u1eafc<\/strong>: T\u00f9y ch\u1ecdn theo y\u00eau c\u1ea7u<\/li>\n<li><strong>T\u00ednh n\u0103ng<\/strong>: \u0110\u1ef1ng h\u1ed9 chi\u1ebfu, th\u1ebb t\u00edn d\u1ee5ng, ti\u1ec1n m\u1eb7t, v\u00e9 m\u00e1y bay v\u00e0 gi\u1ea5y t\u1edd c\u00e1 nh\u00e2n.<\/li>\n<\/ul>\n<p><strong>Ch\u1ea5t li\u1ec7u da b\u00f2 th\u1eadt cao c\u1ea5p: <\/strong>V\u00ed \u0111\u01b0\u1ee3c l\u00e0m t\u1eeb da b\u00f2 th\u1eadt, n\u1ed5i ti\u1ebfng v\u1edbi \u0111\u1ed9 b\u1ec1n cao, \u0111\u1ed9 m\u1ec1m m\u1ea1i v\u00e0 kh\u1ea3 n\u0103ng ch\u1ed1ng m\u00e0i m\u00f2n. Ch\u1ea5t li\u1ec7u da b\u00f2 kh\u00f4ng ch\u1ec9 \u0111\u1ea3m b\u1ea3o tu\u1ed5i th\u1ecd l\u00e2u d\u00e0i cho s\u1ea3n ph\u1ea9m m\u00e0 c\u00f2n mang \u0111\u1ebfn v\u1ebb ngo\u00e0i sang tr\u1ecdng, t\u1ef1 nhi\u00ean, gi\u00fap v\u00ed lu\u00f4n gi\u1eef \u0111\u01b0\u1ee3c n\u00e9t \u0111\u1eb9p sau th\u1eddi gian d\u00e0i s\u1eed d\u1ee5ng.<\/p>\n<p><strong>Thi\u1ebft k\u1ebf nh\u1ecf g\u1ecdn v\u00e0 ti\u1ec7n d\u1ee5ng: <\/strong>V\u00ed passport da b\u00f2 c\u00f3 thi\u1ebft k\u1ebf th\u00f4ng minh v\u1edbi nhi\u1ec1u ng\u0103n ch\u1ee9a, gi\u00fap b\u1ea1n d\u1ec5 d\u00e0ng l\u01b0u tr\u1eef h\u1ed9 chi\u1ebfu, th\u1ebb t\u00edn d\u1ee5ng, v\u00e0 gi\u1ea5y t\u1edd c\u00e1 nh\u00e2n m\u1ed9t c\u00e1ch khoa h\u1ecdc. V\u1edbi k\u00edch th\u01b0\u1edbc nh\u1ecf g\u1ecdn, s\u1ea3n ph\u1ea9m d\u1ec5 d\u00e0ng mang theo b\u00ean m\u00ecnh trong c\u00e1c chuy\u1ebfn \u0111i.<\/p>\n<p><strong>B\u1ea3o v\u1ec7 an to\u00e0n v\u00e0 t\u1ed1i \u01b0u: <\/strong>S\u1ea3n ph\u1ea9m kh\u00f4ng ch\u1ec9 gi\u00fap b\u1ea3o v\u1ec7 h\u1ed9 chi\u1ebfu kh\u1ecfi c\u00e1c t\u00e1c \u0111\u1ed9ng b\u00ean ngo\u00e0i m\u00e0 c\u00f2n gi\u1eef cho c\u00e1c gi\u1ea5y t\u1edd quan tr\u1ecdng lu\u00f4n g\u1ecdn g\u00e0ng v\u00e0 d\u1ec5 d\u00e0ng truy c\u1eadp khi c\u1ea7n thi\u1ebft. V\u00ed da b\u00f2 l\u00e0 l\u1ef1a ch\u1ecdn l\u00fd t\u01b0\u1edfng cho nh\u1eefng ng\u01b0\u1eddi y\u00eau th\u00edch s\u1ef1 ti\u1ec7n l\u1ee3i v\u00e0 an to\u00e0n khi di chuy\u1ec3n.<\/p>\n<p><strong>Phong c\u00e1ch sang tr\u1ecdng v\u00e0 \u0111\u1eb3ng c\u1ea5p: <\/strong>V\u1edbi ch\u1ea5t li\u1ec7u da b\u00f2 th\u1eadt v\u00e0 thi\u1ebft k\u1ebf tinh t\u1ebf, v\u00ed passport l\u00e0 ph\u1ee5 ki\u1ec7n mang l\u1ea1i v\u1ebb ngo\u00e0i thanh l\u1ecbch v\u00e0 chuy\u00ean nghi\u1ec7p. \u0110\u00e2y l\u00e0 m\u00f3n \u0111\u1ed3 kh\u00f4ng th\u1ec3 thi\u1ebfu cho nh\u1eefng ai mu\u1ed1n th\u1ec3 hi\u1ec7n gu th\u1ea9m m\u1ef9 c\u1ee7a m\u00ecnh m\u1ed9t c\u00e1ch tinh t\u1ebf.<\/p>\n<p><strong>Qu\u00e0 t\u1eb7ng doanh nghi\u1ec7p \u00fd ngh\u0129a: <\/strong>V\u00ed passport da b\u00f2 c\u00f3 th\u1ec3 \u0111\u01b0\u1ee3c in logo ho\u1eb7c kh\u1eafc t\u00ean th\u01b0\u01a1ng hi\u1ec7u, tr\u1edf th\u00e0nh m\u00f3n qu\u00e0 t\u1eb7ng cao c\u1ea5p v\u00e0 \u00fd ngh\u0129a cho doanh nghi\u1ec7p. \u0110\u00e2y l\u00e0 c\u00e1ch ho\u00e0n h\u1ea3o \u0111\u1ec3 doanh nghi\u1ec7p th\u1ec3 hi\u1ec7n s\u1ef1 quan t\u00e2m v\u00e0 tinh t\u1ebf trong c\u00e1c s\u1ef1 ki\u1ec7n, h\u1ed9i ngh\u1ecb, ho\u1eb7c t\u1eb7ng \u0111\u1ed1i t\u00e1c v\u00e0 kh\u00e1ch h\u00e0ng.<\/p>","protected":false},"excerpt":{"rendered":"<p><strong>V\u00ed Passport Da B\u00f2<\/strong> kh\u00f4ng ch\u1ec9 l\u00e0 ph\u1ee5 ki\u1ec7n thi\u1ebft th\u1ef1c trong m\u1ed7i chuy\u1ebfn \u0111i, m\u00e0 c\u00f2n l\u00e0 bi\u1ec3u t\u01b0\u1ee3ng c\u1ee7a phong c\u00e1ch thanh l\u1ecbch v\u00e0 \u0111\u1eb3ng c\u1ea5p.<\/p>","protected":false},"featured_media":6244,"comment_status":"open","ping_status":"closed","template":"","meta":{"_acf_changed":false},"product_brand":[],"product_cat":[385,558],"product_tag":[404,406,405],"class_list":{"0":"post-6255","1":"product","2":"type-product","3":"status-publish","4":"has-post-thumbnail","6":"product_cat-vi-bao-da-passport","7":"product_cat-bop-vi-da","8":"product_tag-vi-passport-da-bo","9":"product_tag-vi-passport-da-bo-havigift","10":"product_tag-vi-passport-da-bo-in-logo","12":"first","13":"instock","14":"shipping-taxable","15":"product-type-simple"},"acf":[],"_links":{"self":[{"href":"https:\/\/havigift.com\/en\/wp-json\/wp\/v2\/product\/6255","targetHints":{"allow":["GET"]}}],"collection":[{"href":"https:\/\/havigift.com\/en\/wp-json\/wp\/v2\/product"}],"about":[{"href":"https:\/\/havigift.com\/en\/wp-json\/wp\/v2\/types\/product"}],"replies":[{"embeddable":true,"href":"https:\/\/havigift.com\/en\/wp-json\/wp\/v2\/comments?post=6255"}],"wp:featuredmedia":[{"embeddable":true,"href":"https:\/\/havigift.com\/en\/wp-json\/wp\/v2\/media\/6244"}],"wp:attachment":[{"href":"https:\/\/havigift.com\/en\/wp-json\/wp\/v2\/media?parent=6255"}],"wp:term":[{"taxonomy":"product_brand","embeddable":true,"href":"https:\/\/havigift.com\/en\/wp-json\/wp\/v2\/product_brand?post=6255"},{"taxonomy":"product_cat","embeddable":true,"href":"https:\/\/havigift.com\/en\/wp-json\/wp\/v2\/product_cat?post=6255"},{"taxonomy":"product_tag","embeddable":true,"href":"https:\/\/havigift.com\/en\/wp-json\/wp\/v2\/product_tag?post=6255"}],"curies":[{"name":"wp","href":"https:\/\/api.w.org\/{rel}","templated":true}]}}