{"id":6253,"date":"2024-09-18T09:40:29","date_gmt":"2024-09-18T09:40:29","guid":{"rendered":"https:\/\/havigift.com\/?post_type=product&#038;p=6253"},"modified":"2024-09-18T09:40:29","modified_gmt":"2024-09-18T09:40:29","slug":"vi-passport-cam-tay-havigift","status":"publish","type":"product","link":"https:\/\/havigift.com\/en\/product\/vi-passport-cam-tay-havigift\/","title":{"rendered":"V\u00ed Passport C\u1ea7m Tay HAVIGIFT"},"content":{"rendered":"<p><strong>V\u00ed Passport C\u1ea7m Tay<\/strong> l\u00e0 ph\u1ee5 ki\u1ec7n th\u1eddi trang v\u00e0 ti\u1ec7n \u00edch, thi\u1ebft k\u1ebf d\u00e0nh ri\u00eang cho nh\u1eefng ng\u01b0\u1eddi y\u00eau th\u00edch s\u1ef1 g\u1ecdn g\u00e0ng v\u00e0 phong c\u00e1ch trong m\u1ed7i chuy\u1ebfn \u0111i. V\u1edbi ch\u1ea5t li\u1ec7u da cao c\u1ea5p, v\u00ed kh\u00f4ng ch\u1ec9 gi\u00fap b\u1ea3o v\u1ec7 h\u1ed9 chi\u1ebfu m\u00e0 c\u00f2n t\u00edch h\u1ee3p nhi\u1ec1u ng\u0103n ti\u1ec7n d\u1ee5ng \u0111\u1ec3 \u0111\u1ef1ng th\u1ebb t\u00edn d\u1ee5ng, v\u00e9 m\u00e1y bay, ti\u1ec1n m\u1eb7t v\u00e0 c\u00e1c gi\u1ea5y t\u1edd c\u00e1 nh\u00e2n. S\u1ea3n ph\u1ea9m nh\u1ecf g\u1ecdn, d\u1ec5 d\u00e0ng mang theo, mang l\u1ea1i s\u1ef1 thu\u1eadn ti\u1ec7n t\u1ed1i \u0111a trong vi\u1ec7c qu\u1ea3n l\u00fd c\u00e1c v\u1eadt d\u1ee5ng c\u1ea7n thi\u1ebft khi di chuy\u1ec3n.<\/p>\n<h3><strong>TH\u00d4NG TIN S\u1ea2N PH\u1ea8M:<\/strong><\/h3>\n<ul>\n<li><strong>Th\u01b0\u01a1ng hi\u1ec7u: <a href=\"http:\/\/Havigift.com\" target=\"_blank\" rel=\"noopener\">HAVIGIFT<\/a><\/strong><\/li>\n<li><strong>T\u00ean<\/strong>: V\u00ed Passport C\u1ea7m Tay<\/li>\n<li><strong>Ch\u1ea5t li\u1ec7u<\/strong>: Da th\u1eadt ho\u1eb7c da PU cao c\u1ea5p<\/li>\n<li><strong>K\u00edch th\u01b0\u1edbc<\/strong>: Ph\u00f9 h\u1ee3p v\u1edbi h\u1ed9 chi\u1ebfu ti\u00eau chu\u1ea9n qu\u1ed1c t\u1ebf<\/li>\n<li><strong>M\u00e0u s\u1eafc<\/strong>: T\u00f9y ch\u1ecdn theo y\u00eau c\u1ea7u<\/li>\n<li><strong>T\u00ednh n\u0103ng<\/strong>: \u0110\u1ef1ng h\u1ed9 chi\u1ebfu, th\u1ebb t\u00edn d\u1ee5ng, ti\u1ec1n m\u1eb7t, v\u00e9 m\u00e1y bay, gi\u1ea5y t\u1edd c\u00e1 nh\u00e2n.<\/li>\n<\/ul>\n<p><strong>Ch\u1ea5t li\u1ec7u cao c\u1ea5p v\u00e0 b\u1ec1n b\u1ec9: <\/strong>V\u00ed \u0111\u01b0\u1ee3c l\u00e0m t\u1eeb ch\u1ea5t li\u1ec7u da th\u1eadt ho\u1eb7c da PU ch\u1ea5t l\u01b0\u1ee3ng cao, mang l\u1ea1i c\u1ea3m gi\u00e1c m\u1ec1m m\u1ea1i, sang tr\u1ecdng v\u00e0 \u0111\u1ea3m b\u1ea3o \u0111\u1ed9 b\u1ec1n l\u00e2u d\u00e0i. Ch\u1ea5t li\u1ec7u n\u00e0y kh\u00f4ng ch\u1ec9 gi\u00fap b\u1ea3o v\u1ec7 h\u1ed9 chi\u1ebfu v\u00e0 gi\u1ea5y t\u1edd kh\u1ecfi c\u00e1c t\u00e1c \u0111\u1ed9ng b\u00ean ngo\u00e0i m\u00e0 c\u00f2n gi\u1eef \u0111\u01b0\u1ee3c v\u1ebb \u0111\u1eb9p sau th\u1eddi gian s\u1eed d\u1ee5ng.<\/p>\n<p><strong>Thi\u1ebft k\u1ebf g\u1ecdn g\u00e0ng v\u00e0 ti\u1ec7n l\u1ee3i: <\/strong>V\u00ed passport c\u1ea7m tay \u0111\u01b0\u1ee3c thi\u1ebft k\u1ebf nh\u1ecf g\u1ecdn nh\u01b0ng t\u00edch h\u1ee3p \u0111\u1ea7y \u0111\u1ee7 c\u00e1c ng\u0103n ch\u1ee9a, gi\u00fap b\u1ea1n l\u01b0u tr\u1eef h\u1ed9 chi\u1ebfu, th\u1ebb t\u00edn d\u1ee5ng, ti\u1ec1n m\u1eb7t, v\u00e0 v\u00e9 m\u00e1y bay m\u1ed9t c\u00e1ch khoa h\u1ecdc v\u00e0 ti\u1ec7n l\u1ee3i. Thi\u1ebft k\u1ebf th\u00f4ng minh gi\u00fap b\u1ea1n d\u1ec5 d\u00e0ng qu\u1ea3n l\u00fd gi\u1ea5y t\u1edd v\u00e0 s\u1eed d\u1ee5ng khi c\u1ea7n thi\u1ebft.<\/p>\n<p><strong>B\u1ea3o v\u1ec7 an to\u00e0n v\u00e0 ti\u1ec7n d\u1ee5ng: <\/strong>S\u1ea3n ph\u1ea9m gi\u00fap b\u1ea3o v\u1ec7 h\u1ed9 chi\u1ebfu v\u00e0 gi\u1ea5y t\u1edd quan tr\u1ecdng kh\u1ecfi b\u1ecb nh\u00e0u, r\u00e1ch, \u0111\u1ed3ng th\u1eddi gi\u1eef cho c\u00e1c gi\u1ea5y t\u1edd n\u00e0y lu\u00f4n an to\u00e0n v\u00e0 g\u1ecdn g\u00e0ng. V\u1edbi thi\u1ebft k\u1ebf c\u1ea7m tay ti\u1ec7n d\u1ee5ng, v\u00ed passport d\u1ec5 d\u00e0ng mang theo b\u00ean m\u00ecnh trong m\u1ecdi h\u00e0nh tr\u00ecnh.<\/p>\n<p><strong>Phong c\u00e1ch thanh l\u1ecbch v\u00e0 hi\u1ec7n \u0111\u1ea1i: <\/strong>V\u00ed passport kh\u00f4ng ch\u1ec9 l\u00e0 ph\u1ee5 ki\u1ec7n ti\u1ec7n \u00edch m\u00e0 c\u00f2n th\u1ec3 hi\u1ec7n phong c\u00e1ch th\u1eddi trang v\u00e0 chuy\u00ean nghi\u1ec7p c\u1ee7a ng\u01b0\u1eddi s\u1eed d\u1ee5ng. V\u1edbi thi\u1ebft k\u1ebf thanh l\u1ecbch v\u00e0 hi\u1ec7n \u0111\u1ea1i, v\u00ed l\u00e0 m\u00f3n ph\u1ee5 ki\u1ec7n l\u00fd t\u01b0\u1edfng \u0111\u1ec3 b\u1ea1n t\u1ea1o n\u00ean d\u1ea5u \u1ea5n c\u00e1 nh\u00e2n trong m\u1ed7i chuy\u1ebfn \u0111i.<\/p>\n<p><strong>Qu\u00e0 t\u1eb7ng doanh nghi\u1ec7p sang tr\u1ecdng: <\/strong>V\u00ed passport c\u1ea7m tay c\u00f3 th\u1ec3 \u0111\u01b0\u1ee3c in logo ho\u1eb7c kh\u1eafc t\u00ean, tr\u1edf th\u00e0nh m\u00f3n qu\u00e0 t\u1eb7ng sang tr\u1ecdng v\u00e0 \u00fd ngh\u0129a cho c\u00e1c doanh nghi\u1ec7p mu\u1ed1n th\u1ec3 hi\u1ec7n s\u1ef1 quan t\u00e2m \u0111\u1ebfn kh\u00e1ch h\u00e0ng v\u00e0 \u0111\u1ed1i t\u00e1c. S\u1ea3n ph\u1ea9m kh\u00f4ng ch\u1ec9 mang t\u00ednh th\u1ef1c d\u1ee5ng cao m\u00e0 c\u00f2n l\u00e0 c\u00e1ch \u0111\u1ec3 doanh nghi\u1ec7p qu\u1ea3ng b\u00e1 th\u01b0\u01a1ng hi\u1ec7u m\u1ed9t c\u00e1ch tinh t\u1ebf.<\/p>","protected":false},"excerpt":{"rendered":"<p><strong>V\u00ed Passport C\u1ea7m Tay<\/strong> l\u00e0 ng\u01b0\u1eddi b\u1ea1n \u0111\u1ed3ng h\u00e0nh ho\u00e0n h\u1ea3o cho nh\u1eefng chuy\u1ebfn du l\u1ecbch hay c\u00f4ng t\u00e1c, gi\u00fap b\u1ea1n t\u1ef1 tin v\u00e0 phong c\u00e1ch trong m\u1ecdi h\u00e0nh tr\u00ecnh.<\/p>","protected":false},"featured_media":6254,"comment_status":"open","ping_status":"closed","template":"","meta":{"_acf_changed":false},"product_brand":[],"product_cat":[385],"product_tag":[401,400,402,403],"class_list":{"0":"post-6253","1":"product","2":"type-product","3":"status-publish","4":"has-post-thumbnail","6":"product_cat-vi-bao-da-passport","7":"product_tag-vi-da-passport-cam-tay","8":"product_tag-vi-passport-cam-tay","9":"product_tag-vi-passport-cam-tay-in-logo","10":"product_tag-vi-passport-in-logo","12":"first","13":"instock","14":"shipping-taxable","15":"product-type-simple"},"acf":[],"_links":{"self":[{"href":"https:\/\/havigift.com\/en\/wp-json\/wp\/v2\/product\/6253","targetHints":{"allow":["GET"]}}],"collection":[{"href":"https:\/\/havigift.com\/en\/wp-json\/wp\/v2\/product"}],"about":[{"href":"https:\/\/havigift.com\/en\/wp-json\/wp\/v2\/types\/product"}],"replies":[{"embeddable":true,"href":"https:\/\/havigift.com\/en\/wp-json\/wp\/v2\/comments?post=6253"}],"wp:featuredmedia":[{"embeddable":true,"href":"https:\/\/havigift.com\/en\/wp-json\/wp\/v2\/media\/6254"}],"wp:attachment":[{"href":"https:\/\/havigift.com\/en\/wp-json\/wp\/v2\/media?parent=6253"}],"wp:term":[{"taxonomy":"product_brand","embeddable":true,"href":"https:\/\/havigift.com\/en\/wp-json\/wp\/v2\/product_brand?post=6253"},{"taxonomy":"product_cat","embeddable":true,"href":"https:\/\/havigift.com\/en\/wp-json\/wp\/v2\/product_cat?post=6253"},{"taxonomy":"product_tag","embeddable":true,"href":"https:\/\/havigift.com\/en\/wp-json\/wp\/v2\/product_tag?post=6253"}],"curies":[{"name":"wp","href":"https:\/\/api.w.org\/{rel}","templated":true}]}}