{"id":6235,"date":"2024-09-18T06:46:22","date_gmt":"2024-09-18T06:46:22","guid":{"rendered":"https:\/\/havigift.com\/?post_type=product&#038;p=6235"},"modified":"2024-09-18T06:55:12","modified_gmt":"2024-09-18T06:55:12","slug":"lot-da-ban-tiec-in-logo-havigift","status":"publish","type":"product","link":"https:\/\/havigift.com\/en\/product\/lot-da-ban-tiec-in-logo-havigift\/","title":{"rendered":"L\u00f3t Da B\u00e0n Ti\u1ec7c In Logo HAVIGIFT"},"content":{"rendered":"<p><strong>L\u00f3t Da B\u00e0n Ti\u1ec7c In Logo<\/strong> l\u00e0 ph\u1ee5 ki\u1ec7n sang tr\u1ecdng v\u00e0 tinh t\u1ebf d\u00e0nh cho c\u00e1c s\u1ef1 ki\u1ec7n v\u00e0 b\u1eefa ti\u1ec7c, \u0111\u01b0\u1ee3c thi\u1ebft k\u1ebf \u0111\u1ec3 n\u00e2ng cao v\u1ebb \u0111\u1eb9p v\u00e0 s\u1ef1 chuy\u00ean nghi\u1ec7p c\u1ee7a b\u00e0n ti\u1ec7c. \u0110\u01b0\u1ee3c ch\u1ebf t\u00e1c t\u1eeb ch\u1ea5t li\u1ec7u da PU cao c\u1ea5p, l\u00f3t da kh\u00f4ng ch\u1ec9 b\u1ea3o v\u1ec7 b\u1ec1 m\u1eb7t b\u00e0n m\u00e0 c\u00f2n mang l\u1ea1i m\u1ed9t l\u1edbp sang tr\u1ecdng v\u00e0 thanh l\u1ecbch cho kh\u00f4ng gian \u0103n u\u1ed1ng. V\u1edbi kh\u1ea3 n\u0103ng in logo ho\u1eb7c th\u01b0\u01a1ng hi\u1ec7u, s\u1ea3n ph\u1ea9m n\u00e0y kh\u00f4ng ch\u1ec9 ph\u1ee5c v\u1ee5 nhu c\u1ea7u trang tr\u00ed m\u00e0 c\u00f2n l\u00e0 c\u00f4ng c\u1ee5 qu\u1ea3ng b\u00e1 th\u01b0\u01a1ng hi\u1ec7u hi\u1ec7u qu\u1ea3.<\/p>\n<h3><strong>TH\u00d4NG TIN S\u1ea2N PH\u1ea8M:<\/strong><\/h3>\n<ul>\n<li><strong>Th\u01b0\u01a1ng hi\u1ec7u:<\/strong> <a href=\"http:\/\/havigift.com\/en\/\"><strong>HAVIGIFT<\/strong><\/a><\/li>\n<li><strong>T\u00ean<\/strong>: L\u00f3t Da B\u00e0n Ti\u1ec7c In Logo<\/li>\n<li><strong>Ch\u1ea5t li\u1ec7u<\/strong>: Da cao c\u1ea5p<\/li>\n<li><strong>K\u00edch th\u01b0\u1edbc<\/strong>: T\u00f9y ch\u1ecdn theo y\u00eau c\u1ea7u<\/li>\n<li><strong>In \u1ea5n<\/strong>: In logo ho\u1eb7c t\u00ean th\u01b0\u01a1ng hi\u1ec7u theo y\u00eau c\u1ea7u.<\/li>\n<\/ul>\n<p><strong>Ch\u1ea5t li\u1ec7u cao c\u1ea5p: <\/strong>S\u1ea3n ph\u1ea9m \u0111\u01b0\u1ee3c l\u00e0m t\u1eeb da PU ch\u1ea5t l\u01b0\u1ee3ng cao, m\u1ec1m m\u1ea1i v\u00e0 b\u1ec1n b\u1ec9, gi\u00fap b\u1ea3o v\u1ec7 b\u1ec1 m\u1eb7t b\u00e0n kh\u1ecfi v\u1ebft n\u01b0\u1edbc v\u00e0 d\u1ea5u v\u1ebft t\u1eeb \u0111\u1ed3 \u0103n. Ch\u1ea5t li\u1ec7u da d\u1ec5 d\u00e0ng v\u1ec7 sinh v\u00e0 ch\u1ed1ng b\u00e1m b\u1ee5i, gi\u1eef cho l\u00f3t da lu\u00f4n m\u1edbi m\u1ebb v\u00e0 sang tr\u1ecdng.<\/p>\n<p><strong>Thi\u1ebft k\u1ebf tinh t\u1ebf v\u00e0 ti\u1ec7n d\u1ee5ng: <\/strong>L\u00f3t da b\u00e0n ti\u1ec7c c\u00f3 thi\u1ebft k\u1ebf \u0111\u01a1n gi\u1ea3n nh\u01b0ng thanh l\u1ecbch, v\u1edbi c\u00e1c \u0111\u01b0\u1eddng may t\u1ec9 m\u1ec9 v\u00e0 c\u1ea1nh \u0111\u01b0\u1ee3c x\u1eed l\u00fd c\u1ea9n th\u1eadn. S\u1ea3n ph\u1ea9m c\u00f3 th\u1ec3 ph\u00f9 h\u1ee3p v\u1edbi nhi\u1ec1u ki\u1ec3u d\u00e1ng b\u00e0n ti\u1ec7c, \u0111\u1ed3ng th\u1eddi t\u1ea1o ra m\u1ed9t kh\u00f4ng gian \u0103n u\u1ed1ng \u1ea5n t\u01b0\u1ee3ng v\u00e0 \u0111\u1eb3ng c\u1ea5p.<\/p>\n<p><strong>In \u1ea5n logo theo y\u00eau c\u1ea7u: <\/strong>Kh\u00e1ch h\u00e0ng c\u00f3 th\u1ec3 t\u00f9y ch\u1ec9nh vi\u1ec7c in logo ho\u1eb7c t\u00ean th\u01b0\u01a1ng hi\u1ec7u l\u00ean l\u00f3t da, t\u1ea1o s\u1ef1 \u0111\u1ed3ng b\u1ed9 v\u00e0 n\u00e2ng cao nh\u1eadn di\u1ec7n th\u01b0\u01a1ng hi\u1ec7u trong c\u00e1c s\u1ef1 ki\u1ec7n v\u00e0 b\u1eefa ti\u1ec7c. In logo gi\u00fap l\u00e0m n\u1ed5i b\u1eadt s\u1ea3n ph\u1ea9m v\u00e0 t\u1ea1o \u1ea5n t\u01b0\u1ee3ng l\u00e2u d\u00e0i.<\/p>\n<p><strong>Qu\u1ea3ng b\u00e1 th\u01b0\u01a1ng hi\u1ec7u: <\/strong>L\u00f3t da b\u00e0n ti\u1ec7c in logo kh\u00f4ng ch\u1ec9 l\u00e0 ph\u1ee5 ki\u1ec7n trang tr\u00ed m\u00e0 c\u00f2n l\u00e0 c\u00f4ng c\u1ee5 qu\u1ea3ng b\u00e1 th\u01b0\u01a1ng hi\u1ec7u hi\u1ec7u qu\u1ea3. V\u1edbi thi\u1ebft k\u1ebf \u0111\u1eb9p m\u1eaft v\u00e0 logo in \u1ea5n r\u00f5 r\u00e0ng, s\u1ea3n ph\u1ea9m n\u00e0y gi\u00fap n\u00e2ng cao gi\u00e1 tr\u1ecb s\u1ef1 ki\u1ec7n, t\u1ea1o d\u1ea5u \u1ea5n \u0111\u1eb7c bi\u1ec7t v\u00e0 n\u00e2ng t\u1ea7m tr\u1ea3i nghi\u1ec7m c\u1ee7a kh\u00e1ch m\u1eddi.<\/p>","protected":false},"excerpt":{"rendered":"<p><strong>L\u00f3t Da B\u00e0n Ti\u1ec7c In Logo<\/strong> kh\u00f4ng ch\u1ec9 l\u00e0 v\u1eadt d\u1ee5ng trang tr\u00ed m\u00e0 c\u00f2n l\u00e0 m\u1ed9t ph\u1ea7n c\u1ee7a tr\u1ea3i nghi\u1ec7m d\u1ecbch v\u1ee5. V\u1edbi thi\u1ebft k\u1ebf tinh t\u1ebf v\u00e0 kh\u1ea3 n\u0103ng c\u00e1 nh\u00e2n h\u00f3a, l\u00f3t da b\u00e0n ti\u1ec7c s\u1ebd gi\u00fap t\u1ea1o \u1ea5n t\u01b0\u1ee3ng m\u1ea1nh m\u1ebd v\u00e0 n\u00e2ng cao gi\u00e1 tr\u1ecb c\u1ee7a s\u1ef1 ki\u1ec7n ho\u1eb7c b\u1eefa ti\u1ec7c c\u1ee7a b\u1ea1n.<\/p>","protected":false},"featured_media":6240,"comment_status":"open","ping_status":"closed","template":"","meta":{"_acf_changed":false},"product_brand":[],"product_cat":[339],"product_tag":[384,383,382],"class_list":{"0":"post-6235","1":"product","2":"type-product","3":"status-publish","4":"has-post-thumbnail","6":"product_cat-do-dung-nha-hang-khach-san","7":"product_tag-lot-da","8":"product_tag-lot-da-ban-tiec","9":"product_tag-lot-da-ban-tiec-in-logo","11":"first","12":"instock","13":"shipping-taxable","14":"product-type-simple"},"acf":[],"_links":{"self":[{"href":"https:\/\/havigift.com\/en\/wp-json\/wp\/v2\/product\/6235","targetHints":{"allow":["GET"]}}],"collection":[{"href":"https:\/\/havigift.com\/en\/wp-json\/wp\/v2\/product"}],"about":[{"href":"https:\/\/havigift.com\/en\/wp-json\/wp\/v2\/types\/product"}],"replies":[{"embeddable":true,"href":"https:\/\/havigift.com\/en\/wp-json\/wp\/v2\/comments?post=6235"}],"wp:featuredmedia":[{"embeddable":true,"href":"https:\/\/havigift.com\/en\/wp-json\/wp\/v2\/media\/6240"}],"wp:attachment":[{"href":"https:\/\/havigift.com\/en\/wp-json\/wp\/v2\/media?parent=6235"}],"wp:term":[{"taxonomy":"product_brand","embeddable":true,"href":"https:\/\/havigift.com\/en\/wp-json\/wp\/v2\/product_brand?post=6235"},{"taxonomy":"product_cat","embeddable":true,"href":"https:\/\/havigift.com\/en\/wp-json\/wp\/v2\/product_cat?post=6235"},{"taxonomy":"product_tag","embeddable":true,"href":"https:\/\/havigift.com\/en\/wp-json\/wp\/v2\/product_tag?post=6235"}],"curies":[{"name":"wp","href":"https:\/\/api.w.org\/{rel}","templated":true}]}}