{"id":6232,"date":"2024-09-18T04:39:39","date_gmt":"2024-09-18T04:39:39","guid":{"rendered":"https:\/\/havigift.com\/?post_type=product&#038;p=6232"},"modified":"2024-09-18T04:39:40","modified_gmt":"2024-09-18T04:39:40","slug":"lot-ly-da-khac-logo-havigift","status":"publish","type":"product","link":"https:\/\/havigift.com\/en\/product\/lot-ly-da-khac-logo-havigift\/","title":{"rendered":"L\u00f3t Ly Da Kh\u1eafc Logo HAVIGIFT"},"content":{"rendered":"<p><strong>L\u00f3t Ly Da Kh\u1eafc Logo<\/strong>\u00a0l\u00e0 ph\u1ee5 ki\u1ec7n sang tr\u1ecdng v\u00e0 tinh t\u1ebf, \u0111\u01b0\u1ee3c thi\u1ebft k\u1ebf \u0111\u1ec3 b\u1ea3o v\u1ec7 b\u1ec1 m\u1eb7t b\u00e0n v\u00e0 th\u00eam ph\u1ea7n \u0111\u1eb3ng c\u1ea5p cho kh\u00f4ng gian u\u1ed1ng n\u01b0\u1edbc. \u0110\u01b0\u1ee3c ch\u1ebf t\u00e1c t\u1eeb ch\u1ea5t li\u1ec7u da cao c\u1ea5p, l\u00f3t ly kh\u00f4ng ch\u1ec9 mang l\u1ea1i s\u1ef1 b\u1ec1n b\u1ec9 v\u00e0 d\u1ec5 d\u00e0ng v\u1ec7 sinh m\u00e0 c\u00f2n th\u1ec3 hi\u1ec7n phong c\u00e1ch v\u00e0 s\u1ef1 ch\u00fa tr\u1ecdng \u0111\u1ebfn t\u1eebng chi ti\u1ebft. Kh\u1ea3 n\u0103ng kh\u1eafc t\u00ean ho\u1eb7c logo l\u00ean b\u1ec1 m\u1eb7t da t\u1ea1o ra m\u1ed9t s\u1ea3n ph\u1ea9m c\u00e1 nh\u00e2n h\u00f3a, ho\u00e0n h\u1ea3o cho c\u00e1c nh\u00e0 h\u00e0ng, kh\u00e1ch s\u1ea1n, resort, ho\u1eb7c l\u00e0m qu\u00e0 t\u1eb7ng doanh nghi\u1ec7p.<\/p>\n<h3><strong>TH\u00d4NG TIN S\u1ea2N PH\u1ea8M:<\/strong><\/h3>\n<ul>\n<li><strong>Th\u01b0\u01a1ng hi\u1ec7u: <a href=\"http:\/\/havigift.com\/en\/\">HAVIGIFT<\/a><\/strong><\/li>\n<li><strong>T\u00ean<\/strong>: L\u00f3t Ly Da Kh\u1eafc Logo<\/li>\n<li><strong>Ch\u1ea5t li\u1ec7u<\/strong>: Da cao c\u1ea5p<\/li>\n<li><strong>K\u00edch th\u01b0\u1edbc<\/strong>: T\u00f9y ch\u1ecdn theo y\u00eau c\u1ea7u<\/li>\n<li><strong>Kh\u1eafc<\/strong>: Kh\u1eafc t\u00ean ho\u1eb7c logo theo y\u00eau c\u1ea7u.<\/li>\n<\/ul>\n<p><strong>Ch\u1ea5t li\u1ec7u cao c\u1ea5p: <\/strong>S\u1ea3n ph\u1ea9m \u0111\u01b0\u1ee3c l\u00e0m t\u1eeb da PU ch\u1ea5t l\u01b0\u1ee3ng cao, m\u1ec1m m\u1ea1i v\u00e0 b\u1ec1n b\u1ec9, gi\u00fap b\u1ea3o v\u1ec7 b\u1ec1 m\u1eb7t b\u00e0n kh\u1ecfi v\u1ebft n\u01b0\u1edbc v\u00e0 nhi\u1ec7t \u0111\u1ed9 t\u1eeb c\u1ed1c ly. Ch\u1ea5t li\u1ec7u da d\u1ec5 d\u00e0ng v\u1ec7 sinh v\u00e0 ch\u1ed1ng b\u00e1m b\u1ee5i, gi\u1eef cho l\u00f3t ly lu\u00f4n m\u1edbi m\u1ebb v\u00e0 sang tr\u1ecdng.<\/p>\n<p><strong>Thi\u1ebft k\u1ebf tinh t\u1ebf v\u00e0 ti\u1ec7n d\u1ee5ng: <\/strong>L\u00f3t ly da c\u00f3 thi\u1ebft k\u1ebf \u0111\u01a1n gi\u1ea3n nh\u01b0ng thanh l\u1ecbch, v\u1edbi c\u00e1c \u0111\u01b0\u1eddng may t\u1ec9 m\u1ec9 v\u00e0 c\u1ea1nh \u0111\u01b0\u1ee3c x\u1eed l\u00fd c\u1ea9n th\u1eadn. S\u1ea3n ph\u1ea9m c\u00f3 th\u1ec3 d\u1ec5 d\u00e0ng ph\u00f9 h\u1ee3p v\u1edbi nhi\u1ec1u lo\u1ea1i ly v\u00e0 c\u1ed1c, \u0111\u1ed3ng th\u1eddi b\u1ea3o v\u1ec7 b\u1ec1 m\u1eb7t b\u00e0n kh\u1ecfi v\u1ebft n\u01b0\u1edbc v\u00e0 d\u1ea5u v\u1ebft.<\/p>\n<p><strong>Kh\u1eafc t\u00ean ho\u1eb7c logo theo y\u00eau c\u1ea7u: <\/strong>Kh\u00e1ch h\u00e0ng c\u00f3 th\u1ec3 t\u00f9y ch\u1ec9nh vi\u1ec7c kh\u1eafc t\u00ean c\u00e1 nh\u00e2n ho\u1eb7c logo l\u00ean l\u00f3t ly da, t\u1ea1o s\u1ef1 c\u00e1 nh\u00e2n h\u00f3a v\u00e0 \u0111\u1ed3ng b\u1ed9 h\u00f3a v\u1edbi th\u01b0\u01a1ng hi\u1ec7u ho\u1eb7c s\u1ef1 ki\u1ec7n \u0111\u1eb7c bi\u1ec7t. Kh\u1eafc t\u00ean gi\u00fap l\u00e0m n\u1ed5i b\u1eadt s\u1ea3n ph\u1ea9m v\u00e0 t\u1ea1o \u1ea5n t\u01b0\u1ee3ng l\u00e2u d\u00e0i.<\/p>\n<p><strong>Qu\u1ea3ng b\u00e1 th\u01b0\u01a1ng hi\u1ec7u: <\/strong>L\u00f3t ly da kh\u1eafc t\u00ean kh\u00f4ng ch\u1ec9 l\u00e0 ph\u1ee5 ki\u1ec7n h\u1eefu \u00edch m\u00e0 c\u00f2n l\u00e0 c\u00f4ng c\u1ee5 qu\u1ea3ng b\u00e1 th\u01b0\u01a1ng hi\u1ec7u hi\u1ec7u qu\u1ea3. V\u1edbi thi\u1ebft k\u1ebf \u0111\u1eb9p m\u1eaft v\u00e0 kh\u1eafc t\u00ean ho\u1eb7c logo r\u00f5 r\u00e0ng, s\u1ea3n ph\u1ea9m n\u00e0y gi\u00fap n\u00e2ng cao gi\u00e1 tr\u1ecb d\u1ecbch v\u1ee5 v\u00e0 t\u1ea1o d\u1ea5u \u1ea5n \u0111\u1eb7c bi\u1ec7t trong l\u00f2ng kh\u00e1ch h\u00e0ng.<\/p>","protected":false},"excerpt":{"rendered":"<p><strong>L\u00f3t Ly Da Kh\u1eafc Logo<\/strong>\u00a0kh\u00f4ng ch\u1ec9 l\u00e0 v\u1eadt d\u1ee5ng h\u1eefu \u00edch m\u00e0 c\u00f2n l\u00e0 m\u1ed9t ph\u1ea7n c\u1ee7a tr\u1ea3i nghi\u1ec7m d\u1ecbch v\u1ee5. V\u1edbi thi\u1ebft k\u1ebf \u0111\u1eb9p m\u1eaft v\u00e0 kh\u1ea3 n\u0103ng c\u00e1 nh\u00e2n h\u00f3a, l\u00f3t ly da s\u1ebd gi\u00fap n\u00e2ng cao gi\u00e1 tr\u1ecb v\u00e0 \u1ea5n t\u01b0\u1ee3ng trong kh\u00f4ng gian u\u1ed1ng n\u01b0\u1edbc c\u1ee7a b\u1ea1n.<\/p>","protected":false},"featured_media":6234,"comment_status":"open","ping_status":"closed","template":"","meta":{"_acf_changed":false},"product_brand":[],"product_cat":[339],"product_tag":[381,380,379],"class_list":{"0":"post-6232","1":"product","2":"type-product","3":"status-publish","4":"has-post-thumbnail","6":"product_cat-do-dung-nha-hang-khach-san","7":"product_tag-lot-ly","8":"product_tag-lot-ly-da","9":"product_tag-lot-ly-da-khac-logo","11":"first","12":"instock","13":"shipping-taxable","14":"product-type-simple"},"acf":[],"_links":{"self":[{"href":"https:\/\/havigift.com\/en\/wp-json\/wp\/v2\/product\/6232","targetHints":{"allow":["GET"]}}],"collection":[{"href":"https:\/\/havigift.com\/en\/wp-json\/wp\/v2\/product"}],"about":[{"href":"https:\/\/havigift.com\/en\/wp-json\/wp\/v2\/types\/product"}],"replies":[{"embeddable":true,"href":"https:\/\/havigift.com\/en\/wp-json\/wp\/v2\/comments?post=6232"}],"wp:featuredmedia":[{"embeddable":true,"href":"https:\/\/havigift.com\/en\/wp-json\/wp\/v2\/media\/6234"}],"wp:attachment":[{"href":"https:\/\/havigift.com\/en\/wp-json\/wp\/v2\/media?parent=6232"}],"wp:term":[{"taxonomy":"product_brand","embeddable":true,"href":"https:\/\/havigift.com\/en\/wp-json\/wp\/v2\/product_brand?post=6232"},{"taxonomy":"product_cat","embeddable":true,"href":"https:\/\/havigift.com\/en\/wp-json\/wp\/v2\/product_cat?post=6232"},{"taxonomy":"product_tag","embeddable":true,"href":"https:\/\/havigift.com\/en\/wp-json\/wp\/v2\/product_tag?post=6232"}],"curies":[{"name":"wp","href":"https:\/\/api.w.org\/{rel}","templated":true}]}}