{"id":6227,"date":"2024-09-18T03:52:03","date_gmt":"2024-09-18T03:52:03","guid":{"rendered":"https:\/\/havigift.com\/?post_type=product&#038;p=6227"},"modified":"2024-09-18T03:53:41","modified_gmt":"2024-09-18T03:53:41","slug":"bo-do-dung-da-khach-san-in-logo-havigift","status":"publish","type":"product","link":"https:\/\/havigift.com\/en\/product\/bo-do-dung-da-khach-san-in-logo-havigift\/","title":{"rendered":"B\u1ed9 \u0110\u1ed3 D\u00f9ng Da Kh\u00e1ch S\u1ea1n In Logo HAVIGIFT"},"content":{"rendered":"<p><strong>B\u1ed9 \u0110\u1ed3 D\u00f9ng Da Kh\u00e1ch S\u1ea1n In Logo<\/strong> l\u00e0 t\u1eadp h\u1ee3p c\u00e1c ph\u1ee5 ki\u1ec7n cao c\u1ea5p \u0111\u01b0\u1ee3c thi\u1ebft k\u1ebf d\u00e0nh ri\u00eang cho c\u00e1c nh\u00e0 h\u00e0ng, kh\u00e1ch s\u1ea1n v\u00e0 resort, mang l\u1ea1i s\u1ef1 ti\u1ec7n nghi v\u00e0 phong c\u00e1ch sang tr\u1ecdng cho kh\u00f4ng gian d\u1ecbch v\u1ee5. \u0110\u01b0\u1ee3c ch\u1ebf t\u00e1c t\u1eeb ch\u1ea5t li\u1ec7u da PU cao c\u1ea5p, b\u1ed9 s\u1ea3n ph\u1ea9m kh\u00f4ng ch\u1ec9 b\u1ec1n b\u1ec9 m\u00e0 c\u00f2n th\u1ec3 hi\u1ec7n s\u1ef1 chuy\u00ean nghi\u1ec7p v\u00e0 \u0111\u1eb3ng c\u1ea5p qua t\u1eebng chi ti\u1ebft. V\u1edbi kh\u1ea3 n\u0103ng in logo ho\u1eb7c th\u01b0\u01a1ng hi\u1ec7u, b\u1ed9 \u0111\u1ed3 d\u00f9ng n\u00e0y l\u00e0 c\u00f4ng c\u1ee5 qu\u1ea3ng b\u00e1 hi\u1ec7u qu\u1ea3 v\u00e0 t\u1ea1o \u0111i\u1ec3m nh\u1ea5n tinh t\u1ebf trong kh\u00f4ng gian c\u1ee7a kh\u00e1ch s\u1ea1n ho\u1eb7c resort.<\/p>\n<div class=\"flex max-w-full flex-col flex-grow\">\n<div class=\"min-h-[20px] text-message flex w-full flex-col items-end gap-2 whitespace-normal break-words [.text-message+&amp;]:mt-5\" dir=\"auto\" data-message-author-role=\"assistant\" data-message-id=\"eaf4f9bb-aa62-4633-833c-670aaecd7f5c\">\n<div class=\"flex w-full flex-col gap-1 empty:hidden first:pt-[3px]\">\n<div class=\"markdown prose w-full break-words dark:prose-invert light\">\n<p><strong>TH\u00d4NG TIN S\u1ea2N PH\u1ea8M:<\/strong><\/p>\n<ul>\n<li><strong>Th\u01b0\u01a1ng hi\u1ec7u: <a href=\"http:\/\/Havigift.com\" target=\"_blank\" rel=\"noopener\">HAVIGIFT<\/a><\/strong><\/li>\n<li><strong>T\u00ean<\/strong>: B\u1ed9 \u0110\u1ed3 D\u00f9ng Da Kh\u00e1ch S\u1ea1n In Logo<\/li>\n<li><strong>Ch\u1ea5t li\u1ec7u<\/strong>: Da cao c\u1ea5p<\/li>\n<li><strong>M\u00e0u s\u1eafc<\/strong>: T\u00f9y ch\u1ecdn theo y\u00eau c\u1ea7u<\/li>\n<li><strong>In \u1ea5n<\/strong>: In logo ho\u1eb7c t\u00ean th\u01b0\u01a1ng hi\u1ec7u theo y\u00eau c\u1ea7u.<\/li>\n<\/ul>\n<p><strong>Ch\u1ea5t li\u1ec7u cao c\u1ea5p: <\/strong>S\u1ea3n ph\u1ea9m \u0111\u01b0\u1ee3c ch\u1ebf t\u00e1c t\u1eeb da PU ch\u1ea5t l\u01b0\u1ee3ng cao, mang l\u1ea1i c\u1ea3m gi\u00e1c m\u1ec1m m\u1ea1i, b\u1ec1n b\u1ec9 v\u00e0 d\u1ec5 d\u00e0ng v\u1ec7 sinh. Ch\u1ea5t li\u1ec7u da kh\u00f4ng th\u1ea5m n\u01b0\u1edbc v\u00e0 ch\u1ed1ng b\u00e1m b\u1ee5i, \u0111\u1ea3m b\u1ea3o s\u1ef1 sang tr\u1ecdng v\u00e0 b\u1ec1n \u0111\u1eb9p theo th\u1eddi gian.<\/p>\n<\/div>\n<div class=\"markdown prose w-full break-words dark:prose-invert light\"><strong>Thi\u1ebft k\u1ebf tinh t\u1ebf v\u00e0 ti\u1ec7n d\u1ee5ng: <\/strong>B\u1ed9 \u0111\u1ed3 d\u00f9ng da bao g\u1ed3m nhi\u1ec1u ph\u1ee5 ki\u1ec7n h\u1eefu \u00edch nh\u01b0 b\u00eca th\u00f4ng tin, khay \u0111\u1ef1ng \u0111\u1ed3, h\u1ed9p kh\u0103n gi\u1ea5y, v\u00e0 c\u00e1c v\u1eadt d\u1ee5ng kh\u00e1c, t\u1ea5t c\u1ea3 \u0111\u1ec1u \u0111\u01b0\u1ee3c thi\u1ebft k\u1ebf v\u1edbi t\u00ednh n\u0103ng v\u00e0 th\u1ea9m m\u1ef9 ph\u00f9 h\u1ee3p v\u1edbi kh\u00f4ng gian c\u1ee7a nh\u00e0 h\u00e0ng, kh\u00e1ch s\u1ea1n v\u00e0 resort. C\u00e1c chi ti\u1ebft \u0111\u01b0\u1ee3c ho\u00e0n thi\u1ec7n t\u1ec9 m\u1ec9, mang l\u1ea1i v\u1ebb \u0111\u1eb9p thanh l\u1ecbch v\u00e0 chuy\u00ean nghi\u1ec7p.<\/div>\n<div class=\"markdown prose w-full break-words dark:prose-invert light\"><strong>In \u1ea5n logo theo y\u00eau c\u1ea7u: <\/strong>Kh\u00e1ch s\u1ea1n, nh\u00e0 h\u00e0ng v\u00e0 resort c\u00f3 th\u1ec3 t\u00f9y ch\u1ec9nh vi\u1ec7c in logo ho\u1eb7c t\u00ean th\u01b0\u01a1ng hi\u1ec7u tr\u00ean t\u1eebng s\u1ea3n ph\u1ea9m trong b\u1ed9 \u0111\u1ed3 d\u00f9ng, t\u1ea1o s\u1ef1 \u0111\u1ed3ng b\u1ed9 v\u00e0 n\u00e2ng cao nh\u1eadn di\u1ec7n th\u01b0\u01a1ng hi\u1ec7u trong kh\u00f4ng gian.<\/div>\n<div class=\"markdown prose w-full break-words dark:prose-invert light\"><strong>Qu\u1ea3ng b\u00e1 th\u01b0\u01a1ng hi\u1ec7u: <\/strong>B\u1ed9 \u0111\u1ed3 d\u00f9ng da kh\u00f4ng ch\u1ec9 l\u00e0 t\u1eadp h\u1ee3p c\u00e1c ph\u1ee5 ki\u1ec7n ti\u1ec7n \u00edch m\u00e0 c\u00f2n l\u00e0 ph\u01b0\u01a1ng ti\u1ec7n qu\u1ea3ng b\u00e1 th\u01b0\u01a1ng hi\u1ec7u hi\u1ec7u qu\u1ea3. V\u1edbi thi\u1ebft k\u1ebf \u0111\u1eb9p m\u1eaft v\u00e0 logo in \u1ea5n r\u00f5 r\u00e0ng, b\u1ed9 s\u1ea3n ph\u1ea9m n\u00e0y gi\u00fap n\u00e2ng cao gi\u00e1 tr\u1ecb d\u1ecbch v\u1ee5, t\u1ea1o \u1ea5n t\u01b0\u1ee3ng m\u1ea1nh m\u1ebd v\u00e0 l\u00e2u d\u00e0i trong l\u00f2ng kh\u00e1ch h\u00e0ng.<\/div>\n<\/div>\n<\/div>\n<\/div>\n<div class=\"mt-1 flex gap-3 empty:hidden -ml-2\">\n<div class=\"items-center justify-start rounded-xl p-1 flex\">\n<div class=\"flex items-center\">\n<div class=\"flex\"><\/div>\n<div class=\"flex items-center pb-0\"><\/div>\n<\/div>\n<\/div>\n<\/div>\n","protected":false},"excerpt":{"rendered":"<p><strong>B\u1ed9 \u0110\u1ed3 D\u00f9ng Da Kh\u00e1ch S\u1ea1n In Logo<\/strong> kh\u00f4ng ch\u1ec9 l\u00e0 m\u1ed9t t\u1eadp h\u1ee3p c\u00e1c s\u1ea3n ph\u1ea9m ti\u1ec7n \u00edch m\u00e0 c\u00f2n l\u00e0 bi\u1ec3u t\u01b0\u1ee3ng cho s\u1ef1 ch\u0103m s\u00f3c v\u00e0 ch\u00fa tr\u1ecdng \u0111\u1ebfn t\u1eebng chi ti\u1ebft trong d\u1ecbch v\u1ee5: \u201cCh\u00fang t\u00f4i quan t\u00e2m \u0111\u1ebfn t\u1eebng chi ti\u1ebft \u0111\u1ec3 mang l\u1ea1i s\u1ef1 ho\u00e0n h\u1ea3o trong tr\u1ea3i nghi\u1ec7m c\u1ee7a b\u1ea1n.\u201d V\u1edbi thi\u1ebft k\u1ebf trang nh\u00e3 v\u00e0 ch\u1ea5t li\u1ec7u cao c\u1ea5p, b\u1ed9 \u0111\u1ed3 d\u00f9ng da s\u1ebd gi\u00fap n\u00e2ng cao gi\u00e1 tr\u1ecb d\u1ecbch v\u1ee5 v\u00e0 t\u1ea1o \u1ea5n t\u01b0\u1ee3ng s\u00e2u s\u1eafc v\u1edbi kh\u00e1ch h\u00e0ng.<\/p>","protected":false},"featured_media":6228,"comment_status":"open","ping_status":"closed","template":"","meta":{"_acf_changed":false},"product_brand":[],"product_cat":[339],"product_tag":[375,374,373],"class_list":{"0":"post-6227","1":"product","2":"type-product","3":"status-publish","4":"has-post-thumbnail","6":"product_cat-do-dung-nha-hang-khach-san","7":"product_tag-bo-do-dung-da","8":"product_tag-bo-do-dung-da-khach-san","9":"product_tag-bo-do-dung-da-khach-san-in-logo","11":"first","12":"instock","13":"shipping-taxable","14":"product-type-simple"},"acf":[],"_links":{"self":[{"href":"https:\/\/havigift.com\/en\/wp-json\/wp\/v2\/product\/6227","targetHints":{"allow":["GET"]}}],"collection":[{"href":"https:\/\/havigift.com\/en\/wp-json\/wp\/v2\/product"}],"about":[{"href":"https:\/\/havigift.com\/en\/wp-json\/wp\/v2\/types\/product"}],"replies":[{"embeddable":true,"href":"https:\/\/havigift.com\/en\/wp-json\/wp\/v2\/comments?post=6227"}],"wp:featuredmedia":[{"embeddable":true,"href":"https:\/\/havigift.com\/en\/wp-json\/wp\/v2\/media\/6228"}],"wp:attachment":[{"href":"https:\/\/havigift.com\/en\/wp-json\/wp\/v2\/media?parent=6227"}],"wp:term":[{"taxonomy":"product_brand","embeddable":true,"href":"https:\/\/havigift.com\/en\/wp-json\/wp\/v2\/product_brand?post=6227"},{"taxonomy":"product_cat","embeddable":true,"href":"https:\/\/havigift.com\/en\/wp-json\/wp\/v2\/product_cat?post=6227"},{"taxonomy":"product_tag","embeddable":true,"href":"https:\/\/havigift.com\/en\/wp-json\/wp\/v2\/product_tag?post=6227"}],"curies":[{"name":"wp","href":"https:\/\/api.w.org\/{rel}","templated":true}]}}