{"id":6221,"date":"2024-09-18T03:25:37","date_gmt":"2024-09-18T03:25:37","guid":{"rendered":"https:\/\/havigift.com\/?post_type=product&#038;p=6221"},"modified":"2024-09-18T03:27:47","modified_gmt":"2024-09-18T03:27:47","slug":"khung-tranh-da-treo-tuong-in-logo-havigift","status":"publish","type":"product","link":"https:\/\/havigift.com\/en\/product\/khung-tranh-da-treo-tuong-in-logo-havigift\/","title":{"rendered":"Khung Tranh Da Treo T\u01b0\u1eddng In Logo HAVIGIFT"},"content":{"rendered":"<p><strong>Khung Tranh Da Treo T\u01b0\u1eddng In Logo<\/strong> l\u00e0 s\u1ea3n ph\u1ea9m trang tr\u00ed cao c\u1ea5p, \u0111\u01b0\u1ee3c thi\u1ebft k\u1ebf d\u00e0nh ri\u00eang cho c\u00e1c nh\u00e0 h\u00e0ng, kh\u00e1ch s\u1ea1n v\u00e0 resort, gi\u00fap t\u00f4n l\u00ean v\u1ebb \u0111\u1eb9p sang tr\u1ecdng v\u00e0 \u0111\u1eb3ng c\u1ea5p c\u1ee7a kh\u00f4ng gian n\u1ed9i th\u1ea5t. \u0110\u01b0\u1ee3c ch\u1ebf t\u00e1c t\u1eeb ch\u1ea5t li\u1ec7u da PU cao c\u1ea5p, khung tranh kh\u00f4ng ch\u1ec9 mang l\u1ea1i v\u1ebb \u0111\u1eb9p tinh t\u1ebf m\u00e0 c\u00f2n th\u1ec3 hi\u1ec7n s\u1ef1 chuy\u00ean nghi\u1ec7p trong t\u1eebng chi ti\u1ebft. Khung tranh c\u00f3 th\u1ec3 in logo ho\u1eb7c th\u01b0\u01a1ng hi\u1ec7u, t\u1ea1o \u0111i\u1ec3m nh\u1ea5n \u0111\u1ed9c \u0111\u00e1o v\u00e0 gi\u00fap qu\u1ea3ng b\u00e1 h\u00ecnh \u1ea3nh m\u1ed9t c\u00e1ch tinh t\u1ebf.<\/p>\n<h3><strong>TH\u00d4NG TIN S\u1ea2N PH\u1ea8M:<\/strong><\/h3>\n<ul>\n<li><strong>Th\u01b0\u01a1ng hi\u1ec7u: <a href=\"http:\/\/Havigift.com\" target=\"_blank\" rel=\"noopener\">HAVIGIFT<\/a><\/strong><\/li>\n<li><strong>T\u00ean<\/strong>: Khung Tranh Da Treo T\u01b0\u1eddng In Logo<\/li>\n<li><strong>Ch\u1ea5t li\u1ec7u<\/strong>: Da PU cao c\u1ea5p<\/li>\n<li><strong>K\u00edch th\u01b0\u1edbc<\/strong>: T\u00f9y ch\u1ecdn theo y\u00eau c\u1ea7u<\/li>\n<li><strong>In \u1ea5n<\/strong>: In logo ho\u1eb7c th\u01b0\u01a1ng hi\u1ec7u theo y\u00eau c\u1ea7u.<\/li>\n<\/ul>\n<p><strong>Ch\u1ea5t li\u1ec7u cao c\u1ea5p: <\/strong>Khung tranh \u0111\u01b0\u1ee3c l\u00e0m t\u1eeb da PU b\u1ec1n \u0111\u1eb9p, m\u1ec1m m\u1ea1i v\u00e0 d\u1ec5 d\u00e0ng v\u1ec7 sinh, kh\u00f4ng ch\u1ec9 t\u1ea1o c\u1ea3m gi\u00e1c sang tr\u1ecdng m\u00e0 c\u00f2n \u0111\u1ea3m b\u1ea3o \u0111\u1ed9 b\u1ec1n b\u1ec9 theo th\u1eddi gian. Ch\u1ea5t li\u1ec7u da c\u00f2n mang l\u1ea1i s\u1ef1 tinh t\u1ebf, ph\u00f9 h\u1ee3p v\u1edbi kh\u00f4ng gian nh\u00e0 h\u00e0ng, kh\u00e1ch s\u1ea1n, v\u00e0 resort.<\/p>\n<p><strong>Thi\u1ebft k\u1ebf sang tr\u1ecdng v\u00e0 tinh t\u1ebf: <\/strong>Khung tranh da treo t\u01b0\u1eddng c\u00f3 thi\u1ebft k\u1ebf \u0111\u01a1n gi\u1ea3n nh\u01b0ng thanh l\u1ecbch, v\u1edbi c\u00e1c chi ti\u1ebft \u0111\u01b0\u1ee3c ho\u00e0n thi\u1ec7n t\u1ec9 m\u1ec9. Khung c\u00f3 th\u1ec3 \u0111i\u1ec1u ch\u1ec9nh k\u00edch th\u01b0\u1edbc v\u00e0 phong c\u00e1ch theo kh\u00f4ng gian, mang \u0111\u1ebfn s\u1ef1 h\u00e0i h\u00f2a v\u00e0 t\u1ea1o n\u00ean m\u1ed9t kh\u00f4ng gian \u1ea5m c\u00fang, \u0111\u1eb3ng c\u1ea5p.<\/p>\n<p><strong>In \u1ea5n logo theo y\u00eau c\u1ea7u: <\/strong>Kh\u00e1ch s\u1ea1n v\u00e0 nh\u00e0 h\u00e0ng c\u00f3 th\u1ec3 t\u00f9y ch\u1ec9nh logo ho\u1eb7c t\u00ean th\u01b0\u01a1ng hi\u1ec7u in tr\u00ean khung tranh, t\u1ea1o s\u1ef1 \u0111\u1ed3ng b\u1ed9 v\u00e0 nh\u1eadn di\u1ec7n th\u01b0\u01a1ng hi\u1ec7u trong kh\u00f4ng gian n\u1ed9i th\u1ea5t.<\/p>\n<p><strong>Qu\u1ea3ng b\u00e1 th\u01b0\u01a1ng hi\u1ec7u: <\/strong>Khung tranh da treo t\u01b0\u1eddng kh\u00f4ng ch\u1ec9 l\u00e0 s\u1ea3n ph\u1ea9m trang tr\u00ed m\u00e0 c\u00f2n l\u00e0 ph\u01b0\u01a1ng ti\u1ec7n qu\u1ea3ng b\u00e1 th\u01b0\u01a1ng hi\u1ec7u \u0111\u1ed9c \u0111\u00e1o. V\u1edbi thi\u1ebft k\u1ebf \u0111\u1eb9p m\u1eaft v\u00e0 logo in r\u00f5 r\u00e0ng, s\u1ea3n ph\u1ea9m n\u00e0y gi\u00fap kh\u00f4ng gian tr\u1edf n\u00ean n\u1ed5i b\u1eadt h\u01a1n, \u0111\u1ed3ng th\u1eddi ghi d\u1ea5u \u1ea5n v\u1ec1 phong c\u00e1ch v\u00e0 s\u1ef1 chuy\u00ean nghi\u1ec7p trong l\u00f2ng kh\u00e1ch h\u00e0ng.<\/p>","protected":false},"excerpt":{"rendered":"<p><strong>Khung Tranh Da Treo T\u01b0\u1eddng In Logo<\/strong> kh\u00f4ng ch\u1ec9 l\u00e0 m\u1ed9t s\u1ea3n ph\u1ea9m trang tr\u00ed v\u1edbi thi\u1ebft k\u1ebf sang tr\u1ecdng, khung tranh da s\u1ebd l\u00e0 \u0111i\u1ec3m nh\u1ea5n ngh\u1ec7 thu\u1eadt, g\u00f3p ph\u1ea7n n\u00e2ng t\u1ea7m th\u1ea9m m\u1ef9 v\u00e0 t\u1ea1o \u1ea5n t\u01b0\u1ee3ng s\u00e2u s\u1eafc cho kh\u00e1ch h\u00e0ng.<\/p>","protected":false},"featured_media":6222,"comment_status":"open","ping_status":"closed","template":"","meta":{"_acf_changed":false},"product_brand":[],"product_cat":[339],"product_tag":[369,368,367],"class_list":{"0":"post-6221","1":"product","2":"type-product","3":"status-publish","4":"has-post-thumbnail","6":"product_cat-do-dung-nha-hang-khach-san","7":"product_tag-khung-tranh-da","8":"product_tag-khung-tranh-da-treo-tuong","9":"product_tag-khung-tranh-da-treo-tuong-in-logo","11":"first","12":"instock","13":"shipping-taxable","14":"product-type-simple"},"acf":[],"_links":{"self":[{"href":"https:\/\/havigift.com\/en\/wp-json\/wp\/v2\/product\/6221","targetHints":{"allow":["GET"]}}],"collection":[{"href":"https:\/\/havigift.com\/en\/wp-json\/wp\/v2\/product"}],"about":[{"href":"https:\/\/havigift.com\/en\/wp-json\/wp\/v2\/types\/product"}],"replies":[{"embeddable":true,"href":"https:\/\/havigift.com\/en\/wp-json\/wp\/v2\/comments?post=6221"}],"wp:featuredmedia":[{"embeddable":true,"href":"https:\/\/havigift.com\/en\/wp-json\/wp\/v2\/media\/6222"}],"wp:attachment":[{"href":"https:\/\/havigift.com\/en\/wp-json\/wp\/v2\/media?parent=6221"}],"wp:term":[{"taxonomy":"product_brand","embeddable":true,"href":"https:\/\/havigift.com\/en\/wp-json\/wp\/v2\/product_brand?post=6221"},{"taxonomy":"product_cat","embeddable":true,"href":"https:\/\/havigift.com\/en\/wp-json\/wp\/v2\/product_cat?post=6221"},{"taxonomy":"product_tag","embeddable":true,"href":"https:\/\/havigift.com\/en\/wp-json\/wp\/v2\/product_tag?post=6221"}],"curies":[{"name":"wp","href":"https:\/\/api.w.org\/{rel}","templated":true}]}}