{"id":6215,"date":"2024-09-18T02:57:46","date_gmt":"2024-09-18T02:57:46","guid":{"rendered":"https:\/\/havigift.com\/?post_type=product&#038;p=6215"},"modified":"2024-09-20T07:11:54","modified_gmt":"2024-09-20T07:11:54","slug":"hop-khan-giay-da","status":"publish","type":"product","link":"https:\/\/havigift.com\/en\/product\/hop-khan-giay-da\/","title":{"rendered":"H\u1ed9p Kh\u0103n Gi\u1ea5y Da In Logo HAVIGIFT"},"content":{"rendered":"<p><strong>H\u1ed9p Kh\u0103n Gi\u1ea5y Da In Logo <\/strong>\u0111\u01b0\u1ee3c l\u00e0m t\u1eeb ch\u1ea5t li\u1ec7u da cao c\u1ea5p, h\u1ed9p kh\u0103n gi\u1ea5y kh\u00f4ng ch\u1ec9 \u0111\u1ea3m b\u1ea3o s\u1ef1 g\u1ecdn g\u00e0ng v\u00e0 s\u1ea1ch s\u1ebd m\u00e0 c\u00f2n mang \u0111\u1ebfn v\u1ebb \u0111\u1eb9p \u0111\u1eb3ng c\u1ea5p cho kh\u00f4ng gian. Kh\u1ea3 n\u0103ng in logo ho\u1eb7c th\u01b0\u01a1ng hi\u1ec7u l\u00ean b\u1ec1 m\u1eb7t s\u1ea3n ph\u1ea9m gi\u00fap qu\u1ea3ng b\u00e1 h\u00ecnh \u1ea3nh c\u1ee7a nh\u00e0 h\u00e0ng, kh\u00e1ch s\u1ea1n v\u00e0 resort m\u1ed9t c\u00e1ch tinh t\u1ebf v\u00e0 hi\u1ec7u qu\u1ea3.<\/p>\n<div class=\"flex max-w-full flex-col flex-grow\">\n<div class=\"min-h-[20px] text-message flex w-full flex-col items-end gap-2 whitespace-normal break-words [.text-message+&amp;]:mt-5\" dir=\"auto\" data-message-author-role=\"assistant\" data-message-id=\"aa7ef7ca-6a6d-433c-8f4f-9431d95c4df8\">\n<div class=\"flex w-full flex-col gap-1 empty:hidden first:pt-[3px]\">\n<div class=\"markdown prose w-full break-words dark:prose-invert light\">\n<h3><strong>TH\u00d4NG TIN S\u1ea2N PH\u1ea8M:<\/strong><\/h3>\n<ul>\n<li><strong>Th\u01b0\u01a1ng hi\u1ec7u:<\/strong> HAVIGIFT<\/li>\n<li><strong>T\u00ean<\/strong>: H\u1ed9p Kh\u0103n Gi\u1ea5y Da In Logo<\/li>\n<li><strong>Ch\u1ea5t li\u1ec7u<\/strong>: Dacao c\u1ea5p<\/li>\n<li><strong>M\u00e0u s\u1eafc<\/strong>: T\u00f9y ch\u1ecdn theo y\u00eau c\u1ea7u<\/li>\n<li><strong>In \u1ea5n<\/strong>: In logo ho\u1eb7c t\u00ean th\u01b0\u01a1ng hi\u1ec7u theo y\u00eau c\u1ea7u.<\/li>\n<\/ul>\n<p><strong>Ch\u1ea5t li\u1ec7u cao c\u1ea5p: <\/strong>S\u1ea3n ph\u1ea9m \u0111\u01b0\u1ee3c l\u00e0m t\u1eeb da PU m\u1ec1m m\u1ea1i, b\u1ec1n b\u1ec9, kh\u00f4ng th\u1ea5m n\u01b0\u1edbc v\u00e0 ch\u1ed1ng b\u00e1m b\u1ee5i, gi\u00fap b\u1ea3o v\u1ec7 kh\u0103n gi\u1ea5y b\u00ean trong v\u00e0 gi\u1eef cho kh\u00f4ng gian lu\u00f4n g\u1ecdn g\u00e0ng, sang tr\u1ecdng.<\/p>\n<p><strong>Thi\u1ebft k\u1ebf tinh t\u1ebf v\u00e0 ti\u1ec7n d\u1ee5ng: <\/strong>H\u1ed9p kh\u0103n gi\u1ea5y \u0111\u01b0\u1ee3c thi\u1ebft k\u1ebf v\u1edbi k\u00edch th\u01b0\u1edbc v\u1eeba v\u1eb7n \u0111\u1ec3 ch\u1ee9a c\u00e1c lo\u1ea1i kh\u0103n gi\u1ea5y ti\u00eau chu\u1ea9n, d\u1ec5 d\u00e0ng s\u1eed d\u1ee5ng v\u00e0 thay th\u1ebf. C\u00e1c chi ti\u1ebft tinh x\u1ea3o v\u00e0 b\u1ec1 m\u1eb7t da cao c\u1ea5p mang l\u1ea1i v\u1ebb \u0111\u1eb9p thanh l\u1ecbch, ph\u00f9 h\u1ee3p v\u1edbi kh\u00f4ng gian c\u1ee7a nh\u00e0 h\u00e0ng, kh\u00e1ch s\u1ea1n v\u00e0 resort.<\/p>\n<p><strong>In \u1ea5n logo theo y\u00eau c\u1ea7u: <\/strong>Kh\u00e1ch s\u1ea1n, nh\u00e0 h\u00e0ng v\u00e0 resort c\u00f3 th\u1ec3 t\u00f9y ch\u1ec9nh logo ho\u1eb7c t\u00ean th\u01b0\u01a1ng hi\u1ec7u in tr\u00ean h\u1ed9p kh\u0103n gi\u1ea5y, gi\u00fap t\u0103ng c\u01b0\u1eddng nh\u1eadn di\u1ec7n th\u01b0\u01a1ng hi\u1ec7u v\u00e0 t\u1ea1o \u1ea5n t\u01b0\u1ee3ng chuy\u00ean nghi\u1ec7p v\u1edbi kh\u00e1ch h\u00e0ng.<\/p>\n<p><strong>Qu\u1ea3ng b\u00e1 th\u01b0\u01a1ng hi\u1ec7u: <\/strong>H\u1ed9p kh\u0103n gi\u1ea5y da kh\u00f4ng ch\u1ec9 l\u00e0 v\u1eadt d\u1ee5ng ti\u1ec7n \u00edch m\u00e0 c\u00f2n l\u00e0 ph\u01b0\u01a1ng ti\u1ec7n qu\u1ea3ng b\u00e1 th\u01b0\u01a1ng hi\u1ec7u hi\u1ec7u qu\u1ea3, gi\u00fap n\u00e2ng cao gi\u00e1 tr\u1ecb d\u1ecbch v\u1ee5 v\u00e0 t\u1ea1o d\u1ea5u \u1ea5n trong l\u00f2ng kh\u00e1ch h\u00e0ng m\u1ed7i khi h\u1ecd s\u1eed d\u1ee5ng.<\/p>\n<\/div>\n<\/div>\n<\/div>\n<\/div>\n","protected":false},"excerpt":{"rendered":"<p><strong>H\u1ed9p Kh\u0103n Gi\u1ea5y Da In Logo<\/strong> kh\u00f4ng ch\u1ec9 l\u00e0 m\u1ed9t v\u1eadt d\u1ee5ng ti\u1ec7n \u00edch m\u00e0 c\u00f2n l\u00e0 \u0111i\u1ec3m nh\u1ea5n trang tr\u00ed, t\u1ea1o \u1ea5n t\u01b0\u1ee3ng v\u1ec1 s\u1ef1 quan t\u00e2m t\u1ec9 m\u1ec9 \u0111\u1ebfn t\u1eebng chi ti\u1ebft trong kh\u00f4ng gian ngh\u1ec9 d\u01b0\u1ee1ng. V\u1edbi thi\u1ebft k\u1ebf tinh t\u1ebf v\u00e0 ch\u1ea5t li\u1ec7u cao c\u1ea5p, h\u1ed9p kh\u0103n gi\u1ea5y da mang l\u1ea1i c\u1ea3m gi\u00e1c sang tr\u1ecdng v\u00e0 chuy\u00ean nghi\u1ec7p, \u0111\u1ed3ng th\u1eddi l\u00e0 c\u00f4ng c\u1ee5 qu\u1ea3ng b\u00e1 th\u01b0\u01a1ng hi\u1ec7u m\u1ed9t c\u00e1ch hi\u1ec7u qu\u1ea3.<\/p>","protected":false},"featured_media":6216,"comment_status":"open","ping_status":"closed","template":"","meta":{"_acf_changed":false},"product_brand":[],"product_cat":[339,524],"product_tag":[365,364],"class_list":{"0":"post-6215","1":"product","2":"type-product","3":"status-publish","4":"has-post-thumbnail","6":"product_cat-do-dung-nha-hang-khach-san","7":"product_cat-hop-go-da","8":"product_tag-hop-khan-giay-da","9":"product_tag-hop-khan-giay-da-in-logo","11":"first","12":"instock","13":"shipping-taxable","14":"product-type-simple"},"acf":[],"_links":{"self":[{"href":"https:\/\/havigift.com\/en\/wp-json\/wp\/v2\/product\/6215","targetHints":{"allow":["GET"]}}],"collection":[{"href":"https:\/\/havigift.com\/en\/wp-json\/wp\/v2\/product"}],"about":[{"href":"https:\/\/havigift.com\/en\/wp-json\/wp\/v2\/types\/product"}],"replies":[{"embeddable":true,"href":"https:\/\/havigift.com\/en\/wp-json\/wp\/v2\/comments?post=6215"}],"wp:featuredmedia":[{"embeddable":true,"href":"https:\/\/havigift.com\/en\/wp-json\/wp\/v2\/media\/6216"}],"wp:attachment":[{"href":"https:\/\/havigift.com\/en\/wp-json\/wp\/v2\/media?parent=6215"}],"wp:term":[{"taxonomy":"product_brand","embeddable":true,"href":"https:\/\/havigift.com\/en\/wp-json\/wp\/v2\/product_brand?post=6215"},{"taxonomy":"product_cat","embeddable":true,"href":"https:\/\/havigift.com\/en\/wp-json\/wp\/v2\/product_cat?post=6215"},{"taxonomy":"product_tag","embeddable":true,"href":"https:\/\/havigift.com\/en\/wp-json\/wp\/v2\/product_tag?post=6215"}],"curies":[{"name":"wp","href":"https:\/\/api.w.org\/{rel}","templated":true}]}}