{"id":6198,"date":"2024-09-16T10:57:05","date_gmt":"2024-09-16T10:57:05","guid":{"rendered":"https:\/\/havigift.com\/?post_type=product&#038;p=6198"},"modified":"2024-09-16T10:57:05","modified_gmt":"2024-09-16T10:57:05","slug":"khay-bung-bang-da-in-logo-havigift","status":"publish","type":"product","link":"https:\/\/havigift.com\/en\/product\/khay-bung-bang-da-in-logo-havigift\/","title":{"rendered":"Khay B\u01b0ng B\u1eb1ng Da In Logo HAVIGIFT"},"content":{"rendered":"<p><strong>Khay B\u01b0ng B\u1eb1ng Da In Logo<\/strong> l\u00e0 m\u1ed9t ph\u1ee5 ki\u1ec7n sang tr\u1ecdng v\u00e0 ti\u1ec7n \u00edch d\u00e0nh cho ng\u00e0nh kh\u00e1ch s\u1ea1n, gi\u00fap n\u00e2ng cao tr\u1ea3i nghi\u1ec7m d\u1ecbch v\u1ee5 v\u00e0 th\u1ec3 hi\u1ec7n s\u1ef1 chuy\u00ean nghi\u1ec7p trong t\u1eebng chi ti\u1ebft. \u0110\u01b0\u1ee3c l\u00e0m t\u1eeb ch\u1ea5t li\u1ec7u da cao c\u1ea5p, khay b\u01b0ng kh\u00f4ng ch\u1ec9 c\u00f3 \u0111\u1ed9 b\u1ec1n b\u1ec9 m\u00e0 c\u00f2n mang l\u1ea1i v\u1ebb \u0111\u1eb9p tinh t\u1ebf v\u00e0 \u0111\u1eb3ng c\u1ea5p, l\u00e0m n\u1ed5i b\u1eadt phong c\u00e1ch c\u1ee7a kh\u00e1ch s\u1ea1n. V\u1edbi kh\u1ea3 n\u0103ng in logo ho\u1eb7c t\u00ean th\u01b0\u01a1ng hi\u1ec7u, s\u1ea3n ph\u1ea9m n\u00e0y c\u00f2n l\u00e0 c\u00f4ng c\u1ee5 qu\u1ea3ng b\u00e1 hi\u1ec7u qu\u1ea3, gi\u00fap \u0111\u1ec3 l\u1ea1i \u1ea5n t\u01b0\u1ee3ng s\u00e2u s\u1eafc v\u1edbi kh\u00e1ch h\u00e0ng.<\/p>\n<div class=\"flex max-w-full flex-col flex-grow\">\n<div class=\"min-h-[20px] text-message flex w-full flex-col items-end gap-2 whitespace-normal break-words [.text-message+&amp;]:mt-5\" dir=\"auto\" data-message-author-role=\"assistant\" data-message-id=\"a50fdac6-1650-49df-bfa7-bed90392216a\">\n<div class=\"flex w-full flex-col gap-1 empty:hidden first:pt-[3px]\">\n<div class=\"markdown prose w-full break-words dark:prose-invert light\">\n<h3><strong>TH\u00d4NG TIN S\u1ea2N PH\u1ea8M:<\/strong><\/h3>\n<ul>\n<li><strong>Th\u01b0\u01a1ng hi\u1ec7u: HAVIGIFT<\/strong><\/li>\n<li><strong>T\u00ean<\/strong>: Khay B\u01b0ng B\u1eb1ng Da In Logo<\/li>\n<li><strong>Ch\u1ea5t li\u1ec7u<\/strong>: Da cao c\u1ea5p<\/li>\n<li><strong>M\u00e0u s\u1eafc<\/strong>: T\u00f9y ch\u1ecdn theo y\u00eau c\u1ea7u<\/li>\n<li><strong>In \u1ea5n<\/strong>: In logo ho\u1eb7c t\u00ean th\u01b0\u01a1ng hi\u1ec7u theo y\u00eau c\u1ea7u.<\/li>\n<\/ul>\n<p><strong>Ch\u1ea5t li\u1ec7u cao c\u1ea5p: <\/strong>S\u1ea3n ph\u1ea9m \u0111\u01b0\u1ee3c ch\u1ebf t\u00e1c t\u1eeb da ch\u1ea5t l\u01b0\u1ee3ng cao, m\u1ec1m m\u1ea1i v\u00e0 b\u1ec1n b\u1ec9, t\u1ea1o c\u1ea3m gi\u00e1c sang tr\u1ecdng v\u00e0 \u0111\u1ed3ng th\u1eddi d\u1ec5 d\u00e0ng v\u1ec7 sinh. Da PU kh\u00f4ng th\u1ea5m n\u01b0\u1edbc v\u00e0 ch\u1ed1ng b\u00e1m b\u1ea9n, gi\u00fap duy tr\u00ec v\u1ebb ngo\u00e0i tinh t\u1ebf theo th\u1eddi gian.<\/p>\n<p><strong>Thi\u1ebft k\u1ebf ti\u1ec7n d\u1ee5ng v\u00e0 sang tr\u1ecdng: <\/strong>Khay b\u01b0ng \u0111\u01b0\u1ee3c thi\u1ebft k\u1ebf v\u1edbi k\u00edch th\u01b0\u1edbc h\u1ee3p l\u00fd, d\u1ec5 d\u00e0ng \u0111\u1ec3 ph\u1ee5c v\u1ee5 c\u00e1c m\u00f3n \u0103n, \u0111\u1ed3 u\u1ed1ng ho\u1eb7c t\u00e0i li\u1ec7u. C\u00e1c chi ti\u1ebft tinh x\u1ea3o v\u00e0 tay c\u1ea7m ch\u1eafc ch\u1eafn gi\u00fap vi\u1ec7c s\u1eed d\u1ee5ng tr\u1edf n\u00ean d\u1ec5 d\u00e0ng v\u00e0 thu\u1eadn ti\u1ec7n, \u0111\u1ed3ng th\u1eddi mang l\u1ea1i v\u1ebb ngo\u00e0i chuy\u00ean nghi\u1ec7p cho d\u1ecbch v\u1ee5 c\u1ee7a kh\u00e1ch s\u1ea1n.<\/p>\n<p><strong>In \u1ea5n logo theo y\u00eau c\u1ea7u: <\/strong>Kh\u00e1ch s\u1ea1n c\u00f3 th\u1ec3 t\u00f9y ch\u1ec9nh vi\u1ec7c in logo ho\u1eb7c t\u00ean th\u01b0\u01a1ng hi\u1ec7u l\u00ean b\u1ec1 m\u1eb7t khay, gi\u00fap t\u0103ng c\u01b0\u1eddng s\u1ef1 nh\u1eadn di\u1ec7n th\u01b0\u01a1ng hi\u1ec7u v\u00e0 t\u1ea1o d\u1ea5u \u1ea5n m\u1ea1nh m\u1ebd v\u1edbi kh\u00e1ch h\u00e0ng trong m\u1ed7i d\u1ecbch v\u1ee5.<\/p>\n<p><strong>Qu\u1ea3ng b\u00e1 th\u01b0\u01a1ng hi\u1ec7u: <\/strong>Khay b\u01b0ng b\u1eb1ng da kh\u00f4ng ch\u1ec9 l\u00e0 m\u1ed9t c\u00f4ng c\u1ee5 ph\u1ee5c v\u1ee5 hi\u1ec7u qu\u1ea3 m\u00e0 c\u00f2n l\u00e0 ph\u01b0\u01a1ng ti\u1ec7n qu\u1ea3ng b\u00e1 th\u01b0\u01a1ng hi\u1ec7u tinh t\u1ebf. V\u1edbi thi\u1ebft k\u1ebf \u0111\u1eb9p m\u1eaft v\u00e0 logo in \u1ea5n r\u00f5 r\u00e0ng, s\u1ea3n ph\u1ea9m n\u00e0y gi\u00fap kh\u00e1ch s\u1ea1n \u0111\u1ec3 l\u1ea1i \u1ea5n t\u01b0\u1ee3ng chuy\u00ean nghi\u1ec7p v\u00e0 n\u00e2ng cao gi\u00e1 tr\u1ecb th\u01b0\u01a1ng hi\u1ec7u trong m\u1eaft kh\u00e1ch h\u00e0ng.<\/p>\n<\/div>\n<\/div>\n<\/div>\n<\/div>\n<div class=\"mt-1 flex gap-3 empty:hidden -ml-2\">\n<div class=\"items-center justify-start rounded-xl p-1 flex\">\n<p class=\"flex items-center\">\n<\/div>\n<\/div>\n","protected":false},"excerpt":{"rendered":"<p><strong>Khay B\u01b0ng B\u1eb1ng Da In Logo<\/strong> kh\u00f4ng ch\u1ec9 l\u00e0 v\u1eadt d\u1ee5ng ph\u1ee5c v\u1ee5 m\u00e0 c\u00f2n l\u00e0 bi\u1ec3u t\u01b0\u1ee3ng c\u1ee7a s\u1ef1 ch\u0103m s\u00f3c v\u00e0 chu \u0111\u00e1o, v\u1edbi thi\u1ebft k\u1ebf thanh l\u1ecbch v\u00e0 ch\u1ea5t li\u1ec7u cao c\u1ea5p, khay b\u01b0ng b\u1eb1ng da s\u1ebd l\u00e0m cho m\u1ed7i giao d\u1ecbch d\u1ecbch v\u1ee5 tr\u1edf n\u00ean \u0111\u1eb7c bi\u1ec7t h\u01a1n, th\u1ec3 hi\u1ec7n s\u1ef1 chuy\u00ean nghi\u1ec7p v\u00e0 tinh t\u1ebf.<\/p>","protected":false},"featured_media":6199,"comment_status":"open","ping_status":"closed","template":"","meta":{"_acf_changed":false},"product_brand":[],"product_cat":[339],"product_tag":[361,362],"class_list":{"0":"post-6198","1":"product","2":"type-product","3":"status-publish","4":"has-post-thumbnail","6":"product_cat-do-dung-nha-hang-khach-san","7":"product_tag-khay-bung-bang-da","8":"product_tag-khay-bung-bang-da-in-logo","10":"first","11":"instock","12":"shipping-taxable","13":"product-type-simple"},"acf":[],"_links":{"self":[{"href":"https:\/\/havigift.com\/en\/wp-json\/wp\/v2\/product\/6198","targetHints":{"allow":["GET"]}}],"collection":[{"href":"https:\/\/havigift.com\/en\/wp-json\/wp\/v2\/product"}],"about":[{"href":"https:\/\/havigift.com\/en\/wp-json\/wp\/v2\/types\/product"}],"replies":[{"embeddable":true,"href":"https:\/\/havigift.com\/en\/wp-json\/wp\/v2\/comments?post=6198"}],"wp:featuredmedia":[{"embeddable":true,"href":"https:\/\/havigift.com\/en\/wp-json\/wp\/v2\/media\/6199"}],"wp:attachment":[{"href":"https:\/\/havigift.com\/en\/wp-json\/wp\/v2\/media?parent=6198"}],"wp:term":[{"taxonomy":"product_brand","embeddable":true,"href":"https:\/\/havigift.com\/en\/wp-json\/wp\/v2\/product_brand?post=6198"},{"taxonomy":"product_cat","embeddable":true,"href":"https:\/\/havigift.com\/en\/wp-json\/wp\/v2\/product_cat?post=6198"},{"taxonomy":"product_tag","embeddable":true,"href":"https:\/\/havigift.com\/en\/wp-json\/wp\/v2\/product_tag?post=6198"}],"curies":[{"name":"wp","href":"https:\/\/api.w.org\/{rel}","templated":true}]}}