{"id":6190,"date":"2024-09-16T10:14:51","date_gmt":"2024-09-16T10:14:51","guid":{"rendered":"https:\/\/havigift.com\/?post_type=product&#038;p=6190"},"modified":"2024-09-16T10:15:44","modified_gmt":"2024-09-16T10:15:44","slug":"the-treo-cua-phong-da","status":"publish","type":"product","link":"https:\/\/havigift.com\/en\/product\/the-treo-cua-phong-da\/","title":{"rendered":"Th\u1ebb Treo C\u1eeda Ph\u00f2ng Da In Logo HAVIGIFT"},"content":{"rendered":"<p><strong>Th\u1ebb Treo C\u1eeda Ph\u00f2ng Da In Logo<\/strong> l\u00e0 ph\u1ee5 ki\u1ec7n cao c\u1ea5p d\u00e0nh ri\u00eang cho ng\u00e0nh kh\u00e1ch s\u1ea1n, gi\u00fap n\u00e2ng cao tr\u1ea3i nghi\u1ec7m d\u1ecbch v\u1ee5 v\u00e0 th\u1ec3 hi\u1ec7n \u0111\u1eb3ng c\u1ea5p chuy\u00ean nghi\u1ec7p c\u1ee7a kh\u00e1ch s\u1ea1n. \u0110\u01b0\u1ee3c ch\u1ebf t\u00e1c t\u1eeb ch\u1ea5t li\u1ec7u da cao c\u1ea5p, th\u1ebb treo c\u1eeda kh\u00f4ng ch\u1ec9 mang l\u1ea1i s\u1ef1 sang tr\u1ecdng m\u00e0 c\u00f2n g\u00f3p ph\u1ea7n qu\u1ea3ng b\u00e1 th\u01b0\u01a1ng hi\u1ec7u m\u1ed9t c\u00e1ch tinh t\u1ebf. V\u1edbi kh\u1ea3 n\u0103ng in logo ho\u1eb7c th\u00f4ng \u0111i\u1ec7p theo y\u00eau c\u1ea7u, s\u1ea3n ph\u1ea9m n\u00e0y tr\u1edf th\u00e0nh m\u1ed9t \u0111i\u1ec3m nh\u1ea5n \u0111\u1ed9c \u0111\u00e1o trong m\u1ed7i ph\u00f2ng ngh\u1ec9, gi\u00fap kh\u00e1ch s\u1ea1n t\u1ea1o \u1ea5n t\u01b0\u1ee3ng s\u00e2u \u0111\u1eadm v\u1edbi kh\u00e1ch h\u00e0ng.<\/p>\n<h3><strong>TH\u00d4NG TIN S\u1ea2N PH\u1ea8M<\/strong><\/h3>\n<ul>\n<li><strong>Th\u01b0\u01a1ng hi\u1ec7u:<\/strong> HAVIGIFT<\/li>\n<li><strong>T\u00ean<\/strong>: Th\u1ebb Treo C\u1eeda Ph\u00f2ng Da In Logo<\/li>\n<li><strong>Ch\u1ea5t li\u1ec7u<\/strong>: Da cao c\u1ea5p<\/li>\n<li><strong>M\u00e0u s\u1eafc<\/strong>: T\u00f9y ch\u1ecdn theo y\u00eau c\u1ea7u<\/li>\n<li><strong>In \u1ea5n<\/strong>: In logo ho\u1eb7c th\u00f4ng \u0111i\u1ec7p th\u01b0\u01a1ng hi\u1ec7u theo y\u00eau c\u1ea7u.<\/li>\n<\/ul>\n<p><strong>Ch\u1ea5t li\u1ec7u cao c\u1ea5p: <\/strong>S\u1ea3n ph\u1ea9m \u0111\u01b0\u1ee3c l\u00e0m t\u1eeb ch\u1ea5t li\u1ec7u da cao c\u1ea5p, m\u1ec1m m\u1ea1i v\u00e0 b\u1ec1n b\u1ec9, mang l\u1ea1i v\u1ebb sang tr\u1ecdng, d\u1ec5 d\u00e0ng v\u1ec7 sinh v\u00e0 c\u00f3 \u0111\u1ed9 b\u1ec1n cao, \u0111\u1ea3m b\u1ea3o s\u1ef1 tinh t\u1ebf trong t\u1eebng chi ti\u1ebft.<\/p>\n<p><strong>Thi\u1ebft k\u1ebf tinh t\u1ebf v\u00e0 ti\u1ec7n d\u1ee5ng: <\/strong>Th\u1ebb treo c\u1eeda da \u0111\u01b0\u1ee3c thi\u1ebft k\u1ebf \u0111\u1ec3 d\u1ec5 d\u00e0ng s\u1eed d\u1ee5ng v\u00e0 treo l\u00ean tay n\u1eafm c\u1eeda, v\u1edbi c\u00e1c t\u00f9y ch\u1ecdn in ch\u1eef nh\u01b0 \u201cDo Not Disturb\u201d ho\u1eb7c \u201cMake Up Room\u201d. K\u00edch th\u01b0\u1edbc v\u00e0 h\u00ecnh d\u00e1ng c\u00f3 th\u1ec3 \u0111\u01b0\u1ee3c t\u00f9y ch\u1ec9nh theo nhu c\u1ea7u c\u1ee7a kh\u00e1ch s\u1ea1n, t\u1ea1o c\u1ea3m gi\u00e1c sang tr\u1ecdng v\u00e0 \u0111\u1eb3ng c\u1ea5p.<\/p>\n<p><strong>In \u1ea5n logo theo y\u00eau c\u1ea7u: <\/strong>Kh\u00e1ch s\u1ea1n c\u00f3 th\u1ec3 t\u00f9y ch\u1ecdn m\u00e0u s\u1eafc v\u00e0 in logo, th\u00f4ng \u0111i\u1ec7p th\u01b0\u01a1ng hi\u1ec7u l\u00ean b\u1ec1 m\u1eb7t th\u1ebb treo c\u1eeda, gi\u00fap n\u00e2ng cao t\u00ednh nh\u1eadn di\u1ec7n v\u00e0 t\u1ea1o s\u1ef1 kh\u00e1c bi\u1ec7t \u0111\u1ed9c \u0111\u00e1o trong m\u1eaft kh\u00e1ch h\u00e0ng.<\/p>\n<p><strong>Qu\u1ea3ng b\u00e1 th\u01b0\u01a1ng hi\u1ec7u: <\/strong>Th\u1ebb treo c\u1eeda ph\u00f2ng da kh\u00f4ng ch\u1ec9 l\u00e0 s\u1ea3n ph\u1ea9m h\u1eefu \u00edch, gi\u00fap kh\u00e1ch h\u00e0ng d\u1ec5 d\u00e0ng truy\u1ec1n \u0111\u1ea1t y\u00eau c\u1ea7u, m\u00e0 c\u00f2n l\u00e0 c\u00f4ng c\u1ee5 ti\u1ebfp th\u1ecb tinh t\u1ebf, gi\u00fap kh\u00e1ch s\u1ea1n t\u1ea1o \u1ea5n t\u01b0\u1ee3ng chuy\u00ean nghi\u1ec7p v\u00e0 t\u0103ng c\u01b0\u1eddng nh\u1eadn di\u1ec7n th\u01b0\u01a1ng hi\u1ec7u ngay trong kh\u00f4ng gian ph\u00f2ng ngh\u1ec9.<\/p>\n<p>&nbsp;<\/p>","protected":false},"excerpt":{"rendered":"<p>Th\u1ebb Treo C\u1eeda Ph\u00f2ng Da In Logo thi\u1ebft k\u1ebf nh\u1ecf g\u1ecdn, tinh t\u1ebf, th\u1ebb treo c\u1eeda da mang l\u1ea1i s\u1ef1 h\u00e0i l\u00f2ng v\u00e0 t\u1ea1o ra s\u1ef1 chuy\u00ean nghi\u1ec7p trong t\u1eebng chi ti\u1ebft nh\u1ecf nh\u1ea5t.<\/p>","protected":false},"featured_media":6191,"comment_status":"open","ping_status":"closed","template":"","meta":{"_acf_changed":false},"product_brand":[],"product_cat":[339],"product_tag":[356,355],"class_list":{"0":"post-6190","1":"product","2":"type-product","3":"status-publish","4":"has-post-thumbnail","6":"product_cat-do-dung-nha-hang-khach-san","7":"product_tag-the-treo-cua-phong-da","8":"product_tag-the-treo-cua-phong-da-in-logo","10":"first","11":"instock","12":"shipping-taxable","13":"product-type-simple"},"acf":[],"_links":{"self":[{"href":"https:\/\/havigift.com\/en\/wp-json\/wp\/v2\/product\/6190","targetHints":{"allow":["GET"]}}],"collection":[{"href":"https:\/\/havigift.com\/en\/wp-json\/wp\/v2\/product"}],"about":[{"href":"https:\/\/havigift.com\/en\/wp-json\/wp\/v2\/types\/product"}],"replies":[{"embeddable":true,"href":"https:\/\/havigift.com\/en\/wp-json\/wp\/v2\/comments?post=6190"}],"wp:featuredmedia":[{"embeddable":true,"href":"https:\/\/havigift.com\/en\/wp-json\/wp\/v2\/media\/6191"}],"wp:attachment":[{"href":"https:\/\/havigift.com\/en\/wp-json\/wp\/v2\/media?parent=6190"}],"wp:term":[{"taxonomy":"product_brand","embeddable":true,"href":"https:\/\/havigift.com\/en\/wp-json\/wp\/v2\/product_brand?post=6190"},{"taxonomy":"product_cat","embeddable":true,"href":"https:\/\/havigift.com\/en\/wp-json\/wp\/v2\/product_cat?post=6190"},{"taxonomy":"product_tag","embeddable":true,"href":"https:\/\/havigift.com\/en\/wp-json\/wp\/v2\/product_tag?post=6190"}],"curies":[{"name":"wp","href":"https:\/\/api.w.org\/{rel}","templated":true}]}}