{"id":6169,"date":"2024-09-16T09:23:27","date_gmt":"2024-09-16T09:23:27","guid":{"rendered":"https:\/\/havigift.com\/?post_type=product&#038;p=6169"},"modified":"2024-09-16T09:23:27","modified_gmt":"2024-09-16T09:23:27","slug":"khay-da-dung-remote","status":"publish","type":"product","link":"https:\/\/havigift.com\/en\/product\/khay-da-dung-remote\/","title":{"rendered":"Khay Da \u0110\u1ef1ng Remote In Logo"},"content":{"rendered":"<p><strong>Khay Da \u0110\u1ef1ng Remote In Logo<\/strong> l\u00e0 m\u00f3n qu\u00e0 tinh t\u1ebf v\u00e0 ti\u1ec7n \u00edch d\u00e0nh cho ng\u00e0nh kh\u00e1ch s\u1ea1n, gi\u00fap n\u00e2ng cao tr\u1ea3i nghi\u1ec7m kh\u00e1ch h\u00e0ng \u0111\u1ed3ng th\u1eddi g\u00f3p ph\u1ea7n qu\u1ea3ng b\u00e1 th\u01b0\u01a1ng hi\u1ec7u. V\u1edbi thi\u1ebft k\u1ebf sang tr\u1ecdng, ch\u1ea5t li\u1ec7u da cao c\u1ea5p v\u00e0 kh\u1ea3 n\u0103ng in logo theo y\u00eau c\u1ea7u, khay da kh\u00f4ng ch\u1ec9 l\u00e0 m\u1ed9t s\u1ea3n ph\u1ea9m h\u1eefu d\u1ee5ng trong vi\u1ec7c gi\u1eef g\u1ecdn g\u00e0ng c\u00e1c thi\u1ebft b\u1ecb \u0111i\u1ec1u khi\u1ec3n t\u1eeb xa, m\u00e0 c\u00f2n th\u1ec3 hi\u1ec7n s\u1ef1 chuy\u00ean nghi\u1ec7p, \u0111\u1eb3ng c\u1ea5p c\u1ee7a kh\u00e1ch s\u1ea1n.<\/p>\n<p><strong>TH\u00d4NG TIN S\u1ea2N PH\u1ea8M:<\/strong><\/p>\n<ul>\n<li>Th\u01b0\u01a1ng hi\u1ec7u: Havigift<\/li>\n<li><strong>T\u00ean<\/strong>: Khay Da \u0110\u1ef1ng Remote In Logo<\/li>\n<li><strong>Ch\u1ea5t li\u1ec7u<\/strong>: Da cao c\u1ea5p<\/li>\n<li><strong>M\u00e0u s\u1eafc<\/strong>: T\u00f9y ch\u1ecdn theo y\u00eau c\u1ea7u<\/li>\n<li><strong>In \u1ea5n<\/strong>: In logo ho\u1eb7c th\u00f4ng \u0111i\u1ec7p th\u01b0\u01a1ng hi\u1ec7u theo y\u00eau c\u1ea7u.<\/li>\n<\/ul>\n<p><strong>Ch\u1ea5t li\u1ec7u cao c\u1ea5p <\/strong>Khay \u0111\u01b0\u1ee3c l\u00e0m t\u1eeb da cao c\u1ea5p, m\u1ec1m m\u1ea1i v\u00e0 b\u1ec1n b\u1ec9, mang \u0111\u1ebfn v\u1ebb ngo\u00e0i sang tr\u1ecdng, d\u1ec5 lau ch\u00f9i v\u00e0 ch\u1ed1ng b\u00e1m b\u1ee5i, ph\u00f9 h\u1ee3p v\u1edbi kh\u00f4ng gian cao c\u1ea5p c\u1ee7a kh\u00e1ch s\u1ea1n.<\/p>\n<p><strong>Thi\u1ebft k\u1ebf ti\u1ec7n d\u1ee5ng <\/strong>Khay da \u0111\u01b0\u1ee3c thi\u1ebft k\u1ebf v\u1edbi nhi\u1ec1u ng\u0103n nh\u1ecf g\u1ecdn, gi\u00fap l\u01b0u tr\u1eef remote v\u00e0 c\u00e1c thi\u1ebft b\u1ecb \u0111i\u1ec1u khi\u1ec3n t\u1eeb xa m\u1ed9t c\u00e1ch ng\u0103n n\u1eafp, d\u1ec5 d\u00e0ng t\u00ecm ki\u1ebfm v\u00e0 s\u1eed d\u1ee5ng. Ngo\u00e0i ra, khay c\u00f2n c\u00f3 th\u1ec3 \u0111\u01b0\u1ee3c t\u00f9y ch\u1ec9nh k\u00edch th\u01b0\u1edbc \u0111\u1ec3 ph\u00f9 h\u1ee3p v\u1edbi nhu c\u1ea7u s\u1eed d\u1ee5ng c\u1ee7a t\u1eebng kh\u00e1ch s\u1ea1n.<\/p>\n<p><strong>In \u1ea5n logo theo y\u00eau c\u1ea7u <\/strong>Kh\u00e1ch s\u1ea1n c\u00f3 th\u1ec3 in logo ho\u1eb7c th\u00f4ng \u0111i\u1ec7p th\u01b0\u01a1ng hi\u1ec7u tr\u1ef1c ti\u1ebfp l\u00ean b\u1ec1 m\u1eb7t khay da, gi\u00fap t\u1ea1o \u0111i\u1ec3m nh\u1ea5n v\u00e0 ghi d\u1ea5u \u1ea5n s\u00e2u s\u1eafc v\u1edbi kh\u00e1ch h\u00e0ng.<\/p>\n<p><strong>Qu\u1ea3ng b\u00e1 th\u01b0\u01a1ng hi\u1ec7u <\/strong>Khay da \u0111\u1ef1ng remote kh\u00f4ng ch\u1ec9 l\u00e0 m\u1ed9t s\u1ea3n ph\u1ea9m h\u1eefu \u00edch cho kh\u00e1ch h\u00e0ng m\u00e0 c\u00f2n l\u00e0 c\u00f4ng c\u1ee5 ti\u1ebfp th\u1ecb hi\u1ec7u qu\u1ea3, gi\u00fap t\u0103ng c\u01b0\u1eddng nh\u1eadn di\u1ec7n th\u01b0\u01a1ng hi\u1ec7u trong t\u1eebng ph\u00f2ng ngh\u1ec9, g\u00f3p ph\u1ea7n mang l\u1ea1i s\u1ef1 chuy\u00ean nghi\u1ec7p v\u00e0 \u0111\u1eb3ng c\u1ea5p cho kh\u00e1ch s\u1ea1n.<\/p>\n<p>&nbsp;<\/p>","protected":false},"excerpt":{"rendered":"<p><strong>Khay Da \u0110\u1ef1ng Remote In Logo<\/strong> kh\u00f4ng ch\u1ec9 l\u00e0 m\u00f3n ph\u1ee5 ki\u1ec7n ti\u1ec7n d\u1ee5ng, thi\u1ebft k\u1ebf nh\u1ecf g\u1ecdn, tinh t\u1ebf, khay da s\u1ebd tr\u1edf th\u00e0nh m\u1ed9t \u0111i\u1ec3m nh\u1ea5n sang tr\u1ecdng cho kh\u00f4ng gian ph\u00f2ng kh\u00e1ch s\u1ea1n, gi\u00fap kh\u00e1ch h\u00e0ng t\u1eadn h\u01b0\u1edfng s\u1ef1 ti\u1ec7n nghi v\u00e0 tho\u1ea3i m\u00e1i nh\u1ea5t.<\/p>","protected":false},"featured_media":6174,"comment_status":"open","ping_status":"closed","template":"","meta":{"_acf_changed":false},"product_brand":[],"product_cat":[339],"product_tag":[346,347],"class_list":{"0":"post-6169","1":"product","2":"type-product","3":"status-publish","4":"has-post-thumbnail","6":"product_cat-do-dung-nha-hang-khach-san","7":"product_tag-khay-da-dung-remote","8":"product_tag-khay-da-dung-remote-in-logo","10":"first","11":"instock","12":"shipping-taxable","13":"product-type-simple"},"acf":[],"_links":{"self":[{"href":"https:\/\/havigift.com\/en\/wp-json\/wp\/v2\/product\/6169","targetHints":{"allow":["GET"]}}],"collection":[{"href":"https:\/\/havigift.com\/en\/wp-json\/wp\/v2\/product"}],"about":[{"href":"https:\/\/havigift.com\/en\/wp-json\/wp\/v2\/types\/product"}],"replies":[{"embeddable":true,"href":"https:\/\/havigift.com\/en\/wp-json\/wp\/v2\/comments?post=6169"}],"wp:featuredmedia":[{"embeddable":true,"href":"https:\/\/havigift.com\/en\/wp-json\/wp\/v2\/media\/6174"}],"wp:attachment":[{"href":"https:\/\/havigift.com\/en\/wp-json\/wp\/v2\/media?parent=6169"}],"wp:term":[{"taxonomy":"product_brand","embeddable":true,"href":"https:\/\/havigift.com\/en\/wp-json\/wp\/v2\/product_brand?post=6169"},{"taxonomy":"product_cat","embeddable":true,"href":"https:\/\/havigift.com\/en\/wp-json\/wp\/v2\/product_cat?post=6169"},{"taxonomy":"product_tag","embeddable":true,"href":"https:\/\/havigift.com\/en\/wp-json\/wp\/v2\/product_tag?post=6169"}],"curies":[{"name":"wp","href":"https:\/\/api.w.org\/{rel}","templated":true}]}}