{"id":6151,"date":"2024-09-16T08:28:05","date_gmt":"2024-09-16T08:28:05","guid":{"rendered":"https:\/\/havigift.com\/?post_type=product&#038;p=6151"},"modified":"2024-09-18T10:16:15","modified_gmt":"2024-09-18T10:16:15","slug":"balo-du-lich-da-ngoai-in-logo","status":"publish","type":"product","link":"https:\/\/havigift.com\/en\/product\/balo-du-lich-da-ngoai-in-logo\/","title":{"rendered":"Balo Du L\u1ecbch D\u00e3 Ngo\u1ea1i In Logo"},"content":{"rendered":"<p><strong>Balo Du L\u1ecbch D\u00e3 Ngo\u1ea1i In Logo<\/strong> l\u00e0 m\u00f3n qu\u00e0 doanh nghi\u1ec7p ph\u1ed5 bi\u1ebfn, k\u1ebft h\u1ee3p gi\u1eefa t\u00ednh ti\u1ec7n d\u1ee5ng v\u00e0 kh\u1ea3 n\u0103ng qu\u1ea3ng b\u00e1 th\u01b0\u01a1ng hi\u1ec7u m\u1ea1nh m\u1ebd. V\u1edbi thi\u1ebft k\u1ebf hi\u1ec7n \u0111\u1ea1i, \u0111a n\u0103ng v\u00e0 s\u1ee9c ch\u1ee9a l\u1edbn, s\u1ea3n ph\u1ea9m n\u00e0y kh\u00f4ng ch\u1ec9 ph\u00f9 h\u1ee3p cho c\u00e1c chuy\u1ebfn d\u00e3 ngo\u1ea1i, du l\u1ecbch m\u00e0 c\u00f2n l\u00e0 ng\u01b0\u1eddi b\u1ea1n \u0111\u1ed3ng h\u00e0nh l\u00fd t\u01b0\u1edfng cho c\u00e1c ho\u1ea1t \u0111\u1ed9ng ngo\u00e0i tr\u1eddi. Nh\u1edd in logo th\u01b0\u01a1ng hi\u1ec7u m\u1ed9t c\u00e1ch n\u1ed5i b\u1eadt, balo kh\u00f4ng ch\u1ec9 ph\u1ee5c v\u1ee5 nhu c\u1ea7u s\u1eed d\u1ee5ng m\u00e0 c\u00f2n gi\u00fap doanh nghi\u1ec7p t\u1ea1o d\u1ea5u \u1ea5n s\u00e2u \u0111\u1eadm trong l\u00f2ng kh\u00e1ch h\u00e0ng.<\/p>\n<p><img loading=\"lazy\" decoding=\"async\" class=\"aligncenter wp-image-6153 size-full\" src=\"http:\/\/havigift.com\/wp-content\/uploads\/2024\/09\/Thiet-ke-chua-co-ten-2.jpg\" alt=\"Balo Du L\u1ecbch D\u00e3 Ngo\u1ea1i\" width=\"900\" height=\"900\" srcset=\"https:\/\/havigift.com\/wp-content\/uploads\/2024\/09\/Thiet-ke-chua-co-ten-2.jpg 900w, https:\/\/havigift.com\/wp-content\/uploads\/2024\/09\/Thiet-ke-chua-co-ten-2-300x300.jpg 300w, https:\/\/havigift.com\/wp-content\/uploads\/2024\/09\/Thiet-ke-chua-co-ten-2-150x150.jpg 150w, https:\/\/havigift.com\/wp-content\/uploads\/2024\/09\/Thiet-ke-chua-co-ten-2-768x768.jpg 768w, https:\/\/havigift.com\/wp-content\/uploads\/2024\/09\/Thiet-ke-chua-co-ten-2-12x12.jpg 12w, https:\/\/havigift.com\/wp-content\/uploads\/2024\/09\/Thiet-ke-chua-co-ten-2-600x600.jpg 600w, https:\/\/havigift.com\/wp-content\/uploads\/2024\/09\/Thiet-ke-chua-co-ten-2-100x100.jpg 100w\" sizes=\"auto, (max-width: 900px) 100vw, 900px\" \/><\/p>\n<p><strong>TH\u00d4NG TIN S\u1ea2N PH\u1ea8M:<\/strong><\/p>\n<ul>\n<li><strong>T\u00ean<\/strong>: Balo Du L\u1ecbch D\u00e3 Ngo\u1ea1i In Logo<\/li>\n<li><strong>Ch\u1ea5t li\u1ec7u<\/strong>: V\u1ea3i polyester ch\u1ed1ng th\u1ea5m, ch\u1ecbu l\u1ef1c t\u1ed1t<\/li>\n<li><strong>M\u00e0u s\u1eafc<\/strong>: T\u00f9y ch\u1ecdn theo y\u00eau c\u1ea7u<\/li>\n<li><strong>In \u1ea5n<\/strong>: In logo, h\u00ecnh \u1ea3nh theo thi\u1ebft k\u1ebf y\u00eau c\u1ea7u.<\/li>\n<\/ul>\n<p><strong>Ch\u1ea5t li\u1ec7u cao c\u1ea5p: <\/strong>Balo \u0111\u01b0\u1ee3c l\u00e0m t\u1eeb ch\u1ea5t li\u1ec7u polyester ch\u1ed1ng th\u1ea5m, nh\u1eb9 v\u00e0 b\u1ec1n, b\u1ea3o v\u1ec7 \u0111\u1ed3 \u0111\u1ea1c b\u00ean trong kh\u1ecfi m\u01b0a v\u00e0 b\u1ee5i b\u1ea9n, ph\u00f9 h\u1ee3p cho c\u00e1c chuy\u1ebfn \u0111i d\u00e0i ng\u00e0y v\u00e0 ngo\u00e0i tr\u1eddi.<\/p>\n<p><strong>Thi\u1ebft k\u1ebf th\u00f4ng minh: <\/strong>S\u1ea3n ph\u1ea9m \u0111\u01b0\u1ee3c trang b\u1ecb nhi\u1ec1u ng\u0103n ch\u1ee9a, c\u00f3 ng\u0103n ri\u00eang cho laptop, c\u00e1c v\u1eadt d\u1ee5ng c\u00e1 nh\u00e2n, \u0111\u1ed3 d\u00f9ng d\u00e3 ngo\u1ea1i. D\u00e2y \u0111eo \u00eam \u00e1i v\u00e0 c\u00f3 kh\u1ea3 n\u0103ng \u0111i\u1ec1u ch\u1ec9nh ph\u00f9 h\u1ee3p v\u1edbi v\u00f3c d\u00e1ng ng\u01b0\u1eddi d\u00f9ng, gi\u00fap gi\u1ea3m t\u1ea3i tr\u1ecdng v\u00e0 mang l\u1ea1i c\u1ea3m gi\u00e1c tho\u1ea3i m\u00e1i.<\/p>\n<p><strong>In \u1ea5n logo theo y\u00eau c\u1ea7u: <\/strong>Doanh nghi\u1ec7p c\u00f3 th\u1ec3 t\u00f9y ch\u1ecdn m\u00e0u s\u1eafc, k\u00edch th\u01b0\u1edbc v\u00e0 in logo th\u01b0\u01a1ng hi\u1ec7u m\u1ed9t c\u00e1ch n\u1ed5i b\u1eadt tr\u00ean b\u1ec1 m\u1eb7t balo, gi\u00fap n\u00e2ng cao nh\u1eadn di\u1ec7n th\u01b0\u01a1ng hi\u1ec7u m\u1ed7i khi kh\u00e1ch h\u00e0ng s\u1eed d\u1ee5ng.<\/p>\n<p><strong>Qu\u1ea3ng b\u00e1 th\u01b0\u01a1ng hi\u1ec7u: <\/strong>Balo du l\u1ecbch d\u00e3 ngo\u1ea1i in logo l\u00e0 m\u00f3n qu\u00e0 t\u1eb7ng thi\u1ebft th\u1ef1c v\u00e0 \u0111\u1eb3ng c\u1ea5p, gi\u00fap doanh nghi\u1ec7p t\u0103ng c\u01b0\u1eddng s\u1ef1 hi\u1ec7n di\u1ec7n th\u01b0\u01a1ng hi\u1ec7u tr\u00ean m\u1ecdi h\u00e0nh tr\u00ecnh c\u1ee7a kh\u00e1ch h\u00e0ng, t\u1eeb c\u00e1c bu\u1ed5i d\u00e3 ngo\u1ea1i, c\u00f4ng t\u00e1c \u0111\u1ebfn c\u00e1c chuy\u1ebfn du l\u1ecbch.<\/p>","protected":false},"excerpt":{"rendered":"<p><strong>Balo Du L\u1ecbch D\u00e3 Ngo\u1ea1i In Logo<\/strong> kh\u00f4ng ch\u1ec9 \u0111\u01a1n thu\u1ea7n l\u00e0 m\u1ed9t ph\u1ee5 ki\u1ec7n, m\u00e0 c\u00f2n l\u00e0 bi\u1ec3u t\u01b0\u1ee3ng c\u1ee7a s\u1ef1 b\u1ec1n b\u1ec9 v\u00e0 \u0111\u1ed3ng h\u00e0nh. Thi\u1ebft k\u1ebf th\u1eddi trang, ti\u1ec7n l\u1ee3i v\u00e0 chuy\u00ean nghi\u1ec7p s\u1ebd khi\u1ebfn s\u1ea3n ph\u1ea9m n\u00e0y tr\u1edf th\u00e0nh l\u1ef1a ch\u1ecdn \u01b0u ti\u00ean cho ng\u01b0\u1eddi d\u00f9ng trong m\u1ecdi chuy\u1ebfn \u0111i.<\/p>","protected":false},"featured_media":6152,"comment_status":"open","ping_status":"closed","template":"","meta":{"_acf_changed":false},"product_brand":[],"product_cat":[100],"product_tag":[338],"class_list":{"0":"post-6151","1":"product","2":"type-product","3":"status-publish","4":"has-post-thumbnail","6":"product_cat-balo-in-logo","7":"product_tag-balo-du-lich-da-ngoai","9":"first","10":"instock","11":"shipping-taxable","12":"product-type-simple"},"acf":[],"_links":{"self":[{"href":"https:\/\/havigift.com\/en\/wp-json\/wp\/v2\/product\/6151","targetHints":{"allow":["GET"]}}],"collection":[{"href":"https:\/\/havigift.com\/en\/wp-json\/wp\/v2\/product"}],"about":[{"href":"https:\/\/havigift.com\/en\/wp-json\/wp\/v2\/types\/product"}],"replies":[{"embeddable":true,"href":"https:\/\/havigift.com\/en\/wp-json\/wp\/v2\/comments?post=6151"}],"wp:featuredmedia":[{"embeddable":true,"href":"https:\/\/havigift.com\/en\/wp-json\/wp\/v2\/media\/6152"}],"wp:attachment":[{"href":"https:\/\/havigift.com\/en\/wp-json\/wp\/v2\/media?parent=6151"}],"wp:term":[{"taxonomy":"product_brand","embeddable":true,"href":"https:\/\/havigift.com\/en\/wp-json\/wp\/v2\/product_brand?post=6151"},{"taxonomy":"product_cat","embeddable":true,"href":"https:\/\/havigift.com\/en\/wp-json\/wp\/v2\/product_cat?post=6151"},{"taxonomy":"product_tag","embeddable":true,"href":"https:\/\/havigift.com\/en\/wp-json\/wp\/v2\/product_tag?post=6151"}],"curies":[{"name":"wp","href":"https:\/\/api.w.org\/{rel}","templated":true}]}}