{"id":6110,"date":"2024-08-30T08:45:00","date_gmt":"2024-08-30T08:45:00","guid":{"rendered":"https:\/\/havigift.com\/?post_type=product&#038;p=6110"},"modified":"2024-08-30T08:45:00","modified_gmt":"2024-08-30T08:45:00","slug":"hop-da-cao-cap-dung-trang-suc-havigift","status":"publish","type":"product","link":"https:\/\/havigift.com\/en\/product\/hop-da-cao-cap-dung-trang-suc-havigift\/","title":{"rendered":"H\u1ed9p da cao c\u1ea5p \u0111\u1ef1ng trang s\u1ee9c Havigift"},"content":{"rendered":"<p>H\u1ed9p da cao c\u1ea5p \u0111\u1ef1ng trang s\u1ee9c Havigift l\u00e0 m\u00f3n qu\u00e0 \u00fd ngh\u0129a d\u00e0nh t\u1eb7ng cho ng\u01b0\u1eddi th\u00e2n, b\u1ea1n b\u00e8 trong c\u00e1c d\u1ecbp \u0111\u1eb7c bi\u1ec7t. Gi\u00fap b\u1ea3o qu\u1ea3n trang s\u1ee9c an to\u00e0n, tr\u00e1nh th\u1ea5t l\u1ea1c v\u00e0 h\u01b0 h\u1ecfng. L\u00e0m t\u0103ng th\u00eam gi\u00e1 tr\u1ecb cho b\u1ed9 s\u01b0u t\u1eadp trang s\u1ee9c c\u1ee7a b\u1ea1n. V\u1edbi ng\u0103n \u0111\u1ef1ng \u0111a n\u0103ng, ph\u00f9 h\u1ee3p v\u1edbi nhi\u1ec1u lo\u1ea1i trang s\u1ee9c nh\u01b0 v\u00f2ng tay, d\u00e2y chuy\u1ec1n, nh\u1eabn, b\u00f4ng tai&#8230;L\u1edbp l\u00f3t nhung m\u1ec1m m\u1ea1i, b\u1ea3o v\u1ec7 trang s\u1ee9c kh\u1ecfi tr\u1ea7y x\u01b0\u1edbc v\u00e0 gi\u1eef cho ch\u00fang lu\u00f4n s\u00e1ng b\u00f3ng.<\/p>\n<p><strong>TH\u00d4NG TIN S\u1ea2N PH\u1ea8M:<\/strong><\/p>\n<ul>\n<li>Th\u01b0\u01a1ng hi\u1ec7u: <a href=\"http:\/\/havigift.com\/en\/\">Havigift\u00a0<\/a><\/li>\n<li>T\u00ean: H\u1ed9p da cao c\u1ea5p \u0111\u1ef1ng trang s\u1ee9c<\/li>\n<li>Ch\u00e2\u0301t li\u00ea\u0323u: B\u1ecdc da<\/li>\n<li>Ma\u0300u s\u1eafc: T\u00f9y ch\u1ecdn<\/li>\n<li>In \u1ea5n: in logo, h\u00ecnh \u1ea3nh \u0111a m\u00e0u s\u1eafc theo y\u00eau c\u1ea7u.<\/li>\n<li><span class=\"text\">Cam k\u1ebft: Gi\u00e1 t\u1ed1t nh\u1ea5t, mi\u1ec5n ph\u00ed thi\u1ebft k\u1ebf logo, s\u1ea3n ph\u1ea9m \u0111\u1eb9p, ch\u1ea5t l\u01b0\u1ee3ng, giao h\u00e0ng \u0111\u00fang h\u1eb9n, \u0111\u1ed5i tr\u1ea3, \u0111\u1ec1n b\u00f9 n\u1ebfu c\u00f3 l\u1ed7i, t\u01b0 v\u1ea5n nhi\u1ec7t t\u00ecnh \u2013 Ph\u1ee5c v\u1ee5 t\u1eadn t\u00e2m.<\/span><\/li>\n<li>S\u1ed1 l\u01b0\u1ee3ng: Kh\u00f4ng y\u00eau c\u1ea7u s\u1ed1 l\u01b0\u1ee3ng t\u1ed1i thi\u1ec3u<\/li>\n<\/ul>","protected":false},"excerpt":{"rendered":"<p>H\u1ed9p da cao c\u1ea5p \u0111\u1ef1ng trang s\u1ee9c Havigift l\u00e0 m\u00f3n qu\u00e0 \u00fd ngh\u0129a d\u00e0nh t\u1eb7ng cho ng\u01b0\u1eddi th\u00e2n, b\u1ea1n b\u00e8 trong c\u00e1c d\u1ecbp \u0111\u1eb7c bi\u1ec7t. Gi\u00fap b\u1ea3o qu\u1ea3n trang s\u1ee9c an to\u00e0n, tr\u00e1nh th\u1ea5t l\u1ea1c v\u00e0 h\u01b0 h\u1ecfng. L\u00e0m t\u0103ng th\u00eam gi\u00e1 tr\u1ecb cho b\u1ed9 s\u01b0u t\u1eadp trang s\u1ee9c c\u1ee7a b\u1ea1n. V\u1edbi ng\u0103n \u0111\u1ef1ng \u0111a n\u0103ng, ph\u00f9 h\u1ee3p v\u1edbi nhi\u1ec1u lo\u1ea1i trang s\u1ee9c nh\u01b0 v\u00f2ng tay, d\u00e2y chuy\u1ec1n, nh\u1eabn, b\u00f4ng tai&#8230;L\u1edbp l\u00f3t nhung m\u1ec1m m\u1ea1i, b\u1ea3o v\u1ec7 trang s\u1ee9c kh\u1ecfi tr\u1ea7y x\u01b0\u1edbc v\u00e0 gi\u1eef cho ch\u00fang lu\u00f4n s\u00e1ng b\u00f3ng.<\/p>","protected":false},"featured_media":6113,"comment_status":"open","ping_status":"closed","template":"","meta":{"_acf_changed":false},"product_brand":[],"product_cat":[297],"product_tag":[309,310],"class_list":{"0":"post-6110","1":"product","2":"type-product","3":"status-publish","4":"has-post-thumbnail","6":"product_cat-hop-da-cao-cap","7":"product_tag-hop-da-cao-cap","8":"product_tag-hop-da-dung-trang-suc-cao-cap","10":"first","11":"instock","12":"shipping-taxable","13":"product-type-simple"},"acf":[],"_links":{"self":[{"href":"https:\/\/havigift.com\/en\/wp-json\/wp\/v2\/product\/6110","targetHints":{"allow":["GET"]}}],"collection":[{"href":"https:\/\/havigift.com\/en\/wp-json\/wp\/v2\/product"}],"about":[{"href":"https:\/\/havigift.com\/en\/wp-json\/wp\/v2\/types\/product"}],"replies":[{"embeddable":true,"href":"https:\/\/havigift.com\/en\/wp-json\/wp\/v2\/comments?post=6110"}],"wp:featuredmedia":[{"embeddable":true,"href":"https:\/\/havigift.com\/en\/wp-json\/wp\/v2\/media\/6113"}],"wp:attachment":[{"href":"https:\/\/havigift.com\/en\/wp-json\/wp\/v2\/media?parent=6110"}],"wp:term":[{"taxonomy":"product_brand","embeddable":true,"href":"https:\/\/havigift.com\/en\/wp-json\/wp\/v2\/product_brand?post=6110"},{"taxonomy":"product_cat","embeddable":true,"href":"https:\/\/havigift.com\/en\/wp-json\/wp\/v2\/product_cat?post=6110"},{"taxonomy":"product_tag","embeddable":true,"href":"https:\/\/havigift.com\/en\/wp-json\/wp\/v2\/product_tag?post=6110"}],"curies":[{"name":"wp","href":"https:\/\/api.w.org\/{rel}","templated":true}]}}