{"id":5969,"date":"2024-08-21T07:12:13","date_gmt":"2024-08-21T07:12:13","guid":{"rendered":"https:\/\/havigift.com\/?post_type=product&#038;p=5969"},"modified":"2024-08-21T07:16:13","modified_gmt":"2024-08-21T07:16:13","slug":"du-cam-tay-in-logo-havigift","status":"publish","type":"product","link":"https:\/\/havigift.com\/en\/product\/du-cam-tay-in-logo-havigift\/","title":{"rendered":"D\u00f9 c\u1ea7m tay in logo HAVIGift"},"content":{"rendered":"<p>D\u00f9 c\u1ea7m tay in logo l\u00e0 m\u1ed9t trong nh\u1eefng m\u00f3n qu\u00e0 doanh nghi\u1ec7p ph\u1ed5 bi\u1ebfn, v\u1eeba thi\u1ebft th\u1ef1c v\u1eeba mang t\u00ednh qu\u1ea3ng b\u00e1 th\u01b0\u01a1ng hi\u1ec7u cao. V\u1edbi thi\u1ebft k\u1ebf nh\u1ecf g\u1ecdn, sang tr\u1ecdng v\u00e0 kh\u1ea3 n\u0103ng che ch\u1eafn hi\u1ec7u qu\u1ea3, s\u1ea3n ph\u1ea9m n\u00e0y kh\u00f4ng ch\u1ec9 gi\u00fap b\u1ea3o v\u1ec7 ng\u01b0\u1eddi d\u00f9ng tr\u01b0\u1edbc th\u1eddi ti\u1ebft m\u00e0 c\u00f2n l\u00e0 c\u00f4ng c\u1ee5 ti\u1ebfp th\u1ecb h\u1eefu hi\u1ec7u, t\u1ea1o d\u1ea5u \u1ea5n l\u00e2u d\u00e0i v\u1edbi kh\u00e1ch h\u00e0ng.<\/p>\n<p>D\u00f9 c\u1ea7m tay in logo kh\u00f4ng ch\u1ec9 l\u00e0 m\u1ed9t s\u1ea3n ph\u1ea9m, m\u00e0 c\u00f2n l\u00e0 m\u1ed9t th\u00f4ng \u0111i\u1ec7p: \u201cCh\u00fang t\u00f4i lu\u00f4n \u0111\u1ed3ng h\u00e0nh c\u00f9ng b\u1ea1n\u201d. Thi\u1ebft k\u1ebf nh\u1ecf g\u1ecdn, d\u1ec5 d\u00e0ng mang theo, chi\u1ebfc d\u00f9 ch\u1eafc ch\u1eafn s\u1ebd tr\u1edf th\u00e0nh ng\u01b0\u1eddi b\u1ea1n \u0111\u1ed3ng h\u00e0nh tin c\u1eady trong m\u1ecdi chuy\u1ebfn \u0111i.\u201d<\/p>\n<p><img loading=\"lazy\" decoding=\"async\" class=\"aligncenter wp-image-5973 size-medium\" src=\"http:\/\/havigift.com\/wp-content\/uploads\/2024\/08\/in-logo-o-du-theo-yeu-cau-3-300x300.jpg\" alt=\"D\u00f9 c\u1ea7m tay in logo HAVIGift\" width=\"300\" height=\"300\" srcset=\"https:\/\/havigift.com\/wp-content\/uploads\/2024\/08\/in-logo-o-du-theo-yeu-cau-3-300x300.jpg 300w, https:\/\/havigift.com\/wp-content\/uploads\/2024\/08\/in-logo-o-du-theo-yeu-cau-3-150x150.jpg 150w, https:\/\/havigift.com\/wp-content\/uploads\/2024\/08\/in-logo-o-du-theo-yeu-cau-3-768x768.jpg 768w, https:\/\/havigift.com\/wp-content\/uploads\/2024\/08\/in-logo-o-du-theo-yeu-cau-3-12x12.jpg 12w, https:\/\/havigift.com\/wp-content\/uploads\/2024\/08\/in-logo-o-du-theo-yeu-cau-3-600x600.jpg 600w, https:\/\/havigift.com\/wp-content\/uploads\/2024\/08\/in-logo-o-du-theo-yeu-cau-3-100x100.jpg 100w, https:\/\/havigift.com\/wp-content\/uploads\/2024\/08\/in-logo-o-du-theo-yeu-cau-3.jpg 800w\" sizes=\"auto, (max-width: 300px) 100vw, 300px\" \/><\/p>\n<p><strong>TH\u00d4NG TIN S\u1ea2N PH\u1ea8M:<\/strong><\/p>\n<ul>\n<li>T\u00ean: D\u00f9 C\u1ea7m Tay In Logo<\/li>\n<li>Ch\u00e2\u0301t li\u00ea\u0323u: V\u1ea3i d\u00f9 ch\u1ed1ng th\u1ea5m<\/li>\n<li>Ma\u0300u s\u1eafc: T\u00f9y ch\u1ecdn<\/li>\n<li>In \u1ea5n: in logo, h\u00ecnh \u1ea3nh \u0111a m\u00e0u s\u1eafc theo y\u00eau c\u1ea7u.<\/li>\n<\/ul>\n<p><strong>Ch\u1ea5t li\u1ec7u cao c\u1ea5p<\/strong>: D\u00f9 \u0111\u01b0\u1ee3c l\u00e0m t\u1eeb v\u1ea3i ch\u1ed1ng th\u1ea5m, b\u1ec1n b\u1ec9 v\u00e0 d\u1ec5 d\u00e0ng g\u1ea5p g\u1ecdn, ti\u1ec7n l\u1ee3i cho vi\u1ec7c mang theo.<\/p>\n<p><strong>Thi\u1ebft k\u1ebf th\u00f4ng minh<\/strong>: C\u00e1n d\u00f9 ch\u1eafc ch\u1eafn, tay c\u1ea7m \u00eam \u00e1i, c\u01a1 ch\u1ebf m\u1edf \u0111\u00f3ng t\u1ef1 \u0111\u1ed9ng gi\u00fap ng\u01b0\u1eddi d\u00f9ng s\u1eed d\u1ee5ng d\u1ec5 d\u00e0ng.<\/p>\n<p><strong>In \u1ea5n logo theo y\u00eau c\u1ea7u<\/strong>: Kh\u00e1ch h\u00e0ng c\u00f3 th\u1ec3 t\u00f9y ch\u1ecdn m\u00e0u s\u1eafc, k\u00edch th\u01b0\u1edbc d\u00f9 v\u00e0 thi\u1ebft k\u1ebf logo ri\u00eang \u0111\u1ec3 in l\u00ean b\u1ec1 m\u1eb7t d\u00f9, \u0111\u1ea3m b\u1ea3o s\u1ef1 n\u1ed5i b\u1eadt v\u00e0 chuy\u00ean nghi\u1ec7p.<\/p>\n<p><strong>Qu\u1ea3ng b\u00e1 th\u01b0\u01a1ng hi\u1ec7u<\/strong>: D\u00f9 c\u1ea7m tay in logo kh\u00f4ng ch\u1ec9 l\u00e0 m\u00f3n qu\u00e0 h\u1eefu \u00edch m\u00e0 c\u00f2n gi\u00fap t\u0103ng c\u01b0\u1eddng nh\u1eadn di\u1ec7n th\u01b0\u01a1ng hi\u1ec7u c\u1ee7a doanh nghi\u1ec7p m\u1ed7i khi kh\u00e1ch h\u00e0ng s\u1eed d\u1ee5ng.<\/p>","protected":false},"excerpt":{"rendered":"<p>D\u00f9 c\u1ea7m tay in logo l\u00e0 m\u1ed9t trong nh\u1eefng m\u00f3n qu\u00e0 doanh nghi\u1ec7p ph\u1ed5 bi\u1ebfn, v\u1eeba thi\u1ebft th\u1ef1c v\u1eeba mang t\u00ednh qu\u1ea3ng b\u00e1 th\u01b0\u01a1ng hi\u1ec7u cao. V\u1edbi thi\u1ebft k\u1ebf nh\u1ecf g\u1ecdn, sang tr\u1ecdng v\u00e0 kh\u1ea3 n\u0103ng che ch\u1eafn hi\u1ec7u qu\u1ea3, s\u1ea3n ph\u1ea9m n\u00e0y kh\u00f4ng ch\u1ec9 gi\u00fap b\u1ea3o v\u1ec7 ng\u01b0\u1eddi d\u00f9ng tr\u01b0\u1edbc th\u1eddi ti\u1ebft m\u00e0 c\u00f2n l\u00e0 c\u00f4ng c\u1ee5 ti\u1ebfp th\u1ecb h\u1eefu hi\u1ec7u, t\u1ea1o d\u1ea5u \u1ea5n l\u00e2u d\u00e0i v\u1edbi kh\u00e1ch h\u00e0ng.<\/p>","protected":false},"featured_media":5973,"comment_status":"open","ping_status":"closed","template":"","meta":{"_acf_changed":false},"product_brand":[],"product_cat":[324],"product_tag":[],"class_list":{"0":"post-5969","1":"product","2":"type-product","3":"status-publish","4":"has-post-thumbnail","6":"product_cat-qua-tang-cao-cap","8":"first","9":"instock","10":"shipping-taxable","11":"product-type-simple"},"acf":[],"_links":{"self":[{"href":"https:\/\/havigift.com\/en\/wp-json\/wp\/v2\/product\/5969","targetHints":{"allow":["GET"]}}],"collection":[{"href":"https:\/\/havigift.com\/en\/wp-json\/wp\/v2\/product"}],"about":[{"href":"https:\/\/havigift.com\/en\/wp-json\/wp\/v2\/types\/product"}],"replies":[{"embeddable":true,"href":"https:\/\/havigift.com\/en\/wp-json\/wp\/v2\/comments?post=5969"}],"wp:featuredmedia":[{"embeddable":true,"href":"https:\/\/havigift.com\/en\/wp-json\/wp\/v2\/media\/5973"}],"wp:attachment":[{"href":"https:\/\/havigift.com\/en\/wp-json\/wp\/v2\/media?parent=5969"}],"wp:term":[{"taxonomy":"product_brand","embeddable":true,"href":"https:\/\/havigift.com\/en\/wp-json\/wp\/v2\/product_brand?post=5969"},{"taxonomy":"product_cat","embeddable":true,"href":"https:\/\/havigift.com\/en\/wp-json\/wp\/v2\/product_cat?post=5969"},{"taxonomy":"product_tag","embeddable":true,"href":"https:\/\/havigift.com\/en\/wp-json\/wp\/v2\/product_tag?post=5969"}],"curies":[{"name":"wp","href":"https:\/\/api.w.org\/{rel}","templated":true}]}}