{"id":5966,"date":"2024-08-21T06:54:28","date_gmt":"2024-08-21T06:54:28","guid":{"rendered":"https:\/\/havigift.com\/?post_type=product&#038;p=5966"},"modified":"2024-08-21T07:00:38","modified_gmt":"2024-08-21T07:00:38","slug":"du-cam-tay-in-logo","status":"publish","type":"product","link":"https:\/\/havigift.com\/en\/product\/du-cam-tay-in-logo\/","title":{"rendered":"D\u00f9 C\u1ea7m Tay In Logo"},"content":{"rendered":"<p>D\u00f9 c\u1ea7m tay in logo l\u00e0 m\u1ed9t trong nh\u1eefng m\u00f3n qu\u00e0 doanh nghi\u1ec7p ph\u1ed5 bi\u1ebfn, v\u1eeba thi\u1ebft th\u1ef1c v\u1eeba mang t\u00ednh qu\u1ea3ng b\u00e1 th\u01b0\u01a1ng hi\u1ec7u cao. V\u1edbi thi\u1ebft k\u1ebf nh\u1ecf g\u1ecdn, sang tr\u1ecdng v\u00e0 kh\u1ea3 n\u0103ng che ch\u1eafn hi\u1ec7u qu\u1ea3, s\u1ea3n ph\u1ea9m n\u00e0y kh\u00f4ng ch\u1ec9 gi\u00fap b\u1ea3o v\u1ec7 ng\u01b0\u1eddi d\u00f9ng tr\u01b0\u1edbc th\u1eddi ti\u1ebft m\u00e0 c\u00f2n l\u00e0 c\u00f4ng c\u1ee5 ti\u1ebfp th\u1ecb h\u1eefu hi\u1ec7u, t\u1ea1o d\u1ea5u \u1ea5n l\u00e2u d\u00e0i v\u1edbi kh\u00e1ch h\u00e0ng.<\/p>\n<p>D\u00f9 c\u1ea7m tay in logo kh\u00f4ng ch\u1ec9 l\u00e0 m\u1ed9t s\u1ea3n ph\u1ea9m, m\u00e0 c\u00f2n l\u00e0 m\u1ed9t th\u00f4ng \u0111i\u1ec7p: &#8220;Ch\u00fang t\u00f4i lu\u00f4n \u0111\u1ed3ng h\u00e0nh c\u00f9ng b\u1ea1n&#8221;. Thi\u1ebft k\u1ebf nh\u1ecf g\u1ecdn, d\u1ec5 d\u00e0ng mang theo, chi\u1ebfc d\u00f9 ch\u1eafc ch\u1eafn s\u1ebd tr\u1edf th\u00e0nh ng\u01b0\u1eddi b\u1ea1n \u0111\u1ed3ng h\u00e0nh tin c\u1eady trong m\u1ecdi chuy\u1ebfn \u0111i.&#8221;<\/p>\n<p><img loading=\"lazy\" decoding=\"async\" class=\"size-medium wp-image-5967 aligncenter\" src=\"http:\/\/havigift.com\/wp-content\/uploads\/2024\/08\/du-300x169.jpg\" alt=\"d\u00f9 c\u1ea7m tay in logo\" width=\"300\" height=\"169\" srcset=\"https:\/\/havigift.com\/wp-content\/uploads\/2024\/08\/du-300x169.jpg 300w, https:\/\/havigift.com\/wp-content\/uploads\/2024\/08\/du-18x10.jpg 18w, https:\/\/havigift.com\/wp-content\/uploads\/2024\/08\/du.jpg 556w\" sizes=\"auto, (max-width: 300px) 100vw, 300px\" \/><\/p>\n<p><strong>TH\u00d4NG TIN S\u1ea2N PH\u1ea8M:<\/strong><\/p>\n<ul>\n<li>T\u00ean: D\u00f9 C\u1ea7m Tay In Logo<\/li>\n<li>Ch\u00e2\u0301t li\u00ea\u0323u: V\u1ea3i d\u00f9 ch\u1ed1ng th\u1ea5m<\/li>\n<li>Ma\u0300u s\u1eafc: T\u00f9y ch\u1ecdn<\/li>\n<li>In \u1ea5n: in logo, h\u00ecnh \u1ea3nh \u0111a m\u00e0u s\u1eafc theo y\u00eau c\u1ea7u.<\/li>\n<li><span class=\"text\">Cam k\u1ebft: Gi\u00e1 t\u1ed1t nh\u1ea5t, mi\u1ec5n ph\u00ed thi\u1ebft k\u1ebf logo, s\u1ea3n ph\u1ea9m \u0111\u1eb9p, ch\u1ea5t l\u01b0\u1ee3ng, giao h\u00e0ng \u0111\u00fang h\u1eb9n, \u0111\u1ed5i tr\u1ea3, \u0111\u1ec1n b\u00f9 n\u1ebfu c\u00f3 l\u1ed7i, t\u01b0 v\u1ea5n nhi\u1ec7t t\u00ecnh \u2013 Ph\u1ee5c v\u1ee5 t\u1eadn t\u00e2m.<\/span><\/li>\n<li>S\u1ed1 l\u01b0\u1ee3ng: Kh\u00f4ng y\u00eau c\u1ea7u s\u1ed1 l\u01b0\u1ee3ng t\u1ed1i thi\u1ec3u<\/li>\n<\/ul>\n<div id=\"messageView\" class=\"message-view\" tabindex=\"21\">\n<div id=\"messageViewContainer\" class=\"message-view__scroll\">\n<div id=\"messageViewScroll\" class=\"message-view__scroll__inner --less-space preview-ts  fadeInAndOut\">\n<div class=\"block-date\">\n<div class=\"chat-item flx me\">\n<div class=\"chat-content flx flx-col flx-cell\">\n<div id=\"bb_msg_id_1724223516384\" class=\"chat-message wrap-message rotate-container me  -send-time -reaction bubble-jump-target\" data-node-type=\"bubble-message\">\n<div class=\"\">\n<div class=\"card card-with-reaction-v2  me  last-msg has-status  card--text\" data-id=\"div_LastSentMsg_Text\">\n<div>\n<div class=\"card-send-time flx flx-al-c flx-1 me   preview-ts__first-msg\">D\u00f9 c\u1ea7m tay in logo kh\u00f4ng ch\u1ec9 l\u00e0 m\u1ed9t s\u1ea3n ph\u1ea9m, m\u00e0 c\u00f2n l\u00e0 m\u1ed9t th\u00f4ng \u0111i\u1ec7p: &#8220;Ch\u00fang t\u00f4i lu\u00f4n \u0111\u1ed3ng h\u00e0nh c\u00f9ng b\u1ea1n&#8221;. Thi\u1ebft k\u1ebf nh\u1ecf g\u1ecdn, d\u1ec5 d\u00e0ng mang theo, chi\u1ebfc d\u00f9 ch\u1eafc ch\u1eafn s\u1ebd tr\u1edf th\u00e0nh ng\u01b0\u1eddi b\u1ea1n \u0111\u1ed3ng h\u00e0nh tin c\u1eady trong m\u1ecdi chuy\u1ebfn \u0111i.&#8221;<\/div>\n<\/div>\n<div class=\"message-reaction-container message-reaction-container-v2 has-send-time  me  show-react-btn\">\n<div id=\"reaction-btn-5752358127994\" data-id=\"btn_LastSentMsg_React\"><\/div>\n<\/div>\n<\/div>\n<\/div>\n<\/div>\n<\/div>\n<\/div>\n<\/div>\n<\/div>\n<\/div>\n<\/div>\n<div id=\"chat-box-input-container-id\" class=\"chat-box-input-container\">\n<div id=\"chat-box-bar-id\" class=\"chat-box-bar\">\n<div class=\"right-chat-box-bar\"><\/div>\n<\/div>\n<div id=\"chatInput\" class=\"chat-box-input--audit-2023 chat-box-input--to-focus win32\">\n<div class=\"chat-box-input--audit-2023__heading\"><\/div>\n<div id=\"chat-input-container-id\" class=\"chat-input-container--audit-2023\">\n<div class=\"chat-input-container--audit-2023__left-layout\">\n<div id=\"chat-input-scroller-id\" class=\"chat-input-scrollable\">\n<div class=\"chat-input-wrapper\">\n<div id=\"chat-input-content-id\" class=\"chat-input-content\">\n<div id=\"richInput\" class=\"rich-input empty\" tabindex=\"1\" contenteditable=\"false\" spellcheck=\"false\" data-keybinding-context=\"mainChatInputFocus#1\" data-translate-placeholder=\"STR_MESSAGE_TO\" data-trailer=\"Cloud c\u1ee7a t\u00f4i\">\n<div id=\"input_line_0\"><\/div>\n<\/div>\n<\/div>\n<\/div>\n<\/div>\n<\/div>\n<\/div>\n<\/div>\n<\/div>\n<p>&nbsp;<\/p>","protected":false},"excerpt":{"rendered":"<p>D\u00f9 c\u1ea7m tay in logo kh\u00f4ng ch\u1ec9 l\u00e0 m\u1ed9t s\u1ea3n ph\u1ea9m, m\u00e0 c\u00f2n l\u00e0 m\u1ed9t th\u00f4ng \u0111i\u1ec7p: &#8220;Ch\u00fang t\u00f4i lu\u00f4n \u0111\u1ed3ng h\u00e0nh c\u00f9ng b\u1ea1n&#8221;. Thi\u1ebft k\u1ebf nh\u1ecf g\u1ecdn, d\u1ec5 d\u00e0ng mang theo, chi\u1ebfc d\u00f9 ch\u1eafc ch\u1eafn s\u1ebd tr\u1edf th\u00e0nh ng\u01b0\u1eddi b\u1ea1n \u0111\u1ed3ng h\u00e0nh tin c\u1eady trong m\u1ecdi chuy\u1ebfn \u0111i.&#8221;<\/p>","protected":false},"featured_media":5967,"comment_status":"open","ping_status":"closed","template":"","meta":{"_acf_changed":false},"product_brand":[],"product_cat":[324],"product_tag":[271,272],"class_list":{"0":"post-5966","1":"product","2":"type-product","3":"status-publish","4":"has-post-thumbnail","6":"product_cat-qua-tang-cao-cap","7":"product_tag-du-cam-tay-in-logo","8":"product_tag-o-du-in-logo","10":"first","11":"instock","12":"shipping-taxable","13":"product-type-simple"},"acf":[],"_links":{"self":[{"href":"https:\/\/havigift.com\/en\/wp-json\/wp\/v2\/product\/5966","targetHints":{"allow":["GET"]}}],"collection":[{"href":"https:\/\/havigift.com\/en\/wp-json\/wp\/v2\/product"}],"about":[{"href":"https:\/\/havigift.com\/en\/wp-json\/wp\/v2\/types\/product"}],"replies":[{"embeddable":true,"href":"https:\/\/havigift.com\/en\/wp-json\/wp\/v2\/comments?post=5966"}],"wp:featuredmedia":[{"embeddable":true,"href":"https:\/\/havigift.com\/en\/wp-json\/wp\/v2\/media\/5967"}],"wp:attachment":[{"href":"https:\/\/havigift.com\/en\/wp-json\/wp\/v2\/media?parent=5966"}],"wp:term":[{"taxonomy":"product_brand","embeddable":true,"href":"https:\/\/havigift.com\/en\/wp-json\/wp\/v2\/product_brand?post=5966"},{"taxonomy":"product_cat","embeddable":true,"href":"https:\/\/havigift.com\/en\/wp-json\/wp\/v2\/product_cat?post=5966"},{"taxonomy":"product_tag","embeddable":true,"href":"https:\/\/havigift.com\/en\/wp-json\/wp\/v2\/product_tag?post=5966"}],"curies":[{"name":"wp","href":"https:\/\/api.w.org\/{rel}","templated":true}]}}