{"id":5361,"date":"2024-05-06T10:18:56","date_gmt":"2024-05-06T10:18:56","guid":{"rendered":"https:\/\/havigift.com\/?post_type=product&#038;p=5361"},"modified":"2024-09-21T08:55:02","modified_gmt":"2024-09-21T08:55:02","slug":"set-qua-ta%cc%a3ng-but-bi-cho-hoc-sinh-havi15","status":"publish","type":"product","link":"https:\/\/havigift.com\/en\/product\/set-qua-ta%cc%a3ng-but-bi-cho-hoc-sinh-havi15\/","title":{"rendered":"Set Qua\u0300 T\u0103\u0323ng B\u00fat Bi Cho H\u1ecdc Sinh HAVI15"},"content":{"rendered":"<h2><strong>Set Qua\u0300 T\u0103\u0323ng B\u00fat Bi Cho H\u1ecdc Sinh HAVI15 G\u00f4\u0300m: Bu\u0301t Bi Nh\u01b0\u0323a, Bu\u0301t Chi\u0300 Va\u0300 Cu\u0323c T\u00e2\u0309y<\/strong><\/h2>\n<p>Set Qua\u0300 T\u0103\u0323ng B\u00fat Bi Cho H\u1ecdc Sinh HAVI15 la\u0300 m\u00f4\u0323t b\u00f4\u0323 combo phu\u0300 h\u01a1\u0323p v\u01a1\u0301i t\u00e2\u0301t ca\u0309 ca\u0301c \u0111\u00f4\u0301i t\u01b0\u01a1\u0323ng kha\u0301ch ha\u0300ng, t\u01b0\u0300 nh\u00e2n vi\u00ean v\u0103n pho\u0300ng ca\u0301c doanh nghi\u00ea\u0323p, \u0111\u00ea\u0301n ho\u0323c sinh, sinh vi\u00ean ca\u0301c tr\u01b0\u01a1\u0300ng, ca\u0301c trung t\u00e2m ngoa\u0323i ng\u01b0\u0303\u2026<\/p>\n<p>T\u1ea5t c\u1ea3 \u0111\u1ec1u \u0111\u01b0\u1ee3c in \u00e2\u0301n logo va\u0300 n\u00f4\u0323i dung theo y\u00eau c\u1ea7u,v\u01a1\u0301i x\u01b0\u01a1\u0309ng in \u0111\u1ea7u t\u01b0 nhi\u00ea\u0300u ma\u0301y mo\u0301c va\u0300 a\u0301p du\u0323ng c\u00f4ng ngh\u1ec7 in hi\u1ec7n \u0111\u1ea1i, chu\u0301ng t\u00f4i lu\u00f4n cam k\u00ea\u0301t mang l\u1ea1i gi\u00e1 tr\u1ecb t\u1ed1t nh\u1ea5t cho quy\u0301 kha\u0301ch ha\u0300ng.<\/p>\n<p>S\u1eed d\u1ee5ng b\u1ed9 qu\u00e0 t\u1eb7ng Set Qua\u0300 T\u0103\u0323ng B\u00fat Bi Cho H\u1ecdc Sinh HAVI15 in logo r\u1ea5t th\u00edch h\u1ee3p l\u00e0m qu\u00e0 t\u1eb7ng s\u1ef1 ki\u1ec7n, qu\u00e0 t\u1eb7ng h\u1ed9i ngh\u1ecb, h\u1ed9i th\u1ea3o kh\u00e1ch h\u00e0ng, ph\u00f9 h\u1ee3p v\u1edbi gi\u00e1 tr\u1ecb mang l\u1ea1i, \u0111\u00e1p \u1ee9ng \u0111\u01b0\u1ee3c ch\u1ec9 ti\u00eau th\u1ea9m m\u1ef9, \u0111\u1ed9c \u0111\u00e1o v\u00e0 t\u1ea1o d\u1ea5u \u1ea5n ri\u00eang cho m\u1ed9t th\u01b0\u01a1ng hi\u1ec7u.<\/p>\n<p><img loading=\"lazy\" decoding=\"async\" class=\"aligncenter wp-image-5362 size-full\" src=\"http:\/\/havigift.com\/wp-content\/uploads\/2024\/05\/bo-qua-tang-giftset-cho-hoc-sinh-sinh-vien-1.jpg\" alt=\"bo-qua-tang-giftset-cho-hoc-sinh-sinh-vien-1\" width=\"2400\" height=\"2400\" srcset=\"https:\/\/havigift.com\/wp-content\/uploads\/2024\/05\/bo-qua-tang-giftset-cho-hoc-sinh-sinh-vien-1.jpg 2400w, https:\/\/havigift.com\/wp-content\/uploads\/2024\/05\/bo-qua-tang-giftset-cho-hoc-sinh-sinh-vien-1-300x300.jpg 300w, https:\/\/havigift.com\/wp-content\/uploads\/2024\/05\/bo-qua-tang-giftset-cho-hoc-sinh-sinh-vien-1-1024x1024.jpg 1024w, https:\/\/havigift.com\/wp-content\/uploads\/2024\/05\/bo-qua-tang-giftset-cho-hoc-sinh-sinh-vien-1-150x150.jpg 150w, https:\/\/havigift.com\/wp-content\/uploads\/2024\/05\/bo-qua-tang-giftset-cho-hoc-sinh-sinh-vien-1-768x768.jpg 768w, https:\/\/havigift.com\/wp-content\/uploads\/2024\/05\/bo-qua-tang-giftset-cho-hoc-sinh-sinh-vien-1-1536x1536.jpg 1536w, https:\/\/havigift.com\/wp-content\/uploads\/2024\/05\/bo-qua-tang-giftset-cho-hoc-sinh-sinh-vien-1-2048x2048.jpg 2048w, https:\/\/havigift.com\/wp-content\/uploads\/2024\/05\/bo-qua-tang-giftset-cho-hoc-sinh-sinh-vien-1-12x12.jpg 12w, https:\/\/havigift.com\/wp-content\/uploads\/2024\/05\/bo-qua-tang-giftset-cho-hoc-sinh-sinh-vien-1-600x600.jpg 600w, https:\/\/havigift.com\/wp-content\/uploads\/2024\/05\/bo-qua-tang-giftset-cho-hoc-sinh-sinh-vien-1-100x100.jpg 100w\" sizes=\"auto, (max-width: 2400px) 100vw, 2400px\" \/> <img loading=\"lazy\" decoding=\"async\" class=\"aligncenter wp-image-5363 size-full\" src=\"http:\/\/havigift.com\/wp-content\/uploads\/2024\/05\/bo-qua-tang-giftset-cho-hoc-sinh-sinh-vien-2.jpg\" alt=\"bo-qua-tang-giftset-cho-hoc-sinh-sinh-vien-2\" width=\"2400\" height=\"2390\" srcset=\"https:\/\/havigift.com\/wp-content\/uploads\/2024\/05\/bo-qua-tang-giftset-cho-hoc-sinh-sinh-vien-2.jpg 2400w, https:\/\/havigift.com\/wp-content\/uploads\/2024\/05\/bo-qua-tang-giftset-cho-hoc-sinh-sinh-vien-2-300x300.jpg 300w, https:\/\/havigift.com\/wp-content\/uploads\/2024\/05\/bo-qua-tang-giftset-cho-hoc-sinh-sinh-vien-2-1024x1020.jpg 1024w, https:\/\/havigift.com\/wp-content\/uploads\/2024\/05\/bo-qua-tang-giftset-cho-hoc-sinh-sinh-vien-2-150x150.jpg 150w, https:\/\/havigift.com\/wp-content\/uploads\/2024\/05\/bo-qua-tang-giftset-cho-hoc-sinh-sinh-vien-2-768x765.jpg 768w, https:\/\/havigift.com\/wp-content\/uploads\/2024\/05\/bo-qua-tang-giftset-cho-hoc-sinh-sinh-vien-2-1536x1530.jpg 1536w, https:\/\/havigift.com\/wp-content\/uploads\/2024\/05\/bo-qua-tang-giftset-cho-hoc-sinh-sinh-vien-2-2048x2039.jpg 2048w, https:\/\/havigift.com\/wp-content\/uploads\/2024\/05\/bo-qua-tang-giftset-cho-hoc-sinh-sinh-vien-2-12x12.jpg 12w, https:\/\/havigift.com\/wp-content\/uploads\/2024\/05\/bo-qua-tang-giftset-cho-hoc-sinh-sinh-vien-2-600x598.jpg 600w, https:\/\/havigift.com\/wp-content\/uploads\/2024\/05\/bo-qua-tang-giftset-cho-hoc-sinh-sinh-vien-2-100x100.jpg 100w\" sizes=\"auto, (max-width: 2400px) 100vw, 2400px\" \/> <img loading=\"lazy\" decoding=\"async\" class=\"aligncenter wp-image-5364 size-full\" src=\"http:\/\/havigift.com\/wp-content\/uploads\/2024\/05\/set-qua-tang-in-logo-theo-yeu-cau.jpg\" alt=\"set-qua-tang-in-logo-theo-yeu-cau\" width=\"1723\" height=\"1723\" srcset=\"https:\/\/havigift.com\/wp-content\/uploads\/2024\/05\/set-qua-tang-in-logo-theo-yeu-cau.jpg 1723w, https:\/\/havigift.com\/wp-content\/uploads\/2024\/05\/set-qua-tang-in-logo-theo-yeu-cau-300x300.jpg 300w, https:\/\/havigift.com\/wp-content\/uploads\/2024\/05\/set-qua-tang-in-logo-theo-yeu-cau-1024x1024.jpg 1024w, https:\/\/havigift.com\/wp-content\/uploads\/2024\/05\/set-qua-tang-in-logo-theo-yeu-cau-150x150.jpg 150w, https:\/\/havigift.com\/wp-content\/uploads\/2024\/05\/set-qua-tang-in-logo-theo-yeu-cau-768x768.jpg 768w, https:\/\/havigift.com\/wp-content\/uploads\/2024\/05\/set-qua-tang-in-logo-theo-yeu-cau-1536x1536.jpg 1536w, https:\/\/havigift.com\/wp-content\/uploads\/2024\/05\/set-qua-tang-in-logo-theo-yeu-cau-12x12.jpg 12w, https:\/\/havigift.com\/wp-content\/uploads\/2024\/05\/set-qua-tang-in-logo-theo-yeu-cau-600x600.jpg 600w, https:\/\/havigift.com\/wp-content\/uploads\/2024\/05\/set-qua-tang-in-logo-theo-yeu-cau-100x100.jpg 100w\" sizes=\"auto, (max-width: 1723px) 100vw, 1723px\" \/> <img loading=\"lazy\" decoding=\"async\" class=\"aligncenter wp-image-5365 size-full\" src=\"http:\/\/havigift.com\/wp-content\/uploads\/2024\/05\/set-qua-tang-in-logo-theo-yeu-cau-mau-do-1.jpg\" alt=\"set-qua-tang-in-logo-theo-yeu-cau-mau-do-1\" width=\"1721\" height=\"1721\" srcset=\"https:\/\/havigift.com\/wp-content\/uploads\/2024\/05\/set-qua-tang-in-logo-theo-yeu-cau-mau-do-1.jpg 1721w, https:\/\/havigift.com\/wp-content\/uploads\/2024\/05\/set-qua-tang-in-logo-theo-yeu-cau-mau-do-1-300x300.jpg 300w, https:\/\/havigift.com\/wp-content\/uploads\/2024\/05\/set-qua-tang-in-logo-theo-yeu-cau-mau-do-1-1024x1024.jpg 1024w, https:\/\/havigift.com\/wp-content\/uploads\/2024\/05\/set-qua-tang-in-logo-theo-yeu-cau-mau-do-1-150x150.jpg 150w, https:\/\/havigift.com\/wp-content\/uploads\/2024\/05\/set-qua-tang-in-logo-theo-yeu-cau-mau-do-1-768x768.jpg 768w, https:\/\/havigift.com\/wp-content\/uploads\/2024\/05\/set-qua-tang-in-logo-theo-yeu-cau-mau-do-1-1536x1536.jpg 1536w, https:\/\/havigift.com\/wp-content\/uploads\/2024\/05\/set-qua-tang-in-logo-theo-yeu-cau-mau-do-1-12x12.jpg 12w, https:\/\/havigift.com\/wp-content\/uploads\/2024\/05\/set-qua-tang-in-logo-theo-yeu-cau-mau-do-1-600x600.jpg 600w, https:\/\/havigift.com\/wp-content\/uploads\/2024\/05\/set-qua-tang-in-logo-theo-yeu-cau-mau-do-1-100x100.jpg 100w\" sizes=\"auto, (max-width: 1721px) 100vw, 1721px\" \/> <img loading=\"lazy\" decoding=\"async\" class=\"aligncenter wp-image-5366 size-full\" src=\"http:\/\/havigift.com\/wp-content\/uploads\/2024\/05\/set-qua-tang-in-logo-theo-yeu-cau-mau-xanh-1.jpg\" alt=\"set-qua-tang-in-logo-theo-yeu-cau-mau-xanh-1\" width=\"1721\" height=\"1721\" srcset=\"https:\/\/havigift.com\/wp-content\/uploads\/2024\/05\/set-qua-tang-in-logo-theo-yeu-cau-mau-xanh-1.jpg 1721w, https:\/\/havigift.com\/wp-content\/uploads\/2024\/05\/set-qua-tang-in-logo-theo-yeu-cau-mau-xanh-1-300x300.jpg 300w, https:\/\/havigift.com\/wp-content\/uploads\/2024\/05\/set-qua-tang-in-logo-theo-yeu-cau-mau-xanh-1-1024x1024.jpg 1024w, https:\/\/havigift.com\/wp-content\/uploads\/2024\/05\/set-qua-tang-in-logo-theo-yeu-cau-mau-xanh-1-150x150.jpg 150w, https:\/\/havigift.com\/wp-content\/uploads\/2024\/05\/set-qua-tang-in-logo-theo-yeu-cau-mau-xanh-1-768x768.jpg 768w, https:\/\/havigift.com\/wp-content\/uploads\/2024\/05\/set-qua-tang-in-logo-theo-yeu-cau-mau-xanh-1-1536x1536.jpg 1536w, https:\/\/havigift.com\/wp-content\/uploads\/2024\/05\/set-qua-tang-in-logo-theo-yeu-cau-mau-xanh-1-12x12.jpg 12w, https:\/\/havigift.com\/wp-content\/uploads\/2024\/05\/set-qua-tang-in-logo-theo-yeu-cau-mau-xanh-1-600x600.jpg 600w, https:\/\/havigift.com\/wp-content\/uploads\/2024\/05\/set-qua-tang-in-logo-theo-yeu-cau-mau-xanh-1-100x100.jpg 100w\" sizes=\"auto, (max-width: 1721px) 100vw, 1721px\" \/><\/p>","protected":false},"excerpt":{"rendered":"<p>Set Qua\u0300 T\u0103\u0323ng B\u00fat Bi Cho H\u1ecdc Sinh HAVI15 la\u0300 m\u00f4\u0323t b\u00f4\u0323 combo phu\u0300 h\u01a1\u0323p v\u01a1\u0301i t\u00e2\u0301t ca\u0309 ca\u0301c \u0111\u00f4\u0301i t\u01b0\u01a1\u0323ng kha\u0301ch ha\u0300ng, t\u01b0\u0300 nh\u00e2n vi\u00ean v\u0103n pho\u0300ng ca\u0301c doanh nghi\u00ea\u0323p, \u0111\u00ea\u0301n ho\u0323c sinh, sinh vi\u00ean ca\u0301c tr\u01b0\u01a1\u0300ng, ca\u0301c trung t\u00e2m ngoa\u0323i ng\u01b0\u0303\u2026<\/p>","protected":false},"featured_media":5363,"comment_status":"open","ping_status":"closed","template":"","meta":{"_acf_changed":false},"product_brand":[],"product_cat":[21,114,33,32,30],"product_tag":[117,135,136],"class_list":{"0":"post-5361","1":"product","2":"type-product","3":"status-publish","4":"has-post-thumbnail","6":"product_cat-bo-qua-tang","7":"product_cat-but-bi-in-logo","8":"product_cat-qua-tang-doi-tac","9":"product_cat-qua-tang-nhan-vien","10":"product_cat-qua-tang-doanh-nghiep","11":"product_tag-but-bi-qua-tang","12":"product_tag-set-but-bi","13":"product_tag-set-qua-tang-but-bi","15":"first","16":"instock","17":"shipping-taxable","18":"product-type-simple"},"acf":[],"_links":{"self":[{"href":"https:\/\/havigift.com\/en\/wp-json\/wp\/v2\/product\/5361","targetHints":{"allow":["GET"]}}],"collection":[{"href":"https:\/\/havigift.com\/en\/wp-json\/wp\/v2\/product"}],"about":[{"href":"https:\/\/havigift.com\/en\/wp-json\/wp\/v2\/types\/product"}],"replies":[{"embeddable":true,"href":"https:\/\/havigift.com\/en\/wp-json\/wp\/v2\/comments?post=5361"}],"wp:featuredmedia":[{"embeddable":true,"href":"https:\/\/havigift.com\/en\/wp-json\/wp\/v2\/media\/5363"}],"wp:attachment":[{"href":"https:\/\/havigift.com\/en\/wp-json\/wp\/v2\/media?parent=5361"}],"wp:term":[{"taxonomy":"product_brand","embeddable":true,"href":"https:\/\/havigift.com\/en\/wp-json\/wp\/v2\/product_brand?post=5361"},{"taxonomy":"product_cat","embeddable":true,"href":"https:\/\/havigift.com\/en\/wp-json\/wp\/v2\/product_cat?post=5361"},{"taxonomy":"product_tag","embeddable":true,"href":"https:\/\/havigift.com\/en\/wp-json\/wp\/v2\/product_tag?post=5361"}],"curies":[{"name":"wp","href":"https:\/\/api.w.org\/{rel}","templated":true}]}}