{"id":5354,"date":"2024-05-06T09:48:44","date_gmt":"2024-05-06T09:48:44","guid":{"rendered":"https:\/\/havigift.com\/?post_type=product&#038;p=5354"},"modified":"2024-09-21T08:55:18","modified_gmt":"2024-09-21T08:55:18","slug":"but-chi-than-go%cc%83-lu%cc%a3c-giac-hb-havi14","status":"publish","type":"product","link":"https:\/\/havigift.com\/en\/product\/but-chi-than-go%cc%83-lu%cc%a3c-giac-hb-havi14\/","title":{"rendered":"Bu\u0301t Chi\u0300 Th\u00e2n G\u00f4\u0303 Lu\u0323c Gia\u0301c HB HAVI14"},"content":{"rendered":"<h2><strong>\u00a0Bu\u0301t Chi\u0300 Th\u00e2n G\u00f4\u0303 Lu\u0323c Gia\u0301c HB In Logo Theo Y\u00eau C\u00e2\u0300u<\/strong><\/h2>\n<p>Chu\u0301ng t\u00f4i chuy\u00ean cung c\u00e2\u0301p va\u0300\u00a0<strong><em>in b\u00fat ch\u00ec<\/em><\/strong>, in logo bu\u0301t chi\u0300 g\u00f4\u0303 lu\u0323c gia\u0301c HB gia\u0301 re\u0309 ta\u0323i Tp.HCM. In bu\u0301t chi\u0300 qua\u0309ng ca\u0301o v\u01a1\u0301i gia\u0301 tha\u0300nh kha\u0301 re\u0309 nh\u01b0ng r\u00e2\u0301t th\u00f4ng du\u0323ng trong \u0111\u01a1\u0300i s\u00f4\u0301ng. \u0111i\u00ea\u0300u na\u0300y giu\u0301p cho th\u00f4ng \u0111i\u00ea\u0323p ma\u0300 doanh nghi\u00ea\u0323p mu\u00f4\u0301n th\u00ea\u0309 hi\u00ea\u0323n co\u0301 th\u00ea\u0309 truy\u00ea\u0300n ta\u0309i th\u00f4ng \u0111i\u00ea\u0323p t\u00f4\u0301t nh\u00e2\u0301t.<\/p>\n<p><strong>Th\u00f4ng ti\u0301n sa\u0309n ph\u00e2\u0309m:\u00a0<\/strong><\/p>\n<ul>\n<li>T\u00ean b\u00fat ch\u00ec: Bu\u0301t Chi\u0300 Th\u00e2n G\u00f4\u0303 Lu\u0323c Gia\u0301c HB HAVI14<\/li>\n<li>M\u00e0u s\u1eafc: Xanh d\u01b0\u01a1ng, \u0111o\u0309, va\u0300ng, tr\u0103\u0301ng, cam.<\/li>\n<li>K\u00edch th\u01b0\u1edbc: d\u00e0i 17.5cm, \u0111\u01b0\u1eddng k\u00ednh 1cm<\/li>\n<li>Ru\u00f4\u0323t: HB<\/li>\n<li>H\u00ecnh in l\u00ean b\u00fat ch\u00ec: logo, ch\u1eef, th\u00f4ng \u0111i\u1ec7p<\/li>\n<li>\u0110\u1eb7t\u00a0in logo l\u00ean b\u00fat ch\u00ec\u00a0c\u00e0ng nhi\u1ec1u gi\u00e1 c\u00e0ng r\u1ebb.<\/li>\n<\/ul>\n<p><img loading=\"lazy\" decoding=\"async\" class=\"aligncenter wp-image-5358 size-full\" src=\"http:\/\/havigift.com\/wp-content\/uploads\/2024\/05\/dat-in-logo-len-but-chi-lam-qua-tang-quang-cao-doanh-nghiep-2.jpg\" alt=\"dat-in-logo-len-but-chi-lam-qua-tang-quang-cao-doanh-nghiep-2\" width=\"1074\" height=\"613\" srcset=\"https:\/\/havigift.com\/wp-content\/uploads\/2024\/05\/dat-in-logo-len-but-chi-lam-qua-tang-quang-cao-doanh-nghiep-2.jpg 1074w, https:\/\/havigift.com\/wp-content\/uploads\/2024\/05\/dat-in-logo-len-but-chi-lam-qua-tang-quang-cao-doanh-nghiep-2-300x171.jpg 300w, https:\/\/havigift.com\/wp-content\/uploads\/2024\/05\/dat-in-logo-len-but-chi-lam-qua-tang-quang-cao-doanh-nghiep-2-1024x584.jpg 1024w, https:\/\/havigift.com\/wp-content\/uploads\/2024\/05\/dat-in-logo-len-but-chi-lam-qua-tang-quang-cao-doanh-nghiep-2-768x438.jpg 768w, https:\/\/havigift.com\/wp-content\/uploads\/2024\/05\/dat-in-logo-len-but-chi-lam-qua-tang-quang-cao-doanh-nghiep-2-18x10.jpg 18w, https:\/\/havigift.com\/wp-content\/uploads\/2024\/05\/dat-in-logo-len-but-chi-lam-qua-tang-quang-cao-doanh-nghiep-2-600x342.jpg 600w\" sizes=\"auto, (max-width: 1074px) 100vw, 1074px\" \/> <img loading=\"lazy\" decoding=\"async\" class=\"aligncenter wp-image-5357 size-full\" src=\"http:\/\/havigift.com\/wp-content\/uploads\/2024\/05\/but-chi-than-go-luc-giac-hb-in-logo-theo-yeu-cau-moi-22-1024x1024-1.jpg\" alt=\"but-chi-than-go-luc-giac-hb-in-logo-theo-yeu-cau-moi-22-1024x1024\" width=\"1024\" height=\"1024\" srcset=\"https:\/\/havigift.com\/wp-content\/uploads\/2024\/05\/but-chi-than-go-luc-giac-hb-in-logo-theo-yeu-cau-moi-22-1024x1024-1.jpg 1024w, https:\/\/havigift.com\/wp-content\/uploads\/2024\/05\/but-chi-than-go-luc-giac-hb-in-logo-theo-yeu-cau-moi-22-1024x1024-1-300x300.jpg 300w, https:\/\/havigift.com\/wp-content\/uploads\/2024\/05\/but-chi-than-go-luc-giac-hb-in-logo-theo-yeu-cau-moi-22-1024x1024-1-150x150.jpg 150w, https:\/\/havigift.com\/wp-content\/uploads\/2024\/05\/but-chi-than-go-luc-giac-hb-in-logo-theo-yeu-cau-moi-22-1024x1024-1-768x768.jpg 768w, https:\/\/havigift.com\/wp-content\/uploads\/2024\/05\/but-chi-than-go-luc-giac-hb-in-logo-theo-yeu-cau-moi-22-1024x1024-1-12x12.jpg 12w, https:\/\/havigift.com\/wp-content\/uploads\/2024\/05\/but-chi-than-go-luc-giac-hb-in-logo-theo-yeu-cau-moi-22-1024x1024-1-600x600.jpg 600w, https:\/\/havigift.com\/wp-content\/uploads\/2024\/05\/but-chi-than-go-luc-giac-hb-in-logo-theo-yeu-cau-moi-22-1024x1024-1-100x100.jpg 100w\" sizes=\"auto, (max-width: 1024px) 100vw, 1024px\" \/> <img loading=\"lazy\" decoding=\"async\" class=\"aligncenter wp-image-5356 size-full\" src=\"http:\/\/havigift.com\/wp-content\/uploads\/2024\/05\/but-chi-than-go-luc-giac-hb-in-logo-theo-yeu-cau-moi.png\" alt=\"but-chi-than-go-luc-giac-hb-in-logo-theo-yeu-cau-moi\" width=\"1280\" height=\"1280\" srcset=\"https:\/\/havigift.com\/wp-content\/uploads\/2024\/05\/but-chi-than-go-luc-giac-hb-in-logo-theo-yeu-cau-moi.png 1280w, https:\/\/havigift.com\/wp-content\/uploads\/2024\/05\/but-chi-than-go-luc-giac-hb-in-logo-theo-yeu-cau-moi-300x300.png 300w, https:\/\/havigift.com\/wp-content\/uploads\/2024\/05\/but-chi-than-go-luc-giac-hb-in-logo-theo-yeu-cau-moi-1024x1024.png 1024w, https:\/\/havigift.com\/wp-content\/uploads\/2024\/05\/but-chi-than-go-luc-giac-hb-in-logo-theo-yeu-cau-moi-150x150.png 150w, https:\/\/havigift.com\/wp-content\/uploads\/2024\/05\/but-chi-than-go-luc-giac-hb-in-logo-theo-yeu-cau-moi-768x768.png 768w, https:\/\/havigift.com\/wp-content\/uploads\/2024\/05\/but-chi-than-go-luc-giac-hb-in-logo-theo-yeu-cau-moi-12x12.png 12w, https:\/\/havigift.com\/wp-content\/uploads\/2024\/05\/but-chi-than-go-luc-giac-hb-in-logo-theo-yeu-cau-moi-600x600.png 600w, https:\/\/havigift.com\/wp-content\/uploads\/2024\/05\/but-chi-than-go-luc-giac-hb-in-logo-theo-yeu-cau-moi-100x100.png 100w\" sizes=\"auto, (max-width: 1280px) 100vw, 1280px\" \/> <img loading=\"lazy\" decoding=\"async\" class=\"aligncenter wp-image-5355 size-full\" src=\"http:\/\/havigift.com\/wp-content\/uploads\/2024\/05\/but-chi-than-go-luc-giac-hb-in-logo-theo-yeu-cau-moi.jpg\" alt=\"but-chi-than-go-luc-giac-hb-in-logo-theo-yeu-cau-moi\" width=\"1024\" height=\"1024\" srcset=\"https:\/\/havigift.com\/wp-content\/uploads\/2024\/05\/but-chi-than-go-luc-giac-hb-in-logo-theo-yeu-cau-moi.jpg 1024w, https:\/\/havigift.com\/wp-content\/uploads\/2024\/05\/but-chi-than-go-luc-giac-hb-in-logo-theo-yeu-cau-moi-300x300.jpg 300w, https:\/\/havigift.com\/wp-content\/uploads\/2024\/05\/but-chi-than-go-luc-giac-hb-in-logo-theo-yeu-cau-moi-150x150.jpg 150w, https:\/\/havigift.com\/wp-content\/uploads\/2024\/05\/but-chi-than-go-luc-giac-hb-in-logo-theo-yeu-cau-moi-768x768.jpg 768w, https:\/\/havigift.com\/wp-content\/uploads\/2024\/05\/but-chi-than-go-luc-giac-hb-in-logo-theo-yeu-cau-moi-12x12.jpg 12w, https:\/\/havigift.com\/wp-content\/uploads\/2024\/05\/but-chi-than-go-luc-giac-hb-in-logo-theo-yeu-cau-moi-600x600.jpg 600w, https:\/\/havigift.com\/wp-content\/uploads\/2024\/05\/but-chi-than-go-luc-giac-hb-in-logo-theo-yeu-cau-moi-100x100.jpg 100w\" sizes=\"auto, (max-width: 1024px) 100vw, 1024px\" \/><\/p>","protected":false},"excerpt":{"rendered":"<p>Chu\u0301ng t\u00f4i chuy\u00ean cung c\u00e2\u0301p va\u0300\u00a0<strong><em>in b\u00fat ch\u00ec<\/em><\/strong>, in logo bu\u0301t chi\u0300 g\u00f4\u0303 lu\u0323c gia\u0301c HB gia\u0301 re\u0309 ta\u0323i Tp.HCM. In bu\u0301t chi\u0300 qua\u0309ng ca\u0301o v\u01a1\u0301i gia\u0301 tha\u0300nh kha\u0301 re\u0309 nh\u01b0ng r\u00e2\u0301t th\u00f4ng du\u0323ng trong \u0111\u01a1\u0300i s\u00f4\u0301ng. \u0111i\u00ea\u0300u na\u0300y giu\u0301p cho th\u00f4ng \u0111i\u00ea\u0323p ma\u0300 doanh nghi\u00ea\u0323p mu\u00f4\u0301n th\u00ea\u0309 hi\u00ea\u0323n co\u0301 th\u00ea\u0309 truy\u00ea\u0300n ta\u0309i th\u00f4ng \u0111i\u00ea\u0323p t\u00f4\u0301t nh\u00e2\u0301t.<\/p>","protected":false},"featured_media":5356,"comment_status":"open","ping_status":"closed","template":"","meta":{"_acf_changed":false},"product_brand":[],"product_cat":[130,33,32,30],"product_tag":[131,134,132],"class_list":{"0":"post-5354","1":"product","2":"type-product","3":"status-publish","4":"has-post-thumbnail","6":"product_cat-but-chi-in-logo","7":"product_cat-qua-tang-doi-tac","8":"product_cat-qua-tang-nhan-vien","9":"product_cat-qua-tang-doanh-nghiep","10":"product_tag-but-chi","11":"product_tag-but-chi-in-logo","12":"product_tag-but-chi-than-go","14":"first","15":"instock","16":"shipping-taxable","17":"product-type-simple"},"acf":[],"_links":{"self":[{"href":"https:\/\/havigift.com\/en\/wp-json\/wp\/v2\/product\/5354","targetHints":{"allow":["GET"]}}],"collection":[{"href":"https:\/\/havigift.com\/en\/wp-json\/wp\/v2\/product"}],"about":[{"href":"https:\/\/havigift.com\/en\/wp-json\/wp\/v2\/types\/product"}],"replies":[{"embeddable":true,"href":"https:\/\/havigift.com\/en\/wp-json\/wp\/v2\/comments?post=5354"}],"wp:featuredmedia":[{"embeddable":true,"href":"https:\/\/havigift.com\/en\/wp-json\/wp\/v2\/media\/5356"}],"wp:attachment":[{"href":"https:\/\/havigift.com\/en\/wp-json\/wp\/v2\/media?parent=5354"}],"wp:term":[{"taxonomy":"product_brand","embeddable":true,"href":"https:\/\/havigift.com\/en\/wp-json\/wp\/v2\/product_brand?post=5354"},{"taxonomy":"product_cat","embeddable":true,"href":"https:\/\/havigift.com\/en\/wp-json\/wp\/v2\/product_cat?post=5354"},{"taxonomy":"product_tag","embeddable":true,"href":"https:\/\/havigift.com\/en\/wp-json\/wp\/v2\/product_tag?post=5354"}],"curies":[{"name":"wp","href":"https:\/\/api.w.org\/{rel}","templated":true}]}}