{"id":5338,"date":"2024-05-05T11:57:24","date_gmt":"2024-05-05T11:57:24","guid":{"rendered":"https:\/\/havigift.com\/?post_type=product&#038;p=5338"},"modified":"2024-09-21T08:55:50","modified_gmt":"2024-09-21T08:55:50","slug":"in-but-bi-nhua-gia-re-havi08","status":"publish","type":"product","link":"https:\/\/havigift.com\/en\/product\/in-but-bi-nhua-gia-re-havi08\/","title":{"rendered":"In B\u00fat Bi Nh\u1ef1a Gi\u00e1 R\u1ebb HAVI08"},"content":{"rendered":"<p>M\u1ed9t trong nh\u1eefng m\u1eabu b\u00fat bi qu\u1ea3ng c\u00e1o gi\u00e1 r\u1ebb, b\u00fat qu\u00e0 t\u1eb7ng gi\u00e1 r\u1ebb \u0111\u01b0\u1ee3c r\u1ea5t r\u1ea5t nhi\u1ec1u kh\u00e1ch h\u00e0ng \u0111\u1eb7t h\u00e0ng \u2013 m\u1eabu B\u00fat Bi Nh\u1ef1a Gi\u00e1 R\u1ebb HAVI08 v\u1edbi c\u00e1c m\u00e0u: \u0110\u1ecf, Xanh d\u01b0\u01a1ng, Xanh l\u00e1, \u0110en, V\u00e0ng<\/p>\n<p><a href=\"https:\/\/havigift.com\/en\/\">HAVIGIFT<\/a> \u2013 x\u01b0\u1edfng in b\u00fat bi qu\u00e0 t\u1eb7ng qu\u1ea3ng c\u00e1o, in logo t\u00ean c\u00f4ng ty l\u00ean b\u00fat nh\u1ef1a theo y\u00eau c\u1ea7u \u201cNh\u1eadn in m\u1ecdi s\u1ed1 l\u01b0\u1ee3ng\u201d b\u1eb1ng c\u00f4ng ngh\u1ec7 In UV LED (c\u00f4ng ngh\u1ec7 in b\u00fat t\u00e2n ti\u1ebfn nh\u1ea5t hi\u1ec7n nay trong gi\u1edbi in b\u00fat) C\u00d3 TH\u1ec2 IN CHUY\u1ec2N M\u00c0U.<img loading=\"lazy\" decoding=\"async\" class=\"alignnone wp-image-5342 size-full\" style=\"font-size: 14.4px;\" src=\"http:\/\/havigift.com\/wp-content\/uploads\/2024\/05\/but-bi-nhua-gia-re-bp521-moi-1-2048x1995-1.jpg\" alt=\"but-bi-nhua-gia-re\" width=\"2048\" height=\"1995\" srcset=\"https:\/\/havigift.com\/wp-content\/uploads\/2024\/05\/but-bi-nhua-gia-re-bp521-moi-1-2048x1995-1.jpg 2048w, https:\/\/havigift.com\/wp-content\/uploads\/2024\/05\/but-bi-nhua-gia-re-bp521-moi-1-2048x1995-1-300x292.jpg 300w, https:\/\/havigift.com\/wp-content\/uploads\/2024\/05\/but-bi-nhua-gia-re-bp521-moi-1-2048x1995-1-1024x998.jpg 1024w, https:\/\/havigift.com\/wp-content\/uploads\/2024\/05\/but-bi-nhua-gia-re-bp521-moi-1-2048x1995-1-768x748.jpg 768w, https:\/\/havigift.com\/wp-content\/uploads\/2024\/05\/but-bi-nhua-gia-re-bp521-moi-1-2048x1995-1-1536x1496.jpg 1536w, https:\/\/havigift.com\/wp-content\/uploads\/2024\/05\/but-bi-nhua-gia-re-bp521-moi-1-2048x1995-1-12x12.jpg 12w, https:\/\/havigift.com\/wp-content\/uploads\/2024\/05\/but-bi-nhua-gia-re-bp521-moi-1-2048x1995-1-600x584.jpg 600w\" sizes=\"auto, (max-width: 2048px) 100vw, 2048px\" \/><\/p>\n<p>B\u00fat bi nh\u1ef1a BP521<\/p>\n<p>T\u00ean : B\u00fat Bi Nh\u1ef1a Gi\u00e1 R\u1ebb HAVI08<\/p>\n<p>Ch\u1ea5t li\u1ec7u : nh\u1ef1a ABS<\/p>\n<p>K\u00edch th\u01b0\u1edbc : Ngang 1 cm * d\u00e0i 14 cm<\/p>\n<p>M\u00e0u s\u1eafc : tr\u1eafng ph\u1ed1i xanh l\u00e1, d\u01b0\u01a1ng, v\u00e0ng, \u0111en, \u0111\u1ecf ,t\u00edm<\/p>\n<p>K\u00edch th\u01b0\u1edbc \u0111\u1ea7u bi: 0.7mm, 1 ng\u00f2i xanh<\/p>\n<p>In \u1ea5n : in h\u00ecnh \u1ea3nh, logo nhi\u1ec1u m\u00e0u s\u1eafc theo y\u00eau c\u1ea7u<\/p>\n<p>B\u00fat th\u00edch h\u1ee3p d\u00f9ng l\u00e0m qu\u00e0 t\u1eb7ng, khuy\u1ebfn m\u00e3i<\/p>\n<p>Th\u1eddi gian l\u00e0m h\u00e0ng 5 ng\u00e0y sau duy\u1ec7t m\u1ea9u .<\/p>\n<p>B\u1ea3o h\u00e0nh : 3 th\u00e1ng khi ch\u01b0a s\u1eed d\u1ee5ng m\u00e0 h\u1ecfng .<\/p>\n<p>B\u1ea3o qu\u1ea3n : l\u01b0u kho b\u00fat n\u01a1i kh\u00f4 r\u00e1o, tho\u00e1ng m\u00e1t , lu\u00f4n \u0111\u1ec3 b\u00fat n\u1eb1m ngang ( kh\u00f4ng \u0111\u1ec3 \u0111\u1ee9ng)<\/p>","protected":false},"excerpt":{"rendered":"<p>M\u1ed9t trong nh\u1eefng m\u1eabu b\u00fat bi qu\u1ea3ng c\u00e1o gi\u00e1 r\u1ebb, b\u00fat qu\u00e0 t\u1eb7ng gi\u00e1 r\u1ebb \u0111\u01b0\u1ee3c r\u1ea5t r\u1ea5t nhi\u1ec1u kh\u00e1ch h\u00e0ng \u0111\u1eb7t h\u00e0ng \u2013 m\u1eabu B\u00fat Bi Nh\u1ef1a Gi\u00e1 R\u1ebb HAVI08 v\u1edbi c\u00e1c m\u00e0u: \u0110\u1ecf, Xanh d\u01b0\u01a1ng, Xanh l\u00e1, \u0110en, V\u00e0ng<\/p>","protected":false},"featured_media":5342,"comment_status":"open","ping_status":"closed","template":"","meta":{"_acf_changed":false},"product_brand":[],"product_cat":[114,33,32],"product_tag":[120,127],"class_list":{"0":"post-5338","1":"product","2":"type-product","3":"status-publish","4":"has-post-thumbnail","6":"product_cat-but-bi-in-logo","7":"product_cat-qua-tang-doi-tac","8":"product_cat-qua-tang-nhan-vien","9":"product_tag-but-bi-nhua-gia-re","10":"product_tag-but-bi-nhua-in-logo","12":"first","13":"instock","14":"shipping-taxable","15":"product-type-simple"},"acf":[],"_links":{"self":[{"href":"https:\/\/havigift.com\/en\/wp-json\/wp\/v2\/product\/5338","targetHints":{"allow":["GET"]}}],"collection":[{"href":"https:\/\/havigift.com\/en\/wp-json\/wp\/v2\/product"}],"about":[{"href":"https:\/\/havigift.com\/en\/wp-json\/wp\/v2\/types\/product"}],"replies":[{"embeddable":true,"href":"https:\/\/havigift.com\/en\/wp-json\/wp\/v2\/comments?post=5338"}],"wp:featuredmedia":[{"embeddable":true,"href":"https:\/\/havigift.com\/en\/wp-json\/wp\/v2\/media\/5342"}],"wp:attachment":[{"href":"https:\/\/havigift.com\/en\/wp-json\/wp\/v2\/media?parent=5338"}],"wp:term":[{"taxonomy":"product_brand","embeddable":true,"href":"https:\/\/havigift.com\/en\/wp-json\/wp\/v2\/product_brand?post=5338"},{"taxonomy":"product_cat","embeddable":true,"href":"https:\/\/havigift.com\/en\/wp-json\/wp\/v2\/product_cat?post=5338"},{"taxonomy":"product_tag","embeddable":true,"href":"https:\/\/havigift.com\/en\/wp-json\/wp\/v2\/product_tag?post=5338"}],"curies":[{"name":"wp","href":"https:\/\/api.w.org\/{rel}","templated":true}]}}