{"id":5316,"date":"2024-05-05T11:36:57","date_gmt":"2024-05-05T11:36:57","guid":{"rendered":"https:\/\/havigift.com\/?post_type=product&#038;p=5316"},"modified":"2024-09-21T08:57:03","modified_gmt":"2024-09-21T08:57:03","slug":"but-bi-nhu%cc%a3a-in-havi05","status":"publish","type":"product","link":"https:\/\/havigift.com\/en\/product\/but-bi-nhu%cc%a3a-in-havi05\/","title":{"rendered":"Bu\u0301t Bi Nh\u01b0\u0323a In HAVI05"},"content":{"rendered":"<h2>In Logo Qua\u0309ng Ca\u0301o L\u00ean Bu\u0301t Bi Nh\u01b0\u0323a Gia\u0301 Re\u0309 HAVI05<\/h2>\n<p><strong>Bu\u0301t bi qua\u0309ng ca\u0301o<\/strong>\u00a0la\u0300 gia\u0309i pha\u0301p lu\u00f4n \u0111\u01b0\u01a1\u0323c nhi\u00ea\u0300u doanh nghi\u00ea\u0323p du\u0300ng \u0111\u00ea\u0309 qua\u0309ng ba\u0301 th\u01b0\u01a1ng hi\u00ea\u0323u v\u00f4 cu\u0300ng hi\u00ea\u0323u qua\u0309, v\u01b0\u0300a ti\u00ea\u0301t ki\u00ea\u0323m \u0111\u01b0\u01a1\u0323c chi phi\u0301 va\u0300 v\u01b0\u0300a kh\u00f4ng c\u00e2\u0300n qua\u0301 nhi\u00ea\u0300u nh\u00e2n l\u01b0\u0323c.<\/p>\n<p>In ch\u01b0\u0303, in logo l\u00ean\u00a0<strong>Bu\u0301t bi nh\u01b0\u0323a BP1813<\/strong>\u00a0c\u00f3 gi\u00e1 r\u1ea5t r\u1ebb, b\u00fat \u0111\u1eb9p v\u00e0 r\u1ea5t d\u1ec5 in \u1ea5n. H\u00ecnh \u1ea3nh in tr\u00ean b\u00fat bi r\u1ea5t r\u00f5 n\u00e9t, m\u00e0u s\u1eafc t\u01b0\u01a1i m\u1edbi v\u00e0 n\u1ed5i b\u1eadt, r\u1ea5t d\u1ec5 g\u00e2y \u1ea5n t\u01b0\u1ee3ng cho ng\u01b0\u1eddi s\u1eed d\u1ee5ng.<\/p>\n<p><strong>Th\u00f4ng tin :<\/strong><\/p>\n<ul>\n<li><strong>M\u00e2\u0303u Bu\u0301t bi qua\u0309ng ca\u0301o BP1813<\/strong><\/li>\n<li>Ch\u00e2\u0301t li\u00ea\u0323u: nh\u01b0\u0323a<\/li>\n<li>Ki\u0301ch th\u01b0\u01a1\u0301c : da\u0300i 14.3cm<\/li>\n<li>K\u00edch th\u01b0\u1edbc \u0111\u1ea7u bi: 1.0 mm,\u00a0 1 ng\u00f2i \u00a0xanh<\/li>\n<li>M\u1edf b\u00fat : Da\u0323ng bu\u0301t b\u00e2\u0301m<\/li>\n<li>M\u00e0u\u00a0 s\u1eafc :\u00a0 ba\u0323c, \u0111en, \u0111o\u0309 , xanh la\u0301.<\/li>\n<li>In \u1ea5n\u00a0 : in th\u00f4ng \u0111i\u00ea\u0323p, h\u00ecnh \u1ea3nh, logo nhi\u1ec1u m\u00e0u s\u1eafc theo y\u00eau c\u1ea7u<br \/>\n<a href=\"https:\/\/havigift.com\/en\/\">Havigift.com<\/a> cung c\u1ea5p d\u1ecbch v\u1ee5 <strong>in b\u00fat bi qu\u1ea3ng c\u00e1o<\/strong><\/li>\n<\/ul>\n<p><img loading=\"lazy\" decoding=\"async\" class=\"alignnone wp-image-5317 size-full\" src=\"http:\/\/havigift.com\/wp-content\/uploads\/2024\/05\/but-bi-nhua-in.jpg\" alt=\"b\u00fat bi nh\u1ef1a in\" width=\"1600\" height=\"1600\" srcset=\"https:\/\/havigift.com\/wp-content\/uploads\/2024\/05\/but-bi-nhua-in.jpg 1600w, https:\/\/havigift.com\/wp-content\/uploads\/2024\/05\/but-bi-nhua-in-300x300.jpg 300w, https:\/\/havigift.com\/wp-content\/uploads\/2024\/05\/but-bi-nhua-in-1024x1024.jpg 1024w, https:\/\/havigift.com\/wp-content\/uploads\/2024\/05\/but-bi-nhua-in-150x150.jpg 150w, https:\/\/havigift.com\/wp-content\/uploads\/2024\/05\/but-bi-nhua-in-768x768.jpg 768w, https:\/\/havigift.com\/wp-content\/uploads\/2024\/05\/but-bi-nhua-in-1536x1536.jpg 1536w, https:\/\/havigift.com\/wp-content\/uploads\/2024\/05\/but-bi-nhua-in-12x12.jpg 12w, https:\/\/havigift.com\/wp-content\/uploads\/2024\/05\/but-bi-nhua-in-600x600.jpg 600w, https:\/\/havigift.com\/wp-content\/uploads\/2024\/05\/but-bi-nhua-in-100x100.jpg 100w\" sizes=\"auto, (max-width: 1600px) 100vw, 1600px\" \/> <img loading=\"lazy\" decoding=\"async\" class=\"alignnone wp-image-5318 size-full\" src=\"http:\/\/havigift.com\/wp-content\/uploads\/2024\/05\/but-in-logo.jpg\" alt=\"but in logo\" width=\"1600\" height=\"1286\" srcset=\"https:\/\/havigift.com\/wp-content\/uploads\/2024\/05\/but-in-logo.jpg 1600w, https:\/\/havigift.com\/wp-content\/uploads\/2024\/05\/but-in-logo-300x241.jpg 300w, https:\/\/havigift.com\/wp-content\/uploads\/2024\/05\/but-in-logo-1024x823.jpg 1024w, https:\/\/havigift.com\/wp-content\/uploads\/2024\/05\/but-in-logo-768x617.jpg 768w, https:\/\/havigift.com\/wp-content\/uploads\/2024\/05\/but-in-logo-1536x1235.jpg 1536w, https:\/\/havigift.com\/wp-content\/uploads\/2024\/05\/but-in-logo-15x12.jpg 15w, https:\/\/havigift.com\/wp-content\/uploads\/2024\/05\/but-in-logo-600x482.jpg 600w\" sizes=\"auto, (max-width: 1600px) 100vw, 1600px\" \/> <img loading=\"lazy\" decoding=\"async\" class=\"alignnone wp-image-5319 size-full\" src=\"http:\/\/havigift.com\/wp-content\/uploads\/2024\/05\/in-but-bi-nhua.jpg\" alt=\"in b\u00fat bi nh\u1ef1a\" width=\"1600\" height=\"1058\" srcset=\"https:\/\/havigift.com\/wp-content\/uploads\/2024\/05\/in-but-bi-nhua.jpg 1600w, https:\/\/havigift.com\/wp-content\/uploads\/2024\/05\/in-but-bi-nhua-300x198.jpg 300w, https:\/\/havigift.com\/wp-content\/uploads\/2024\/05\/in-but-bi-nhua-1024x677.jpg 1024w, https:\/\/havigift.com\/wp-content\/uploads\/2024\/05\/in-but-bi-nhua-768x508.jpg 768w, https:\/\/havigift.com\/wp-content\/uploads\/2024\/05\/in-but-bi-nhua-1536x1016.jpg 1536w, https:\/\/havigift.com\/wp-content\/uploads\/2024\/05\/in-but-bi-nhua-18x12.jpg 18w, https:\/\/havigift.com\/wp-content\/uploads\/2024\/05\/in-but-bi-nhua-600x397.jpg 600w\" sizes=\"auto, (max-width: 1600px) 100vw, 1600px\" \/><\/p>","protected":false},"excerpt":{"rendered":"<p>In Logo Qua\u0309ng Ca\u0301o L\u00ean Bu\u0301t Bi Nh\u01b0\u0323a Gia\u0301 Re\u0309 HAVI05 Bu\u0301t bi qua\u0309ng ca\u0301o\u00a0la\u0300 gia\u0309i pha\u0301p lu\u00f4n \u0111\u01b0\u01a1\u0323c nhi\u00ea\u0300u doanh nghi\u00ea\u0323p du\u0300ng \u0111\u00ea\u0309 qua\u0309ng ba\u0301 th\u01b0\u01a1ng hi\u00ea\u0323u v\u00f4 cu\u0300ng hi\u00ea\u0323u qua\u0309, v\u01b0\u0300a ti\u00ea\u0301t ki\u00ea\u0323m \u0111\u01b0\u01a1\u0323c chi phi\u0301 va\u0300 v\u01b0\u0300a kh\u00f4ng c\u00e2\u0300n qua\u0301 nhi\u00ea\u0300u nh\u00e2n l\u01b0\u0323c. In ch\u01b0\u0303, in logo l\u00ean\u00a0Bu\u0301t bi nh\u01b0\u0323a BP1813\u00a0c\u00f3 gi\u00e1 [&#8230;]\n","protected":false},"featured_media":5318,"comment_status":"open","ping_status":"closed","template":"","meta":{"_acf_changed":false},"product_brand":[],"product_cat":[114,30],"product_tag":[125,121,126],"class_list":{"0":"post-5316","1":"product","2":"type-product","3":"status-publish","4":"has-post-thumbnail","6":"product_cat-but-bi-in-logo","7":"product_cat-qua-tang-doanh-nghiep","8":"product_tag-but-bi-nhua-in","9":"product_tag-in-but-bi-nhua","10":"product_tag-in-logo-but-bi-nhua","12":"first","13":"instock","14":"shipping-taxable","15":"product-type-simple"},"acf":[],"_links":{"self":[{"href":"https:\/\/havigift.com\/en\/wp-json\/wp\/v2\/product\/5316","targetHints":{"allow":["GET"]}}],"collection":[{"href":"https:\/\/havigift.com\/en\/wp-json\/wp\/v2\/product"}],"about":[{"href":"https:\/\/havigift.com\/en\/wp-json\/wp\/v2\/types\/product"}],"replies":[{"embeddable":true,"href":"https:\/\/havigift.com\/en\/wp-json\/wp\/v2\/comments?post=5316"}],"wp:featuredmedia":[{"embeddable":true,"href":"https:\/\/havigift.com\/en\/wp-json\/wp\/v2\/media\/5318"}],"wp:attachment":[{"href":"https:\/\/havigift.com\/en\/wp-json\/wp\/v2\/media?parent=5316"}],"wp:term":[{"taxonomy":"product_brand","embeddable":true,"href":"https:\/\/havigift.com\/en\/wp-json\/wp\/v2\/product_brand?post=5316"},{"taxonomy":"product_cat","embeddable":true,"href":"https:\/\/havigift.com\/en\/wp-json\/wp\/v2\/product_cat?post=5316"},{"taxonomy":"product_tag","embeddable":true,"href":"https:\/\/havigift.com\/en\/wp-json\/wp\/v2\/product_tag?post=5316"}],"curies":[{"name":"wp","href":"https:\/\/api.w.org\/{rel}","templated":true}]}}