{"id":5311,"date":"2024-05-05T11:31:26","date_gmt":"2024-05-05T11:31:26","guid":{"rendered":"https:\/\/havigift.com\/?post_type=product&#038;p=5311"},"modified":"2024-05-05T11:31:27","modified_gmt":"2024-05-05T11:31:27","slug":"in-but-bi-qua-tang-havi04","status":"publish","type":"product","link":"https:\/\/havigift.com\/en\/product\/in-but-bi-qua-tang-havi04\/","title":{"rendered":"In B\u00fat Bi Qu\u00e0 T\u1eb7ng HAVI04"},"content":{"rendered":"<p>In B\u00fat Bi Qu\u00e0 T\u1eb7ng HAVI04<\/p>\n<p>M\u00e2\u0303u: Bu\u0301t bi qua\u0309ng ca\u0301o BP7707<br \/>\nCh\u00e2\u0301t li\u00ea\u0323u: Nh\u01b0\u0323a<br \/>\nKi\u0301ch th\u01b0\u01a1\u0301c: Da\u0300i 14cm, r\u00f4\u0323ng 1.1cm<br \/>\nK\u00edch th\u01b0\u1edbc \u0111\u1ea7u bi: 0.7 mm, 1 ng\u00f2i xanh.<br \/>\nM\u1edf b\u00fat: Da\u0323ng bu\u0301t b\u1ea5m<br \/>\nM\u00e0u s\u1eafc: \u0110o\u0309, cam, \u0111en, tr\u0103\u0301ng, xanh d\u01b0\u01a1ng, xanh la\u0301 va\u0300 va\u0300ng.<br \/>\nIn \u1ea5n: in th\u00f4ng \u0111i\u00ea\u0323p, h\u00ecnh \u1ea3nh, logo nhi\u1ec1u m\u00e0u s\u1eafc theo y\u00eau c\u1ea7u.<\/p>\n<p><img loading=\"lazy\" decoding=\"async\" class=\"aligncenter wp-image-5313 size-full\" src=\"http:\/\/havigift.com\/wp-content\/uploads\/2024\/05\/but-bi-qua-tang.jpg\" alt=\"b\u00fat bi qu\u00e0 t\u1eb7ng\" width=\"2048\" height=\"2048\" srcset=\"https:\/\/havigift.com\/wp-content\/uploads\/2024\/05\/but-bi-qua-tang.jpg 2048w, https:\/\/havigift.com\/wp-content\/uploads\/2024\/05\/but-bi-qua-tang-300x300.jpg 300w, https:\/\/havigift.com\/wp-content\/uploads\/2024\/05\/but-bi-qua-tang-1024x1024.jpg 1024w, https:\/\/havigift.com\/wp-content\/uploads\/2024\/05\/but-bi-qua-tang-150x150.jpg 150w, https:\/\/havigift.com\/wp-content\/uploads\/2024\/05\/but-bi-qua-tang-768x768.jpg 768w, https:\/\/havigift.com\/wp-content\/uploads\/2024\/05\/but-bi-qua-tang-1536x1536.jpg 1536w, https:\/\/havigift.com\/wp-content\/uploads\/2024\/05\/but-bi-qua-tang-12x12.jpg 12w, https:\/\/havigift.com\/wp-content\/uploads\/2024\/05\/but-bi-qua-tang-600x600.jpg 600w, https:\/\/havigift.com\/wp-content\/uploads\/2024\/05\/but-bi-qua-tang-100x100.jpg 100w\" sizes=\"auto, (max-width: 2048px) 100vw, 2048px\" \/><\/p>","protected":false},"excerpt":{"rendered":"<p>In B\u00fat Bi Qu\u00e0 T\u1eb7ng HAVI04 in th\u00f4ng \u0111i\u00ea\u0323p, h\u00ecnh \u1ea3nh, logo nhi\u1ec1u m\u00e0u s\u1eafc theo y\u00eau c\u1ea7u.<\/p>","protected":false},"featured_media":5313,"comment_status":"open","ping_status":"closed","template":"","meta":{"_acf_changed":false},"product_brand":[],"product_cat":[114],"product_tag":[123,117,124],"class_list":{"0":"post-5311","1":"product","2":"type-product","3":"status-publish","4":"has-post-thumbnail","6":"product_cat-but-bi-in-logo","7":"product_tag-but-bi","8":"product_tag-but-bi-qua-tang","9":"product_tag-in-but-bi","11":"first","12":"instock","13":"shipping-taxable","14":"product-type-simple"},"acf":[],"_links":{"self":[{"href":"https:\/\/havigift.com\/en\/wp-json\/wp\/v2\/product\/5311","targetHints":{"allow":["GET"]}}],"collection":[{"href":"https:\/\/havigift.com\/en\/wp-json\/wp\/v2\/product"}],"about":[{"href":"https:\/\/havigift.com\/en\/wp-json\/wp\/v2\/types\/product"}],"replies":[{"embeddable":true,"href":"https:\/\/havigift.com\/en\/wp-json\/wp\/v2\/comments?post=5311"}],"wp:featuredmedia":[{"embeddable":true,"href":"https:\/\/havigift.com\/en\/wp-json\/wp\/v2\/media\/5313"}],"wp:attachment":[{"href":"https:\/\/havigift.com\/en\/wp-json\/wp\/v2\/media?parent=5311"}],"wp:term":[{"taxonomy":"product_brand","embeddable":true,"href":"https:\/\/havigift.com\/en\/wp-json\/wp\/v2\/product_brand?post=5311"},{"taxonomy":"product_cat","embeddable":true,"href":"https:\/\/havigift.com\/en\/wp-json\/wp\/v2\/product_cat?post=5311"},{"taxonomy":"product_tag","embeddable":true,"href":"https:\/\/havigift.com\/en\/wp-json\/wp\/v2\/product_tag?post=5311"}],"curies":[{"name":"wp","href":"https:\/\/api.w.org\/{rel}","templated":true}]}}