{"id":5306,"date":"2024-05-05T10:54:28","date_gmt":"2024-05-05T10:54:28","guid":{"rendered":"https:\/\/havigift.com\/?post_type=product&#038;p=5306"},"modified":"2024-05-05T10:54:28","modified_gmt":"2024-05-05T10:54:28","slug":"in-but-bi-nhu%cc%a3a-havi11-gia-re%cc%89","status":"publish","type":"product","link":"https:\/\/havigift.com\/en\/product\/in-but-bi-nhu%cc%a3a-havi11-gia-re%cc%89\/","title":{"rendered":"In Bu\u0301t Bi Nh\u01b0\u0323a HAVI11 Gia\u0301 Re\u0309"},"content":{"rendered":"<div class=\"avatar-gutter ng-tns-c777316009-55 ng-star-inserted\">\n<h1 class=\"resize-observable\"><strong style=\"font-size: 23.04px;\">In B\u00fat Bi Qu\u1ea3ng C\u00e1o Havi 11: B\u00ed Quy\u1ebft T\u0103ng C\u01b0\u1eddng Nh\u1eadn Th\u1ee9c Th\u01b0\u01a1ng Hi\u1ec7u Hi\u1ec7u Qu\u1ea3<\/strong><\/h1>\n<\/div>\n<div class=\"response-container-content ng-tns-c777316009-55\">\n<div class=\"response-content ng-tns-c777316009-55\">\n<div class=\"markdown markdown-main-panel\" dir=\"ltr\">\n<p data-sourcepos=\"3:1-3:339\"><strong>Trong th\u1eddi \u0111\u1ea1i c\u00f4ng ngh\u1ec7 s\u1ed1 b\u00f9ng n\u1ed5, vi\u1ec7c ti\u1ebfp c\u1eadn kh\u00e1ch h\u00e0ng ti\u1ec1m n\u0103ng v\u00e0 qu\u1ea3ng b\u00e1 th\u01b0\u01a1ng hi\u1ec7u tr\u1edf n\u00ean ng\u00e0y c\u00e0ng kh\u00f3 kh\u0103n h\u01a1n.<\/strong> Doanh nghi\u1ec7p ph\u1ea3i li\u00ean t\u1ee5c s\u00e1ng t\u1ea1o v\u00e0 \u0111\u1ed5i m\u1edbi \u0111\u1ec3 thu h\u00fat s\u1ef1 ch\u00fa \u00fd c\u1ee7a kh\u00e1ch h\u00e0ng. M\u1ed9t trong nh\u1eefng gi\u1ea3i ph\u00e1p qu\u1ea3ng c\u00e1o hi\u1ec7u qu\u1ea3 v\u00e0 ti\u1ebft ki\u1ec7m chi ph\u00ed m\u00e0 doanh nghi\u1ec7p c\u00f3 th\u1ec3 \u00e1p d\u1ee5ng l\u00e0 <strong>in b\u00fat bi qu\u1ea3ng c\u00e1o<\/strong>.<\/p>\n<p data-sourcepos=\"5:1-5:341\"><strong>B\u00fat bi Havi 11<\/strong> l\u00e0 s\u1ea3n ph\u1ea9m l\u00fd t\u01b0\u1edfng \u0111\u1ec3 qu\u1ea3ng b\u00e1 th\u01b0\u01a1ng hi\u1ec7u, s\u1ea3n ph\u1ea9m ho\u1eb7c d\u1ecbch v\u1ee5 c\u1ee7a b\u1ea1n. B\u00fat \u0111\u01b0\u1ee3c l\u00e0m t\u1eeb nh\u1ef1a ch\u1ea5t l\u01b0\u1ee3ng cao, b\u1ec1n \u0111\u1eb9p v\u00e0 s\u1eed d\u1ee5ng tho\u1ea3i m\u00e1i. Ng\u00f2i b\u00fat 0.7 mm cho n\u00e9t vi\u1ebft \u00eam \u00e1i, tr\u01a1n tru. B\u00fat c\u00f3 nhi\u1ec1u m\u00e0u s\u1eafc \u0111a d\u1ea1ng \u0111\u1ec3 b\u1ea1n l\u1ef1a ch\u1ecdn. B\u1ec1 m\u1eb7t b\u00fat c\u00f3 th\u1ec3 in \u1ea5n logo, h\u00ecnh \u1ea3nh, th\u00f4ng \u0111i\u1ec7p nhi\u1ec1u m\u00e0u s\u1eafc theo y\u00eau c\u1ea7u c\u1ee7a b\u1ea1n.<\/p>\n<h2 data-sourcepos=\"7:1-7:49\"><strong>T\u1ea1i sao n\u00ean ch\u1ecdn in b\u00fat bi qu\u1ea3ng c\u00e1o Havi 11?<\/strong><\/h2>\n<ul data-sourcepos=\"9:1-14:0\">\n<li data-sourcepos=\"9:1-9:295\">\n<h3><strong>T\u0103ng c\u01b0\u1eddng nh\u1eadn th\u1ee9c th\u01b0\u01a1ng hi\u1ec7u:<\/strong><\/h3>\n<p>Logo, h\u00ecnh \u1ea3nh v\u00e0 th\u00f4ng \u0111i\u1ec7p c\u1ee7a b\u1ea1n s\u1ebd \u0111\u01b0\u1ee3c in \u1ea5n n\u1ed5i b\u1eadt tr\u00ean th\u00e2n b\u00fat, gi\u00fap qu\u1ea3ng b\u00e1 th\u01b0\u01a1ng hi\u1ec7u c\u1ee7a b\u1ea1n \u0111\u1ebfn v\u1edbi nhi\u1ec1u ng\u01b0\u1eddi h\u01a1n. M\u1ed7i l\u1ea7n kh\u00e1ch h\u00e0ng s\u1eed d\u1ee5ng b\u00fat, h\u1ecd s\u1ebd nh\u00ecn th\u1ea5y th\u01b0\u01a1ng hi\u1ec7u c\u1ee7a b\u1ea1n v\u00e0 ghi nh\u1edb th\u00f4ng tin v\u1ec1 s\u1ea3n ph\u1ea9m ho\u1eb7c d\u1ecbch v\u1ee5 c\u1ee7a b\u1ea1n.<\/li>\n<li data-sourcepos=\"10:1-10:235\">\n<h3><strong>G\u00e2y \u1ea5n t\u01b0\u1ee3ng t\u1ed1t:<\/strong><\/h3>\n<p>B\u00fat bi Havi 11 \u0111\u01b0\u1ee3c thi\u1ebft k\u1ebf \u0111\u1eb9p m\u1eaft v\u00e0 sang tr\u1ecdng, s\u1ebd t\u1ea1o \u1ea5n t\u01b0\u1ee3ng t\u1ed1t \u0111\u1eb9p v\u1edbi kh\u00e1ch h\u00e0ng, nh\u00e2n vi\u00ean ho\u1eb7c \u0111\u1ed1i t\u00e1c c\u1ee7a b\u1ea1n. B\u00fat l\u00e0 m\u00f3n qu\u00e0 t\u1eb7ng \u00fd ngh\u0129a v\u00e0 thi\u1ebft th\u1ef1c, th\u1ec3 hi\u1ec7n s\u1ef1 quan t\u00e2m c\u1ee7a b\u1ea1n \u0111\u1ebfn ng\u01b0\u1eddi nh\u1eadn.<\/li>\n<li data-sourcepos=\"11:1-11:270\">\n<h3><strong>Chi ph\u00ed h\u1ee3p l\u00fd:<\/strong><\/h3>\n<p>In b\u00fat bi qu\u1ea3ng c\u00e1o l\u00e0 m\u1ed9t gi\u1ea3i ph\u00e1p qu\u1ea3ng c\u00e1o hi\u1ec7u qu\u1ea3 v\u1edbi chi ph\u00ed h\u1ee3p l\u00fd. So v\u1edbi c\u00e1c h\u00ecnh th\u1ee9c qu\u1ea3ng c\u00e1o kh\u00e1c nh\u01b0 qu\u1ea3ng c\u00e1o tr\u00ean truy\u1ec1n h\u00ecnh, b\u00e1o ch\u00ed ho\u1eb7c m\u1ea1ng x\u00e3 h\u1ed9i, in b\u00fat bi qu\u1ea3ng c\u00e1o c\u00f3 chi ph\u00ed th\u1ea5p h\u01a1n nhi\u1ec1u nh\u01b0ng v\u1eabn mang l\u1ea1i hi\u1ec7u qu\u1ea3 cao.<\/li>\n<li data-sourcepos=\"12:1-12:207\">\n<h3><strong>Thi\u1ebft th\u1ef1c:<\/strong><\/h3>\n<p>B\u00fat bi l\u00e0 v\u1eadt d\u1ee5ng thi\u1ebft y\u1ebfu \u0111\u01b0\u1ee3c s\u1eed d\u1ee5ng h\u00e0ng ng\u00e0y b\u1edfi m\u1ecdi ng\u01b0\u1eddi \u1edf m\u1ecdi l\u1ee9a tu\u1ed5i. Do \u0111\u00f3, b\u00fat bi qu\u1ea3ng c\u00e1o c\u1ee7a b\u1ea1n s\u1ebd c\u00f3 c\u01a1 h\u1ed9i ti\u1ebfp c\u1eadn v\u1edbi nhi\u1ec1u ng\u01b0\u1eddi h\u01a1n v\u00e0 \u0111\u01b0\u1ee3c s\u1eed d\u1ee5ng th\u01b0\u1eddng xuy\u00ean h\u01a1n.<\/li>\n<li data-sourcepos=\"13:1-14:0\">\n<h3><strong>Mang l\u1ea1i hi\u1ec7u qu\u1ea3 l\u00e2u d\u00e0i:<\/strong><\/h3>\n<p>B\u00fat bi th\u01b0\u1eddng \u0111\u01b0\u1ee3c s\u1eed d\u1ee5ng trong m\u1ed9t th\u1eddi gian d\u00e0i, gi\u00fap th\u01b0\u01a1ng hi\u1ec7u c\u1ee7a b\u1ea1n ti\u1ebfp c\u1eadn v\u1edbi kh\u00e1ch h\u00e0ng ti\u1ec1m n\u0103ng nhi\u1ec1u l\u1ea7n. M\u1ed7i l\u1ea7n kh\u00e1ch h\u00e0ng s\u1eed d\u1ee5ng b\u00fat, h\u1ecd s\u1ebd l\u1ea1i nh\u1edb \u0111\u1ebfn th\u01b0\u01a1ng hi\u1ec7u c\u1ee7a b\u1ea1n.<\/li>\n<\/ul>\n<h2 data-sourcepos=\"15:1-15:44\"><strong>In b\u00fat bi qu\u1ea3ng c\u00e1o Havi 11 ph\u00f9 h\u1ee3p cho:<\/strong><\/h2>\n<ul data-sourcepos=\"17:1-20:0\">\n<li data-sourcepos=\"17:1-17:288\"><strong>Doanh nghi\u1ec7p mu\u1ed1n qu\u1ea3ng b\u00e1 th\u01b0\u01a1ng hi\u1ec7u:<\/strong> In b\u00fat bi Havi 11 l\u00e0 m\u00f3n qu\u00e0 t\u1eb7ng l\u00fd t\u01b0\u1edfng cho kh\u00e1ch h\u00e0ng, nh\u00e2n vi\u00ean, \u0111\u1ed1i t\u00e1c v\u00e0 c\u00e1c nh\u00e0 \u0111\u1ea7u t\u01b0 ti\u1ec1m n\u0103ng. B\u00fat bi qu\u1ea3ng c\u00e1o gi\u00fap doanh nghi\u1ec7p t\u0103ng c\u01b0\u1eddng nh\u1eadn th\u1ee9c th\u01b0\u01a1ng hi\u1ec7u, t\u1ea1o \u1ea5n t\u01b0\u1ee3ng t\u1ed1t \u0111\u1eb9p v\u1edbi kh\u00e1ch h\u00e0ng v\u00e0 th\u00fac \u0111\u1ea9y doanh s\u1ed1 b\u00e1n h\u00e0ng.<\/li>\n<li data-sourcepos=\"18:1-18:275\"><strong>C\u00e1c ho\u1ea1t \u0111\u1ed9ng khuy\u1ebfn m\u00e3i, ti\u1ebfp th\u1ecb:<\/strong> B\u00fat bi Havi 11 c\u00f3 th\u1ec3 \u0111\u01b0\u1ee3c s\u1eed d\u1ee5ng l\u00e0m qu\u00e0 t\u1eb7ng trong c\u00e1c ho\u1ea1t \u0111\u1ed9ng khuy\u1ebfn m\u00e3i, ti\u1ebfp th\u1ecb \u0111\u1ec3 thu h\u00fat kh\u00e1ch h\u00e0ng. B\u00fat bi qu\u1ea3ng c\u00e1o l\u00e0 m\u1ed9t c\u00e1ch hi\u1ec7u qu\u1ea3 \u0111\u1ec3 thu h\u00fat s\u1ef1 ch\u00fa \u00fd c\u1ee7a kh\u00e1ch h\u00e0ng v\u00e0 gi\u1edbi thi\u1ec7u s\u1ea3n ph\u1ea9m ho\u1eb7c d\u1ecbch v\u1ee5 m\u1edbi c\u1ee7a b\u1ea1n.<\/li>\n<li data-sourcepos=\"19:1-20:0\"><strong>S\u1eed d\u1ee5ng v\u0103n ph\u00f2ng h\u00e0ng ng\u00e0y:<\/strong> B\u00fat bi Havi 11 l\u00e0 v\u1eadt d\u1ee5ng thi\u1ebft y\u1ebfu cho nh\u00e2n vi\u00ean v\u0103n ph\u00f2ng, gi\u00fap h\u1ecd ghi ch\u00e9p th\u00f4ng tin v\u00e0 ho\u00e0n th\u00e0nh c\u00f4ng vi\u1ec7c m\u1ed9t c\u00e1ch hi\u1ec7u qu\u1ea3. B\u00fat bi qu\u1ea3ng c\u00e1o c\u0169ng l\u00e0 m\u1ed9t c\u00e1ch hay \u0111\u1ec3 th\u1ec3 hi\u1ec7n s\u1ef1 chuy\u00ean nghi\u1ec7p c\u1ee7a doanh nghi\u1ec7p.<\/li>\n<\/ul>\n<p data-sourcepos=\"21:1-21:357\"><strong>T\u1ea1i Havi 11, ch\u00fang t\u00f4i cung c\u1ea5p d\u1ecbch v\u1ee5 in b\u00fat bi qu\u1ea3ng c\u00e1o ch\u1ea5t l\u01b0\u1ee3ng cao v\u1edbi gi\u00e1 c\u1ea3 c\u1ea1nh tranh.<\/strong> Ch\u00fang t\u00f4i s\u1eed d\u1ee5ng c\u00f4ng ngh\u1ec7 in \u1ea5n hi\u1ec7n \u0111\u1ea1i \u0111\u1ec3 \u0111\u1ea3m b\u1ea3o logo, h\u00ecnh \u1ea3nh v\u00e0 th\u00f4ng \u0111i\u1ec7p c\u1ee7a b\u1ea1n \u0111\u01b0\u1ee3c in \u1ea5n r\u00f5 r\u00e0ng v\u00e0 s\u1eafc n\u00e9t. Ch\u00fang t\u00f4i c\u0169ng c\u00f3 \u0111\u1ed9i ng\u0169 nh\u00e2n vi\u00ean gi\u00e0u kinh nghi\u1ec7m s\u1ebd t\u01b0 v\u1ea5n cho b\u1ea1n l\u1ef1a ch\u1ecdn lo\u1ea1i b\u00fat v\u00e0 ki\u1ec3u in ph\u00f9 h\u1ee3p nh\u1ea5t v\u1edbi nhu c\u1ea7u c\u1ee7a b\u1ea1n.<\/p>\n<\/div>\n<\/div>\n<\/div>","protected":false},"excerpt":{"rendered":"<p><strong>Th\u00f4ng tin :<\/strong><\/p>\n<ul>\n<li>M\u00e2\u0303u:\u00a0<strong>Bu\u0301t bi qua\u0309ng ca\u0301o Havi11<\/strong><\/li>\n<li>Ch\u00e2\u0301t li\u00ea\u0323u: Nh\u01b0\u0323a<\/li>\n<li>Ki\u0301ch th\u01b0\u01a1\u0301c: Da\u0300i 13.5cm, r\u00f4\u0323ng 0.9cm<\/li>\n<li>K\u00edch th\u01b0\u1edbc \u0111\u1ea7u bi: 0.7 mm, 1 ng\u00f2i xanh.<\/li>\n<li>M\u1edf b\u00fat: Da\u0323ng bu\u0301t xoay.<\/li>\n<li>M\u00e0u s\u1eafc: \u0110o\u0309, cam, \u0111en, tr\u0103\u0301ng, xanh d\u01b0\u01a1ng, xanh la\u0301 va\u0300 va\u0300ng.<\/li>\n<li>In \u1ea5n: in th\u00f4ng \u0111i\u00ea\u0323p, h\u00ecnh \u1ea3nh, logo nhi\u1ec1u m\u00e0u s\u1eafc theo y\u00eau c\u1ea7u.<\/li>\n<\/ul>","protected":false},"featured_media":5307,"comment_status":"open","ping_status":"closed","template":"","meta":{"_acf_changed":false},"product_brand":[],"product_cat":[21],"product_tag":[],"class_list":{"0":"post-5306","1":"product","2":"type-product","3":"status-publish","4":"has-post-thumbnail","6":"product_cat-bo-qua-tang","8":"first","9":"instock","10":"shipping-taxable","11":"product-type-simple"},"acf":[],"_links":{"self":[{"href":"https:\/\/havigift.com\/en\/wp-json\/wp\/v2\/product\/5306","targetHints":{"allow":["GET"]}}],"collection":[{"href":"https:\/\/havigift.com\/en\/wp-json\/wp\/v2\/product"}],"about":[{"href":"https:\/\/havigift.com\/en\/wp-json\/wp\/v2\/types\/product"}],"replies":[{"embeddable":true,"href":"https:\/\/havigift.com\/en\/wp-json\/wp\/v2\/comments?post=5306"}],"wp:featuredmedia":[{"embeddable":true,"href":"https:\/\/havigift.com\/en\/wp-json\/wp\/v2\/media\/5307"}],"wp:attachment":[{"href":"https:\/\/havigift.com\/en\/wp-json\/wp\/v2\/media?parent=5306"}],"wp:term":[{"taxonomy":"product_brand","embeddable":true,"href":"https:\/\/havigift.com\/en\/wp-json\/wp\/v2\/product_brand?post=5306"},{"taxonomy":"product_cat","embeddable":true,"href":"https:\/\/havigift.com\/en\/wp-json\/wp\/v2\/product_cat?post=5306"},{"taxonomy":"product_tag","embeddable":true,"href":"https:\/\/havigift.com\/en\/wp-json\/wp\/v2\/product_tag?post=5306"}],"curies":[{"name":"wp","href":"https:\/\/api.w.org\/{rel}","templated":true}]}}