{"id":5295,"date":"2024-05-05T10:33:46","date_gmt":"2024-05-05T10:33:46","guid":{"rendered":"https:\/\/havigift.com\/?post_type=product&#038;p=5295"},"modified":"2024-09-21T08:57:38","modified_gmt":"2024-09-21T08:57:38","slug":"but-bi-qua%cc%89ng-cao-havi12","status":"publish","type":"product","link":"https:\/\/havigift.com\/en\/product\/but-bi-qua%cc%89ng-cao-havi12\/","title":{"rendered":"Bu\u0301t Bi Qua\u0309ng Ca\u0301o HAVI12"},"content":{"rendered":"<div class=\"avatar-gutter ng-tns-c777316009-17 ng-star-inserted\">\n<div class=\"resize-observable\">\n<h2 data-sourcepos=\"1:1-1:69\">B\u00fat Bi Qu\u1ea3ng C\u00e1o HAVI12 &#8211; N\u00e2ng T\u1ea7m Th\u01b0\u01a1ng Hi\u1ec7u V\u1edbi M\u00f3n Qu\u00e0 Tinh T\u1ebf<\/h2>\n<p data-sourcepos=\"3:1-3:219\"><strong>B\u00fat bi qu\u1ea3ng c\u00e1o HAVI12<\/strong> &#8211; Si\u00eau ph\u1ea9m chinh ph\u1ee5c m\u1ecdi doanh nghi\u1ec7p b\u1edfi thi\u1ebft k\u1ebf \u0111\u1eb3ng c\u1ea5p, ch\u1ea5t l\u01b0\u1ee3ng v\u01b0\u1ee3t tr\u1ed9i v\u00e0 gi\u00e1 th\u00e0nh h\u1ee3p l\u00fd. L\u1ef1a ch\u1ecdn HAVI12 \u0111\u1ec3 kh\u1eb3ng \u0111\u1ecbnh th\u01b0\u01a1ng hi\u1ec7u v\u00e0 ghi d\u1ea5u \u1ea5n s\u00e2u s\u1eafc trong l\u00f2ng kh\u00e1ch h\u00e0ng.<\/p>\n<p data-sourcepos=\"5:1-5:35\"><strong>Thi\u1ebft k\u1ebf th\u1eddi th\u01b0\u1ee3ng, \u0111\u1eb3ng c\u1ea5p:<\/strong><\/p>\n<ul data-sourcepos=\"7:1-10:0\">\n<li data-sourcepos=\"7:1-7:98\"><strong>Ki\u1ec3u d\u00e1ng thanh l\u1ecbch:<\/strong> B\u00fat thon g\u1ecdn, v\u1eeba v\u1eb7n v\u1edbi tay c\u1ea7m, t\u1ea1o c\u1ea3m gi\u00e1c tho\u1ea3i m\u00e1i khi s\u1eed d\u1ee5ng.<\/li>\n<li data-sourcepos=\"8:1-8:87\"><strong>\u0110\u1ea7u b\u00fat b\u1ea5m hi\u1ec7n \u0111\u1ea1i:<\/strong> Mang \u0111\u1ebfn tr\u1ea3i nghi\u1ec7m vi\u1ebft \u00eam \u00e1i, m\u01b0\u1ee3t m\u00e0 v\u00e0 m\u1ef1c ra \u0111\u1ec1u \u0111\u1eb7n.<\/li>\n<li data-sourcepos=\"9:1-10:0\"><strong>2 t\u00f4ng m\u00e0u sang tr\u1ecdng:<\/strong> B\u1ea1c v\u00e0 \u0111en \u0111\u01a1n s\u1eafc, gi\u00fap logo v\u00e0 th\u00f4ng tin th\u01b0\u01a1ng hi\u1ec7u n\u1ed5i b\u1eadt, thu h\u00fat m\u1ecdi \u00e1nh nh\u00ecn.<\/li>\n<\/ul>\n<p data-sourcepos=\"11:1-11:62\"><strong>C\u00f4ng ngh\u1ec7 in \u1ea5n ti\u00ean ti\u1ebfn, truy\u1ec1n t\u1ea3i th\u00f4ng \u0111i\u1ec7p tr\u1ecdn v\u1eb9n:<\/strong><\/p>\n<ul data-sourcepos=\"13:1-16:0\">\n<li data-sourcepos=\"13:1-13:105\"><strong>C\u00f4ng ngh\u1ec7 in UV chuy\u1ec3n nhi\u1ec7t:<\/strong> H\u00ecnh \u1ea3nh, logo in s\u1eafc n\u00e9t, m\u00e0u s\u1eafc t\u01b0\u01a1i s\u00e1ng, b\u1ec1n m\u00e0u theo th\u1eddi gian.<\/li>\n<li data-sourcepos=\"14:1-14:70\"><strong>In \u0111a d\u1ea1ng m\u00e0u s\u1eafc:<\/strong> \u0110\u00e1p \u1ee9ng m\u1ecdi nhu c\u1ea7u, y\u00eau c\u1ea7u c\u1ee7a kh\u00e1ch h\u00e0ng.<\/li>\n<li data-sourcepos=\"15:1-16:0\"><strong>N\u1ed9i dung in \u1ea5n r\u00f5 r\u00e0ng, d\u1ec5 \u0111\u1ecdc:<\/strong> Truy\u1ec1n t\u1ea3i th\u00f4ng \u0111i\u1ec7p th\u01b0\u01a1ng hi\u1ec7u hi\u1ec7u qu\u1ea3.<\/li>\n<\/ul>\n<p data-sourcepos=\"17:1-17:44\"><strong>M\u00f3n qu\u00e0 t\u1eb7ng l\u00fd t\u01b0\u1edfng cho m\u1ecdi \u0111\u1ed1i t\u01b0\u1ee3ng:<\/strong><\/p>\n<ul data-sourcepos=\"19:1-22:0\">\n<li data-sourcepos=\"19:1-19:99\"><strong>L\u1ef1a ch\u1ecdn h\u00e0ng \u0111\u1ea7u cho doanh nghi\u1ec7p:<\/strong> Th\u1ec3 hi\u1ec7n s\u1ef1 chuy\u00ean nghi\u1ec7p, \u0111\u1eb3ng c\u1ea5p v\u00e0 tri \u00e2n kh\u00e1ch h\u00e0ng.<\/li>\n<li data-sourcepos=\"20:1-20:111\"><strong>Ph\u00f9 h\u1ee3p cho tr\u01b0\u1eddng h\u1ecdc, ng\u00e2n h\u00e0ng, b\u1ec7nh vi\u1ec7n, kh\u00e1ch s\u1ea1n:<\/strong> Qu\u1ea3ng b\u00e1 th\u01b0\u01a1ng hi\u1ec7u r\u1ed9ng r\u00e3i, thu h\u00fat s\u1ef1 ch\u00fa \u00fd.<\/li>\n<li data-sourcepos=\"21:1-22:0\"><strong>M\u00f3n qu\u00e0 \u00fd ngh\u0129a cho b\u1ea1n b\u00e8, \u0111\u1ed1i t\u00e1c:<\/strong> Th\u1ec3 hi\u1ec7n s\u1ef1 quan t\u00e2m v\u00e0 tr\u00e2n tr\u1ecdng.<\/li>\n<\/ul>\n<p data-sourcepos=\"23:1-23:45\"><strong>Havi Gift &#8211; Nh\u00e0 cung c\u1ea5p uy t\u00edn, t\u1eadn t\u00e2m:<\/strong><\/p>\n<ul data-sourcepos=\"25:1-29:0\">\n<li data-sourcepos=\"25:1-25:68\"><strong>Cung c\u1ea5p ph\u00f4i b\u00fat bi HAVI12 ch\u1ea5t l\u01b0\u1ee3ng cao, gi\u00e1 r\u1ebb c\u1ea1nh tranh.<\/strong><\/li>\n<li data-sourcepos=\"26:1-26:69\"><strong>Chi\u1ebft kh\u1ea5u h\u1ea5p d\u1eabn, ch\u00ednh s\u00e1ch \u01b0u \u0111\u00e3i cho \u0111\u1ea1i l\u00fd, doanh nghi\u1ec7p.<\/strong><\/li>\n<li data-sourcepos=\"27:1-27:55\"><strong>D\u1ecbch v\u1ee5 in \u1ea5n chuy\u00ean nghi\u1ec7p, \u0111\u00e1p \u1ee9ng m\u1ecdi y\u00eau c\u1ea7u.<\/strong><\/li>\n<li data-sourcepos=\"28:1-29:0\"><strong>Giao h\u00e0ng nhanh ch\u00f3ng, \u0111\u00fang h\u1ea1n.<\/strong><\/li>\n<\/ul>\n<p data-sourcepos=\"38:1-38:45\"><strong>T\u1ea1i sao n\u00ean ch\u1ecdn B\u00fat Bi Qu\u1ea3ng C\u00e1o HAVI12?<\/strong><\/p>\n<ul data-sourcepos=\"40:1-44:0\">\n<li data-sourcepos=\"40:1-40:300\"><strong>Thi\u1ebft k\u1ebf sang tr\u1ecdng, \u0111\u1eb3ng c\u1ea5p:<\/strong> B\u00fat HAVI12 s\u1edf h\u1eefu thi\u1ebft k\u1ebf thon g\u1ecdn, tinh t\u1ebf, mang \u0111\u1ebfn c\u1ea3m gi\u00e1c tho\u1ea3i m\u00e1i khi s\u1eed d\u1ee5ng. \u0110\u1ea7u b\u00fat b\u1ea5m \u0111\u1eb7c bi\u1ec7t gi\u00fap vi\u1ec7c vi\u1ebft tr\u1edf n\u00ean \u00eam \u00e1i v\u00e0 m\u01b0\u1ee3t m\u00e0 h\u01a1n. Hai t\u00f4ng m\u00e0u b\u1ea1c v\u00e0 \u0111en \u0111\u01a1n s\u1eafc t\u1ea1o n\u00ean s\u1ef1 sang tr\u1ecdng, gi\u00fap logo v\u00e0 th\u00f4ng tin th\u01b0\u01a1ng hi\u1ec7u c\u1ee7a b\u1ea1n n\u1ed5i b\u1eadt h\u01a1n.<\/li>\n<li data-sourcepos=\"41:1-41:307\"><strong>C\u00f4ng ngh\u1ec7 in \u1ea5n hi\u1ec7n \u0111\u1ea1i:<\/strong> Havi Gift s\u1eed d\u1ee5ng c\u00f4ng ngh\u1ec7 in UV chuy\u1ec3n nhi\u1ec7t ti\u00ean ti\u1ebfn \u0111\u1ec3 in logo v\u00e0 th\u00f4ng tin l\u00ean b\u00fat. Nh\u1edd v\u1eady, h\u00ecnh \u1ea3nh in ra s\u1eafc n\u00e9t, r\u00f5 r\u00e0ng, b\u1ec1n m\u00e0u theo th\u1eddi gian. B\u00fat HAVI12 c\u00f3 th\u1ec3 in \u0111\u01b0\u1ee3c t\u1ea5t c\u1ea3 c\u00e1c m\u00e0u s\u1eafc theo y\u00eau c\u1ea7u c\u1ee7a kh\u00e1ch h\u00e0ng, \u0111\u00e1p \u1ee9ng m\u1ecdi nhu c\u1ea7u \u0111a d\u1ea1ng c\u1ee7a doanh nghi\u1ec7p.<\/li>\n<li data-sourcepos=\"42:1-42:261\"><strong>M\u00f3n qu\u00e0 t\u1eb7ng l\u00fd t\u01b0\u1edfng:<\/strong> B\u00fat bi HAVI12 l\u00e0 m\u00f3n qu\u00e0 t\u1eb7ng \u00fd ngh\u0129a d\u00e0nh cho doanh nghi\u1ec7p, tr\u01b0\u1eddng h\u1ecdc, ng\u00e2n h\u00e0ng, b\u1ec7nh vi\u1ec7n, kh\u00e1ch s\u1ea1n,&#8230; \u0110\u00e2y l\u00e0 c\u00e1ch th\u1ee9c qu\u1ea3ng b\u00e1 th\u01b0\u01a1ng hi\u1ec7u hi\u1ec7u qu\u1ea3, gi\u00fap thu h\u00fat s\u1ef1 ch\u00fa \u00fd c\u1ee7a kh\u00e1ch h\u00e0ng v\u00e0 t\u1ea1o \u1ea5n t\u01b0\u1ee3ng t\u1ed1t \u0111\u1eb9p trong l\u00f2ng h\u1ecd.<\/li>\n<li data-sourcepos=\"43:1-44:0\"><strong>Havi Gift &#8211; \u0110\u1ed1i t\u00e1c uy t\u00edn:<\/strong> Havi Gift l\u00e0 nh\u00e0 cung c\u1ea5p b\u00fat bi qu\u1ea3ng c\u00e1o uy t\u00edn v\u1edbi nhi\u1ec1u n\u0103m kinh nghi\u1ec7m. Ch\u00fang t\u00f4i lu\u00f4n cam k\u1ebft cung c\u1ea5p s\u1ea3n ph\u1ea9m ch\u1ea5t l\u01b0\u1ee3ng cao v\u1edbi gi\u00e1 c\u1ea3 c\u1ea1nh tranh. Havi Gift c\u00f2n c\u00f3 \u0111\u1ed9i ng\u0169 nh\u00e2n vi\u00ean chuy\u00ean nghi\u1ec7p, s\u1eb5n s\u00e0ng t\u01b0 v\u1ea5n v\u00e0 h\u1ed7 tr\u1ee3 kh\u00e1ch h\u00e0ng t\u1eadn t\u00ecnh.<\/li>\n<\/ul>\n<p data-sourcepos=\"45:1-45:87\"><strong>H\u00e3y li\u00ean h\u1ec7 ngay v\u1edbi Havi Gift \u0111\u1ec3 \u0111\u1eb7t b\u00fat bi qu\u1ea3ng c\u00e1o HAVI12 in logo theo y\u00eau c\u1ea7u!<\/strong><\/p>\n<p data-sourcepos=\"33:1-33:73\"><strong>H\u00e3y \u0111\u1ec3 B\u00fat Bi Qu\u1ea3ng C\u00e1o HAVI12 g\u00f3p ph\u1ea7n n\u00e2ng t\u1ea7m th\u01b0\u01a1ng hi\u1ec7u c\u1ee7a b\u1ea1n!<\/strong><\/p>\n<p data-sourcepos=\"35:1-35:99\"><strong>B\u00fat Bi Qu\u1ea3ng C\u00e1o HAVI12 &#8211; Mang \u0111\u1ebfn tr\u1ea3i nghi\u1ec7m vi\u1ebft tuy\u1ec7t v\u1eddi v\u00e0 qu\u1ea3ng b\u00e1 th\u01b0\u01a1ng hi\u1ec7u hi\u1ec7u qu\u1ea3!<\/strong><\/p>\n<\/div>\n<\/div>","protected":false},"excerpt":{"rendered":"<p><strong>Th\u00f4ng tin chi ti\u00ea\u0301t sa\u0309n ph\u00e2\u0309m:<\/strong><\/p>\n<ul>\n<li>T\u00ean : Bu\u0301t Bi Qua\u0309ng Ca\u0301o HAVI12<\/li>\n<li>Ch\u00e2\u0301t li\u00ea\u0323u: Vo\u0309 nh\u01b0\u0323a PVC.<\/li>\n<li>M\u1edf b\u00fat : Da\u0323ng bu\u0301t b\u00e2\u0301m.<\/li>\n<li>Ma\u0300u m\u01b0\u0323c: Xanh.<\/li>\n<li>Ki\u0301ch th\u01b0\u01a1\u0301c bu\u0301t: Ngang 1.1 cm x da\u0300i 14 cm<\/li>\n<li>Ki\u0301ch th\u01b0\u01a1\u0301c \u0111\u1ea7u bi: 0.7 mm.<\/li>\n<li>Tro\u0323ng l\u01b0\u01a1\u0323ng: 10 gram.<\/li>\n<li>M\u00e0u\u00a0 s\u1eafc th\u00e2n bu\u0301t :\u00a0 Ba\u0323c, \u0110en, Xanh, \u0110o\u0309, Xanh l\u00e1.<\/li>\n<li>In \u1ea5n\u00a0 : in logo, h\u00ecnh \u1ea3nh \u0111a m\u00e0u s\u1eafc, theo y\u00eau c\u1ea7u.<\/li>\n<\/ul>","protected":false},"featured_media":5299,"comment_status":"open","ping_status":"closed","template":"","meta":{"_acf_changed":false},"product_brand":[],"product_cat":[114,30],"product_tag":[],"class_list":{"0":"post-5295","1":"product","2":"type-product","3":"status-publish","4":"has-post-thumbnail","6":"product_cat-but-bi-in-logo","7":"product_cat-qua-tang-doanh-nghiep","9":"first","10":"instock","11":"shipping-taxable","12":"product-type-simple"},"acf":[],"_links":{"self":[{"href":"https:\/\/havigift.com\/en\/wp-json\/wp\/v2\/product\/5295","targetHints":{"allow":["GET"]}}],"collection":[{"href":"https:\/\/havigift.com\/en\/wp-json\/wp\/v2\/product"}],"about":[{"href":"https:\/\/havigift.com\/en\/wp-json\/wp\/v2\/types\/product"}],"replies":[{"embeddable":true,"href":"https:\/\/havigift.com\/en\/wp-json\/wp\/v2\/comments?post=5295"}],"wp:featuredmedia":[{"embeddable":true,"href":"https:\/\/havigift.com\/en\/wp-json\/wp\/v2\/media\/5299"}],"wp:attachment":[{"href":"https:\/\/havigift.com\/en\/wp-json\/wp\/v2\/media?parent=5295"}],"wp:term":[{"taxonomy":"product_brand","embeddable":true,"href":"https:\/\/havigift.com\/en\/wp-json\/wp\/v2\/product_brand?post=5295"},{"taxonomy":"product_cat","embeddable":true,"href":"https:\/\/havigift.com\/en\/wp-json\/wp\/v2\/product_cat?post=5295"},{"taxonomy":"product_tag","embeddable":true,"href":"https:\/\/havigift.com\/en\/wp-json\/wp\/v2\/product_tag?post=5295"}],"curies":[{"name":"wp","href":"https:\/\/api.w.org\/{rel}","templated":true}]}}