{"id":5293,"date":"2024-05-05T09:21:22","date_gmt":"2024-05-05T09:21:22","guid":{"rendered":"https:\/\/havigift.com\/?post_type=product&#038;p=5293"},"modified":"2024-05-05T09:21:23","modified_gmt":"2024-05-05T09:21:23","slug":"in-but-bi-nhua-gia-re-havi03","status":"publish","type":"product","link":"https:\/\/havigift.com\/en\/product\/in-but-bi-nhua-gia-re-havi03\/","title":{"rendered":"In B\u00fat Bi Nh\u1ef1a Gi\u00e1 R\u1ebb HAVI03"},"content":{"rendered":"<p>M\u1ed9t trong nh\u1eefng m\u1eabu b\u00fat bi qu\u1ea3ng c\u00e1o, bu\u0301t bi khuy\u00ea\u0301n ma\u0303i \u0111\u01b0\u01a1\u0323c nhi\u00ea\u0300u doanh nghi\u00ea\u0323p l\u01b0\u0323a cho\u0323n ph\u00f4\u0309 bi\u00ea\u0301n nh\u00e2\u0301t hi\u00ea\u0323n nay la\u0300 B\u00fat Bi Nh\u1ef1a Gi\u00e1 R\u1ebb HAVI03<\/p>\n<p><strong>Th\u00f4ng tin sa\u0309n ph\u00e2\u0309m:<\/strong><\/p>\n<ul>\n<li>T\u00ean: B\u00fat Bi Nh\u1ef1a Gi\u00e1 R\u1ebb HAVI03<\/li>\n<li>Ch\u00e2\u0301t li\u00ea\u0323u: Nh\u01b0\u0323a.<\/li>\n<li>M\u1edf b\u00fat : Da\u0323ng bu\u0301t xoay.<\/li>\n<li>Ma\u0300u m\u01b0\u0323c: Xanh.<\/li>\n<li>Ki\u0301ch th\u01b0\u01a1\u0301c: (14 cm x 1.0 cm)<\/li>\n<li>Ki\u0301ch th\u01b0\u01a1\u0301c \u0111\u1ea7u bi: 0.7 mm.<\/li>\n<li>Tro\u0323ng l\u01b0\u01a1\u0323ng: 10 gram.<\/li>\n<li>M\u00e0u\u00a0 s\u1eafc: 9 ma\u0300u ( \u0110en, \u0111o\u0309, va\u0300ng, xanh la\u0301, xanh d\u01b0\u01a1ng, xanh nha\u0323t, cam, ti\u0301m va\u0300 h\u00f4\u0300ng.)<\/li>\n<li>In \u1ea5n: in logo, h\u00ecnh \u1ea3nh \u0111a m\u00e0u s\u1eafc theo y\u00eau c\u1ea7u.<\/li>\n<\/ul>\n<p>M\u00e2\u0303u\u00a0<strong>bu\u0301t bi khuy\u00ea\u0301n ma\u0303i HAVI03 <\/strong>v\u01a1\u0301i thi\u00ea\u0301t k\u00ea\u0301 da\u0323ng xoay, ph\u00e2\u0300n th\u00e2n s\u01a1\u0309 h\u01b0\u0303u m\u00f4\u0323t trong 9 ma\u0300u \u0111\u01a1n s\u0103\u0301c \u0111\u01b0\u01a1\u0323c li\u00ea\u0323t k\u00ea \u01a1\u0309 tr\u00ean, k\u00ea\u0301t h\u01a1\u0323p ph\u00f4\u0301i v\u01a1\u0301i ma\u0300u ba\u0323c a\u0301nh kim loa\u0323i n\u00f4\u0309i b\u00e2\u0323t, t\u01b0\u01a1i sa\u0301ng va\u0300 sang tro\u0323ng.<\/p>\n<p><a href=\"https:\/\/havigift.com\/en\/\">HAVIGIFT<\/a> \u2013 x\u01b0\u1edfng in b\u00fat bi qu\u00e0 t\u1eb7ng qu\u1ea3ng c\u00e1o, in logo t\u00ean c\u00f4ng ty l\u00ean b\u00fat nh\u1ef1a theo y\u00eau c\u1ea7u \u201cNh\u1eadn in m\u1ecdi s\u1ed1 l\u01b0\u1ee3ng\u201d b\u1eb1ng c\u00f4ng ngh\u1ec7 In UV LED (c\u00f4ng ngh\u1ec7 in b\u00fat t\u00e2n ti\u1ebfn nh\u1ea5t hi\u1ec7n nay trong gi\u1edbi in b\u00fat) C\u00d3 TH\u1ec2 IN CHUY\u1ec2N M\u00c0U.<\/p>","protected":false},"excerpt":{"rendered":"<p>M\u1ed9t trong nh\u1eefng m\u1eabu b\u00fat bi qu\u1ea3ng c\u00e1o, bu\u0301t bi khuy\u00ea\u0301n ma\u0303i \u0111\u01b0\u01a1\u0323c nhi\u00ea\u0300u doanh nghi\u00ea\u0323p l\u01b0\u0323a cho\u0323n ph\u00f4\u0309 bi\u00ea\u0301n nh\u00e2\u0301t hi\u00ea\u0323n nay la\u0300 B\u00fat Bi Nh\u1ef1a Gi\u00e1 R\u1ebb HAVI03<\/p>","protected":false},"featured_media":5296,"comment_status":"open","ping_status":"closed","template":"","meta":{"_acf_changed":false},"product_brand":[],"product_cat":[114],"product_tag":[120,122,121],"class_list":{"0":"post-5293","1":"product","2":"type-product","3":"status-publish","4":"has-post-thumbnail","6":"product_cat-but-bi-in-logo","7":"product_tag-but-bi-nhua-gia-re","8":"product_tag-in-but-bi-gia-re","9":"product_tag-in-but-bi-nhua","11":"first","12":"instock","13":"shipping-taxable","14":"product-type-simple"},"acf":[],"_links":{"self":[{"href":"https:\/\/havigift.com\/en\/wp-json\/wp\/v2\/product\/5293","targetHints":{"allow":["GET"]}}],"collection":[{"href":"https:\/\/havigift.com\/en\/wp-json\/wp\/v2\/product"}],"about":[{"href":"https:\/\/havigift.com\/en\/wp-json\/wp\/v2\/types\/product"}],"replies":[{"embeddable":true,"href":"https:\/\/havigift.com\/en\/wp-json\/wp\/v2\/comments?post=5293"}],"wp:featuredmedia":[{"embeddable":true,"href":"https:\/\/havigift.com\/en\/wp-json\/wp\/v2\/media\/5296"}],"wp:attachment":[{"href":"https:\/\/havigift.com\/en\/wp-json\/wp\/v2\/media?parent=5293"}],"wp:term":[{"taxonomy":"product_brand","embeddable":true,"href":"https:\/\/havigift.com\/en\/wp-json\/wp\/v2\/product_brand?post=5293"},{"taxonomy":"product_cat","embeddable":true,"href":"https:\/\/havigift.com\/en\/wp-json\/wp\/v2\/product_cat?post=5293"},{"taxonomy":"product_tag","embeddable":true,"href":"https:\/\/havigift.com\/en\/wp-json\/wp\/v2\/product_tag?post=5293"}],"curies":[{"name":"wp","href":"https:\/\/api.w.org\/{rel}","templated":true}]}}