{"id":5284,"date":"2024-05-05T08:53:11","date_gmt":"2024-05-05T08:53:11","guid":{"rendered":"https:\/\/havigift.com\/?post_type=product&#038;p=5284"},"modified":"2024-05-05T08:57:07","modified_gmt":"2024-05-05T08:57:07","slug":"in-but-bi-bang-tre-gia-re%cc%89-havi01","status":"publish","type":"product","link":"https:\/\/havigift.com\/en\/product\/in-but-bi-bang-tre-gia-re%cc%89-havi01\/","title":{"rendered":"B\u00fat bi b\u1eb1ng tre in logo gi\u00e1 r\u1ebb HAVI01"},"content":{"rendered":"<h2>Bu\u0301t bi b\u1eb1ng tre in logo gi\u00e1 r\u1ebb HAVI01 \u2013 Th\u00e2n Thi\u00ea\u0323n M\u00f4i Tr\u01b0\u01a1\u0300ng<\/h2>\n<p><strong>Bu\u0301t bi b\u0103\u0300ng tre HAVI01<\/strong>\u00a0la\u0300 m\u00f4\u0323t sa\u0309n ph\u00e2\u0309m\u00a0co\u0301 thi\u00ea\u0301t k\u00ea\u0301 \u0111\u01a1n gia\u0309n, th\u00f4ng du\u0323ng va\u0300 th\u00e2n thi\u00ea\u0323n v\u01a1\u0301i m\u00f4i tr\u01b0\u01a1\u0300ng. Doanh nghi\u00ea\u0323p cu\u0309a ba\u0323n \u0111ang mu\u00f4\u0301n ti\u0300m ki\u00ea\u0301m va\u0300 l\u01b0\u0323a cho\u0323n nh\u01b0\u0303ng\u00a0 qua\u0300 t\u0103\u0323ng \u201c<em>Xanh<\/em>\u201c? Ta\u0323i sao kh\u00f4ng d\u00e2\u0303n \u0111\u00e2\u0300u b\u0103\u0300ng ca\u0301ch\u00a0<strong>in logo l\u00ean bu\u0301t bi b\u0103\u0300ng tre<\/strong>\u00a0la\u0300m qua\u0300 t\u0103\u0323ng cho \u0111\u00f4\u0301i ta\u0301c, kha\u0301ch ha\u0300ng \u2026<\/p>\n<p><img loading=\"lazy\" decoding=\"async\" class=\"aligncenter wp-image-5285 size-full\" src=\"http:\/\/havigift.com\/wp-content\/uploads\/2024\/05\/but-bi-bang-tre-gia-re.jpg\" alt=\"but-bi-bang-tre-gia-re\" width=\"2048\" height=\"1995\" srcset=\"https:\/\/havigift.com\/wp-content\/uploads\/2024\/05\/but-bi-bang-tre-gia-re.jpg 2048w, https:\/\/havigift.com\/wp-content\/uploads\/2024\/05\/but-bi-bang-tre-gia-re-300x292.jpg 300w, https:\/\/havigift.com\/wp-content\/uploads\/2024\/05\/but-bi-bang-tre-gia-re-1024x998.jpg 1024w, https:\/\/havigift.com\/wp-content\/uploads\/2024\/05\/but-bi-bang-tre-gia-re-768x748.jpg 768w, https:\/\/havigift.com\/wp-content\/uploads\/2024\/05\/but-bi-bang-tre-gia-re-1536x1496.jpg 1536w, https:\/\/havigift.com\/wp-content\/uploads\/2024\/05\/but-bi-bang-tre-gia-re-12x12.jpg 12w, https:\/\/havigift.com\/wp-content\/uploads\/2024\/05\/but-bi-bang-tre-gia-re-600x584.jpg 600w\" sizes=\"auto, (max-width: 2048px) 100vw, 2048px\" \/><\/p>\n<p><strong>Th\u00f4ng tin sa\u0309n ph\u00e2\u0309m:<\/strong><\/p>\n<ul>\n<li>T\u00ean: Bu\u0301t Bi B\u0103\u0300ng Tre Gia\u0301 Re\u0309 HAVI01<\/li>\n<li>Ch\u00e2\u0301t li\u00ea\u0323u: Th\u00e2n vo\u0309 tre t\u01b0\u0323 nhi\u00ean.<\/li>\n<li>M\u1edf b\u00fat : Da\u0323ng bu\u0301t b\u00e2\u0301m.<\/li>\n<li>Ma\u0300u m\u01b0\u0323c: Xanh.<\/li>\n<li>Ki\u0301ch th\u01b0\u01a1\u0301c: (13.7cm x 1.3cm)<\/li>\n<li>Ki\u0301ch th\u01b0\u01a1\u0301c \u0111\u1ea7u bi: 0.7 mm.<\/li>\n<li>Tro\u0323ng l\u01b0\u01a1\u0323ng: 10 gram.<\/li>\n<li>M\u00e0u\u00a0 s\u1eafc th\u00e2n bu\u0301t :\u00a0 Ma\u0300u g\u00f4\u0303 tre<\/li>\n<li>In \u1ea5n: in logo, h\u00ecnh \u1ea3nh \u0111a m\u00e0u s\u1eafc theo y\u00eau c\u1ea7u.<\/li>\n<\/ul>\n<p>M\u00e2\u0303u <strong>bu\u0301t bi b\u0103\u0300ng tre HAVI01<\/strong>\u00a0\u0111\u01b0\u01a1\u0323c thi\u00ea\u0301t k\u00ea\u0301 theo ki\u00ea\u0309u da\u0323ng bu\u0301t b\u00e2\u0301m, k\u00ea\u0301t h\u01a1\u0323p v\u01a1\u0301i s\u01b0\u0323 ph\u00f4\u0301i ma\u0300u ha\u0300i ho\u0300a gi\u01b0\u0303a th\u00e2n n\u00e2u g\u00f4\u0303 tre va\u0300\u00a0 ca\u0301c chi ti\u00ea\u0301t b\u0103\u0300ng the\u0301p ma\u0300u tr\u0103\u0301ng ba\u0323c \u01a1\u0309 \u0111\u00e2\u0300u va\u0300 \u0111u\u00f4i bu\u0301t. \u0110i\u00ea\u0300u na\u0300y giu\u0301p c\u00e2y bu\u0301t tr\u01a1\u0309 n\u00ean co\u0301 \u0111i\u00ea\u0309m nh\u00e2\u0301n h\u01a1n. In \u00e2\u0301n logo, t\u00ean th\u01b0\u01a1ng hi\u00ea\u0323u, hay hi\u0300nh a\u0309nh, n\u00f4\u0323i dung cu\u0309a ba\u0323n \u01a1\u0309 ph\u00e2\u0300n th\u00e2n bu\u0301t cu\u0303ng se\u0303 \u0111\u01b0\u01a1\u0323c n\u00f4\u0309i b\u00e2\u0323t va\u0300 d\u00ea\u0303 g\u00e2y chu\u0301 y\u0301 h\u01a1n.<\/p>\n<p>Ph\u00e2\u0300n ru\u00f4\u0323t <strong>bu\u0301t bi b\u0103\u0300ng tre HAVI01<\/strong>\u00a0\u0111\u01b0\u01a1\u0323c thi\u1ebft k\u1ebf linh \u0111\u1ed9ng, gi\u00fap b\u1ea1n c\u00f3 th\u1ec3 t\u00f9y \u00fd thay \u0111\u1ed5i, t\u00e1i s\u1eed d\u1ee5ng,\u00a0v\u1eeba ti\u1ebft ki\u1ec7m, v\u1eeba ti\u1ec7n l\u1ee3i.<\/p>\n<p>Ngoa\u0300i ra, <a href=\"https:\/\/havigift.com\/en\/\">HAVIGIFT<\/a> co\u0300n cung c\u00e2\u0301p ph\u00f4i bu\u0301t bi m\u00e2\u0303u B<strong>u\u0301t bi b\u0103\u0300ng tre HAVI01<\/strong> (bu\u0301t ch\u01b0a in \u00e2\u0301n)<strong>\u00a0<\/strong>cho ca\u0301c \u0111a\u0323i ly\u0301, ca\u0301c c\u00f4ng ty th\u01b0\u01a1ng ma\u0323i v\u01a1\u0301i gia\u0301 re\u0309 va\u0300 nhi\u00ea\u0300u chi\u0301nh sa\u0301ch h\u00e2\u0301p d\u00e2\u0303n, chi\u00ea\u0301t kh\u00e2\u0301u ph\u00e2\u0300n tr\u0103m cao, \u0111a\u0309m ba\u0309o \u00f4\u0309n \u0111i\u0323nh ngu\u00f4\u0300n ha\u0300ng cho ca\u0301c \u0111\u00f4\u0301i ta\u0301c.<\/p>","protected":false},"excerpt":{"rendered":"<p><strong>Bu\u0301t bi<\/strong> b\u0103\u0300ng tre HAVI01\u00a0la\u0300 m\u00f4\u0323t sa\u0309n ph\u00e2\u0309m\u00a0co\u0301 thi\u00ea\u0301t k\u00ea\u0301 \u0111\u01a1n gia\u0309n, th\u00f4ng du\u0323ng va\u0300 th\u00e2n thi\u00ea\u0323n v\u01a1\u0301i m\u00f4i tr\u01b0\u01a1\u0300ng. Doanh nghi\u00ea\u0323p cu\u0309a ba\u0323n \u0111ang mu\u00f4\u0301n ti\u0300m ki\u00ea\u0301m va\u0300 l\u01b0\u0323a cho\u0323n nh\u01b0\u0303ng\u00a0 qua\u0300 t\u0103\u0323ng \u201c<em>Xanh<\/em>\u201c? Ta\u0323i sao kh\u00f4ng d\u00e2\u0303n \u0111\u00e2\u0300u b\u0103\u0300ng ca\u0301ch\u00a0<strong>in logo l\u00ean bu\u0301t bi b\u0103\u0300ng tre<\/strong>\u00a0la\u0300m qua\u0300 t\u0103\u0323ng cho \u0111\u00f4\u0301i ta\u0301c, kha\u0301ch ha\u0300ng \u2026<\/p>","protected":false},"featured_media":5285,"comment_status":"open","ping_status":"closed","template":"","meta":{"_acf_changed":false},"product_brand":[],"product_cat":[114],"product_tag":[116,115,117,118],"class_list":{"0":"post-5284","1":"product","2":"type-product","3":"status-publish","4":"has-post-thumbnail","6":"product_cat-but-bi-in-logo","7":"product_tag-but-bi-gia-re","8":"product_tag-but-bi-in-logo","9":"product_tag-but-bi-qua-tang","10":"product_tag-in-an-but-bi","12":"first","13":"instock","14":"shipping-taxable","15":"product-type-simple"},"acf":[],"_links":{"self":[{"href":"https:\/\/havigift.com\/en\/wp-json\/wp\/v2\/product\/5284","targetHints":{"allow":["GET"]}}],"collection":[{"href":"https:\/\/havigift.com\/en\/wp-json\/wp\/v2\/product"}],"about":[{"href":"https:\/\/havigift.com\/en\/wp-json\/wp\/v2\/types\/product"}],"replies":[{"embeddable":true,"href":"https:\/\/havigift.com\/en\/wp-json\/wp\/v2\/comments?post=5284"}],"wp:featuredmedia":[{"embeddable":true,"href":"https:\/\/havigift.com\/en\/wp-json\/wp\/v2\/media\/5285"}],"wp:attachment":[{"href":"https:\/\/havigift.com\/en\/wp-json\/wp\/v2\/media?parent=5284"}],"wp:term":[{"taxonomy":"product_brand","embeddable":true,"href":"https:\/\/havigift.com\/en\/wp-json\/wp\/v2\/product_brand?post=5284"},{"taxonomy":"product_cat","embeddable":true,"href":"https:\/\/havigift.com\/en\/wp-json\/wp\/v2\/product_cat?post=5284"},{"taxonomy":"product_tag","embeddable":true,"href":"https:\/\/havigift.com\/en\/wp-json\/wp\/v2\/product_tag?post=5284"}],"curies":[{"name":"wp","href":"https:\/\/api.w.org\/{rel}","templated":true}]}}