{"id":4925,"date":"2023-12-21T04:23:47","date_gmt":"2023-12-21T04:23:47","guid":{"rendered":"https:\/\/havigift.com\/?post_type=product&#038;p=4925"},"modified":"2024-09-21T08:32:44","modified_gmt":"2024-09-21T08:32:44","slug":"binh-giu-nhiet-nap-nhiet-ke-in-logo-doanh-nghiep","status":"publish","type":"product","link":"https:\/\/havigift.com\/en\/product\/binh-giu-nhiet-nap-nhiet-ke-in-logo-doanh-nghiep\/","title":{"rendered":"B\u00ecnh Gi\u1eef Nhi\u1ec7t N\u1eafp Nhi\u1ec7t K\u1ebf In Logo Doanh Nghi\u1ec7p"},"content":{"rendered":"<p>Th\u00f4ng tin s\u1ea3n ph\u1ea9m<\/p>\n<ul class=\"\" data-spm-anchor-id=\"a2o4n.pdp_revamp.product_detail.i0.77861257z7cDkG\">\n<li>B\u00ecnh gi\u1eef nhi\u1ec7t c\u00f3 nhi\u1ec7t k\u1ebf th\u00f4ng minh ph\u00f9 h\u1ee3p v\u1edbi gi\u1edbi tr\u1ebb n\u0103ng \u0111\u1ed9ng ho\u1eb7c d\u00e2n v\u0103n ph\u00f2ng.<\/li>\n<li class=\"\">C\u00f4ng d\u1ee5ng: gi\u1eef nhi\u1ec7t n\u00f3ng ho\u1eb7c l\u1ea1nh cho th\u1ee9c u\u1ed1ng (n\u01b0\u1edbc, sinh t\u1ed1\u2026) ho\u1eb7c \u0111\u1ed3 \u0103n d\u1ea1ng l\u1ecfng. \u0110\u1eb7c bi\u1ec7t c\u00f3 l\u1edbp n\u1eafp l\u1ecdc Inox n\u00ean ph\u00f9 h\u1ee3p \u0111\u1ef1ng Tr\u00e0.<\/li>\n<li class=\"\">\u0110i\u1ec3m \u0111\u1eb7c bi\u1ec7t c\u1ee7a B\u00ecnh l\u00e0 ph\u1ea7n n\u1eafp l\u00e0 Nhi\u1ec7t k\u1ebf m\u00e0n h\u00ecnh Led, b\u1ea1n ch\u1ec9 c\u1ea7n ch\u1ea1m v\u00e0o N\u1eafp, m\u00e0n h\u00ecnh s\u1ebd hi\u1ec3n th\u1ecb nhi\u1ec7t \u0111\u1ed9 th\u1ef1c t\u1ebf c\u1ee7a B\u00ecnh.<\/li>\n<li class=\"\">Kh\u1ea3 n\u0103ng gi\u1eef nhi\u1ec7t: Gi\u1eef n\u00f3ng 3h (t\u1eeb 90\u0111\u1ed9-40\u0111\u1ed9); Gi\u1eef l\u1ea1nh 3h (T\u1eeb 5\u0111\u1ed9-20\u0111\u1ed9).<\/li>\n<li class=\"\">Ph\u00e2n lo\u1ea1i m\u1eabu: Xem \u1ea2nh ch\u00ednh v\u00e0 M\u00f4 t\u1ea3 s\u1ea3n ph\u1ea9m.<\/li>\n<li class=\"\">T\u00ednh n\u0103ng n\u1ed5i b\u1eadt c\u1ee7a B\u00ecnh gi\u1eef nhi\u1ec7t c\u00f3 nhi\u1ec7t k\u1ebf th\u00f4ng minh:<\/li>\n<li class=\"\">-N\u1eafp \u0111\u1eady k\u00edn ch\u1ed1ng tr\u00e0n n\u01b0\u1edbc, c\u00f3 m\u00e0ng l\u1ecdc.<\/li>\n<li class=\"\">-K\u00edch th\u01b0\u1edbc: M\u00e3 22014: 6*Cao23cm. Dung t\u00edch 450ml.<\/li>\n<\/ul>","protected":false},"excerpt":{"rendered":"<p>Th\u00f4ng tin s\u1ea3n ph\u1ea9m B\u00ecnh gi\u1eef nhi\u1ec7t c\u00f3 nhi\u1ec7t k\u1ebf th\u00f4ng minh ph\u00f9 h\u1ee3p v\u1edbi gi\u1edbi tr\u1ebb n\u0103ng \u0111\u1ed9ng ho\u1eb7c d\u00e2n v\u0103n ph\u00f2ng. C\u00f4ng d\u1ee5ng: gi\u1eef nhi\u1ec7t n\u00f3ng ho\u1eb7c l\u1ea1nh cho th\u1ee9c u\u1ed1ng (n\u01b0\u1edbc, sinh t\u1ed1\u2026) ho\u1eb7c \u0111\u1ed3 \u0103n d\u1ea1ng l\u1ecfng. \u0110\u1eb7c bi\u1ec7t c\u00f3 l\u1edbp n\u1eafp l\u1ecdc Inox n\u00ean ph\u00f9 h\u1ee3p \u0111\u1ef1ng Tr\u00e0. \u0110i\u1ec3m \u0111\u1eb7c [&#8230;]\n","protected":false},"featured_media":4927,"comment_status":"open","ping_status":"closed","template":"","meta":{"_acf_changed":false},"product_brand":[],"product_cat":[616,33,32,34],"product_tag":[],"class_list":{"0":"post-4925","1":"product","2":"type-product","3":"status-publish","4":"has-post-thumbnail","6":"product_cat-binh-ly-giu-nhiet","7":"product_cat-qua-tang-doi-tac","8":"product_cat-qua-tang-nhan-vien","9":"product_cat-xuong-qua-tang","11":"first","12":"instock","13":"shipping-taxable","14":"product-type-simple"},"acf":[],"_links":{"self":[{"href":"https:\/\/havigift.com\/en\/wp-json\/wp\/v2\/product\/4925","targetHints":{"allow":["GET"]}}],"collection":[{"href":"https:\/\/havigift.com\/en\/wp-json\/wp\/v2\/product"}],"about":[{"href":"https:\/\/havigift.com\/en\/wp-json\/wp\/v2\/types\/product"}],"replies":[{"embeddable":true,"href":"https:\/\/havigift.com\/en\/wp-json\/wp\/v2\/comments?post=4925"}],"wp:featuredmedia":[{"embeddable":true,"href":"https:\/\/havigift.com\/en\/wp-json\/wp\/v2\/media\/4927"}],"wp:attachment":[{"href":"https:\/\/havigift.com\/en\/wp-json\/wp\/v2\/media?parent=4925"}],"wp:term":[{"taxonomy":"product_brand","embeddable":true,"href":"https:\/\/havigift.com\/en\/wp-json\/wp\/v2\/product_brand?post=4925"},{"taxonomy":"product_cat","embeddable":true,"href":"https:\/\/havigift.com\/en\/wp-json\/wp\/v2\/product_cat?post=4925"},{"taxonomy":"product_tag","embeddable":true,"href":"https:\/\/havigift.com\/en\/wp-json\/wp\/v2\/product_tag?post=4925"}],"curies":[{"name":"wp","href":"https:\/\/api.w.org\/{rel}","templated":true}]}}