{"id":4921,"date":"2023-12-21T04:12:55","date_gmt":"2023-12-21T04:12:55","guid":{"rendered":"https:\/\/havigift.com\/?post_type=product&#038;p=4921"},"modified":"2024-09-21T08:31:24","modified_gmt":"2024-09-21T08:31:24","slug":"binh-nuoc-good-state-in-logo","status":"publish","type":"product","link":"https:\/\/havigift.com\/en\/product\/binh-nuoc-good-state-in-logo\/","title":{"rendered":"B\u00ecnh N\u01b0\u1edbc Good State In Logo"},"content":{"rendered":"<p>B\u00ccNH N\u01af\u1edaC TH\u1ec2 THAO 480ml &#8211; 550 ml<\/p>\n<p>S\u1ea3n ph\u1ea9m b\u00ecnh n\u01b0\u1edbc th\u1ec3 thao GOOD STATE 480ML &#8211; 550ML s\u1ebd l\u00e0 m\u1ed9t ng\u01b0\u1eddi b\u1ea1n \u0111\u1ed3ng h\u00e0nh tuy\u1ec7t v\u1eddi c\u1ee7a b\u1ea1n, d\u00f9 l\u00e0 \u0111i ch\u01a1i, \u0111i l\u00e0m ,hay l\u00fac b\u1ea1n ch\u01a1i th\u1ec3 thao.<\/p>\n<ul>\n<li>Ngo\u00e0i n\u01b0\u1edbc l\u1ecdc, b\u1ea1n c\u00f3 th\u1ec3 pha n\u01b0\u1edbc tr\u00e1i c\u00e2y, BCCA ,whey cho ng\u01b0\u1eddi t\u1eadp gym, hay c\u00e1c lo\u1ea1i n\u01b0\u1edbc kh\u00e1c m\u00e0 kh\u00f4ng ra ch\u1ea5t \u0111\u1ed9c h\u1ea1i.<\/li>\n<li>C\u00e1c t\u00ednh n\u0103ng n\u1ed5i b\u1eadt c\u1ee7a B\u00ecnh n\u01b0\u1edbc th\u1ec3 thao GOOD STATE 480ML &#8211; 550ML\n<ul>\n<li>Ch\u1ea5t li\u1ec7u: Nh\u1ef1a PP cao c\u1ea5p c\u00f3 \u0111\u1ed9 b\u1ec1n cao, kh\u00f4ng \u0111\u1ed9c h\u1ea1i v\u00e0 \u0111\u1eb7c bi\u1ec7t l\u00e0 an to\u00e0n cho s\u1ee9c kh\u1ecfe h\u01a1n t\u1ea5t c\u1ea3 c\u00e1c lo\u1ea1i nh\u1ef1a kh\u00e1c, ho\u00e0n to\u00e0n th\u00e2n thi\u1ec7n v\u1edbi m\u00f4i tr\u01b0\u1eddng.<\/li>\n<li>Thi\u1ebft k\u1ebf b\u00ecnh nh\u1eb9 v\u00e0 b\u1ec1n, ch\u1ed1ng r\u00f2 r\u1ec9 cao, d\u1ec5 lau ch\u00f9i v\u00e0 kh\u00f4ng b\u1ecb b\u00e1m b\u1ea9n, m\u00e0u s\u1eafc \u0111a d\u1ea1ng.<\/li>\n<li>\u00a0H\u00e0ng m\u1edbi 100% v\u00e0 ch\u1ea5t l\u01b0\u1ee3ng cao.<\/li>\n<li>\u00a0Th\u00edch h\u1ee3p mang theo \u0111\u1ec3 \u0111i t\u1eadp gym, ch\u1ea1y xe \u0111\u1ea1p, leo n\u00fai, \u0111i b\u1ed9 \u0111\u01b0\u1eddng d\u00e0i v\u00e0 nh\u1eefng ho\u1ea1t \u0111\u1ed9ng th\u1ec3 thao ngo\u00e0i tr\u1eddi kh\u00e1c. G\u1ecdn nh\u1eb9 v\u00e0 ti\u1ec7n l\u1ee3i, d\u1ec5 d\u00e0ng mang theo.<\/li>\n<li>\u00a0B\u00ecnh thi\u1ebft k\u1ebf \u1ed1ng h\u00fat g\u1ea5p g\u1ecdn, kh\u00f4ng lo b\u1ecb \u0111\u1ed5 hay tr\u00e0o ra trong qu\u00e1 tr\u00ecnh s\u1eed d\u1ee5ng.<\/li>\n<\/ul>\n<\/li>\n<\/ul>\n<p>\u2714\ufe0f Th\u00f4ng s\u1ed1 k\u1ef9 thu\u1eadt b\u00ecnh: &#8211; Th\u1ec3 t\u00edch b\u00ecnh :480ML &#8211; 550ML &#8211; Nhi\u1ec7t \u0111\u1ed9 b\u00ecnh ch\u1ecbu \u0111\u01b0\u1ee3c: t\u1eeb -20oC \u0111\u1ebfn 80oC (khuy\u1ebfn c\u00e1o kh\u00f4ng s\u1eed d\u1ee5ng v\u1edbi n\u01b0\u1edbc tr\u00ean 80oC) &#8211; K\u00edch th\u01b0\u1edbc b\u00ecnh :6,5cm X20,8 cm v\u00e0 6,5cm x18,5cm<\/p>","protected":false},"excerpt":{"rendered":"<p>B\u00ccNH N\u01af\u1edaC TH\u1ec2 THAO 480ml &#8211; 550 ml S\u1ea3n ph\u1ea9m b\u00ecnh n\u01b0\u1edbc th\u1ec3 thao GOOD STATE 480ML &#8211; 550ML s\u1ebd l\u00e0 m\u1ed9t ng\u01b0\u1eddi b\u1ea1n \u0111\u1ed3ng h\u00e0nh tuy\u1ec7t v\u1eddi c\u1ee7a b\u1ea1n, d\u00f9 l\u00e0 \u0111i ch\u01a1i, \u0111i l\u00e0m ,hay l\u00fac b\u1ea1n ch\u01a1i th\u1ec3 thao. Ngo\u00e0i n\u01b0\u1edbc l\u1ecdc, b\u1ea1n c\u00f3 th\u1ec3 pha n\u01b0\u1edbc tr\u00e1i c\u00e2y, BCCA ,whey cho [&#8230;]\n","protected":false},"featured_media":4922,"comment_status":"open","ping_status":"closed","template":"","meta":{"_acf_changed":false},"product_brand":[],"product_cat":[34,616,33,32],"product_tag":[90],"class_list":{"0":"post-4921","1":"product","2":"type-product","3":"status-publish","4":"has-post-thumbnail","6":"product_cat-xuong-qua-tang","7":"product_cat-binh-ly-giu-nhiet","8":"product_cat-qua-tang-doi-tac","9":"product_cat-qua-tang-nhan-vien","10":"product_tag-binh-nuoc-in-logo","12":"first","13":"instock","14":"shipping-taxable","15":"product-type-simple"},"acf":[],"_links":{"self":[{"href":"https:\/\/havigift.com\/en\/wp-json\/wp\/v2\/product\/4921","targetHints":{"allow":["GET"]}}],"collection":[{"href":"https:\/\/havigift.com\/en\/wp-json\/wp\/v2\/product"}],"about":[{"href":"https:\/\/havigift.com\/en\/wp-json\/wp\/v2\/types\/product"}],"replies":[{"embeddable":true,"href":"https:\/\/havigift.com\/en\/wp-json\/wp\/v2\/comments?post=4921"}],"wp:featuredmedia":[{"embeddable":true,"href":"https:\/\/havigift.com\/en\/wp-json\/wp\/v2\/media\/4922"}],"wp:attachment":[{"href":"https:\/\/havigift.com\/en\/wp-json\/wp\/v2\/media?parent=4921"}],"wp:term":[{"taxonomy":"product_brand","embeddable":true,"href":"https:\/\/havigift.com\/en\/wp-json\/wp\/v2\/product_brand?post=4921"},{"taxonomy":"product_cat","embeddable":true,"href":"https:\/\/havigift.com\/en\/wp-json\/wp\/v2\/product_cat?post=4921"},{"taxonomy":"product_tag","embeddable":true,"href":"https:\/\/havigift.com\/en\/wp-json\/wp\/v2\/product_tag?post=4921"}],"curies":[{"name":"wp","href":"https:\/\/api.w.org\/{rel}","templated":true}]}}