{"id":4899,"date":"2023-12-21T03:43:31","date_gmt":"2023-12-21T03:43:31","guid":{"rendered":"https:\/\/havigift.com\/?post_type=product&#038;p=4899"},"modified":"2024-09-16T07:34:26","modified_gmt":"2024-09-16T07:34:26","slug":"4899","status":"publish","type":"product","link":"https:\/\/havigift.com\/en\/product\/4899\/","title":{"rendered":"S\u1ea1c d\u1ef1 ph\u00f2ng tr\u00f2n k\u00e8m 4 d\u00e2y c\u1eafm m\u1eb7t l\u01b0ng"},"content":{"rendered":"<p>S\u1ea1c d\u1ef1 ph\u00f2ng h\u00ecnh tr\u00f2n k\u00e8m 4 d\u00e2y c\u1eafm \u1edf m\u1eb7t l\u01b0ng. S\u1edf h\u1eefu thi\u1ebft k\u1ebf d\u1ea1ng kh\u1ed1i, nh\u1ecf g\u1ecdn v\u00e0 sang tr\u1ecdng gi\u00fap b\u1ea1n d\u1ec5 d\u00e0ng b\u1ecf v\u00e0o t\u00fai hay balo, c\u1ed1p xe \u0111\u1ec3 s\u1ea1c cho c\u00e1c thi\u1ebft b\u1ecb khi b\u00ean c\u1ea1nh b\u1ea1n kh\u00f4ng c\u00f3 \u1ed5 \u0111i\u1ec7n hay ngu\u1ed3n cung c\u1ea5p \u0111i\u1ec7n tr\u1ef1c ti\u1ebfp khi b\u1ea1n ph\u1ea3i \u0111i b\u1ea5t c\u1ee9 n\u01a1i \u0111\u00e2u nh\u1ea5t l\u00e0 trong nh\u1eefng chuy\u1ebfn c\u00f4ng t\u00e1c, du l\u1ecbch, picnic, hay y\u00eau c\u1ea7u c\u00f4ng vi\u1ec7c c\u1ee7a b\u1ea1n ph\u1ea3i di chuy\u1ec3n nhi\u1ec1u m\u00e0 kh\u00f4ng lo b\u1ecb r\u1ed1i lo\u1ea1n li\u00ean l\u1ea1c hay c\u00f4ng vi\u1ec7c.<\/p>\n<div>M\u00d4 T\u1ea2 S\u1ea2N PH\u1ea8M:<\/div>\n<ul>\n<li>S\u1ea3n ph\u1ea9m \u0111\u1ea1t v\u1edbi ti\u00eau chu\u1ea9n qu\u1ed1c t\u1ebf, \u0111\u01b0\u1ee3c ph\u00e9p mang l\u00ean m\u00e1y bay<\/li>\n<li>Th\u1eddi l\u01b0\u1ee3ng s\u1eed d\u1ee5ng pin cao nh\u01b0ng k\u00edch th\u01b0\u1edbc nh\u1ecf g\u1ecdn<\/li>\n<li>Dung l\u01b0\u1ee3ng pin: 10000mAh<\/li>\n<li>M\u00e0u s\u1eafc: tr\u1eafng, h\u1ed3ng, \u0111en, xanh.<\/li>\n<\/ul>\n<div>Ch\u1ebf \u0111\u1ed9 b\u1ea3o h\u00e0nh, \u0111\u1ed5i tr\u1ea3 s\u1ea3n ph\u1ea9m t\u1ea1i HAVIGift:<\/div>\n<ul>\n<li>Gi\u00e1 lu\u00f4n c\u1ea1nh tranh t\u1eeb s\u1ea3n ph\u1ea9m cho \u0111\u1ebfn thi\u1ebft k\u1ebf v\u00e0 in \u1ea5n<\/li>\n<li>Ki\u1ec3u d\u00e1ng m\u1eabu m\u00e3, ch\u1ea5t li\u1ec7u gi\u1ed1ng nh\u01b0 m\u00f4 t\u1ea3<\/li>\n<li>H\u00ecnh \u1ea3nh s\u1ea3n ph\u1ea9m \u0111\u01b0\u1ee3c ch\u1ee5p th\u1eadt<\/li>\n<li>Cho ph\u00e9p thi\u1ebft k\u1ebf v\u00e0 in logo doanh nghi\u1ec7p l\u00ean s\u1ea3n ph\u1ea9m<\/li>\n<li>\u0110\u01b0\u1ee3c \u0111\u1ed5i tr\u1ea3 1:1 n\u1ebfu s\u1ea3n ph\u1ea9m sai so v\u1edbi b\u1ea3n demo gi\u1eefa HAVIGift v\u00e0 kh\u00e1ch h\u00e0ng<\/li>\n<li>B\u1ea3o h\u00e0nh s\u1ea3n ph\u1ea9m to\u00e0n qu\u1ed1c<\/li>\n<\/ul>\n<p>&nbsp;<\/p>\n<p><img loading=\"lazy\" decoding=\"async\" class=\"alignnone size-medium wp-image-4910\" src=\"http:\/\/havigift.com\/wp-content\/uploads\/2023\/12\/a8-300x300.jpg\" alt=\"\" width=\"300\" height=\"300\" srcset=\"https:\/\/havigift.com\/wp-content\/uploads\/2023\/12\/a8-300x300.jpg 300w, https:\/\/havigift.com\/wp-content\/uploads\/2023\/12\/a8-1024x1024.jpg 1024w, https:\/\/havigift.com\/wp-content\/uploads\/2023\/12\/a8-150x150.jpg 150w, https:\/\/havigift.com\/wp-content\/uploads\/2023\/12\/a8-768x768.jpg 768w, https:\/\/havigift.com\/wp-content\/uploads\/2023\/12\/a8-1536x1536.jpg 1536w, https:\/\/havigift.com\/wp-content\/uploads\/2023\/12\/a8-2048x2048.jpg 2048w, https:\/\/havigift.com\/wp-content\/uploads\/2023\/12\/a8-12x12.jpg 12w, https:\/\/havigift.com\/wp-content\/uploads\/2023\/12\/a8-600x600.jpg 600w, https:\/\/havigift.com\/wp-content\/uploads\/2023\/12\/a8-100x100.jpg 100w\" sizes=\"auto, (max-width: 300px) 100vw, 300px\" \/><img loading=\"lazy\" decoding=\"async\" class=\"alignnone size-medium wp-image-4911\" src=\"http:\/\/havigift.com\/wp-content\/uploads\/2023\/12\/a9-300x300.jpg\" alt=\"\" width=\"300\" height=\"300\" srcset=\"https:\/\/havigift.com\/wp-content\/uploads\/2023\/12\/a9-300x300.jpg 300w, https:\/\/havigift.com\/wp-content\/uploads\/2023\/12\/a9-1024x1024.jpg 1024w, https:\/\/havigift.com\/wp-content\/uploads\/2023\/12\/a9-150x150.jpg 150w, https:\/\/havigift.com\/wp-content\/uploads\/2023\/12\/a9-768x768.jpg 768w, https:\/\/havigift.com\/wp-content\/uploads\/2023\/12\/a9-1536x1536.jpg 1536w, https:\/\/havigift.com\/wp-content\/uploads\/2023\/12\/a9-2048x2048.jpg 2048w, https:\/\/havigift.com\/wp-content\/uploads\/2023\/12\/a9-12x12.jpg 12w, https:\/\/havigift.com\/wp-content\/uploads\/2023\/12\/a9-600x600.jpg 600w, https:\/\/havigift.com\/wp-content\/uploads\/2023\/12\/a9-100x100.jpg 100w\" sizes=\"auto, (max-width: 300px) 100vw, 300px\" \/><\/p>","protected":false},"excerpt":{"rendered":"<p>S\u1ea1c d\u1ef1 ph\u00f2ng h\u00ecnh tr\u00f2n k\u00e8m 4 d\u00e2y c\u1eafm \u1edf m\u1eb7t l\u01b0ng. S\u1edf h\u1eefu thi\u1ebft k\u1ebf d\u1ea1ng kh\u1ed1i, nh\u1ecf g\u1ecdn v\u00e0 sang tr\u1ecdng gi\u00fap b\u1ea1n d\u1ec5 d\u00e0ng b\u1ecf v\u00e0o t\u00fai hay balo, c\u1ed1p xe \u0111\u1ec3 s\u1ea1c cho c\u00e1c thi\u1ebft b\u1ecb khi b\u00ean c\u1ea1nh b\u1ea1n kh\u00f4ng c\u00f3 \u1ed5 \u0111i\u1ec7n hay ngu\u1ed3n cung c\u1ea5p \u0111i\u1ec7n tr\u1ef1c ti\u1ebfp [&#8230;]\n","protected":false},"featured_media":4904,"comment_status":"open","ping_status":"closed","template":"","meta":{"_acf_changed":false},"product_brand":[],"product_cat":[34],"product_tag":[89],"class_list":{"0":"post-4899","1":"product","2":"type-product","3":"status-publish","4":"has-post-thumbnail","6":"product_cat-xuong-qua-tang","7":"product_tag-sac-du-phong-in-logo","9":"first","10":"instock","11":"shipping-taxable","12":"product-type-simple"},"acf":[],"_links":{"self":[{"href":"https:\/\/havigift.com\/en\/wp-json\/wp\/v2\/product\/4899","targetHints":{"allow":["GET"]}}],"collection":[{"href":"https:\/\/havigift.com\/en\/wp-json\/wp\/v2\/product"}],"about":[{"href":"https:\/\/havigift.com\/en\/wp-json\/wp\/v2\/types\/product"}],"replies":[{"embeddable":true,"href":"https:\/\/havigift.com\/en\/wp-json\/wp\/v2\/comments?post=4899"}],"wp:featuredmedia":[{"embeddable":true,"href":"https:\/\/havigift.com\/en\/wp-json\/wp\/v2\/media\/4904"}],"wp:attachment":[{"href":"https:\/\/havigift.com\/en\/wp-json\/wp\/v2\/media?parent=4899"}],"wp:term":[{"taxonomy":"product_brand","embeddable":true,"href":"https:\/\/havigift.com\/en\/wp-json\/wp\/v2\/product_brand?post=4899"},{"taxonomy":"product_cat","embeddable":true,"href":"https:\/\/havigift.com\/en\/wp-json\/wp\/v2\/product_cat?post=4899"},{"taxonomy":"product_tag","embeddable":true,"href":"https:\/\/havigift.com\/en\/wp-json\/wp\/v2\/product_tag?post=4899"}],"curies":[{"name":"wp","href":"https:\/\/api.w.org\/{rel}","templated":true}]}}