{"id":4895,"date":"2023-12-21T03:23:57","date_gmt":"2023-12-21T03:23:57","guid":{"rendered":"https:\/\/havigift.com\/?post_type=product&#038;p=4895"},"modified":"2023-12-21T03:26:20","modified_gmt":"2023-12-21T03:26:20","slug":"usb-moc-khoa-boc-da-bo-leaspeney-16gb-2","status":"publish","type":"product","link":"https:\/\/havigift.com\/en\/product\/usb-moc-khoa-boc-da-bo-leaspeney-16gb-2\/","title":{"rendered":"USB M\u00f3c kh\u00f3a b\u1ecdc da b\u00f2 LEASPENEY 16GB"},"content":{"rendered":"<p>USB m\u00f3c kh\u00f3a b\u1ecdc da b\u00f2 LEASPENEY 16GB \u0111\u01b0\u1ee3c thi\u1ebft k\u1ebf tinh t\u1ebf, sang tr\u1ecdng v\u1edbi \u0111\u01b0\u1eddng n\u00e9t bo tr\u00f2n m\u1ec1m m\u1ea1i, mang l\u1ea1i c\u1ea3m gi\u00e1c tho\u1ea3i m\u00e1i khi c\u1ea7m n\u1eafm. Th\u00e2n m\u00f3c kh\u00f3a \u0111\u01b0\u1ee3c l\u00e0m t\u1eeb kim lo\u1ea1i cao c\u1ea5p, s\u00e1ng b\u00f3ng, b\u1ec1n b\u1ec9, kh\u00f4ng b\u1ecb g\u1ec9 s\u00e9t hay bi\u1ebfn d\u1ea1ng theo th\u1eddi gian. Ph\u1ea7n da b\u00f2 \u0111\u01b0\u1ee3c b\u1ecdc b\u00ean ngo\u00e0i c\u00f3 \u0111\u1ed9 m\u1ec1m m\u1ea1i, m\u1ecbn m\u00e0ng, t\u1ea1o c\u1ea3m gi\u00e1c c\u1ea7m n\u1eafm ch\u1eafc ch\u1eafn, tho\u1ea3i m\u00e1i. USB m\u00f3c kh\u00f3a b\u1ecdc da b\u00f2 LEASPENEY c\u00f3 dung l\u01b0\u1ee3ng 16 GB, \u0111\u1ee7 \u0111\u1ec3 l\u01b0u tr\u1eef c\u00e1c d\u1eef li\u1ec7u quan tr\u1ecdng nh\u01b0 t\u00e0i li\u1ec7u, h\u00ecnh \u1ea3nh, video,\u2026 S\u1ea3n ph\u1ea9m ho\u1ea1t \u0111\u1ed9ng tr\u00ean m\u1ecdi thi\u1ebft b\u1ecb c\u00f3 c\u1ed5ng USB, gi\u00fap b\u1ea1n d\u1ec5 d\u00e0ng truy c\u1eadp d\u1eef li\u1ec7u m\u1ecdi l\u00fac m\u1ecdi n\u01a1i. Ngo\u00e0i ra, s\u1ea3n ph\u1ea9m \u0111\u01b0\u1ee3c t\u1eb7ng k\u00e8m h\u1ed9p \u0111\u1ef1ng kim lo\u1ea1i cao c\u1ea5p, gi\u00fap b\u1ea3o qu\u1ea3n m\u00f3c kh\u00f3a an to\u00e0n, tr\u00e1nh tr\u1ea7y x\u01b0\u1edbc, h\u01b0 h\u1ecfng.<\/p>\n<p>&nbsp;<\/p>","protected":false},"excerpt":{"rendered":"<p>USB m\u00f3c kh\u00f3a b\u1ecdc da b\u00f2 LEASPENEY 16GB \u0111\u01b0\u1ee3c thi\u1ebft k\u1ebf tinh t\u1ebf, sang tr\u1ecdng v\u1edbi \u0111\u01b0\u1eddng n\u00e9t bo tr\u00f2n m\u1ec1m m\u1ea1i, mang l\u1ea1i c\u1ea3m gi\u00e1c tho\u1ea3i m\u00e1i khi c\u1ea7m n\u1eafm. Th\u00e2n m\u00f3c kh\u00f3a \u0111\u01b0\u1ee3c l\u00e0m t\u1eeb kim lo\u1ea1i cao c\u1ea5p, s\u00e1ng b\u00f3ng, b\u1ec1n b\u1ec9, kh\u00f4ng b\u1ecb g\u1ec9 s\u00e9t hay bi\u1ebfn d\u1ea1ng theo th\u1eddi gian. Ph\u1ea7n da b\u00f2 \u0111\u01b0\u1ee3c b\u1ecdc b\u00ean ngo\u00e0i c\u00f3 \u0111\u1ed9 m\u1ec1m m\u1ea1i, m\u1ecbn m\u00e0ng, t\u1ea1o c\u1ea3m gi\u00e1c c\u1ea7m n\u1eafm ch\u1eafc ch\u1eafn, tho\u1ea3i m\u00e1i. USB m\u00f3c kh\u00f3a b\u1ecdc da b\u00f2 LEASPENEY c\u00f3 dung l\u01b0\u1ee3ng 16 GB, \u0111\u1ee7 \u0111\u1ec3 l\u01b0u tr\u1eef c\u00e1c d\u1eef li\u1ec7u quan tr\u1ecdng nh\u01b0 t\u00e0i li\u1ec7u, h\u00ecnh \u1ea3nh, video,\u2026 S\u1ea3n ph\u1ea9m ho\u1ea1t \u0111\u1ed9ng tr\u00ean m\u1ecdi thi\u1ebft b\u1ecb c\u00f3 c\u1ed5ng USB, gi\u00fap b\u1ea1n d\u1ec5 d\u00e0ng truy c\u1eadp d\u1eef li\u1ec7u m\u1ecdi l\u00fac m\u1ecdi n\u01a1i. Ngo\u00e0i ra, s\u1ea3n ph\u1ea9m \u0111\u01b0\u1ee3c t\u1eb7ng k\u00e8m h\u1ed9p \u0111\u1ef1ng kim lo\u1ea1i cao c\u1ea5p, gi\u00fap b\u1ea3o qu\u1ea3n m\u00f3c kh\u00f3a an to\u00e0n, tr\u00e1nh tr\u1ea7y x\u01b0\u1edbc, h\u01b0 h\u1ecfng.<\/p>","protected":false},"featured_media":4889,"comment_status":"open","ping_status":"closed","template":"","meta":{"_acf_changed":false},"product_brand":[],"product_cat":[86],"product_tag":[88,87],"class_list":{"0":"post-4895","1":"product","2":"type-product","3":"status-publish","4":"has-post-thumbnail","6":"product_cat-usb","7":"product_tag-usb","8":"product_tag-usb-moc-khoa-boc-da-bo-leaspeney-16gb","10":"first","11":"instock","12":"shipping-taxable","13":"product-type-simple"},"acf":[],"_links":{"self":[{"href":"https:\/\/havigift.com\/en\/wp-json\/wp\/v2\/product\/4895","targetHints":{"allow":["GET"]}}],"collection":[{"href":"https:\/\/havigift.com\/en\/wp-json\/wp\/v2\/product"}],"about":[{"href":"https:\/\/havigift.com\/en\/wp-json\/wp\/v2\/types\/product"}],"replies":[{"embeddable":true,"href":"https:\/\/havigift.com\/en\/wp-json\/wp\/v2\/comments?post=4895"}],"wp:featuredmedia":[{"embeddable":true,"href":"https:\/\/havigift.com\/en\/wp-json\/wp\/v2\/media\/4889"}],"wp:attachment":[{"href":"https:\/\/havigift.com\/en\/wp-json\/wp\/v2\/media?parent=4895"}],"wp:term":[{"taxonomy":"product_brand","embeddable":true,"href":"https:\/\/havigift.com\/en\/wp-json\/wp\/v2\/product_brand?post=4895"},{"taxonomy":"product_cat","embeddable":true,"href":"https:\/\/havigift.com\/en\/wp-json\/wp\/v2\/product_cat?post=4895"},{"taxonomy":"product_tag","embeddable":true,"href":"https:\/\/havigift.com\/en\/wp-json\/wp\/v2\/product_tag?post=4895"}],"curies":[{"name":"wp","href":"https:\/\/api.w.org\/{rel}","templated":true}]}}