{"id":4862,"date":"2023-12-17T07:12:40","date_gmt":"2023-12-17T07:12:40","guid":{"rendered":"https:\/\/havigift.com\/?post_type=product&#038;p=4862"},"modified":"2023-12-17T07:12:40","modified_gmt":"2023-12-17T07:12:40","slug":"vi-da-khac-ten-rieng-theo-yeu-cau-soc-do","status":"publish","type":"product","link":"https:\/\/havigift.com\/en\/product\/vi-da-khac-ten-rieng-theo-yeu-cau-soc-do\/","title":{"rendered":"V\u00ed da kh\u1eafc t\u00ean ri\u00eang theo y\u00eau c\u1ea7u &#8211; S\u1ecdc \u0110\u1ecf"},"content":{"rendered":"","protected":false},"excerpt":{"rendered":"","protected":false},"featured_media":4863,"comment_status":"open","ping_status":"closed","template":"","meta":{"_acf_changed":false},"product_brand":[],"product_cat":[44,43],"product_tag":[],"class_list":{"0":"post-4862","1":"product","2":"type-product","3":"status-publish","4":"has-post-thumbnail","6":"product_cat-vi-da-khac-ten","7":"product_cat-qua-tang-khac-ten","9":"first","10":"instock","11":"shipping-taxable","12":"product-type-simple"},"acf":[],"_links":{"self":[{"href":"https:\/\/havigift.com\/en\/wp-json\/wp\/v2\/product\/4862","targetHints":{"allow":["GET"]}}],"collection":[{"href":"https:\/\/havigift.com\/en\/wp-json\/wp\/v2\/product"}],"about":[{"href":"https:\/\/havigift.com\/en\/wp-json\/wp\/v2\/types\/product"}],"replies":[{"embeddable":true,"href":"https:\/\/havigift.com\/en\/wp-json\/wp\/v2\/comments?post=4862"}],"wp:featuredmedia":[{"embeddable":true,"href":"https:\/\/havigift.com\/en\/wp-json\/wp\/v2\/media\/4863"}],"wp:attachment":[{"href":"https:\/\/havigift.com\/en\/wp-json\/wp\/v2\/media?parent=4862"}],"wp:term":[{"taxonomy":"product_brand","embeddable":true,"href":"https:\/\/havigift.com\/en\/wp-json\/wp\/v2\/product_brand?post=4862"},{"taxonomy":"product_cat","embeddable":true,"href":"https:\/\/havigift.com\/en\/wp-json\/wp\/v2\/product_cat?post=4862"},{"taxonomy":"product_tag","embeddable":true,"href":"https:\/\/havigift.com\/en\/wp-json\/wp\/v2\/product_tag?post=4862"}],"curies":[{"name":"wp","href":"https:\/\/api.w.org\/{rel}","templated":true}]}}