{"id":4860,"date":"2023-12-17T07:09:02","date_gmt":"2023-12-17T07:09:02","guid":{"rendered":"https:\/\/havigift.com\/?post_type=product&#038;p=4860"},"modified":"2024-05-02T09:17:01","modified_gmt":"2024-05-02T09:17:01","slug":"hop-vi-khac-ten-namecard","status":"publish","type":"product","link":"https:\/\/havigift.com\/en\/product\/hop-vi-khac-ten-namecard\/","title":{"rendered":"H\u1ed9p v\u00ed kh\u1eafc t\u00ean namecard"},"content":{"rendered":"<p>H\u1ed9p v\u00ed kh\u1eafc t\u00ean name card theo y\u00eau c\u1ea7u<\/p>\n<p><strong>TH\u00d4NG TIN S\u1ea2N PH\u1ea8M<\/strong><\/p>\n<p class=\"QN2lPu\">Th\u01b0\u01a1ng hi\u1ec7u: HAVIGIFT<\/p>\n<p class=\"QN2lPu\">D\u00f2ng s\u1ea3n ph\u1ea9m: H\u1ed9p \u0111\u1ef1ng namecard<\/p>\n<p class=\"QN2lPu\">\u0110\u1ed1i t\u01b0\u1ee3ng: Nam\/ N\u1eef<\/p>\n<p class=\"QN2lPu\">M\u00e0u s\u1eafc: V\u00e0ng|\u0110\u1ecf|Tr\u1eafng|N\u00e2u|Xanh d\u01b0\u01a1ng|X\u00e1m|\u0110en<\/p>\n<p class=\"QN2lPu\">B\u1ea3o h\u00e0nh: 12 th\u00e1ng<\/p>\n<p>D\u1ecbch v\u1ee5:<\/p>\n<ul>\n<li>May in theo y\u00eau c\u1ea7u<\/li>\n<li>C\u00f3 nh\u1eadn \u0111\u01a1n s\u1ea3n xu\u1ea5t s\u1ed1 l\u01b0\u1ee3ng \u00edt<\/li>\n<li>Ch\u1ea5t l\u01b0\u1ee3ng cao, gi\u00e1 c\u1ea3 t\u1ed1t<\/li>\n<li>May t\u1ec9 m\u1ec9 &amp; tinh x\u1ea3o<\/li>\n<li>Thi\u1ebft k\u1ebf mi\u1ec5n ph\u00ed<\/li>\n<li>H\u01a1n 35.000 doanh nghi\u1ec7p &amp; c\u00e1 nh\u00e2n \u0111\u00e3 tin t\u01b0\u1edfng s\u1ea3n xu\u1ea5t v\u00e0 h\u00e0i l\u00f2ng<\/li>\n<\/ul>","protected":false},"excerpt":{"rendered":"<p class=\"QN2lPu\">H\u1ed9p \u0111\u1ef1ng namecard kim lo\u1ea1i g\u00f3c h\u00ecnh tam gi\u00e1c l\u00e0 s\u1ea3n ph\u1ea9m cao c\u1ea5p, sang tr\u1ecdng, ph\u00f9 h\u1ee3p cho nh\u00e2n vi\u00ean v\u0103n ph\u00f2ng, doanh nh\u00e2n. S\u1ea3n ph\u1ea9m \u0111\u01b0\u1ee3c l\u00e0m t\u1eeb ch\u1ea5t li\u1ec7u kim lo\u1ea1i cao c\u1ea5p, b\u1ec1n \u0111\u1eb9p, ch\u1ed1ng tr\u1ea7y x\u01b0\u1edbc. Thi\u1ebft k\u1ebf g\u00f3c h\u00ecnh tam gi\u00e1c \u0111\u1ed9c \u0111\u00e1o, tinh t\u1ebf, mang l\u1ea1i v\u1ebb \u0111\u1eb9p sang tr\u1ecdng, \u0111\u1eb3ng c\u1ea5p cho ng\u01b0\u1eddi s\u1eed d\u1ee5ng. K\u00edch th\u01b0\u1edbc nh\u1ecf g\u1ecdn, ti\u1ec7n l\u1ee3i mang theo. Ngo\u00e0i ra, h\u1ed9p \u0111\u1ef1ng namecard kim lo\u1ea1i g\u00f3c h\u00ecnh tam gi\u00e1c kh\u00f4ng ch\u1ec9 gi\u1eef cho namecard c\u1ee7a b\u1ea1n \u0111\u01b0\u1ee3c b\u1ea3o qu\u1ea3n m\u1ed9t c\u00e1ch an to\u00e0n m\u00e0 c\u00f2n t\u1ea1o \u0111i\u1ec3m nh\u1ea5n \u0111\u1ed9c \u0111\u00e1o tr\u00ean b\u00e0n l\u00e0m vi\u1ec7c c\u1ee7a b\u1ea1n.<\/p>\n<p class=\"QN2lPu\">","protected":false},"featured_media":5281,"comment_status":"open","ping_status":"closed","template":"","meta":{"_acf_changed":false},"product_brand":[],"product_cat":[43,45],"product_tag":[],"class_list":{"0":"post-4860","1":"product","2":"type-product","3":"status-publish","4":"has-post-thumbnail","6":"product_cat-qua-tang-khac-ten","7":"product_cat-vi-namecard-khac-ten","9":"first","10":"instock","11":"shipping-taxable","12":"product-type-simple"},"acf":[],"_links":{"self":[{"href":"https:\/\/havigift.com\/en\/wp-json\/wp\/v2\/product\/4860","targetHints":{"allow":["GET"]}}],"collection":[{"href":"https:\/\/havigift.com\/en\/wp-json\/wp\/v2\/product"}],"about":[{"href":"https:\/\/havigift.com\/en\/wp-json\/wp\/v2\/types\/product"}],"replies":[{"embeddable":true,"href":"https:\/\/havigift.com\/en\/wp-json\/wp\/v2\/comments?post=4860"}],"wp:featuredmedia":[{"embeddable":true,"href":"https:\/\/havigift.com\/en\/wp-json\/wp\/v2\/media\/5281"}],"wp:attachment":[{"href":"https:\/\/havigift.com\/en\/wp-json\/wp\/v2\/media?parent=4860"}],"wp:term":[{"taxonomy":"product_brand","embeddable":true,"href":"https:\/\/havigift.com\/en\/wp-json\/wp\/v2\/product_brand?post=4860"},{"taxonomy":"product_cat","embeddable":true,"href":"https:\/\/havigift.com\/en\/wp-json\/wp\/v2\/product_cat?post=4860"},{"taxonomy":"product_tag","embeddable":true,"href":"https:\/\/havigift.com\/en\/wp-json\/wp\/v2\/product_tag?post=4860"}],"curies":[{"name":"wp","href":"https:\/\/api.w.org\/{rel}","templated":true}]}}