{"id":4817,"date":"2023-12-16T12:34:05","date_gmt":"2023-12-16T12:34:05","guid":{"rendered":"https:\/\/havigift.com\/?post_type=product&#038;p=4817"},"modified":"2023-12-27T07:14:27","modified_gmt":"2023-12-27T07:14:27","slug":"ao-mua-in-logo-cong-ty-in-ao-mua-theo-yeu-cau","status":"publish","type":"product","link":"https:\/\/havigift.com\/en\/product\/ao-mua-in-logo-cong-ty-in-ao-mua-theo-yeu-cau\/","title":{"rendered":"\u00c1o m\u01b0a in logo c\u00f4ng ty \u2013 In \u00e1o m\u01b0a theo y\u00eau c\u1ea7u"},"content":{"rendered":"<p>\u00c1o M\u01b0a In Logo theo y\u00eau c\u1ea7u- Gi\u00e1 c\u1ea3 t\u1eadn x\u01b0\u1edfng.<\/p>\n<p>X\u01b0\u1edfng cung c\u1ea5p \u00e1o m\u01b0a in theo y\u00eau c\u1ea7u d\u00f9ng l\u00e0m qu\u00e0 t\u1eb7ng kh\u00e1ch h\u00e0ng. Nh\u1eadn cung c\u1ea5p in \u1ea5n logo theo y\u00eau c\u1ea7u c\u1ee7a qu\u00fd kh\u00e1ch h\u00e0ng.<\/p>\n<p>X\u01b0\u1edfng in \u1ea5n \u00e1o m\u01b0a, n\u00f3n b\u1ea3o hi\u1ec3m HAVIGift \u0111\u00e3 c\u00f3 nhi\u1ec1u kinh nghi\u1ec7m cung c\u1ea5p qu\u00e0 t\u1eb7ng in logo cho nhi\u1ec1u ng\u00e2n h\u00e0ng, doanh nghi\u1ec7p.<\/p>","protected":false},"excerpt":{"rendered":"<p><strong>\u00c1o m\u01b0a in logo<\/strong> c\u00f4ng ty l\u00e0 h\u00ecnh th\u1ee9c marketing hi\u1ec7u qu\u1ea3 trong nh\u1eefng n\u0103m g\u1ea7n \u0111\u00e2y.<\/p>\n<p>L\u00e0 s\u1ea3n ph\u1ea9m c\u1ea7n thi\u1ebft \u0111\u1ed1i v\u1edbi m\u1ecdi ng\u01b0\u1eddi, nh\u1ea5t l\u00e0 v\u00e0o m\u00f9a m\u01b0a gi\u00f3. Kh\u00f4ng ch\u1ec9 l\u00e0 m\u00f3n qu\u00e0 h\u1eefu d\u1ee5ng, \u00e1o m\u01b0a c\u00f2n l\u00e0 m\u1ed9t trong nh\u1eefng ph\u01b0\u01a1ng th\u1ee9c qu\u1ea3ng b\u00e1 doanh nghi\u1ec7p hi\u1ec7u qu\u1ea3, gi\u00fap kh\u00e1ch h\u00e0ng ti\u1ec1m n\u0103ng \u0111\u1ebfn g\u1ea7n h\u01a1n v\u1edbi nh\u1eefng s\u1ea3n ph\u1ea9m, d\u1ecbch v\u1ee5 c\u1ee7a b\u1ea1n.<\/p>","protected":false},"featured_media":4821,"comment_status":"open","ping_status":"closed","template":"","meta":{"_acf_changed":false},"product_brand":[],"product_cat":[23],"product_tag":[],"class_list":{"0":"post-4817","1":"product","2":"type-product","3":"status-publish","4":"has-post-thumbnail","6":"product_cat-ao-mua-in-logo","8":"first","9":"instock","10":"shipping-taxable","11":"product-type-simple"},"acf":[],"_links":{"self":[{"href":"https:\/\/havigift.com\/en\/wp-json\/wp\/v2\/product\/4817","targetHints":{"allow":["GET"]}}],"collection":[{"href":"https:\/\/havigift.com\/en\/wp-json\/wp\/v2\/product"}],"about":[{"href":"https:\/\/havigift.com\/en\/wp-json\/wp\/v2\/types\/product"}],"replies":[{"embeddable":true,"href":"https:\/\/havigift.com\/en\/wp-json\/wp\/v2\/comments?post=4817"}],"wp:featuredmedia":[{"embeddable":true,"href":"https:\/\/havigift.com\/en\/wp-json\/wp\/v2\/media\/4821"}],"wp:attachment":[{"href":"https:\/\/havigift.com\/en\/wp-json\/wp\/v2\/media?parent=4817"}],"wp:term":[{"taxonomy":"product_brand","embeddable":true,"href":"https:\/\/havigift.com\/en\/wp-json\/wp\/v2\/product_brand?post=4817"},{"taxonomy":"product_cat","embeddable":true,"href":"https:\/\/havigift.com\/en\/wp-json\/wp\/v2\/product_cat?post=4817"},{"taxonomy":"product_tag","embeddable":true,"href":"https:\/\/havigift.com\/en\/wp-json\/wp\/v2\/product_tag?post=4817"}],"curies":[{"name":"wp","href":"https:\/\/api.w.org\/{rel}","templated":true}]}}