{"id":388,"date":"2023-04-21T14:56:36","date_gmt":"2023-04-21T14:56:36","guid":{"rendered":"https:\/\/havigift.com\/?post_type=product&#038;p=388"},"modified":"2024-09-21T08:32:25","modified_gmt":"2024-09-21T08:32:25","slug":"ly-su-co-nap-lam-qua-tang-nhan-vien-van-phong","status":"publish","type":"product","link":"https:\/\/havigift.com\/en\/product\/ly-su-co-nap-lam-qua-tang-nhan-vien-van-phong\/","title":{"rendered":"B\u1ed9 b\u00ecnh gi\u1eef nhi\u1ec7t k\u00e8m 3 c\u1ed1c"},"content":{"rendered":"<p>S\u1ea3n ph\u1ea9m chuy\u00ean d\u00f9ng l\u00e0m qu\u00e0 t\u1eb7ng cho kh\u00e1ch h\u00e0ng, c\u00e1n b\u1ed9 c\u00f4ng nh\u00e2n vi\u00ean&#8230;.<\/p>","protected":false},"excerpt":{"rendered":"<p>S\u1ea3n ph\u1ea9m chuy\u00ean d\u00f9ng l\u00e0m qu\u00e0 t\u1eb7ng cho kh\u00e1ch h\u00e0ng, c\u00e1n b\u1ed9 c\u00f4ng nh\u00e2n vi\u00ean&#8230;.<\/p>","protected":false},"featured_media":5225,"comment_status":"open","ping_status":"closed","template":"","meta":{"_acf_changed":false},"product_brand":[],"product_cat":[616,33,30],"product_tag":[55],"class_list":{"0":"post-388","1":"product","2":"type-product","3":"status-publish","4":"has-post-thumbnail","6":"product_cat-binh-ly-giu-nhiet","7":"product_cat-qua-tang-doi-tac","8":"product_cat-qua-tang-doanh-nghiep","9":"product_tag-ly-su-co-nap","11":"first","12":"instock","13":"shipping-taxable","14":"product-type-simple"},"acf":[],"_links":{"self":[{"href":"https:\/\/havigift.com\/en\/wp-json\/wp\/v2\/product\/388","targetHints":{"allow":["GET"]}}],"collection":[{"href":"https:\/\/havigift.com\/en\/wp-json\/wp\/v2\/product"}],"about":[{"href":"https:\/\/havigift.com\/en\/wp-json\/wp\/v2\/types\/product"}],"replies":[{"embeddable":true,"href":"https:\/\/havigift.com\/en\/wp-json\/wp\/v2\/comments?post=388"}],"wp:featuredmedia":[{"embeddable":true,"href":"https:\/\/havigift.com\/en\/wp-json\/wp\/v2\/media\/5225"}],"wp:attachment":[{"href":"https:\/\/havigift.com\/en\/wp-json\/wp\/v2\/media?parent=388"}],"wp:term":[{"taxonomy":"product_brand","embeddable":true,"href":"https:\/\/havigift.com\/en\/wp-json\/wp\/v2\/product_brand?post=388"},{"taxonomy":"product_cat","embeddable":true,"href":"https:\/\/havigift.com\/en\/wp-json\/wp\/v2\/product_cat?post=388"},{"taxonomy":"product_tag","embeddable":true,"href":"https:\/\/havigift.com\/en\/wp-json\/wp\/v2\/product_tag?post=388"}],"curies":[{"name":"wp","href":"https:\/\/api.w.org\/{rel}","templated":true}]}}