{"id":409,"date":"2023-04-22T04:11:22","date_gmt":"2023-04-22T04:11:22","guid":{"rendered":"https:\/\/havigift.com\/?page_id=409"},"modified":"2023-04-22T04:12:14","modified_gmt":"2023-04-22T04:12:14","slug":"chinh-sach-bao-hanh","status":"publish","type":"page","link":"https:\/\/havigift.com\/en\/chinh-sach-bao-hanh\/","title":{"rendered":"Ch\u00ednh s\u00e1ch b\u1ea3o h\u00e0nh"},"content":{"rendered":"<p>1.&nbsp;Nh\u1eefng s\u1ea3n ph\u1ea9m c\u00f3 b\u1ea3o h\u00e0nh s\u1ebd \u0111\u01b0\u1ee3c hi\u1ec3n th\u1ecb th\u00f4ng tin chi ti\u1ebft t\u1ea1i&nbsp;HAVIGift.&nbsp; Phi\u1ebfu b\u1ea3o h\u00e0nh s\u1ebd \u0111\u01b0\u1ee3c giao \u0111\u1ebfn kh\u00e1ch h\u00e0ng k\u00e8m v\u1edbi s\u1ea3n ph\u1ea9m.<\/p>\n\n\n\n<p>2. Kh\u00e1ch h\u00e0ng th\u00f4ng b\u00e1o v\u1edbi&nbsp;HAVIGift&nbsp;v\u1ec1 y\u00eau c\u1ea7u b\u1ea3o h\u00e0nh.<\/p>\n\n\n\n<p>3.&nbsp;HAVIGift&nbsp;ki\u1ec3m tra th\u00f4ng tin b\u1ea3o h\u00e0nh c\u00f3 h\u1ee3p l\u1ec7 hay kh\u00f4ng.<\/p>\n\n\n\n<p>4.&nbsp;HAVIGift&nbsp;h\u01b0\u1edbng d\u1eabn kh\u00e1ch h\u00e0ng \u0111em s\u1ea3n ph\u1ea9m \u0111i b\u1ea3o h\u00e0nh theo phi\u1ebfu b\u1ea3o h\u00e0nh.<\/p>\n\n\n\n<p>5. \u0110\u1ed1i v\u1edbi c\u00e1c s\u1ea3n ph\u1ea9m gia d\u1ee5ng kh\u00f4ng c\u00f3 b\u1ea3o h\u00e0nh, kh\u00e1ch h\u00e0ng ki\u1ec3m tra k\u1ef9 s\u1ea3n ph\u1ea9m tr\u01b0\u1edbc khi nh\u1eadn h\u00e0ng.<\/p>","protected":false},"excerpt":{"rendered":"<p>1.&nbsp;Nh\u1eefng s\u1ea3n ph\u1ea9m c\u00f3 b\u1ea3o h\u00e0nh s\u1ebd \u0111\u01b0\u1ee3c hi\u1ec3n th\u1ecb th\u00f4ng tin chi ti\u1ebft t\u1ea1i&nbsp;HAVIGift.&nbsp; Phi\u1ebfu b\u1ea3o h\u00e0nh s\u1ebd \u0111\u01b0\u1ee3c giao \u0111\u1ebfn kh\u00e1ch h\u00e0ng k\u00e8m v\u1edbi s\u1ea3n ph\u1ea9m. 2. Kh\u00e1ch h\u00e0ng th\u00f4ng b\u00e1o v\u1edbi&nbsp;HAVIGift&nbsp;v\u1ec1 y\u00eau c\u1ea7u b\u1ea3o h\u00e0nh. 3.&nbsp;HAVIGift&nbsp;ki\u1ec3m tra th\u00f4ng tin b\u1ea3o h\u00e0nh c\u00f3 h\u1ee3p l\u1ec7 hay kh\u00f4ng. 4.&nbsp;HAVIGift&nbsp;h\u01b0\u1edbng d\u1eabn kh\u00e1ch h\u00e0ng \u0111em s\u1ea3n [&#8230;]\n","protected":false},"author":3,"featured_media":0,"parent":0,"menu_order":0,"comment_status":"closed","ping_status":"closed","template":"","meta":{"_acf_changed":false,"footnotes":""},"class_list":["post-409","page","type-page","status-publish","hentry"],"acf":[],"_links":{"self":[{"href":"https:\/\/havigift.com\/en\/wp-json\/wp\/v2\/pages\/409","targetHints":{"allow":["GET"]}}],"collection":[{"href":"https:\/\/havigift.com\/en\/wp-json\/wp\/v2\/pages"}],"about":[{"href":"https:\/\/havigift.com\/en\/wp-json\/wp\/v2\/types\/page"}],"author":[{"embeddable":true,"href":"https:\/\/havigift.com\/en\/wp-json\/wp\/v2\/users\/3"}],"replies":[{"embeddable":true,"href":"https:\/\/havigift.com\/en\/wp-json\/wp\/v2\/comments?post=409"}],"version-history":[{"count":1,"href":"https:\/\/havigift.com\/en\/wp-json\/wp\/v2\/pages\/409\/revisions"}],"predecessor-version":[{"id":410,"href":"https:\/\/havigift.com\/en\/wp-json\/wp\/v2\/pages\/409\/revisions\/410"}],"wp:attachment":[{"href":"https:\/\/havigift.com\/en\/wp-json\/wp\/v2\/media?parent=409"}],"curies":[{"name":"wp","href":"https:\/\/api.w.org\/{rel}","templated":true}]}}