{"id":402,"date":"2023-04-22T04:01:31","date_gmt":"2023-04-22T04:01:31","guid":{"rendered":"https:\/\/havigift.com\/?page_id=402"},"modified":"2023-04-22T04:03:35","modified_gmt":"2023-04-22T04:03:35","slug":"thoi-gian-giao-hang","status":"publish","type":"page","link":"https:\/\/havigift.com\/en\/thoi-gian-giao-hang\/","title":{"rendered":"Th\u1eddi gian giao h\u00e0ng"},"content":{"rendered":"<p><strong>1. Ph\u00ed:<\/strong><\/p>\n\n\n\n<p>&#8211; Mi\u1ec5n ph\u00ed giao h\u00e0ng \u0111\u1ed1i v\u1edbi \u0111\u01a1n h\u00e0ng&nbsp;trong n\u1ed9i th\u00e0nh&nbsp;TP.HCM, c\u00f3 gi\u00e1 tr\u1ecb t\u1eeb 500.000 VN\u0110 tr\u1edf l\u00ean.<\/p>\n\n\n\n<p>&#8211; Ph\u1ee5 thu&nbsp;ph\u00ed giao h\u00e0ng \u0111\u1ed1i v\u1edbi \u0111\u01a1n h\u00e0ng n\u1ed9i th\u00e0nh&nbsp;TP.HCM, c\u00f3 gi\u00e1 tr\u1ecb d\u01b0\u1edbi&nbsp;500.000 VN\u0110.<\/p>\n\n\n\n<p>&#8211; Phu thu ph\u00ed giao h\u00e0ng b\u1eb1ng ph\u00ed chuy\u1ec3n ph\u00e1t b\u01b0u \u0111i\u1ec7n \u0111\u1ed1i v\u1edbi \u0111\u01a1n h\u00e0ng ngo\u00e0i n\u1ed9i th\u00e0nh&nbsp;TP.HCM.<\/p>\n\n\n\n<p><strong>2. Th\u1eddi gian giao h\u00e0ng:<\/strong><\/p>\n\n\n\n<p>&#8211; Theo th\u1ecfa thu\u1eadn gi\u1eefa HAVIGift v\u1edbi&nbsp;kh\u00e1ch h\u00e0ng, nh\u01b0ng kh\u00f4ng s\u1edbm h\u01a1n 12h k\u1ec3 t\u1eeb th\u1eddi \u0111i\u1ec3m \u0111\u1eb7t h\u00e0ng.<\/p>\n\n\n\n<p>&#8211; Th\u1eddi gian giao h\u00e0ng trung b\u00ecnh n\u1ed9i th\u00e0nh TP.HCM:&nbsp;t\u1eeb 12h &#8211; 72h k\u1ec3 t\u1eeb th\u1eddi \u0111i\u1ec3m&nbsp;\u0111\u1eb7t h\u00e0ng.<\/p>\n\n\n\n<p>&#8211; Th\u1eddi gian giao h\u00e0ng trung b\u00ecnh ngo\u00e0i&nbsp;n\u1ed9i th\u00e0nh TP.HCM: t\u1eeb 12h \u0111\u1ebfn 7 ng\u00e0y k\u1ec3 t\u1eeb th\u1eddi \u0111i\u1ec3m \u0111\u1eb7t h\u00e0ng.<\/p>\n\n\n\n<p><strong>3.&nbsp;C\u00e1c ph\u01b0\u01a1ng th\u1ee9c giao h\u00e0ng:<\/strong><\/p>\n\n\n\n<p>&#8211; Giao h\u00e0ng thu ti\u1ec1n tr\u1ef1c ti\u1ebfp: \u00e1p d\u1ee5ng cho \u0111\u01a1n h\u00e0ng n\u1ed9i th\u00e0nh TP.HCM.<\/p>\n\n\n\n<p>&#8211; Chuy\u1ec3n ph\u00e1t b\u01b0u \u0111i\u1ec7n: \u00e1p d\u1ee5ng cho \u0111\u01a1n h\u00e0ng n\u1eb1m ngo\u00e0i n\u1ed9i th\u00e0nh TP.HCM<\/p>\n\n\n\n<p>&#8211; Chuy\u1ec3n ph\u00e1t qua \u0111\u01a1n v\u1ecb giao h\u00e0ng trung gian:&nbsp;\u00e1p d\u1ee5ng cho \u0111\u01a1n h\u00e0ng n\u1eb1m ngo\u00e0i n\u1ed9i th\u00e0nh TP.HCM.<\/p>\n\n\n\n<p><strong>4. C\u00e1c gi\u1edbi h\u1ea1n v\u1ec1 ch\u00ednh s\u00e1ch giao h\u00e0ng:<\/strong><\/p>\n\n\n\n<p>&#8211; Ph\u1ea1m vi \u0111\u1ecba l\u00fd h\u1ed7 tr\u1ee3 giao h\u00e0ng: ch\u1ec9 h\u1ed7 tr\u1ee3 giao h\u00e0ng t\u1eeb C\u00e0 Mau \u0111\u1ebfn Kh\u00e1nh H\u00f2a. C\u00e1c tr\u01b0\u1eddng h\u1ee3p kh\u00e1c s\u1ebd \u00e1p d\u1ee5ng theo th\u01b0\u01a1ng l\u01b0\u1ee3ng gi\u1eefa kh\u00e1ch h\u00e0ng v\u00e0 HAVIGift<\/p>\n\n\n\n<p>&#8211; Th\u1eddi gian giao h\u00e0ng: Nh\u1eefng y\u00eau c\u1ea7u v\u1ec1 th\u1eddi gian giao h\u00e0ng qu\u00e1 g\u1ea5p ho\u1eb7c kh\u00f4ng ph\u00f9 h\u1ee3p, n\u1eb1m ngo\u00e0i kh\u1ea3 n\u0103ng ph\u1ee5c v\u1ee5 c\u1ee7a HAVIGift, HAVIGift s\u1ebd th\u00f4ng b\u00e1o tr\u1ef1c ti\u1ebfp \u0111\u1ebfn kh\u00e1ch h\u00e0ng v\u1ec1 vi\u1ec7c kh\u00f4ng ph\u1ee5c v\u1ee5.<\/p>\n\n\n\n<p><strong>5. Khu v\u1ef1c n\u1ed9i th\u00e0nh TP.HCM:<\/strong><\/p>\n\n\n\n<p>G\u1ed3m:&nbsp;Qu\u1eadn 1, 2, 3, 4, 5, 6, 7, 8, 10, 11, T\u00e2n B\u00ecnh, T\u00e2n Ph\u00fa, Ph\u00fa Nhu\u1eadn, B\u00ecnh Th\u1ea1nh, G\u00f2 V\u1ea5p.<\/p>\n\n\n\n<p><strong>L\u01b0u \u00fd:&nbsp;<\/strong>ri\u00eang c\u00e1c khu v\u1ef1c&nbsp;Qu\u1eadn 9, 12, Th\u1ee7 \u0110\u1ee9c, B\u00ecnh T\u00e2n,&nbsp;H\u00f3c M\u00f4n, B\u00ecnh Ch\u00e1nh, Nh\u00e0 B\u00e8, C\u1ee7 Chi c\u00f3 th\u1ec3 s\u1ebd \u0111\u01b0\u1ee3c h\u01b0\u1edfng ch\u00ednh s\u00e1ch giao h\u00e0ng nh\u01b0 khu v\u1ef1c n\u1ed9i th\u00e0nh. HAVIGift s\u1ebd th\u00f4ng b\u00e1o th\u00f4ng tin c\u1ee5 th\u1ec3 cho kh\u00e1ch h\u00e0ng y\u00eau c\u1ea7u giao h\u00e0ng \u1edf nh\u1eefng khu v\u1ef1c tr\u00ean.<\/p>","protected":false},"excerpt":{"rendered":"<p>1. Ph\u00ed: &#8211; Mi\u1ec5n ph\u00ed giao h\u00e0ng \u0111\u1ed1i v\u1edbi \u0111\u01a1n h\u00e0ng&nbsp;trong n\u1ed9i th\u00e0nh&nbsp;TP.HCM, c\u00f3 gi\u00e1 tr\u1ecb t\u1eeb 500.000 VN\u0110 tr\u1edf l\u00ean. &#8211; Ph\u1ee5 thu&nbsp;ph\u00ed giao h\u00e0ng \u0111\u1ed1i v\u1edbi \u0111\u01a1n h\u00e0ng n\u1ed9i th\u00e0nh&nbsp;TP.HCM, c\u00f3 gi\u00e1 tr\u1ecb d\u01b0\u1edbi&nbsp;500.000 VN\u0110. &#8211; Phu thu ph\u00ed giao h\u00e0ng b\u1eb1ng ph\u00ed chuy\u1ec3n ph\u00e1t b\u01b0u \u0111i\u1ec7n \u0111\u1ed1i v\u1edbi \u0111\u01a1n h\u00e0ng ngo\u00e0i n\u1ed9i [&#8230;]\n","protected":false},"author":3,"featured_media":0,"parent":0,"menu_order":0,"comment_status":"closed","ping_status":"closed","template":"","meta":{"_acf_changed":false,"footnotes":""},"class_list":["post-402","page","type-page","status-publish","hentry"],"acf":[],"_links":{"self":[{"href":"https:\/\/havigift.com\/en\/wp-json\/wp\/v2\/pages\/402","targetHints":{"allow":["GET"]}}],"collection":[{"href":"https:\/\/havigift.com\/en\/wp-json\/wp\/v2\/pages"}],"about":[{"href":"https:\/\/havigift.com\/en\/wp-json\/wp\/v2\/types\/page"}],"author":[{"embeddable":true,"href":"https:\/\/havigift.com\/en\/wp-json\/wp\/v2\/users\/3"}],"replies":[{"embeddable":true,"href":"https:\/\/havigift.com\/en\/wp-json\/wp\/v2\/comments?post=402"}],"version-history":[{"count":1,"href":"https:\/\/havigift.com\/en\/wp-json\/wp\/v2\/pages\/402\/revisions"}],"predecessor-version":[{"id":403,"href":"https:\/\/havigift.com\/en\/wp-json\/wp\/v2\/pages\/402\/revisions\/403"}],"wp:attachment":[{"href":"https:\/\/havigift.com\/en\/wp-json\/wp\/v2\/media?parent=402"}],"curies":[{"name":"wp","href":"https:\/\/api.w.org\/{rel}","templated":true}]}}